{"id":28754,"date":"2026-02-10T16:43:22","date_gmt":"2026-02-10T15:43:22","guid":{"rendered":"https:\/\/cottage.cz\/?page_id=28754"},"modified":"2026-02-10T16:43:28","modified_gmt":"2026-02-10T15:43:28","slug":"wycieczka-na-joge-i-wellness-w-czechach","status":"publish","type":"page","link":"https:\/\/cottage.cz\/pl\/wycieczka-na-joge-i-wellness-w-czechach\/","title":{"rendered":"Wycieczka na jog\u0119 i wellness w Czechach"},"content":{"rendered":"<p>Chcesz sp\u0119dzi\u0107 czas w Czechach, 1,5 godziny od Pragi, 1 godzin\u0119 od Drezna (Niemcy), w spokojnym miejscu z pi\u0119kn\u0105 przyrod\u0105 <a href=\"https:\/\/cottage.cz\/pl\/park-narodowy-czeska-szwajcaria\/\">Parku Narodowego Czeska Szwajcaria<\/a>? Zakwaterowanie Bohemian COTTAGE to przytulny, ma\u0142y, butikowy hotel z 17 miejscami noclegowymi. Oferujemy pe\u0142en zakres us\u0142ug gastronomicznych. Profesjonalna obs\u0142uga przewodnicka po Parku Narodowym i Czechach czeka na Ciebie, aby si\u0119 zrelaksowa\u0107. <a href=\"https:\/\/cottage.cz\/pl\/naturalne-prywatne-wellness\/\">Naturalny o\u015brodek wellness<\/a> z saun\u0105, jacuzzi i odkrytym jeziorem w ogrodzie jest stworzony na Tw\u00f3j pobyt wypoczynkowy. Do dyspozycji jest specjalne <a href=\"https:\/\/cottage.cz\/pl\/joga\/\">studio jogi<\/a> (shala) z pe\u0142nym wyposa\u017ceniem dla instruktor\u00f3w jogi.<\/p>\n<p>Je\u015bli jeste\u015b zainteresowany zorganizowaniem tygodniowego pobytu wypoczynkowego z jog\u0105 w Czechach, skontaktuj si\u0119 z przewodnikiem Alesem i instruktork\u0105 jogi Iren\u0105 pod adresem e-mail info@cottage.cz.<\/p>\nngg_shortcode_0_placeholder\n<p style=\"text-align: center;\">Yoga studio<\/p>\nngg_shortcode_1_placeholder\n<p style=\"text-align: center;\">Welcome<\/p>\n<p><iframe data-src=\"https:\/\/www.youtube.com\/embed\/vaQ2zUK5bS4\" width=\"100%\" height=\"587\" frameborder=\"0\" src=\"data:image\/svg+xml;base64,PHN2ZyB3aWR0aD0iMSIgaGVpZ2h0PSIxIiB4bWxucz0iaHR0cDovL3d3dy53My5vcmcvMjAwMC9zdmciPjwvc3ZnPg==\" class=\"lazyload\" data-load-mode=\"1\"><\/iframe><\/p>\n","protected":false},"excerpt":{"rendered":"<p>Chcesz sp\u0119dzi\u0107 czas w Czechach, 1,5 godziny od Pragi, 1 godzin\u0119 od Drezna (Niemcy), w spokojnym miejscu z pi\u0119kn\u0105 przyrod\u0105 Parku Narodowego Czeska Szwajcaria? Zakwaterowanie Bohemian COTTAGE to przytulny, ma\u0142y, butikowy hotel z 17 miejscami noclegowymi. Oferujemy pe\u0142en zakres us\u0142ug gastronomicznych. Profesjonalna obs\u0142uga przewodnicka po Parku Narodowym i Czechach czeka na Ciebie, aby si\u0119 zrelaksowa\u0107. [&hellip;]<\/p>\n","protected":false},"author":2,"featured_media":19691,"parent":0,"menu_order":0,"comment_status":"closed","ping_status":"closed","template":"","meta":{"_monsterinsights_skip_tracking":false,"_monsterinsights_sitenote_active":false,"_monsterinsights_sitenote_note":"","_monsterinsights_sitenote_category":0,"ngg_post_thumbnail":0,"footnotes":""},"class_list":["post-28754","page","type-page","status-publish","has-post-thumbnail","hentry"],"aioseo_notices":[],"_links":{"self":[{"href":"https:\/\/cottage.cz\/pl\/wp-json\/wp\/v2\/pages\/28754","targetHints":{"allow":["GET"]}}],"collection":[{"href":"https:\/\/cottage.cz\/pl\/wp-json\/wp\/v2\/pages"}],"about":[{"href":"https:\/\/cottage.cz\/pl\/wp-json\/wp\/v2\/types\/page"}],"author":[{"embeddable":true,"href":"https:\/\/cottage.cz\/pl\/wp-json\/wp\/v2\/users\/2"}],"replies":[{"embeddable":true,"href":"https:\/\/cottage.cz\/pl\/wp-json\/wp\/v2\/comments?post=28754"}],"version-history":[{"count":1,"href":"https:\/\/cottage.cz\/pl\/wp-json\/wp\/v2\/pages\/28754\/revisions"}],"predecessor-version":[{"id":28755,"href":"https:\/\/cottage.cz\/pl\/wp-json\/wp\/v2\/pages\/28754\/revisions\/28755"}],"wp:featuredmedia":[{"embeddable":true,"href":"https:\/\/cottage.cz\/pl\/wp-json\/wp\/v2\/media\/19691"}],"wp:attachment":[{"href":"https:\/\/cottage.cz\/pl\/wp-json\/wp\/v2\/media?parent=28754"}],"curies":[{"name":"wp","href":"https:\/\/api.w.org\/{rel}","templated":true}]}}