{"id":28101,"date":"2025-12-03T08:38:07","date_gmt":"2025-12-03T07:38:07","guid":{"rendered":"https:\/\/cottage.cz\/?page_id=28101"},"modified":"2025-12-03T08:38:12","modified_gmt":"2025-12-03T07:38:12","slug":"zwierzeta","status":"publish","type":"page","link":"https:\/\/cottage.cz\/pl\/zwierzeta\/","title":{"rendered":"Zwierzeta"},"content":{"rendered":"\n<pre id=\"tw-target-text\" class=\"wp-block-preformatted\"><\/pre>\n\n\n\n<p>Prosimy o pozostawienie zwierz\u0105t domowych (psa, kota, papugi itp.) w domu. W przypadku braku innych mo\u017cliwo\u015bci wynajmu, prosimy o kontakt w przypadku wynaj\u0119cia ca\u0142ego budynku lub Maringotki za op\u0142at\u0105 500 z\u0142\/noc\/zwierz\u0119.<\/p>\n\n\n\n<p>Prosimy o wcze\u015bniejsze powiadomienie.<\/p>\n\n\n\n<p><\/p>\n","protected":false},"excerpt":{"rendered":"<p>Prosimy o pozostawienie zwierz\u0105t domowych (psa, kota, papugi itp.) w domu. W przypadku braku innych mo\u017cliwo\u015bci wynajmu, prosimy o kontakt w przypadku wynaj\u0119cia ca\u0142ego budynku lub Maringotki za op\u0142at\u0105 500 z\u0142\/noc\/zwierz\u0119. Prosimy o wcze\u015bniejsze powiadomienie.<\/p>\n","protected":false},"author":2,"featured_media":26907,"parent":0,"menu_order":0,"comment_status":"closed","ping_status":"closed","template":"","meta":{"_monsterinsights_skip_tracking":false,"_monsterinsights_sitenote_active":false,"_monsterinsights_sitenote_note":"","_monsterinsights_sitenote_category":0,"ngg_post_thumbnail":0,"footnotes":""},"class_list":["post-28101","page","type-page","status-publish","has-post-thumbnail","hentry"],"aioseo_notices":[],"_links":{"self":[{"href":"https:\/\/cottage.cz\/pl\/wp-json\/wp\/v2\/pages\/28101","targetHints":{"allow":["GET"]}}],"collection":[{"href":"https:\/\/cottage.cz\/pl\/wp-json\/wp\/v2\/pages"}],"about":[{"href":"https:\/\/cottage.cz\/pl\/wp-json\/wp\/v2\/types\/page"}],"author":[{"embeddable":true,"href":"https:\/\/cottage.cz\/pl\/wp-json\/wp\/v2\/users\/2"}],"replies":[{"embeddable":true,"href":"https:\/\/cottage.cz\/pl\/wp-json\/wp\/v2\/comments?post=28101"}],"version-history":[{"count":1,"href":"https:\/\/cottage.cz\/pl\/wp-json\/wp\/v2\/pages\/28101\/revisions"}],"predecessor-version":[{"id":28102,"href":"https:\/\/cottage.cz\/pl\/wp-json\/wp\/v2\/pages\/28101\/revisions\/28102"}],"wp:featuredmedia":[{"embeddable":true,"href":"https:\/\/cottage.cz\/pl\/wp-json\/wp\/v2\/media\/26907"}],"wp:attachment":[{"href":"https:\/\/cottage.cz\/pl\/wp-json\/wp\/v2\/media?parent=28101"}],"curies":[{"name":"wp","href":"https:\/\/api.w.org\/{rel}","templated":true}]}}