{"id":27192,"date":"2025-06-12T09:39:26","date_gmt":"2025-06-12T07:39:26","guid":{"rendered":"https:\/\/cottage.cz\/?page_id=27192"},"modified":"2025-06-12T09:39:28","modified_gmt":"2025-06-12T07:39:28","slug":"parking","status":"publish","type":"page","link":"https:\/\/cottage.cz\/pl\/parking\/","title":{"rendered":"Parking"},"content":{"rendered":"\n<p>Prywatny parking tylko dla naszych go\u015bci czeka na Ciebie tu\u017c obok pensjonatu. Je\u015bli jeste\u015b grup\u0105 i przyje\u017cd\u017ca wi\u0119cej ni\u017c 6 samochod\u00f3w, zaparkuj w dw\u00f3ch rz\u0119dach. 1 miejsce w pensjonacie jest dost\u0119pne dla samochod\u00f3w elektrycznych.<\/p>\n\n\n\n<p><\/p>\n","protected":false},"excerpt":{"rendered":"<p>Prywatny parking tylko dla naszych go\u015bci czeka na Ciebie tu\u017c obok pensjonatu. Je\u015bli jeste\u015b grup\u0105 i przyje\u017cd\u017ca wi\u0119cej ni\u017c 6 samochod\u00f3w, zaparkuj w dw\u00f3ch rz\u0119dach. 1 miejsce w pensjonacie jest dost\u0119pne dla samochod\u00f3w elektrycznych.<\/p>\n","protected":false},"author":2,"featured_media":27141,"parent":0,"menu_order":0,"comment_status":"closed","ping_status":"closed","template":"","meta":{"_monsterinsights_skip_tracking":false,"_monsterinsights_sitenote_active":false,"_monsterinsights_sitenote_note":"","_monsterinsights_sitenote_category":0,"ngg_post_thumbnail":0,"footnotes":""},"class_list":["post-27192","page","type-page","status-publish","has-post-thumbnail","hentry"],"aioseo_notices":[],"_links":{"self":[{"href":"https:\/\/cottage.cz\/pl\/wp-json\/wp\/v2\/pages\/27192","targetHints":{"allow":["GET"]}}],"collection":[{"href":"https:\/\/cottage.cz\/pl\/wp-json\/wp\/v2\/pages"}],"about":[{"href":"https:\/\/cottage.cz\/pl\/wp-json\/wp\/v2\/types\/page"}],"author":[{"embeddable":true,"href":"https:\/\/cottage.cz\/pl\/wp-json\/wp\/v2\/users\/2"}],"replies":[{"embeddable":true,"href":"https:\/\/cottage.cz\/pl\/wp-json\/wp\/v2\/comments?post=27192"}],"version-history":[{"count":1,"href":"https:\/\/cottage.cz\/pl\/wp-json\/wp\/v2\/pages\/27192\/revisions"}],"predecessor-version":[{"id":27193,"href":"https:\/\/cottage.cz\/pl\/wp-json\/wp\/v2\/pages\/27192\/revisions\/27193"}],"wp:featuredmedia":[{"embeddable":true,"href":"https:\/\/cottage.cz\/pl\/wp-json\/wp\/v2\/media\/27141"}],"wp:attachment":[{"href":"https:\/\/cottage.cz\/pl\/wp-json\/wp\/v2\/media?parent=27192"}],"curies":[{"name":"wp","href":"https:\/\/api.w.org\/{rel}","templated":true}]}}