{"id":23632,"date":"2024-07-13T08:35:57","date_gmt":"2024-07-13T06:35:57","guid":{"rendered":"https:\/\/cottage.cz\/?page_id=23632"},"modified":"2024-10-03T10:38:36","modified_gmt":"2024-10-03T08:38:36","slug":"regulamin","status":"publish","type":"page","link":"https:\/\/cottage.cz\/pl\/regulamin\/","title":{"rendered":"Regulamin"},"content":{"rendered":"\n<p id=\"tw-target-text\">W ca\u0142ym pensjonacie obowi\u0105zuje zakaz palenia<\/p>\n\n\n\n<p>Prosimy o pozostawienie zwierz\u0105t w domu (mo\u017cliwo\u015b\u0107 noclegu ze zwierzakiem przy rezerwacji ca\u0142ego obiektu lub Maringotki za op\u0142at\u0105)<\/p>\n\n\n\n<p>Po\u015bciel i r\u0119czniki wliczone s\u0105 w cen\u0119 noclegu<\/p>\n\n\n\n<p>Zameldowanie od godziny 15:00 w dniu przyjazdu (b\u0119dzie nam mi\u0142o, je\u015bli poinformujesz nas o przybli\u017conej godzinie)<\/p>\n\n\n\n<p>W dniu wyjazdu prosimy o opuszczenie pokoju do godziny 10:00<\/p>\n\n\n\n<p>W przypadku rezerwacji pobieramy zadatek rezerwacyjny w wysoko\u015bci 50% ca\u0142kowitej ceny noclegu.<br>Zadatek podlega zwrotowi jedynie w przypadku zaj\u0119cia terminu przez inn\u0105 zainteresowan\u0105 osob\u0119.<\/p>\n\n\n\n<p id=\"tw-target-text\">Anulowanie pobytu na 24 godziny przed przyjazdem wynosi 100%.<\/p>\n\n\n\n<p>Voucher jest wa\u017cny przez 1 rok od zakupu. Bon jest zbywalny. W przypadku posiadania vouchera na konkretny termin zadatek nie podlega zwrotowi. Klient wybiera ewentualny wolny termin na stronie www.cottage.cz\n\nDzieci bez prawa do \u0142\u00f3\u017cka nocuj\u0105 bezp\u0142atnie\n\nKa\u017cdy ma obowi\u0105zek zabezpieczy\u0107 swoje rzeczy tak, aby nie uleg\u0142y kradzie\u017cy lub uszkodzeniu, w tym r\u00f3wnie\u017c rzeczy pozostawione w zaparkowanych pojazdach.\n\nZawsze zamykaj obiekt przy wychodzeniu.\n\nOperator nie ponosi odpowiedzialno\u015bci za zdrowie go\u015bci w czasie normalnej pracy, dlatego te\u017c prosimy go\u015bci, aby nie pozostawiali powierzonych os\u00f3b bez opieki. Zdrowie i \u017cycie zakwaterowanych go\u015bci nie jest ubezpieczone przez operatora.\n\nOsoba przebywaj\u0105ca jest zobowi\u0105zana do przestrzegania aktualnych warunk\u00f3w rz\u0105du Republiki Czeskiej, kt\u00f3re dotycz\u0105 dokument\u00f3w wolnych od infekcji.\n\nKa\u017cdy obecny ma obowi\u0105zek niezw\u0142ocznie zg\u0142osi\u0107 pod numer +420 736 224222 lub najbli\u017cszemu pracownikowi pensjonatu zagro\u017cenie po\u017carem, sytuacj\u0119 wymagaj\u0105c\u0105 interwencji policji lub opieki lekarskiej i do\u0142o\u017cy\u0107 wszelkich stara\u0144, aby zapobiec rozprzestrzenianiu si\u0119 po\u017caru lub zapobiegnij zbli\u017caj\u0105cemu si\u0119 niebezpiecze\u0144stwu. Numery telefon\u00f3w: TELEFON ALARMOWY 112, PIERWSZA POMOC 155, STRA\u017bAK 150, POLICJA 158<\/p>\n\n\n\n<p><\/p>\n","protected":false},"excerpt":{"rendered":"<p>W ca\u0142ym pensjonacie obowi\u0105zuje zakaz palenia Prosimy o pozostawienie zwierz\u0105t w domu (mo\u017cliwo\u015b\u0107 noclegu ze zwierzakiem przy rezerwacji ca\u0142ego obiektu lub Maringotki za op\u0142at\u0105) Po\u015bciel i r\u0119czniki wliczone s\u0105 w cen\u0119 noclegu Zameldowanie od godziny 15:00 w dniu przyjazdu (b\u0119dzie nam mi\u0142o, je\u015bli poinformujesz nas o przybli\u017conej godzinie) W dniu wyjazdu prosimy o opuszczenie pokoju [&hellip;]<\/p>\n","protected":false},"author":2,"featured_media":0,"parent":0,"menu_order":0,"comment_status":"closed","ping_status":"closed","template":"","meta":{"_monsterinsights_skip_tracking":false,"_monsterinsights_sitenote_active":false,"_monsterinsights_sitenote_note":"","_monsterinsights_sitenote_category":0,"ngg_post_thumbnail":0,"footnotes":""},"class_list":["post-23632","page","type-page","status-publish","hentry"],"aioseo_notices":[],"_links":{"self":[{"href":"https:\/\/cottage.cz\/pl\/wp-json\/wp\/v2\/pages\/23632","targetHints":{"allow":["GET"]}}],"collection":[{"href":"https:\/\/cottage.cz\/pl\/wp-json\/wp\/v2\/pages"}],"about":[{"href":"https:\/\/cottage.cz\/pl\/wp-json\/wp\/v2\/types\/page"}],"author":[{"embeddable":true,"href":"https:\/\/cottage.cz\/pl\/wp-json\/wp\/v2\/users\/2"}],"replies":[{"embeddable":true,"href":"https:\/\/cottage.cz\/pl\/wp-json\/wp\/v2\/comments?post=23632"}],"version-history":[{"count":3,"href":"https:\/\/cottage.cz\/pl\/wp-json\/wp\/v2\/pages\/23632\/revisions"}],"predecessor-version":[{"id":23685,"href":"https:\/\/cottage.cz\/pl\/wp-json\/wp\/v2\/pages\/23632\/revisions\/23685"}],"wp:attachment":[{"href":"https:\/\/cottage.cz\/pl\/wp-json\/wp\/v2\/media?parent=23632"}],"curies":[{"name":"wp","href":"https:\/\/api.w.org\/{rel}","templated":true}]}}