{"id":23136,"date":"2024-05-19T09:26:10","date_gmt":"2024-05-19T07:26:10","guid":{"rendered":"https:\/\/cottage.cz\/?page_id=23136"},"modified":"2024-05-19T09:26:12","modified_gmt":"2024-05-19T07:26:12","slug":"kytlice","status":"publish","type":"page","link":"https:\/\/cottage.cz\/pl\/kytlice\/","title":{"rendered":"Kytlice"},"content":{"rendered":"\n<p><\/p>\n\n\n\n<figure class=\"wp-block-gallery has-nested-images columns-default is-cropped wp-block-gallery-1 is-layout-flex wp-block-gallery-is-layout-flex\">\n<figure class=\"wp-block-image size-large\"><img decoding=\"async\" width=\"577\" height=\"1024\" data-id=\"23114\" data-src=\"https:\/\/cottage.cz\/wp-content\/uploads\/2024\/05\/20240516_120150-577x1024.jpg\" alt=\"\" class=\"wp-image-23114 lazyload\" data-srcset=\"https:\/\/cottage.cz\/wp-content\/uploads\/2024\/05\/20240516_120150-577x1024.jpg 577w, https:\/\/cottage.cz\/wp-content\/uploads\/2024\/05\/20240516_120150-169x300.jpg 169w, https:\/\/cottage.cz\/wp-content\/uploads\/2024\/05\/20240516_120150-768x1364.jpg 768w, https:\/\/cottage.cz\/wp-content\/uploads\/2024\/05\/20240516_120150-865x1536.jpg 865w, https:\/\/cottage.cz\/wp-content\/uploads\/2024\/05\/20240516_120150-1153x2048.jpg 1153w, https:\/\/cottage.cz\/wp-content\/uploads\/2024\/05\/20240516_120150-scaled.jpg 1441w\" data-sizes=\"(max-width: 577px) 100vw, 577px\" src=\"data:image\/svg+xml;base64,PHN2ZyB3aWR0aD0iMSIgaGVpZ2h0PSIxIiB4bWxucz0iaHR0cDovL3d3dy53My5vcmcvMjAwMC9zdmciPjwvc3ZnPg==\" style=\"--smush-placeholder-width: 577px; --smush-placeholder-aspect-ratio: 577\/1024;\" \/><\/figure>\n\n\n\n<figure class=\"wp-block-image size-large\"><img decoding=\"async\" width=\"1024\" height=\"577\" data-id=\"23109\" data-src=\"https:\/\/cottage.cz\/wp-content\/uploads\/2024\/05\/20240516_133130-1024x577.jpg\" alt=\"\" class=\"wp-image-23109 lazyload\" data-srcset=\"https:\/\/cottage.cz\/wp-content\/uploads\/2024\/05\/20240516_133130-1024x577.jpg 1024w, https:\/\/cottage.cz\/wp-content\/uploads\/2024\/05\/20240516_133130-300x169.jpg 300w, https:\/\/cottage.cz\/wp-content\/uploads\/2024\/05\/20240516_133130-768x432.jpg 768w, https:\/\/cottage.cz\/wp-content\/uploads\/2024\/05\/20240516_133130-1536x865.jpg 1536w, https:\/\/cottage.cz\/wp-content\/uploads\/2024\/05\/20240516_133130-2048x1153.jpg 2048w\" data-sizes=\"(max-width: 1024px) 100vw, 1024px\" src=\"data:image\/svg+xml;base64,PHN2ZyB3aWR0aD0iMSIgaGVpZ2h0PSIxIiB4bWxucz0iaHR0cDovL3d3dy53My5vcmcvMjAwMC9zdmciPjwvc3ZnPg==\" style=\"--smush-placeholder-width: 1024px; --smush-placeholder-aspect-ratio: 1024\/577;\" \/><\/figure>\n\n\n\n<figure class=\"wp-block-image size-large\"><img decoding=\"async\" width=\"1024\" height=\"577\" data-id=\"23119\" data-src=\"https:\/\/cottage.cz\/wp-content\/uploads\/2024\/05\/20240516_110848-1024x577.jpg\" alt=\"\" class=\"wp-image-23119 lazyload\" data-srcset=\"https:\/\/cottage.cz\/wp-content\/uploads\/2024\/05\/20240516_110848-1024x577.jpg 1024w, https:\/\/cottage.cz\/wp-content\/uploads\/2024\/05\/20240516_110848-300x169.jpg 300w, https:\/\/cottage.cz\/wp-content\/uploads\/2024\/05\/20240516_110848-768x432.jpg 768w, https:\/\/cottage.cz\/wp-content\/uploads\/2024\/05\/20240516_110848-1536x865.jpg 1536w, https:\/\/cottage.cz\/wp-content\/uploads\/2024\/05\/20240516_110848-2048x1153.jpg 2048w\" data-sizes=\"(max-width: 1024px) 100vw, 1024px\" src=\"data:image\/svg+xml;base64,PHN2ZyB3aWR0aD0iMSIgaGVpZ2h0PSIxIiB4bWxucz0iaHR0cDovL3d3dy53My5vcmcvMjAwMC9zdmciPjwvc3ZnPg==\" style=\"--smush-placeholder-width: 1024px; --smush-placeholder-aspect-ratio: 1024\/577;\" \/><\/figure>\n\n\n\n<figure class=\"wp-block-image size-large\"><img decoding=\"async\" width=\"1024\" height=\"577\" data-id=\"23124\" data-src=\"https:\/\/cottage.cz\/wp-content\/uploads\/2024\/05\/20240516_102237-1024x577.jpg\" alt=\"\" class=\"wp-image-23124 lazyload\" data-srcset=\"https:\/\/cottage.cz\/wp-content\/uploads\/2024\/05\/20240516_102237-1024x577.jpg 1024w, https:\/\/cottage.cz\/wp-content\/uploads\/2024\/05\/20240516_102237-300x169.jpg 300w, https:\/\/cottage.cz\/wp-content\/uploads\/2024\/05\/20240516_102237-768x432.jpg 768w, https:\/\/cottage.cz\/wp-content\/uploads\/2024\/05\/20240516_102237-1536x865.jpg 1536w, https:\/\/cottage.cz\/wp-content\/uploads\/2024\/05\/20240516_102237-2048x1153.jpg 2048w\" data-sizes=\"(max-width: 1024px) 100vw, 1024px\" src=\"data:image\/svg+xml;base64,PHN2ZyB3aWR0aD0iMSIgaGVpZ2h0PSIxIiB4bWxucz0iaHR0cDovL3d3dy53My5vcmcvMjAwMC9zdmciPjwvc3ZnPg==\" style=\"--smush-placeholder-width: 1024px; --smush-placeholder-aspect-ratio: 1024\/577;\" \/><\/figure>\n<\/figure>\n\n\n\n<p>Kytlice to wie\u015b zamieszka\u0142a na sta\u0142e przez oko\u0142o 450 os\u00f3b. Latem i w weekendy zamienia si\u0119 jednak w miejscowo\u015b\u0107 turystyczn\u0105 z licznymi pubami (np. minibrowarem Helene) i pensjonatami. W przesz\u0142o\u015bci wie\u015b lubili tak\u017ce znani aktorzy (Horn\u00ed\u010dek, Brotsk\u00fd).<\/p>\n\n\n\n<p>Ciekawe miejsca: Ko\u015bci\u00f3\u0142 \u015bw. Antoniego z Padwy, wyremontowana remiza stra\u017cacka, teatr skalny, staw le\u015bny (k\u0105piele)<\/p>\n\n\n\n<p><\/p>\n","protected":false},"excerpt":{"rendered":"<p>Kytlice to wie\u015b zamieszka\u0142a na sta\u0142e przez oko\u0142o 450 os\u00f3b. Latem i w weekendy zamienia si\u0119 jednak w miejscowo\u015b\u0107 turystyczn\u0105 z licznymi pubami (np. minibrowarem Helene) i pensjonatami. W przesz\u0142o\u015bci wie\u015b lubili tak\u017ce znani aktorzy (Horn\u00ed\u010dek, Brotsk\u00fd). Ciekawe miejsca: Ko\u015bci\u00f3\u0142 \u015bw. Antoniego z Padwy, wyremontowana remiza stra\u017cacka, teatr skalny, staw le\u015bny (k\u0105piele)<\/p>\n","protected":false},"author":2,"featured_media":23108,"parent":0,"menu_order":0,"comment_status":"closed","ping_status":"closed","template":"","meta":{"_monsterinsights_skip_tracking":false,"_monsterinsights_sitenote_active":false,"_monsterinsights_sitenote_note":"","_monsterinsights_sitenote_category":0,"ngg_post_thumbnail":0,"footnotes":""},"class_list":["post-23136","page","type-page","status-publish","has-post-thumbnail","hentry"],"aioseo_notices":[],"_links":{"self":[{"href":"https:\/\/cottage.cz\/pl\/wp-json\/wp\/v2\/pages\/23136","targetHints":{"allow":["GET"]}}],"collection":[{"href":"https:\/\/cottage.cz\/pl\/wp-json\/wp\/v2\/pages"}],"about":[{"href":"https:\/\/cottage.cz\/pl\/wp-json\/wp\/v2\/types\/page"}],"author":[{"embeddable":true,"href":"https:\/\/cottage.cz\/pl\/wp-json\/wp\/v2\/users\/2"}],"replies":[{"embeddable":true,"href":"https:\/\/cottage.cz\/pl\/wp-json\/wp\/v2\/comments?post=23136"}],"version-history":[{"count":2,"href":"https:\/\/cottage.cz\/pl\/wp-json\/wp\/v2\/pages\/23136\/revisions"}],"predecessor-version":[{"id":23139,"href":"https:\/\/cottage.cz\/pl\/wp-json\/wp\/v2\/pages\/23136\/revisions\/23139"}],"wp:featuredmedia":[{"embeddable":true,"href":"https:\/\/cottage.cz\/pl\/wp-json\/wp\/v2\/media\/23108"}],"wp:attachment":[{"href":"https:\/\/cottage.cz\/pl\/wp-json\/wp\/v2\/media?parent=23136"}],"curies":[{"name":"wp","href":"https:\/\/api.w.org\/{rel}","templated":true}]}}