{"id":20856,"date":"2025-03-06T18:04:08","date_gmt":"2025-03-06T17:04:08","guid":{"rendered":"https:\/\/cottage.napokusy.cz\/?page_id=20856"},"modified":"2025-12-02T09:26:30","modified_gmt":"2025-12-02T08:26:30","slug":"map","status":"publish","type":"page","link":"https:\/\/cottage.cz\/pl\/map\/","title":{"rendered":"Narodowego Czeska Szwajcaria Sakso\u0144ska i G\u00f3ry \u0141u\u017cyckie"},"content":{"rendered":"\n<pre id=\"tw-target-text\" class=\"wp-block-preformatted\">\nStworzyli\u015bmy dla Ciebie prost\u0105 map\u0119 turystyczn\u0105 cz\u0119\u015bci Szwajcarii Czeskiej i G\u00f3r \u0141u\u017cyckich w formacie A3.\u00a0\n<strong>Do \u015bci\u0105gni\u0119cia za darmo i wydrukowa\u0107\u00a0<\/strong><a href=\"https:\/\/cottage.cz\/wp-content\/uploads\/2025\/03\/mapa-ceske-svycarsko-2025.pdf\" title=\"\"><strong>tutaj<\/strong>\u00a0<\/a><em>(pdf)<\/em>.\n<\/pre>\n\n\n\n<figure class=\"wp-block-image size-large\"><a href=\"https:\/\/cottage.cz\/wp-content\/uploads\/2025\/03\/mapa-ceske-svycarsko-2025-scaled.jpg\" rel=\"lightbox[20856]\"><img decoding=\"async\" width=\"1024\" height=\"724\" data-src=\"https:\/\/cottage.cz\/wp-content\/uploads\/2025\/03\/mapa-ceske-svycarsko-2025-1024x724.jpg\" alt=\"\" class=\"wp-image-24910 lazyload\" data-srcset=\"https:\/\/cottage.cz\/wp-content\/uploads\/2025\/03\/mapa-ceske-svycarsko-2025-1024x724.jpg 1024w, https:\/\/cottage.cz\/wp-content\/uploads\/2025\/03\/mapa-ceske-svycarsko-2025-300x212.jpg 300w, https:\/\/cottage.cz\/wp-content\/uploads\/2025\/03\/mapa-ceske-svycarsko-2025-768x543.jpg 768w, https:\/\/cottage.cz\/wp-content\/uploads\/2025\/03\/mapa-ceske-svycarsko-2025-1536x1086.jpg 1536w, https:\/\/cottage.cz\/wp-content\/uploads\/2025\/03\/mapa-ceske-svycarsko-2025-2048x1448.jpg 2048w\" data-sizes=\"(max-width: 1024px) 100vw, 1024px\" src=\"data:image\/svg+xml;base64,PHN2ZyB3aWR0aD0iMSIgaGVpZ2h0PSIxIiB4bWxucz0iaHR0cDovL3d3dy53My5vcmcvMjAwMC9zdmciPjwvc3ZnPg==\" style=\"--smush-placeholder-width: 1024px; --smush-placeholder-aspect-ratio: 1024\/724;\" \/><\/a><\/figure>\n\n\n\n\n\n<figure class=\"wp-block-image size-large\"><a href=\"https:\/\/cottage.cz\/wp-content\/uploads\/2025\/03\/Mapa-NP-zadni-strana-obtekajici-tex-vol.3_page-0001.jpg\" rel=\"lightbox[20856]\"><img decoding=\"async\" width=\"1024\" height=\"724\" data-src=\"https:\/\/cottage.cz\/wp-content\/uploads\/2025\/03\/Mapa-NP-zadni-strana-obtekajici-tex-vol.3_page-0001-1024x724.jpg\" alt=\"\" class=\"wp-image-24931 lazyload\" data-srcset=\"https:\/\/cottage.cz\/wp-content\/uploads\/2025\/03\/Mapa-NP-zadni-strana-obtekajici-tex-vol.3_page-0001-1024x724.jpg 1024w, https:\/\/cottage.cz\/wp-content\/uploads\/2025\/03\/Mapa-NP-zadni-strana-obtekajici-tex-vol.3_page-0001-300x212.jpg 300w, https:\/\/cottage.cz\/wp-content\/uploads\/2025\/03\/Mapa-NP-zadni-strana-obtekajici-tex-vol.3_page-0001-768x543.jpg 768w, https:\/\/cottage.cz\/wp-content\/uploads\/2025\/03\/Mapa-NP-zadni-strana-obtekajici-tex-vol.3_page-0001-1536x1086.jpg 1536w, https:\/\/cottage.cz\/wp-content\/uploads\/2025\/03\/Mapa-NP-zadni-strana-obtekajici-tex-vol.3_page-0001-2048x1448.jpg 2048w\" data-sizes=\"(max-width: 1024px) 100vw, 1024px\" src=\"data:image\/svg+xml;base64,PHN2ZyB3aWR0aD0iMSIgaGVpZ2h0PSIxIiB4bWxucz0iaHR0cDovL3d3dy53My5vcmcvMjAwMC9zdmciPjwvc3ZnPg==\" style=\"--smush-placeholder-width: 1024px; --smush-placeholder-aspect-ratio: 1024\/724;\" \/><\/a><\/figure>\n\n\n\n<p>Typy na wycieczki&nbsp;<a href=\"https:\/\/cottage.cz\/pl\/wyjazdy\/\" title=\"\">tutaj<\/a>.<\/p>\n","protected":false},"excerpt":{"rendered":"<p>Stworzyli\u015bmy dla Ciebie prost\u0105 map\u0119 turystyczn\u0105 cz\u0119\u015bci Szwajcarii Czeskiej i G\u00f3r \u0141u\u017cyckich w formacie A3.\u00a0 Do \u015bci\u0105gni\u0119cia za darmo i wydrukowa\u0107\u00a0tutaj\u00a0(pdf). Typy na wycieczki&nbsp;tutaj.<\/p>\n","protected":false},"author":4,"featured_media":15254,"parent":0,"menu_order":0,"comment_status":"closed","ping_status":"closed","template":"","meta":{"_monsterinsights_skip_tracking":false,"_monsterinsights_sitenote_active":false,"_monsterinsights_sitenote_note":"","_monsterinsights_sitenote_category":0,"ngg_post_thumbnail":0,"footnotes":""},"class_list":["post-20856","page","type-page","status-publish","has-post-thumbnail","hentry"],"aioseo_notices":[],"_links":{"self":[{"href":"https:\/\/cottage.cz\/pl\/wp-json\/wp\/v2\/pages\/20856","targetHints":{"allow":["GET"]}}],"collection":[{"href":"https:\/\/cottage.cz\/pl\/wp-json\/wp\/v2\/pages"}],"about":[{"href":"https:\/\/cottage.cz\/pl\/wp-json\/wp\/v2\/types\/page"}],"author":[{"embeddable":true,"href":"https:\/\/cottage.cz\/pl\/wp-json\/wp\/v2\/users\/4"}],"replies":[{"embeddable":true,"href":"https:\/\/cottage.cz\/pl\/wp-json\/wp\/v2\/comments?post=20856"}],"version-history":[{"count":6,"href":"https:\/\/cottage.cz\/pl\/wp-json\/wp\/v2\/pages\/20856\/revisions"}],"predecessor-version":[{"id":28083,"href":"https:\/\/cottage.cz\/pl\/wp-json\/wp\/v2\/pages\/20856\/revisions\/28083"}],"wp:featuredmedia":[{"embeddable":true,"href":"https:\/\/cottage.cz\/pl\/wp-json\/wp\/v2\/media\/15254"}],"wp:attachment":[{"href":"https:\/\/cottage.cz\/pl\/wp-json\/wp\/v2\/media?parent=20856"}],"curies":[{"name":"wp","href":"https:\/\/api.w.org\/{rel}","templated":true}]}}