{"id":20840,"date":"2024-01-03T19:17:32","date_gmt":"2024-01-03T18:17:32","guid":{"rendered":"https:\/\/cottage.napokusy.cz\/?page_id=20840"},"modified":"2024-01-03T19:33:01","modified_gmt":"2024-01-03T18:33:01","slug":"swiateczny-pobyt-w-domku-w-czeskiej-szwajcarii","status":"publish","type":"page","link":"https:\/\/cottage.cz\/pl\/swiateczny-pobyt-w-domku-w-czeskiej-szwajcarii\/","title":{"rendered":"\u015awi\u0105teczny pobyt w domku w Czeskiej Szwajcarii"},"content":{"rendered":"\n<figure class=\"wp-block-gallery has-nested-images columns-default is-cropped wp-block-gallery-1 is-layout-flex wp-block-gallery-is-layout-flex\">\n<figure class=\"wp-block-image size-large\"><img decoding=\"async\" width=\"577\" height=\"1024\" data-id=\"10879\" data-src=\"https:\/\/www.cottage.cz\/wp-content\/uploads\/2023\/11\/20231124_111627-577x1024.jpg\" alt=\"\" class=\"wp-image-10879 lazyload\" data-srcset=\"https:\/\/cottage.cz\/wp-content\/uploads\/2023\/11\/20231124_111627-577x1024.jpg 577w, https:\/\/cottage.cz\/wp-content\/uploads\/2023\/11\/20231124_111627-169x300.jpg 169w, https:\/\/cottage.cz\/wp-content\/uploads\/2023\/11\/20231124_111627-768x1364.jpg 768w, https:\/\/cottage.cz\/wp-content\/uploads\/2023\/11\/20231124_111627-865x1536.jpg 865w, https:\/\/cottage.cz\/wp-content\/uploads\/2023\/11\/20231124_111627-1153x2048.jpg 1153w, https:\/\/cottage.cz\/wp-content\/uploads\/2023\/11\/20231124_111627-1320x2345.jpg 1320w, https:\/\/cottage.cz\/wp-content\/uploads\/2023\/11\/20231124_111627-scaled.jpg 1441w\" data-sizes=\"(max-width: 577px) 100vw, 577px\" src=\"data:image\/svg+xml;base64,PHN2ZyB3aWR0aD0iMSIgaGVpZ2h0PSIxIiB4bWxucz0iaHR0cDovL3d3dy53My5vcmcvMjAwMC9zdmciPjwvc3ZnPg==\" style=\"--smush-placeholder-width: 577px; --smush-placeholder-aspect-ratio: 577\/1024;\" \/><\/figure>\n\n\n\n<figure class=\"wp-block-image size-large\"><img decoding=\"async\" width=\"683\" height=\"1024\" data-id=\"10873\" data-src=\"https:\/\/www.cottage.cz\/wp-content\/uploads\/2023\/11\/6-1-of-1-1-683x1024.jpg\" alt=\"\" class=\"wp-image-10873 lazyload\" data-srcset=\"https:\/\/cottage.cz\/wp-content\/uploads\/2023\/11\/6-1-of-1-1-683x1024.jpg 683w, https:\/\/cottage.cz\/wp-content\/uploads\/2023\/11\/6-1-of-1-1-200x300.jpg 200w, https:\/\/cottage.cz\/wp-content\/uploads\/2023\/11\/6-1-of-1-1-768x1152.jpg 768w, https:\/\/cottage.cz\/wp-content\/uploads\/2023\/11\/6-1-of-1-1-1024x1536.jpg 1024w, https:\/\/cottage.cz\/wp-content\/uploads\/2023\/11\/6-1-of-1-1-1365x2048.jpg 1365w, https:\/\/cottage.cz\/wp-content\/uploads\/2023\/11\/6-1-of-1-1-1320x1980.jpg 1320w, https:\/\/cottage.cz\/wp-content\/uploads\/2023\/11\/6-1-of-1-1-scaled.jpg 1707w\" data-sizes=\"(max-width: 683px) 100vw, 683px\" src=\"data:image\/svg+xml;base64,PHN2ZyB3aWR0aD0iMSIgaGVpZ2h0PSIxIiB4bWxucz0iaHR0cDovL3d3dy53My5vcmcvMjAwMC9zdmciPjwvc3ZnPg==\" style=\"--smush-placeholder-width: 683px; --smush-placeholder-aspect-ratio: 683\/1024;\" \/><\/figure>\n\n\n\n<figure class=\"wp-block-image size-large\"><img decoding=\"async\" width=\"683\" height=\"1024\" data-id=\"10868\" data-src=\"https:\/\/www.cottage.cz\/wp-content\/uploads\/2023\/11\/l-1-of-1-683x1024.jpg\" alt=\"\" class=\"wp-image-10868 lazyload\" data-srcset=\"https:\/\/cottage.cz\/wp-content\/uploads\/2023\/11\/l-1-of-1-683x1024.jpg 683w, https:\/\/cottage.cz\/wp-content\/uploads\/2023\/11\/l-1-of-1-200x300.jpg 200w, https:\/\/cottage.cz\/wp-content\/uploads\/2023\/11\/l-1-of-1-768x1152.jpg 768w, https:\/\/cottage.cz\/wp-content\/uploads\/2023\/11\/l-1-of-1-1024x1536.jpg 1024w, https:\/\/cottage.cz\/wp-content\/uploads\/2023\/11\/l-1-of-1-1365x2048.jpg 1365w, https:\/\/cottage.cz\/wp-content\/uploads\/2023\/11\/l-1-of-1-1320x1980.jpg 1320w, https:\/\/cottage.cz\/wp-content\/uploads\/2023\/11\/l-1-of-1-scaled.jpg 1707w\" data-sizes=\"(max-width: 683px) 100vw, 683px\" src=\"data:image\/svg+xml;base64,PHN2ZyB3aWR0aD0iMSIgaGVpZ2h0PSIxIiB4bWxucz0iaHR0cDovL3d3dy53My5vcmcvMjAwMC9zdmciPjwvc3ZnPg==\" style=\"--smush-placeholder-width: 683px; --smush-placeholder-aspect-ratio: 683\/1024;\" \/><\/figure>\n\n\n\n<figure class=\"wp-block-image size-large\"><img decoding=\"async\" width=\"1024\" height=\"683\" data-id=\"10870\" data-src=\"https:\/\/www.cottage.cz\/wp-content\/uploads\/2023\/11\/i-1-of-1-1-1024x683.jpg\" alt=\"\" class=\"wp-image-10870 lazyload\" data-srcset=\"https:\/\/cottage.cz\/wp-content\/uploads\/2023\/11\/i-1-of-1-1-1024x683.jpg 1024w, https:\/\/cottage.cz\/wp-content\/uploads\/2023\/11\/i-1-of-1-1-300x200.jpg 300w, https:\/\/cottage.cz\/wp-content\/uploads\/2023\/11\/i-1-of-1-1-768x512.jpg 768w, https:\/\/cottage.cz\/wp-content\/uploads\/2023\/11\/i-1-of-1-1-1536x1024.jpg 1536w, https:\/\/cottage.cz\/wp-content\/uploads\/2023\/11\/i-1-of-1-1-2048x1365.jpg 2048w, https:\/\/cottage.cz\/wp-content\/uploads\/2023\/11\/i-1-of-1-1-1320x880.jpg 1320w\" data-sizes=\"(max-width: 1024px) 100vw, 1024px\" src=\"data:image\/svg+xml;base64,PHN2ZyB3aWR0aD0iMSIgaGVpZ2h0PSIxIiB4bWxucz0iaHR0cDovL3d3dy53My5vcmcvMjAwMC9zdmciPjwvc3ZnPg==\" style=\"--smush-placeholder-width: 1024px; --smush-placeholder-aspect-ratio: 1024\/683;\" \/><\/figure>\n\n\n\n<figure class=\"wp-block-image size-large\"><img decoding=\"async\" width=\"1024\" height=\"683\" data-id=\"10872\" data-src=\"https:\/\/www.cottage.cz\/wp-content\/uploads\/2023\/11\/19-1-of-1-1-1024x683.jpg\" alt=\"\" class=\"wp-image-10872 lazyload\" data-srcset=\"https:\/\/cottage.cz\/wp-content\/uploads\/2023\/11\/19-1-of-1-1-1024x683.jpg 1024w, https:\/\/cottage.cz\/wp-content\/uploads\/2023\/11\/19-1-of-1-1-300x200.jpg 300w, https:\/\/cottage.cz\/wp-content\/uploads\/2023\/11\/19-1-of-1-1-768x512.jpg 768w, https:\/\/cottage.cz\/wp-content\/uploads\/2023\/11\/19-1-of-1-1-1536x1024.jpg 1536w, https:\/\/cottage.cz\/wp-content\/uploads\/2023\/11\/19-1-of-1-1-2048x1365.jpg 2048w, https:\/\/cottage.cz\/wp-content\/uploads\/2023\/11\/19-1-of-1-1-1320x880.jpg 1320w\" data-sizes=\"(max-width: 1024px) 100vw, 1024px\" src=\"data:image\/svg+xml;base64,PHN2ZyB3aWR0aD0iMSIgaGVpZ2h0PSIxIiB4bWxucz0iaHR0cDovL3d3dy53My5vcmcvMjAwMC9zdmciPjwvc3ZnPg==\" style=\"--smush-placeholder-width: 1024px; --smush-placeholder-aspect-ratio: 1024\/683;\" \/><\/figure>\n\n\n\n<figure class=\"wp-block-image size-large\"><img decoding=\"async\" width=\"1024\" height=\"683\" data-id=\"10871\" data-src=\"https:\/\/www.cottage.cz\/wp-content\/uploads\/2023\/11\/8-1-of-1-2-1024x683.jpg\" alt=\"\" class=\"wp-image-10871 lazyload\" data-srcset=\"https:\/\/cottage.cz\/wp-content\/uploads\/2023\/11\/8-1-of-1-2-1024x683.jpg 1024w, https:\/\/cottage.cz\/wp-content\/uploads\/2023\/11\/8-1-of-1-2-300x200.jpg 300w, https:\/\/cottage.cz\/wp-content\/uploads\/2023\/11\/8-1-of-1-2-768x512.jpg 768w, https:\/\/cottage.cz\/wp-content\/uploads\/2023\/11\/8-1-of-1-2-1536x1024.jpg 1536w, https:\/\/cottage.cz\/wp-content\/uploads\/2023\/11\/8-1-of-1-2-2048x1365.jpg 2048w, https:\/\/cottage.cz\/wp-content\/uploads\/2023\/11\/8-1-of-1-2-1320x880.jpg 1320w\" data-sizes=\"(max-width: 1024px) 100vw, 1024px\" src=\"data:image\/svg+xml;base64,PHN2ZyB3aWR0aD0iMSIgaGVpZ2h0PSIxIiB4bWxucz0iaHR0cDovL3d3dy53My5vcmcvMjAwMC9zdmciPjwvc3ZnPg==\" style=\"--smush-placeholder-width: 1024px; --smush-placeholder-aspect-ratio: 1024\/683;\" \/><\/figure>\n<\/figure>\n\n\n\n<figure class=\"wp-block-image size-large\"><img decoding=\"async\" width=\"1024\" height=\"577\" data-src=\"https:\/\/www.cottage.cz\/wp-content\/uploads\/2023\/11\/20231125_094938-1024x577.jpg\" alt=\"\" class=\"wp-image-10869 lazyload\" data-srcset=\"https:\/\/cottage.cz\/wp-content\/uploads\/2023\/11\/20231125_094938-1024x577.jpg 1024w, https:\/\/cottage.cz\/wp-content\/uploads\/2023\/11\/20231125_094938-300x169.jpg 300w, https:\/\/cottage.cz\/wp-content\/uploads\/2023\/11\/20231125_094938-768x432.jpg 768w, https:\/\/cottage.cz\/wp-content\/uploads\/2023\/11\/20231125_094938-1536x865.jpg 1536w, https:\/\/cottage.cz\/wp-content\/uploads\/2023\/11\/20231125_094938-2048x1153.jpg 2048w, https:\/\/cottage.cz\/wp-content\/uploads\/2023\/11\/20231125_094938-1320x743.jpg 1320w\" data-sizes=\"(max-width: 1024px) 100vw, 1024px\" src=\"data:image\/svg+xml;base64,PHN2ZyB3aWR0aD0iMSIgaGVpZ2h0PSIxIiB4bWxucz0iaHR0cDovL3d3dy53My5vcmcvMjAwMC9zdmciPjwvc3ZnPg==\" style=\"--smush-placeholder-width: 1024px; --smush-placeholder-aspect-ratio: 1024\/577;\" \/><\/figure>\n\n\n\n<p>\u015awi\u0105teczny komfort, zapach, drzewo, ciasteczka jak w domu, \u2026 tym razem b\u0119dzie to dla nas w Bohemian Cottage w Czeskiej Szwajcarii.<\/p>\n\n\n\n<p>Co ci\u0119 czeka \u2026.<\/p>\n\n\n\n<p>spok\u00f3j, uporz\u0105dkowane, mo\u017cliwo\u015b\u0107 odnowy biologicznej\u00a0<a href=\"\/pl\/wyjazdy\/\" title=\"\">w sezonie zimowym, wyjazdy<\/a>\u00a0z rodzin\u0105 prosto z domku \u2026<\/p>\n\n\n\n<p>ka\u017cdy w rodzinie ma sw\u00f3j komfort we w\u0142asnym mieszkaniu<\/p>\n\n\n\n<p>jednak wszyscy mo\u017cecie zasi\u0105\u015b\u0107 do wielkiego sto\u0142u wigilijnego w\u00a0<a href=\"https:\/\/www.cottage.cz\/pl\/kuchyne\/\">jadalnia<\/a>\u00a0i wsp\u00f3lnie rozpakowywa\u0107 prezenty\u00a0<a href=\"\/pl\/pokoj-joga\/\" title=\"\">pokoje do jogi<\/a>\u00a0przed p\u0142on\u0105cym kominkiem<\/p>\n\n\n\n<p>cena do uzgodnienia w zale\u017cno\u015bci od ob\u0142o\u017cenia poszczeg\u00f3lnych apartament\u00f3w i d\u0142ugo\u015bci okresu wynajmu<\/p>\n\n\n\n<p><a href=\"\/pl\/ca%C5%82y-budynek-bohemian-cottage\/\" title=\"\">REZERWACJA<\/a><\/p>\n\n\n\n<figure class=\"wp-block-video\"><video height=\"1920\" style=\"aspect-ratio: 1080 \/ 1920;\" width=\"1080\" controls src=\"https:\/\/www.cottage.cz\/wp-content\/uploads\/2023\/11\/VID_44210219_163123_318.mp4\"><\/video><\/figure>\n\n\n\n<p><\/p>\n","protected":false},"excerpt":{"rendered":"<p>\u015awi\u0105teczny komfort, zapach, drzewo, ciasteczka jak w domu, \u2026 tym razem b\u0119dzie to dla nas w Bohemian Cottage w Czeskiej Szwajcarii. Co ci\u0119 czeka \u2026. spok\u00f3j, uporz\u0105dkowane, mo\u017cliwo\u015b\u0107 odnowy biologicznej\u00a0w sezonie zimowym, wyjazdy\u00a0z rodzin\u0105 prosto z domku \u2026 ka\u017cdy w rodzinie ma sw\u00f3j komfort we w\u0142asnym mieszkaniu jednak wszyscy mo\u017cecie zasi\u0105\u015b\u0107 do wielkiego sto\u0142u wigilijnego [&hellip;]<\/p>\n","protected":false},"author":4,"featured_media":16034,"parent":0,"menu_order":0,"comment_status":"closed","ping_status":"closed","template":"","meta":{"_monsterinsights_skip_tracking":false,"_monsterinsights_sitenote_active":false,"_monsterinsights_sitenote_note":"","_monsterinsights_sitenote_category":0,"ngg_post_thumbnail":0,"footnotes":""},"class_list":["post-20840","page","type-page","status-publish","has-post-thumbnail","hentry"],"aioseo_notices":[],"_links":{"self":[{"href":"https:\/\/cottage.cz\/pl\/wp-json\/wp\/v2\/pages\/20840","targetHints":{"allow":["GET"]}}],"collection":[{"href":"https:\/\/cottage.cz\/pl\/wp-json\/wp\/v2\/pages"}],"about":[{"href":"https:\/\/cottage.cz\/pl\/wp-json\/wp\/v2\/types\/page"}],"author":[{"embeddable":true,"href":"https:\/\/cottage.cz\/pl\/wp-json\/wp\/v2\/users\/4"}],"replies":[{"embeddable":true,"href":"https:\/\/cottage.cz\/pl\/wp-json\/wp\/v2\/comments?post=20840"}],"version-history":[{"count":3,"href":"https:\/\/cottage.cz\/pl\/wp-json\/wp\/v2\/pages\/20840\/revisions"}],"predecessor-version":[{"id":20851,"href":"https:\/\/cottage.cz\/pl\/wp-json\/wp\/v2\/pages\/20840\/revisions\/20851"}],"wp:featuredmedia":[{"embeddable":true,"href":"https:\/\/cottage.cz\/pl\/wp-json\/wp\/v2\/media\/16034"}],"wp:attachment":[{"href":"https:\/\/cottage.cz\/pl\/wp-json\/wp\/v2\/media?parent=20840"}],"curies":[{"name":"wp","href":"https:\/\/api.w.org\/{rel}","templated":true}]}}