{"id":20831,"date":"2024-01-03T19:06:18","date_gmt":"2024-01-03T18:06:18","guid":{"rendered":"https:\/\/cottage.napokusy.cz\/?page_id=20831"},"modified":"2024-01-03T19:10:24","modified_gmt":"2024-01-03T18:10:24","slug":"wskazowki-dotyczace-zakwaterowania-w-innych-regionach","status":"publish","type":"page","link":"https:\/\/cottage.cz\/pl\/wskazowki-dotyczace-zakwaterowania-w-innych-regionach\/","title":{"rendered":"Wskaz\u00f3wki dotycz\u0105ce zakwaterowania w innych regionach"},"content":{"rendered":"<p><strong><span id=\"tr_2\" class=\"tr_\" data-source=\"1\" data-orig=\"Ubytov\u00e1n\u00ed v\">Zakwaterowanie w<\/span>\u00a0<a title=\"Apartm\u00e1n ve \u0160pindlerov\u011b Ml\u00fdn\u011b\" href=\"http:\/\/www.apartman-spindleruv-mlyn.cz\/\"><span id=\"tr_3\" class=\"tr_\" data-source=\"1\" data-orig=\"apartm\u00e1nu \u0160pindler\u016fv Ml\u00fdn\">apartament Szpindlerowy M\u0142yn<\/span><\/a><span id=\"tr_36\" class=\"tr_\" data-source=\"1\" data-orig=\"Apartm\u00e1n ve \u0160pindlerov\u011b Ml\u00fdn\u011b\" data-hidden=\"y\" data-trans=\"Mieszkanie w Szpindlerowym M\u0142ynie\"><\/span><\/strong><\/p>\n<p><span id=\"tr_4\" class=\"tr_\" data-source=\"1\" data-orig=\"Ubytov\u00e1n\u00ed u na\u0161ich p\u0159\u00e1tel v apartm\u00e1nu ve \u0160pindlu se skl\u00e1d\u00e1 z  ob\u00fdvac\u00edho pokoj s kuchy\u0148sk\u00fdm koutem\">Zakwaterowanie u naszych przyjaci\u00f3\u0142 w apartamencie w Szpindlu sk\u0142ada si\u0119 z pokoju dziennego z aneksem kuchennym<\/span>, sypialnia,\u00a0<span id=\"tr_5\" class=\"tr_\" data-source=\"1\" data-orig=\"koupelna s WC\">\u0142azienka z toalet\u0105<\/span>,\u00a0<span id=\"tr_6\" class=\"tr_\" data-source=\"1\" data-orig=\"\u0161atna a velmi prostorn\u00e1 chodba\">garderoba i bardzo przestronny korytarz<\/span>.\u00a0<span id=\"tr_7\" class=\"tr_\" data-source=\"1\" data-orig=\"V lo\u017enici se nab\u00edz\u00ed pohodln\u00e9 span\u00ed pro\">Sypialnia zapewnia komfort spania<\/span>\u00a02\u00a0<span id=\"tr_8\" class=\"tr_\" data-source=\"1\" data-orig=\"dosp\u011bl\u00e9 osoby a\">doro\u015bli A<\/span>\u00a02 dzieci.\u00a0<span id=\"tr_9\" class=\"tr_\" data-source=\"1\" data-orig=\"V ob\u00fdvac\u00edm pokoji se nach\u00e1z\u00ed\">Znajduje si\u0119 w salonie<\/span>\u00a02\u00a0<span id=\"tr_10\" class=\"tr_\" data-source=\"1\" data-orig=\"pevn\u00e1 l\u016f\u017eka\">solidne \u0142\u00f3\u017cka<\/span>.\u00a0<span id=\"tr_11\" class=\"tr_\" data-source=\"1\" data-orig=\"Apartm\u00e1n je um\u00edst\u011bn\u00e1\">Mieszkanie znajduje si\u0119<\/span>\u00a0100\u00a0<span id=\"tr_12\" class=\"tr_\" data-source=\"1\" data-orig=\"metr\u016f od lanovky na Medv\u011bd\u00edn\">metr\u00f3w od kolejki linowej na Medv\u011bd\u00edn<\/span>.\u00a0<span id=\"tr_13\" class=\"tr_\" data-source=\"1\" data-orig=\"Va\u0161e ratolesti tak nebudete muset tahat daleko od pokoje\">Dzi\u0119ki temu nie b\u0119dziesz musia\u0142 ci\u0105gn\u0105\u0107 swoich maluch\u00f3w daleko od pokoju<\/span>. Jeszcze\u00a0<a title=\"Apartm\u00e1n \u0160pindler\u016fv Ml\u00fdn\" href=\"http:\/\/www.apartman-spindleruv-mlyn.cz\/\" target=\"_blank\" rel=\"noopener\"><span id=\"tr_14\" class=\"tr_\" data-source=\"1\" data-orig=\"www.apartman-spindleruv-mlyn.cz\">www.apartman-spindleruv-mlyn.cz<\/span><\/a><span id=\"tr_37\" class=\"tr_\" data-source=\"1\" data-orig=\"Apartm\u00e1n \u0160pindler\u016fv Ml\u00fdn\" data-hidden=\"y\" data-trans=\"Apartament Szpindlerowy M\u0142yn\"><\/span><\/p>\n<p><strong><a title=\"Chalupa Vysok\u00e9 nad Jizerou\" href=\"http:\/\/www.chalupa-vysoke.nad-jizerou.cz\/\" target=\"_blank\" rel=\"noopener\"><span id=\"tr_15\" class=\"tr_\" data-source=\"1\" data-orig=\"Ubytov\u00e1n\u00ed ve Vysok\u00e9m nad Jizerou\">Zakwaterowanie w Vysok\u00e9 nad Jizerou<\/span><\/a><span id=\"tr_38\" class=\"tr_\" data-source=\"1\" data-orig=\"Chalupa Vysok\u00e9 nad Jizerou\" data-hidden=\"y\" data-trans=\"Chata Vysok\u00e9 nad Jizerou\"><\/span><\/strong><\/p>\n<p><span id=\"tr_16\" class=\"tr_\" data-source=\"1\" data-orig=\"Milujete-li hory a ubytov\u00e1n\u00ed ve star\u00e9 rouben\u00e9 chalup\u011b\">Je\u015bli kochasz g\u00f3ry i noclegi w starej drewnianej chacie<\/span>.\u00a0<span id=\"tr_17\" class=\"tr_\" data-source=\"1\" data-orig=\"N\u00e1\u0161i zn\u00e1mi nab\u00edzej\u00ed chaloupku ve Vysok\u00e9m nad Jizerou\">Nasi przyjaciele oferuj\u0105 domek w Vysok\u00e9 nad Jizerou<\/span>. \u00a0<span id=\"tr_18\" class=\"tr_\" data-source=\"1\" data-orig=\"Roubenka nab\u00edz\u00ed ubytov\u00e1n\u00ed u sjezdovky\">Roubenka oferuje zakwaterowanie w pobli\u017cu stok\u00f3w<\/span>,\u00a0<span id=\"tr_19\" class=\"tr_\" data-source=\"1\" data-orig=\"kompletn\u00ed za\u0159\u00edzen\u00ed\">kompletne wyposa\u017cenie<\/span>,\u00a0<span id=\"tr_20\" class=\"tr_\" data-source=\"1\" data-orig=\"vybavenou kuchy\u0148\">wyposa\u017cona kuchnia<\/span>,\u00a0<span id=\"tr_21\" class=\"tr_\" data-source=\"1\" data-orig=\"pohodln\u00e9 elektrick\u00e9 vyt\u00e1p\u011bn\u00ed\">komfortowe ogrzewanie elektryczne<\/span>,\u00a0<span id=\"tr_22\" class=\"tr_\" data-source=\"1\" data-orig=\"t\u0159i lo\u017enice\">trzy sypialnie<\/span>,\u00a0<span id=\"tr_23\" class=\"tr_\" data-source=\"1\" data-orig=\"v koupeln\u011b vanu i sprchu\">wanna i prysznic w \u0142azience<\/span>.\u00a0<span id=\"tr_24\" class=\"tr_\" data-source=\"1\" data-orig=\"N\u00e1mi nab\u00edzen\u00e9 ubytov\u00e1n\u00ed na hor\u00e1ch je vhodn\u00e9 pro dv\u011b a\u017e osm osob\">Oferowane przez nas noclegi w g\u00f3rach przeznaczone s\u0105 dla od dw\u00f3ch do o\u015bmiu os\u00f3b<\/span>. wi\u0119cej informacji:\u00a0<a title=\"Chalupa v Jizerk\u00e1ch\" href=\"http:\/\/www.chalupa-vysoke-nad-jizerou.cz\/\" target=\"_blank\" rel=\"noopener\"><span id=\"tr_25\" class=\"tr_\" data-source=\"1\" data-orig=\"www.chalupa-vysoke-nad-jizerou.cz\">www.chalupa-vysoke-nad-jizerou.cz<\/span><\/a><span id=\"tr_39\" class=\"tr_\" data-source=\"1\" data-orig=\"Chalupa v Jizerk\u00e1ch\" data-hidden=\"y\" data-trans=\"Domek w Jizerce\"><\/span><\/p>\n<p><strong><a title=\"Ubytov\u00e1n\u00ed v Orlick\u00fdch hor\u00e1ch\" href=\"http:\/\/www.penzionceskepetrovice.cz\/\" target=\"_blank\" rel=\"noopener\"><span id=\"tr_26\" class=\"tr_\" data-source=\"1\" data-orig=\"Penzion v Orlick\u00fdch hor\u00e1ch\">Pensjonat w G\u00f3rach Orlickich<\/span><\/a><span id=\"tr_40\" class=\"tr_\" data-source=\"1\" data-orig=\"Ubytov\u00e1n\u00ed v Orlick\u00fdch hor\u00e1ch\" data-hidden=\"y\" data-trans=\"Zakwaterowanie w G\u00f3rach Orlickich\"><\/span><\/strong><\/p>\n<p><span id=\"tr_27\" class=\"tr_\" data-source=\"1\" data-orig=\"Chcete-li si p\u0159\u00edjemn\u011b zaly\u017eovat na svahu Orlick\u00fdch hor bez front\">Je\u015bli chcesz cieszy\u0107 si\u0119 jazd\u0105 na nartach na stoku G\u00f3r Orlickich bez kolejek<\/span>.\u00a0<span id=\"tr_28\" class=\"tr_\" data-source=\"1\" data-orig=\"Pod\u00edvejte se do \u010cesk\u00fdch Petrovic\">Sp\u00f3jrz na Czeskie Petrovice<\/span>.\u00a0<span id=\"tr_29\" class=\"tr_\" data-source=\"1\" data-orig=\"V Petrovic\u00edch naleznete Penzion \u010cesk\u00e9 Petrovice s restaurac\u00ed\">W Petrovicach znajduje si\u0119 Pensjonat \u010cesk\u00e9 Petrovice z restauracj\u0105<\/span>,\u00a0<span id=\"tr_30\" class=\"tr_\" data-source=\"1\" data-orig=\"terasou a pohodov\u00fdm person\u00e1lem\">taras i zrelaksowany personel<\/span>.\u00a0<span id=\"tr_31\" class=\"tr_\" data-source=\"1\" data-orig=\"Kapacita penzionu je 40l\u016f\u017eek\">Pojemno\u015b\u0107 pensjonatu wynosi 40 \u0142\u00f3\u017cek<\/span>.\u00a0<span id=\"tr_32\" class=\"tr_\" data-source=\"1\" data-orig=\"Ubytov\u00e1n\u00ed je tedy vhodn\u00e9 i pro v\u011bt\u0161\u00ed skupiny\">Dlatego zakwaterowanie jest odpowiednie r\u00f3wnie\u017c dla wi\u0119kszych grup<\/span>\u00a0(<span id=\"tr_33\" class=\"tr_\" data-source=\"1\" data-orig=\"\u0161koly\">szko\u0142y<\/span>, Firma odnios\u0142a du\u017cy sukces).\u00a0<span id=\"tr_34\" class=\"tr_\" data-source=\"1\" data-orig=\"V l\u00e9t\u011b zde m\u016f\u017eete vyrazit na p\u011b\u0161\u00ed v\u00fdlety na h\u0159ebeny a p\u016fj\u010d\u00ed v\u00e1m tu i kolo\">Latem mo\u017cna wybra\u0107 si\u0119 na piesz\u0105 wycieczk\u0119 po grani, a nawet wypo\u017cyczy\u0107 tu rower<\/span>. Jeszcze:\u00a0<a title=\"Ubytov\u00e1n\u00ed v Orlick\u00fdch hor\u00e1ch\" href=\"http:\/\/www.penzionceskepetrovice.cz\/\"><span id=\"tr_35\" class=\"tr_\" data-source=\"1\" data-orig=\"www.penzionceskepetrovice.cz\">www.penzionceskepetrovice.cz<\/span><\/a><\/p>\n","protected":false},"excerpt":{"rendered":"<p>Zakwaterowanie w\u00a0apartament Szpindlerowy M\u0142yn Zakwaterowanie u naszych przyjaci\u00f3\u0142 w apartamencie w Szpindlu sk\u0142ada si\u0119 z pokoju dziennego z aneksem kuchennym, sypialnia,\u00a0\u0142azienka z toalet\u0105,\u00a0garderoba i bardzo przestronny korytarz.\u00a0Sypialnia zapewnia komfort spania\u00a02\u00a0doro\u015bli A\u00a02 dzieci.\u00a0Znajduje si\u0119 w salonie\u00a02\u00a0solidne \u0142\u00f3\u017cka.\u00a0Mieszkanie znajduje si\u0119\u00a0100\u00a0metr\u00f3w od kolejki linowej na Medv\u011bd\u00edn.\u00a0Dzi\u0119ki temu nie b\u0119dziesz musia\u0142 ci\u0105gn\u0105\u0107 swoich maluch\u00f3w daleko od pokoju. Jeszcze\u00a0www.apartman-spindleruv-mlyn.cz Zakwaterowanie [&hellip;]<\/p>\n","protected":false},"author":4,"featured_media":0,"parent":0,"menu_order":0,"comment_status":"closed","ping_status":"closed","template":"","meta":{"_monsterinsights_skip_tracking":false,"_monsterinsights_sitenote_active":false,"_monsterinsights_sitenote_note":"","_monsterinsights_sitenote_category":0,"ngg_post_thumbnail":0,"footnotes":""},"class_list":["post-20831","page","type-page","status-publish","hentry"],"aioseo_notices":[],"_links":{"self":[{"href":"https:\/\/cottage.cz\/pl\/wp-json\/wp\/v2\/pages\/20831","targetHints":{"allow":["GET"]}}],"collection":[{"href":"https:\/\/cottage.cz\/pl\/wp-json\/wp\/v2\/pages"}],"about":[{"href":"https:\/\/cottage.cz\/pl\/wp-json\/wp\/v2\/types\/page"}],"author":[{"embeddable":true,"href":"https:\/\/cottage.cz\/pl\/wp-json\/wp\/v2\/users\/4"}],"replies":[{"embeddable":true,"href":"https:\/\/cottage.cz\/pl\/wp-json\/wp\/v2\/comments?post=20831"}],"version-history":[{"count":2,"href":"https:\/\/cottage.cz\/pl\/wp-json\/wp\/v2\/pages\/20831\/revisions"}],"predecessor-version":[{"id":20835,"href":"https:\/\/cottage.cz\/pl\/wp-json\/wp\/v2\/pages\/20831\/revisions\/20835"}],"wp:attachment":[{"href":"https:\/\/cottage.cz\/pl\/wp-json\/wp\/v2\/media?parent=20831"}],"curies":[{"name":"wp","href":"https:\/\/api.w.org\/{rel}","templated":true}]}}