{"id":20821,"date":"2024-01-03T18:28:17","date_gmt":"2024-01-03T17:28:17","guid":{"rendered":"https:\/\/cottage.napokusy.cz\/?page_id=20821"},"modified":"2025-02-18T14:24:42","modified_gmt":"2025-02-18T13:24:42","slug":"wskazowki-dla-pubow-i-restauracji","status":"publish","type":"page","link":"https:\/\/cottage.cz\/pl\/wskazowki-dla-pubow-i-restauracji\/","title":{"rendered":"Wskaz\u00f3wki dla pub\u00f3w i restauracji"},"content":{"rendered":"\n<p>Kilka porad, gdzie dobre jedzenie i picie:<\/p>\n\n\n\n<p><a href=\"http:\/\/www.pivovar-kocour.cz\/\" target=\"_blank\" rel=\"noopener\" title=\"\">Pivovar Kocour<\/a>&nbsp;w Varnsdorf \u2013 Mi\u0142o\u015bnicy piwa musi odwiedzi\u0107.<br><a href=\"http:\/\/www.starahospoda.cz\/\" target=\"_blank\" rel=\"noopener\" title=\"\">Stary pub w Doubice<\/a>&nbsp;\u2013 Mi\u0142o\u015bnicy dobrej atmosferze musi siedzie\u0107<br><a href=\"http:\/\/www.nastodolci.cz\/\">Restauracja i<\/a><a href=\"http:\/\/www.nastodolci.cz\/\" target=\"_blank\" rel=\"noopener\" title=\"\"> <\/a><a href=\"http:\/\/www.nastodolci.cz\/\">Pensjonat Na Stodolci<\/a>&nbsp;\u2013 dobre jedzenie 100%<br><a href=\"http:\/\/fabrika.doubice.cz\/\" target=\"_blank\" rel=\"noreferrer noopener\">Klub Fabrika w Doubice<\/a>&nbsp;\u2013 dobry klub atmosfera, wielkie koncerty<br><a href=\"http:\/\/www.krinickypivovar.cz\/\" target=\"_blank\" rel=\"noopener\" title=\"\">K\u0159inick\u00e9 browar w Krasna Lipa<\/a>&nbsp;\u2013 Piwo jak chrzan<\/p>\n\n\n\n<p>Lub wybierz jedzenie online z dostaw\u0105 do naszego obiektu, sprawd\u017a tutaj: <a href=\"http:\/\/www.jidlopodnos.cz\" title=\"\">www.jidlopodnos.cz<\/a><\/p>\n\n\n\n<p><\/p>\n","protected":false},"excerpt":{"rendered":"<p>Kilka porad, gdzie dobre jedzenie i picie: Pivovar Kocour&nbsp;w Varnsdorf \u2013 Mi\u0142o\u015bnicy piwa musi odwiedzi\u0107.Stary pub w Doubice&nbsp;\u2013 Mi\u0142o\u015bnicy dobrej atmosferze musi siedzie\u0107Restauracja i Pensjonat Na Stodolci&nbsp;\u2013 dobre jedzenie 100%Klub Fabrika w Doubice&nbsp;\u2013 dobry klub atmosfera, wielkie koncertyK\u0159inick\u00e9 browar w Krasna Lipa&nbsp;\u2013 Piwo jak chrzan Lub wybierz jedzenie online z dostaw\u0105 do naszego obiektu, sprawd\u017a [&hellip;]<\/p>\n","protected":false},"author":4,"featured_media":14276,"parent":0,"menu_order":0,"comment_status":"closed","ping_status":"closed","template":"","meta":{"_monsterinsights_skip_tracking":false,"_monsterinsights_sitenote_active":false,"_monsterinsights_sitenote_note":"","_monsterinsights_sitenote_category":0,"ngg_post_thumbnail":0,"footnotes":""},"class_list":["post-20821","page","type-page","status-publish","has-post-thumbnail","hentry"],"aioseo_notices":[],"_links":{"self":[{"href":"https:\/\/cottage.cz\/pl\/wp-json\/wp\/v2\/pages\/20821","targetHints":{"allow":["GET"]}}],"collection":[{"href":"https:\/\/cottage.cz\/pl\/wp-json\/wp\/v2\/pages"}],"about":[{"href":"https:\/\/cottage.cz\/pl\/wp-json\/wp\/v2\/types\/page"}],"author":[{"embeddable":true,"href":"https:\/\/cottage.cz\/pl\/wp-json\/wp\/v2\/users\/4"}],"replies":[{"embeddable":true,"href":"https:\/\/cottage.cz\/pl\/wp-json\/wp\/v2\/comments?post=20821"}],"version-history":[{"count":2,"href":"https:\/\/cottage.cz\/pl\/wp-json\/wp\/v2\/pages\/20821\/revisions"}],"predecessor-version":[{"id":24821,"href":"https:\/\/cottage.cz\/pl\/wp-json\/wp\/v2\/pages\/20821\/revisions\/24821"}],"wp:featuredmedia":[{"embeddable":true,"href":"https:\/\/cottage.cz\/pl\/wp-json\/wp\/v2\/media\/14276"}],"wp:attachment":[{"href":"https:\/\/cottage.cz\/pl\/wp-json\/wp\/v2\/media?parent=20821"}],"curies":[{"name":"wp","href":"https:\/\/api.w.org\/{rel}","templated":true}]}}