{"id":20812,"date":"2024-01-02T20:07:52","date_gmt":"2024-01-02T19:07:52","guid":{"rendered":"https:\/\/cottage.napokusy.cz\/?page_id=20812"},"modified":"2024-01-02T20:07:54","modified_gmt":"2024-01-02T19:07:54","slug":"sciany-tisa","status":"publish","type":"page","link":"https:\/\/cottage.cz\/pl\/sciany-tisa\/","title":{"rendered":"\u015bciany Tisa"},"content":{"rendered":"<p>\u015aciany Tisa to formacja skalna z piaskowca w pobli\u017cu miejscowo\u015bci Tisa w Decin. S\u0105 wyj\u0105tkowe w swojej r\u00f3\u017cnorodno\u015bci<strong>\u00a0formacje skalne<\/strong>. Transport idzie \u0142atwo dost\u0119pnym miejscu, prowadzi w pobli\u017cu Praga-Drezno. s\u0105 2 Szlaki Tisa Walls (1 km kr\u00f3tki \/ d\u0142ugi oko\u0142o 2 km). b\u0119dzie mo\u017cna zobaczy\u0107 unikalne formacje skalne przeplataj\u0105 si\u0119 z kilku przyjemnych perspektywy wsi Tisa. Park w miejscowo\u015bci Tisa lub na domek turystyczny. Polecam odwiedzi\u0107 kawiarni\u0119 Refugio w Tisie i bardzo dobrze?\u00a0<strong>noclegi i restauracja\u00a0<a href=\"http:\/\/www.hotelostrov.com\/\" target=\"_blank\" rel=\"noopener\">island Hotel<\/a>.<\/strong><\/p>\n<div class=\"gallery-1 gallery-wrapper columns-wrapper\"><div class=\"gallery-column\"><a class=\"gallery-item photoswipe-item\" data-caption=\"\" data-width=\"1104\" data-height=\"565\" href=\"https:\/\/cottage.cz\/wp-content\/uploads\/2018\/05\/tiske-steny.jpg\" rel=\"lightbox[20812]\"><img decoding=\"async\" class=\"gallery-img-desktop lazyload\" data-src=\"https:\/\/cottage.cz\/wp-content\/uploads\/2018\/05\/tiske-steny-550x309.jpg\" alt=\"\" src=\"data:image\/svg+xml;base64,PHN2ZyB3aWR0aD0iMSIgaGVpZ2h0PSIxIiB4bWxucz0iaHR0cDovL3d3dy53My5vcmcvMjAwMC9zdmciPjwvc3ZnPg==\" style=\"--smush-placeholder-width: 550px; --smush-placeholder-aspect-ratio: 550\/309;\" \/><img decoding=\"async\" class=\"gallery-img-mobile lazyload\" data-src=\"https:\/\/cottage.cz\/wp-content\/uploads\/2018\/05\/tiske-steny-500x500.jpg\" alt=\"\" src=\"data:image\/svg+xml;base64,PHN2ZyB3aWR0aD0iMSIgaGVpZ2h0PSIxIiB4bWxucz0iaHR0cDovL3d3dy53My5vcmcvMjAwMC9zdmciPjwvc3ZnPg==\" style=\"--smush-placeholder-width: 500px; --smush-placeholder-aspect-ratio: 500\/500;\" \/><div class=\"gallery-enlarge\"><\/div><\/a><\/div><div class=\"gallery-column\"><a class=\"gallery-item photoswipe-item\" data-caption=\"\" data-width=\"763\" data-height=\"524\" href=\"https:\/\/cottage.cz\/wp-content\/uploads\/2018\/05\/06-Skaln\u00ed-h\u0159ib-Tis\u00e1-foto-Z.-Patzelt.jpg\" rel=\"lightbox[20812]\"><img decoding=\"async\" class=\"gallery-img-desktop lazyload\" data-src=\"https:\/\/cottage.cz\/wp-content\/uploads\/2018\/05\/06-Skaln\u00ed-h\u0159ib-Tis\u00e1-foto-Z.-Patzelt-550x309.jpg\" alt=\"\" src=\"data:image\/svg+xml;base64,PHN2ZyB3aWR0aD0iMSIgaGVpZ2h0PSIxIiB4bWxucz0iaHR0cDovL3d3dy53My5vcmcvMjAwMC9zdmciPjwvc3ZnPg==\" style=\"--smush-placeholder-width: 550px; --smush-placeholder-aspect-ratio: 550\/309;\" \/><img decoding=\"async\" class=\"gallery-img-mobile lazyload\" data-src=\"https:\/\/cottage.cz\/wp-content\/uploads\/2018\/05\/06-Skaln\u00ed-h\u0159ib-Tis\u00e1-foto-Z.-Patzelt-500x500.jpg\" alt=\"\" src=\"data:image\/svg+xml;base64,PHN2ZyB3aWR0aD0iMSIgaGVpZ2h0PSIxIiB4bWxucz0iaHR0cDovL3d3dy53My5vcmcvMjAwMC9zdmciPjwvc3ZnPg==\" style=\"--smush-placeholder-width: 500px; --smush-placeholder-aspect-ratio: 500\/500;\" \/><div class=\"gallery-enlarge\"><\/div><\/a><\/div><div class=\"gallery-column\"><a class=\"gallery-item photoswipe-item\" data-caption=\"\" data-width=\"2268\" data-height=\"3024\" href=\"https:\/\/cottage.cz\/wp-content\/uploads\/2018\/12\/20180721_151800_resized.jpg\" rel=\"lightbox[20812]\"><img decoding=\"async\" class=\"gallery-img-desktop lazyload\" data-src=\"https:\/\/cottage.cz\/wp-content\/uploads\/2018\/12\/20180721_151800_resized-550x309.jpg\" alt=\"\" src=\"data:image\/svg+xml;base64,PHN2ZyB3aWR0aD0iMSIgaGVpZ2h0PSIxIiB4bWxucz0iaHR0cDovL3d3dy53My5vcmcvMjAwMC9zdmciPjwvc3ZnPg==\" style=\"--smush-placeholder-width: 550px; --smush-placeholder-aspect-ratio: 550\/309;\" \/><img decoding=\"async\" class=\"gallery-img-mobile lazyload\" data-src=\"https:\/\/cottage.cz\/wp-content\/uploads\/2018\/12\/20180721_151800_resized-500x500.jpg\" alt=\"\" src=\"data:image\/svg+xml;base64,PHN2ZyB3aWR0aD0iMSIgaGVpZ2h0PSIxIiB4bWxucz0iaHR0cDovL3d3dy53My5vcmcvMjAwMC9zdmciPjwvc3ZnPg==\" style=\"--smush-placeholder-width: 500px; --smush-placeholder-aspect-ratio: 500\/500;\" \/><div class=\"gallery-enlarge\"><\/div><\/a><\/div><div class=\"gallery-column\"><a class=\"gallery-item photoswipe-item\" data-caption=\"\" data-width=\"2268\" data-height=\"3024\" href=\"https:\/\/cottage.cz\/wp-content\/uploads\/2018\/12\/20180721_145141_resized.jpg\" rel=\"lightbox[20812]\"><img decoding=\"async\" class=\"gallery-img-desktop lazyload\" data-src=\"https:\/\/cottage.cz\/wp-content\/uploads\/2018\/12\/20180721_145141_resized-550x309.jpg\" alt=\"\" src=\"data:image\/svg+xml;base64,PHN2ZyB3aWR0aD0iMSIgaGVpZ2h0PSIxIiB4bWxucz0iaHR0cDovL3d3dy53My5vcmcvMjAwMC9zdmciPjwvc3ZnPg==\" style=\"--smush-placeholder-width: 550px; --smush-placeholder-aspect-ratio: 550\/309;\" \/><img decoding=\"async\" class=\"gallery-img-mobile lazyload\" data-src=\"https:\/\/cottage.cz\/wp-content\/uploads\/2018\/12\/20180721_145141_resized-500x500.jpg\" alt=\"\" src=\"data:image\/svg+xml;base64,PHN2ZyB3aWR0aD0iMSIgaGVpZ2h0PSIxIiB4bWxucz0iaHR0cDovL3d3dy53My5vcmcvMjAwMC9zdmciPjwvc3ZnPg==\" style=\"--smush-placeholder-width: 500px; --smush-placeholder-aspect-ratio: 500\/500;\" \/><div class=\"gallery-enlarge\"><\/div><\/a><\/div><style type=\"text\/css\">.gallery-1 .gallery-column { width: 33.33%; padding-bottom: 18.75%; }.gallery-1 { margin-left: -0px; margin-right: -0px; }.gallery-1 .gallery-item {bottom: 0px;left: 0px;right: 0px;top: 0px;}<\/style><\/div>\n","protected":false},"excerpt":{"rendered":"<p>\u015aciany Tisa to formacja skalna z piaskowca w pobli\u017cu miejscowo\u015bci Tisa w Decin. S\u0105 wyj\u0105tkowe w swojej r\u00f3\u017cnorodno\u015bci\u00a0formacje skalne. Transport idzie \u0142atwo dost\u0119pnym miejscu, prowadzi w pobli\u017cu Praga-Drezno. s\u0105 2 Szlaki Tisa Walls (1 km kr\u00f3tki \/ d\u0142ugi oko\u0142o 2 km). b\u0119dzie mo\u017cna zobaczy\u0107 unikalne formacje skalne przeplataj\u0105 si\u0119 z kilku przyjemnych perspektywy wsi Tisa. [&hellip;]<\/p>\n","protected":false},"author":4,"featured_media":13562,"parent":0,"menu_order":0,"comment_status":"closed","ping_status":"closed","template":"","meta":{"_monsterinsights_skip_tracking":false,"_monsterinsights_sitenote_active":false,"_monsterinsights_sitenote_note":"","_monsterinsights_sitenote_category":0,"ngg_post_thumbnail":0,"footnotes":""},"class_list":["post-20812","page","type-page","status-publish","has-post-thumbnail","hentry"],"aioseo_notices":[],"_links":{"self":[{"href":"https:\/\/cottage.cz\/pl\/wp-json\/wp\/v2\/pages\/20812","targetHints":{"allow":["GET"]}}],"collection":[{"href":"https:\/\/cottage.cz\/pl\/wp-json\/wp\/v2\/pages"}],"about":[{"href":"https:\/\/cottage.cz\/pl\/wp-json\/wp\/v2\/types\/page"}],"author":[{"embeddable":true,"href":"https:\/\/cottage.cz\/pl\/wp-json\/wp\/v2\/users\/4"}],"replies":[{"embeddable":true,"href":"https:\/\/cottage.cz\/pl\/wp-json\/wp\/v2\/comments?post=20812"}],"version-history":[{"count":1,"href":"https:\/\/cottage.cz\/pl\/wp-json\/wp\/v2\/pages\/20812\/revisions"}],"predecessor-version":[{"id":20813,"href":"https:\/\/cottage.cz\/pl\/wp-json\/wp\/v2\/pages\/20812\/revisions\/20813"}],"wp:featuredmedia":[{"embeddable":true,"href":"https:\/\/cottage.cz\/pl\/wp-json\/wp\/v2\/media\/13562"}],"wp:attachment":[{"href":"https:\/\/cottage.cz\/pl\/wp-json\/wp\/v2\/media?parent=20812"}],"curies":[{"name":"wp","href":"https:\/\/api.w.org\/{rel}","templated":true}]}}