{"id":20795,"date":"2024-01-02T19:30:36","date_gmt":"2024-01-02T18:30:36","guid":{"rendered":"https:\/\/cottage.napokusy.cz\/?page_id=20795"},"modified":"2024-01-02T19:31:14","modified_gmt":"2024-01-02T18:31:14","slug":"usluga","status":"publish","type":"page","link":"https:\/\/cottage.cz\/pl\/usluga\/","title":{"rendered":"us\u0142uga"},"content":{"rendered":"<p style=\"text-align: center;\">wst\u0119pne badanie i diagnoza wed\u0142ug tradycyjnego chi\u0144skiego, \u0142\u0105czymy i oferujemy\u2026<\/p>\n<div class=\"pt-cv-wrapper\"><div class=\"pt-cv-view pt-cv-grid pt-cv-colsys pt-cv-sharp-buttons\" id=\"pt-cv-view-dfa2ec25vl\"><div data-id=\"pt-cv-page-1\" class=\"pt-cv-page\" data-cvc=\"2\"><div class=\"col-md-6 col-sm-6 col-xs-12 pt-cv-content-item pt-cv-1-col\"  data-pid=\"20351\"><div class='pt-cv-ifield'><a href=\"https:\/\/cottage.cz\/pl\/naturalne-prywatne-wellness\/\" class=\"_self pt-cv-href-thumbnail pt-cv-thumb-default cvplbd\" target=\"_self\" ><img decoding=\"async\" width=\"1800\" height=\"1199\" data-src=\"https:\/\/cottage.cz\/wp-content\/uploads\/2025\/05\/Resize-of-BC-136.jpg\" class=\"pt-cv-thumbnail img-none lazyload\" alt=\"Naturalne prywatne wellness\" data-srcset=\"https:\/\/cottage.cz\/wp-content\/uploads\/2025\/05\/Resize-of-BC-136.jpg 1800w, https:\/\/cottage.cz\/wp-content\/uploads\/2025\/05\/Resize-of-BC-136-300x200.jpg 300w, https:\/\/cottage.cz\/wp-content\/uploads\/2025\/05\/Resize-of-BC-136-1024x682.jpg 1024w, https:\/\/cottage.cz\/wp-content\/uploads\/2025\/05\/Resize-of-BC-136-768x512.jpg 768w, https:\/\/cottage.cz\/wp-content\/uploads\/2025\/05\/Resize-of-BC-136-1536x1023.jpg 1536w\" data-sizes=\"(max-width: 1800px) 100vw, 1800px\" src=\"data:image\/svg+xml;base64,PHN2ZyB3aWR0aD0iMSIgaGVpZ2h0PSIxIiB4bWxucz0iaHR0cDovL3d3dy53My5vcmcvMjAwMC9zdmciPjwvc3ZnPg==\" style=\"--smush-placeholder-width: 1800px; --smush-placeholder-aspect-ratio: 1800\/1199;\" \/><\/a>\n<h4 class=\"pt-cv-title\"><a href=\"https:\/\/cottage.cz\/pl\/naturalne-prywatne-wellness\/\" class=\"_self cvplbd\" target=\"_self\" >Naturalne prywatne wellness<\/a><\/h4>\n<div class=\"pt-cv-content\">Prywatna strefa wellness Kochasz prawdziw\u0105 saun\u0119 fi\u0144sk\u0105? Pojemno\u015b\u0107 6 os\u00f3b. Temperatura 90C +Jacuzzi dla maksymalnie 4 os\u00f3b. Temperatura 37\u00b0C.(je\u015bli chcesz ...<\/div><\/div><\/div>\n<div class=\"col-md-6 col-sm-6 col-xs-12 pt-cv-content-item pt-cv-1-col\"  data-pid=\"20757\"><div class='pt-cv-ifield'><a href=\"https:\/\/cottage.cz\/pl\/zywnosciowy\/\" class=\"_self pt-cv-href-thumbnail pt-cv-thumb-default cvplbd\" target=\"_self\" ><img decoding=\"async\" width=\"1800\" height=\"1199\" data-src=\"https:\/\/cottage.cz\/wp-content\/uploads\/2025\/05\/Resize-of-BC-89.jpg\" class=\"pt-cv-thumbnail img-none lazyload\" alt=\"\u017bywno\u015bciowy\" data-srcset=\"https:\/\/cottage.cz\/wp-content\/uploads\/2025\/05\/Resize-of-BC-89.jpg 1800w, https:\/\/cottage.cz\/wp-content\/uploads\/2025\/05\/Resize-of-BC-89-300x200.jpg 300w, https:\/\/cottage.cz\/wp-content\/uploads\/2025\/05\/Resize-of-BC-89-1024x682.jpg 1024w, https:\/\/cottage.cz\/wp-content\/uploads\/2025\/05\/Resize-of-BC-89-768x512.jpg 768w, https:\/\/cottage.cz\/wp-content\/uploads\/2025\/05\/Resize-of-BC-89-1536x1023.jpg 1536w\" data-sizes=\"(max-width: 1800px) 100vw, 1800px\" src=\"data:image\/svg+xml;base64,PHN2ZyB3aWR0aD0iMSIgaGVpZ2h0PSIxIiB4bWxucz0iaHR0cDovL3d3dy53My5vcmcvMjAwMC9zdmciPjwvc3ZnPg==\" style=\"--smush-placeholder-width: 1800px; --smush-placeholder-aspect-ratio: 1800\/1199;\" \/><\/a>\n<h4 class=\"pt-cv-title\"><a href=\"https:\/\/cottage.cz\/pl\/zywnosciowy\/\" class=\"_self cvplbd\" target=\"_self\" >\u017bywno\u015bciowy<\/a><\/h4>\n<div class=\"pt-cv-content\">W naszej ofercie znajdziesz babcine koszyczki \u015bniadaniowe, kt\u00f3re z mi\u0142o\u015bci\u0105 przygotuje dla Ciebie nasza prawdziwa Babcia. Zapewniamy catering wegetaria\u0144ski na ...<\/div><\/div><\/div>\n<div class=\"col-md-6 col-sm-6 col-xs-12 pt-cv-content-item pt-cv-1-col\"  data-pid=\"20117\"><div class='pt-cv-ifield'><a href=\"https:\/\/cottage.cz\/pl\/lekcje-jogi\/\" class=\"_self pt-cv-href-thumbnail pt-cv-thumb-default cvplbd\" target=\"_self\" ><img decoding=\"async\" width=\"6490\" height=\"4326\" data-src=\"https:\/\/cottage.cz\/wp-content\/uploads\/2018\/02\/28a.jpg\" class=\"pt-cv-thumbnail img-none lazyload\" alt=\"Joga\" data-srcset=\"https:\/\/cottage.cz\/wp-content\/uploads\/2018\/02\/28a.jpg 6490w, https:\/\/cottage.cz\/wp-content\/uploads\/2018\/02\/28a-300x200.jpg 300w, https:\/\/cottage.cz\/wp-content\/uploads\/2018\/02\/28a-768x512.jpg 768w, https:\/\/cottage.cz\/wp-content\/uploads\/2018\/02\/28a-1024x683.jpg 1024w\" data-sizes=\"(max-width: 6490px) 100vw, 6490px\" src=\"data:image\/svg+xml;base64,PHN2ZyB3aWR0aD0iMSIgaGVpZ2h0PSIxIiB4bWxucz0iaHR0cDovL3d3dy53My5vcmcvMjAwMC9zdmciPjwvc3ZnPg==\" style=\"--smush-placeholder-width: 6490px; --smush-placeholder-aspect-ratio: 6490\/4326;\" \/><\/a>\n<h4 class=\"pt-cv-title\"><a href=\"https:\/\/cottage.cz\/pl\/lekcje-jogi\/\" class=\"_self cvplbd\" target=\"_self\" >Joga<\/a><\/h4>\n<div class=\"pt-cv-content\">\u201cbilans \u015bwiat\u201d Jeste\u015b tutaj na wakacje i chcesz spr\u00f3bowa\u0107 jogi? Prywatne zaj\u0119cia jogi w sali \u201cmedytacja lipa\u201d w Czeskim COTTAGE ...<\/div><\/div><\/div>\n<div class=\"col-md-6 col-sm-6 col-xs-12 pt-cv-content-item pt-cv-1-col\"  data-pid=\"20322\"><div class='pt-cv-ifield'><a href=\"https:\/\/cottage.cz\/pl\/masaz\/\" class=\"_self pt-cv-href-thumbnail pt-cv-thumb-default cvplbd\" target=\"_self\" ><img decoding=\"async\" width=\"640\" height=\"426\" data-src=\"https:\/\/cottage.cz\/wp-content\/uploads\/2022\/02\/06-2.jpg\" class=\"pt-cv-thumbnail img-none lazyload\" alt=\"Masa\u017c a terapia\" data-srcset=\"https:\/\/cottage.cz\/wp-content\/uploads\/2022\/02\/06-2.jpg 640w, https:\/\/cottage.cz\/wp-content\/uploads\/2022\/02\/06-2-300x200.jpg 300w\" data-sizes=\"(max-width: 640px) 100vw, 640px\" src=\"data:image\/svg+xml;base64,PHN2ZyB3aWR0aD0iMSIgaGVpZ2h0PSIxIiB4bWxucz0iaHR0cDovL3d3dy53My5vcmcvMjAwMC9zdmciPjwvc3ZnPg==\" style=\"--smush-placeholder-width: 640px; --smush-placeholder-aspect-ratio: 640\/426;\" \/><\/a>\n<h4 class=\"pt-cv-title\"><a href=\"https:\/\/cottage.cz\/pl\/masaz\/\" class=\"_self cvplbd\" target=\"_self\" >Masa\u017c a terapia<\/a><\/h4>\n<div class=\"pt-cv-content\">Kochamy dotyk, masa\u017ce, zapach\u2026Wybieramy najlepszy dla Ciebie, firsthand przetestowany, do, co zrobi\u0107 cuda z nami! Manualny odm\u0142adzaj\u0105cy lifting twarzy z ...<\/div><\/div><\/div>\n<div class=\"col-md-6 col-sm-6 col-xs-12 pt-cv-content-item pt-cv-1-col\"  data-pid=\"19835\"><div class='pt-cv-ifield'><a href=\"https:\/\/cottage.cz\/pl\/kupon-na-prezent\/\" class=\"_self pt-cv-href-thumbnail pt-cv-thumb-default cvplbd\" target=\"_self\" ><img decoding=\"async\" width=\"1600\" height=\"1067\" data-src=\"https:\/\/cottage.cz\/wp-content\/uploads\/2018\/12\/16-e1581598138562.jpg\" class=\"pt-cv-thumbnail img-none lazyload\" alt=\"Kupon na prezent\" src=\"data:image\/svg+xml;base64,PHN2ZyB3aWR0aD0iMSIgaGVpZ2h0PSIxIiB4bWxucz0iaHR0cDovL3d3dy53My5vcmcvMjAwMC9zdmciPjwvc3ZnPg==\" style=\"--smush-placeholder-width: 1600px; --smush-placeholder-aspect-ratio: 1600\/1067;\" \/><\/a>\n<h4 class=\"pt-cv-title\"><a href=\"https:\/\/cottage.cz\/pl\/kupon-na-prezent\/\" class=\"_self cvplbd\" target=\"_self\" >Kupon na prezent<\/a><\/h4>\n<div class=\"pt-cv-content\">Oferujemy bony upominkowe dla dw\u00f3ch lub wi\u0119cej nocy, si\u0142a 1 rok. Kupon mo\u017ce zawiera\u0107: zakwaterowanie w okre\u015blonym dniu lub w ...<\/div><\/div><\/div>\n<div class=\"col-md-6 col-sm-6 col-xs-12 pt-cv-content-item pt-cv-1-col\"  data-pid=\"21149\"><div class='pt-cv-ifield'><a href=\"https:\/\/cottage.cz\/pl\/wycieczki-z-przewodnikiem\/\" class=\"_self pt-cv-href-thumbnail pt-cv-thumb-default cvplbd\" target=\"_self\" ><img decoding=\"async\" width=\"2560\" height=\"1707\" data-src=\"https:\/\/cottage.cz\/wp-content\/uploads\/2020\/03\/DSCF4847-2-scaled.jpg\" class=\"pt-cv-thumbnail img-none lazyload\" alt=\"Wycieczki z przewodnikiem\" data-srcset=\"https:\/\/cottage.cz\/wp-content\/uploads\/2020\/03\/DSCF4847-2-scaled.jpg 2560w, https:\/\/cottage.cz\/wp-content\/uploads\/2020\/03\/DSCF4847-2-300x200.jpg 300w, https:\/\/cottage.cz\/wp-content\/uploads\/2020\/03\/DSCF4847-2-1024x683.jpg 1024w, https:\/\/cottage.cz\/wp-content\/uploads\/2020\/03\/DSCF4847-2-768x512.jpg 768w, https:\/\/cottage.cz\/wp-content\/uploads\/2020\/03\/DSCF4847-2-1536x1024.jpg 1536w, https:\/\/cottage.cz\/wp-content\/uploads\/2020\/03\/DSCF4847-2-2048x1365.jpg 2048w\" data-sizes=\"(max-width: 2560px) 100vw, 2560px\" src=\"data:image\/svg+xml;base64,PHN2ZyB3aWR0aD0iMSIgaGVpZ2h0PSIxIiB4bWxucz0iaHR0cDovL3d3dy53My5vcmcvMjAwMC9zdmciPjwvc3ZnPg==\" style=\"--smush-placeholder-width: 2560px; --smush-placeholder-aspect-ratio: 2560\/1707;\" \/><\/a>\n<h4 class=\"pt-cv-title\"><a href=\"https:\/\/cottage.cz\/pl\/wycieczki-z-przewodnikiem\/\" class=\"_self cvplbd\" target=\"_self\" >Wycieczki z przewodnikiem<\/a><\/h4>\n<div class=\"pt-cv-content\">Zorganizujemy indywidualn\u0105 wycieczk\u0119 z programem w Czeskiej Szwajcarii, G\u00f3ry \u0141u\u017cyckie na Twoje \u017cyczenie. Jeste\u015b firm\u0105 i musisz przewietrzy\u0107 g\u0142owy swoich ...<\/div><\/div><\/div>\n<div class=\"col-md-6 col-sm-6 col-xs-12 pt-cv-content-item pt-cv-1-col\"  data-pid=\"20545\"><div class='pt-cv-ifield'><a href=\"https:\/\/cottage.cz\/pl\/wynajem\/\" class=\"_self pt-cv-href-thumbnail pt-cv-thumb-default cvplbd\" target=\"_self\" ><img decoding=\"async\" width=\"5472\" height=\"3648\" data-src=\"https:\/\/cottage.cz\/wp-content\/uploads\/2018\/04\/IMG_2191.jpg\" class=\"pt-cv-thumbnail img-none lazyload\" alt=\"Wynajem Czeska Szwajcaria\" data-srcset=\"https:\/\/cottage.cz\/wp-content\/uploads\/2018\/04\/IMG_2191.jpg 5472w, https:\/\/cottage.cz\/wp-content\/uploads\/2018\/04\/IMG_2191-300x200.jpg 300w, https:\/\/cottage.cz\/wp-content\/uploads\/2018\/04\/IMG_2191-768x512.jpg 768w, https:\/\/cottage.cz\/wp-content\/uploads\/2018\/04\/IMG_2191-1024x683.jpg 1024w\" data-sizes=\"(max-width: 5472px) 100vw, 5472px\" src=\"data:image\/svg+xml;base64,PHN2ZyB3aWR0aD0iMSIgaGVpZ2h0PSIxIiB4bWxucz0iaHR0cDovL3d3dy53My5vcmcvMjAwMC9zdmciPjwvc3ZnPg==\" style=\"--smush-placeholder-width: 5472px; --smush-placeholder-aspect-ratio: 5472\/3648;\" \/><\/a>\n<h4 class=\"pt-cv-title\"><a href=\"https:\/\/cottage.cz\/pl\/wynajem\/\" class=\"_self cvplbd\" target=\"_self\" >Wynajem Czeska Szwajcaria<\/a><\/h4>\n<div class=\"pt-cv-content\">Chcesz rower i nie dosta\u0107 sw\u00f3j? Aby przetestowa\u0107 e-rower, rakiety, \u0142y\u017cwa? po\u017cyczamy: ko\u0142a rowerowe, elektrokola, \u00a0\u0142y\u017cworolek, cross country, rakiety, skutery, ...<\/div><\/div><\/div>\n<div class=\"col-md-6 col-sm-6 col-xs-12 pt-cv-content-item pt-cv-1-col\"  data-pid=\"21155\"><div class='pt-cv-ifield'><a href=\"https:\/\/cottage.cz\/pl\/krotki-nordic-walking\/\" class=\"_self pt-cv-href-thumbnail pt-cv-thumb-default cvplbd\" target=\"_self\" ><img decoding=\"async\" width=\"5472\" height=\"3648\" data-src=\"https:\/\/cottage.cz\/wp-content\/uploads\/2018\/03\/IMG_8722.jpg\" class=\"pt-cv-thumbnail img-none lazyload\" alt=\"Kr\u00f3tki: Nordic walking\" data-srcset=\"https:\/\/cottage.cz\/wp-content\/uploads\/2018\/03\/IMG_8722.jpg 5472w, https:\/\/cottage.cz\/wp-content\/uploads\/2018\/03\/IMG_8722-300x200.jpg 300w, https:\/\/cottage.cz\/wp-content\/uploads\/2018\/03\/IMG_8722-768x512.jpg 768w, https:\/\/cottage.cz\/wp-content\/uploads\/2018\/03\/IMG_8722-1024x683.jpg 1024w\" data-sizes=\"(max-width: 5472px) 100vw, 5472px\" src=\"data:image\/svg+xml;base64,PHN2ZyB3aWR0aD0iMSIgaGVpZ2h0PSIxIiB4bWxucz0iaHR0cDovL3d3dy53My5vcmcvMjAwMC9zdmciPjwvc3ZnPg==\" style=\"--smush-placeholder-width: 5472px; --smush-placeholder-aspect-ratio: 5472\/3648;\" \/><\/a>\n<h4 class=\"pt-cv-title\"><a href=\"https:\/\/cottage.cz\/pl\/krotki-nordic-walking\/\" class=\"_self cvplbd\" target=\"_self\" >Kr\u00f3tki: Nordic walking<\/a><\/h4>\n<div class=\"pt-cv-content\">Czy wybra\u0107 si\u0119 na wycieczk\u0119 z kijami? Nordic joga? Chc\u0105 si\u0119 uczy\u0107, je\u015bli u\u017cywasz poprawnej dziur\u0119, doskona\u0142a technika trzyma kij, ...<\/div><\/div><\/div>\n<div class=\"col-md-6 col-sm-6 col-xs-12 pt-cv-content-item pt-cv-1-col\"  data-pid=\"20308\"><div class='pt-cv-ifield'><a href=\"https:\/\/cottage.cz\/pl\/transport\/\" class=\"_self pt-cv-href-thumbnail pt-cv-thumb-default cvplbd\" target=\"_self\" ><img decoding=\"async\" width=\"2560\" height=\"1920\" data-src=\"https:\/\/cottage.cz\/wp-content\/uploads\/2020\/05\/IMG_20200524_140321-scaled.jpg\" class=\"pt-cv-thumbnail img-none lazyload\" alt=\"Transport\" data-srcset=\"https:\/\/cottage.cz\/wp-content\/uploads\/2020\/05\/IMG_20200524_140321-scaled.jpg 2560w, https:\/\/cottage.cz\/wp-content\/uploads\/2020\/05\/IMG_20200524_140321-300x225.jpg 300w, https:\/\/cottage.cz\/wp-content\/uploads\/2020\/05\/IMG_20200524_140321-1024x768.jpg 1024w, https:\/\/cottage.cz\/wp-content\/uploads\/2020\/05\/IMG_20200524_140321-768x576.jpg 768w, https:\/\/cottage.cz\/wp-content\/uploads\/2020\/05\/IMG_20200524_140321-1536x1152.jpg 1536w, https:\/\/cottage.cz\/wp-content\/uploads\/2020\/05\/IMG_20200524_140321-2048x1536.jpg 2048w\" data-sizes=\"(max-width: 2560px) 100vw, 2560px\" src=\"data:image\/svg+xml;base64,PHN2ZyB3aWR0aD0iMSIgaGVpZ2h0PSIxIiB4bWxucz0iaHR0cDovL3d3dy53My5vcmcvMjAwMC9zdmciPjwvc3ZnPg==\" style=\"--smush-placeholder-width: 2560px; --smush-placeholder-aspect-ratio: 2560\/1920;\" \/><\/a>\n<h4 class=\"pt-cv-title\"><a href=\"https:\/\/cottage.cz\/pl\/transport\/\" class=\"_self cvplbd\" target=\"_self\" >Transport<\/a><\/h4>\n<div class=\"pt-cv-content\">Do dyspozycji naszych klient\u00f3w posiadamy vw transporter z miejscami 8+1 oraz baga\u017cnik na 4 ko\u0142a. Wi\u0119c mo\u017cemy Ci\u0119 gdzie\u015b zabra\u0107, ...<\/div><\/div><\/div><\/div><\/div><\/div>\t\t\t<style type=\"text\/css\" id=\"pt-cv-inline-style-4f21683wro\">#pt-cv-view-dfa2ec25vl.pt-cv-post-border { margin: 0; border-top-width: 1px; border-left-width: 1px }\n#pt-cv-view-dfa2ec25vl.pt-cv-post-border { margin: 0; border-top-style: solid; border-left-style: solid }\n#pt-cv-view-dfa2ec25vl.pt-cv-post-border .pt-cv-content-item   { border-right-width: 1px; border-bottom-width: 1px; border-right-style: solid; border-bottom-style: solid; }\n#pt-cv-view-dfa2ec25vl .pt-cv-title a, #pt-cv-view-dfa2ec25vl  .panel-title { font-weight: 600 !important; }\n#pt-cv-view-dfa2ec25vl .pt-cv-readmore  { color: #ffffff !important; background-color: #ba7f42 !important; }\n#pt-cv-view-dfa2ec25vl .pt-cv-readmore:hover  { color: #ffffff !important; background-color: #ba7f42 !important; }\n#pt-cv-view-dfa2ec25vl  + .pt-cv-pagination-wrapper .pt-cv-more , #pt-cv-view-dfa2ec25vl  + .pt-cv-pagination-wrapper .pagination .active a { color: #ffffff !important; background-color: #00aeef !important; }<\/style>\r\n\t\t\t\n<p><a href=\"https:\/\/www.cottage.cz\/pl\/do%C5%9Bwiadczenie\/\">Wi\u0119cej do\u015bwiadcze\u0144 tutaj.<\/a><\/p>\n","protected":false},"excerpt":{"rendered":"<p>wst\u0119pne badanie i diagnoza wed\u0142ug tradycyjnego chi\u0144skiego, \u0142\u0105czymy i oferujemy\u2026 Wi\u0119cej do\u015bwiadcze\u0144 tutaj.<\/p>\n","protected":false},"author":4,"featured_media":19034,"parent":0,"menu_order":0,"comment_status":"closed","ping_status":"closed","template":"","meta":{"_monsterinsights_skip_tracking":false,"_monsterinsights_sitenote_active":false,"_monsterinsights_sitenote_note":"","_monsterinsights_sitenote_category":0,"ngg_post_thumbnail":0,"footnotes":""},"class_list":["post-20795","page","type-page","status-publish","has-post-thumbnail","hentry"],"aioseo_notices":[],"_links":{"self":[{"href":"https:\/\/cottage.cz\/pl\/wp-json\/wp\/v2\/pages\/20795","targetHints":{"allow":["GET"]}}],"collection":[{"href":"https:\/\/cottage.cz\/pl\/wp-json\/wp\/v2\/pages"}],"about":[{"href":"https:\/\/cottage.cz\/pl\/wp-json\/wp\/v2\/types\/page"}],"author":[{"embeddable":true,"href":"https:\/\/cottage.cz\/pl\/wp-json\/wp\/v2\/users\/4"}],"replies":[{"embeddable":true,"href":"https:\/\/cottage.cz\/pl\/wp-json\/wp\/v2\/comments?post=20795"}],"version-history":[{"count":2,"href":"https:\/\/cottage.cz\/pl\/wp-json\/wp\/v2\/pages\/20795\/revisions"}],"predecessor-version":[{"id":20797,"href":"https:\/\/cottage.cz\/pl\/wp-json\/wp\/v2\/pages\/20795\/revisions\/20797"}],"wp:featuredmedia":[{"embeddable":true,"href":"https:\/\/cottage.cz\/pl\/wp-json\/wp\/v2\/media\/19034"}],"wp:attachment":[{"href":"https:\/\/cottage.cz\/pl\/wp-json\/wp\/v2\/media?parent=20795"}],"curies":[{"name":"wp","href":"https:\/\/api.w.org\/{rel}","templated":true}]}}