{"id":20788,"date":"2024-01-02T19:20:53","date_gmt":"2024-01-02T18:20:53","guid":{"rendered":"https:\/\/cottage.napokusy.cz\/?page_id=20788"},"modified":"2024-01-02T19:20:56","modified_gmt":"2024-01-02T18:20:56","slug":"webcam-krasna-lipa-luzyckich-gorach","status":"publish","type":"page","link":"https:\/\/cottage.cz\/pl\/webcam-krasna-lipa-luzyckich-gorach\/","title":{"rendered":"kamery"},"content":{"rendered":"<img decoding=\"async\" data-src=\"\/vivo\/fotka.jpg\" style=\"border: 1px solid black;\" alt=\"Pohled na Lu\u017eick\u00e9 Hory z Kr\u00e1sn\u00e9 L\u00edpy\" src=\"data:image\/svg+xml;base64,PHN2ZyB3aWR0aD0iMSIgaGVpZ2h0PSIxIiB4bWxucz0iaHR0cDovL3d3dy53My5vcmcvMjAwMC9zdmciPjwvc3ZnPg==\" class=\"lazyload\" \/>\n<p>Kamera znajduje si\u0119 na skale niedaleko Horka Krasna Lipa w wysoko\u015bci 480 m. z widokiem na pi\u0119kne Lipa G\u00f3ry \u0141u\u017cyckie i g\u00f3ra Jedlova. Zdj\u0119cia s\u0105 aktualizowane co minut\u0119.<\/p>\n","protected":false},"excerpt":{"rendered":"<p>Kamera znajduje si\u0119 na skale niedaleko Horka Krasna Lipa w wysoko\u015bci 480 m. z widokiem na pi\u0119kne Lipa G\u00f3ry \u0141u\u017cyckie i g\u00f3ra Jedlova. Zdj\u0119cia s\u0105 aktualizowane co minut\u0119.<\/p>\n","protected":false},"author":4,"featured_media":13826,"parent":0,"menu_order":0,"comment_status":"closed","ping_status":"closed","template":"","meta":{"_monsterinsights_skip_tracking":false,"_monsterinsights_sitenote_active":false,"_monsterinsights_sitenote_note":"","_monsterinsights_sitenote_category":0,"ngg_post_thumbnail":0,"footnotes":""},"class_list":["post-20788","page","type-page","status-publish","has-post-thumbnail","hentry"],"aioseo_notices":[],"_links":{"self":[{"href":"https:\/\/cottage.cz\/pl\/wp-json\/wp\/v2\/pages\/20788","targetHints":{"allow":["GET"]}}],"collection":[{"href":"https:\/\/cottage.cz\/pl\/wp-json\/wp\/v2\/pages"}],"about":[{"href":"https:\/\/cottage.cz\/pl\/wp-json\/wp\/v2\/types\/page"}],"author":[{"embeddable":true,"href":"https:\/\/cottage.cz\/pl\/wp-json\/wp\/v2\/users\/4"}],"replies":[{"embeddable":true,"href":"https:\/\/cottage.cz\/pl\/wp-json\/wp\/v2\/comments?post=20788"}],"version-history":[{"count":1,"href":"https:\/\/cottage.cz\/pl\/wp-json\/wp\/v2\/pages\/20788\/revisions"}],"predecessor-version":[{"id":20789,"href":"https:\/\/cottage.cz\/pl\/wp-json\/wp\/v2\/pages\/20788\/revisions\/20789"}],"wp:featuredmedia":[{"embeddable":true,"href":"https:\/\/cottage.cz\/pl\/wp-json\/wp\/v2\/media\/13826"}],"wp:attachment":[{"href":"https:\/\/cottage.cz\/pl\/wp-json\/wp\/v2\/media?parent=20788"}],"curies":[{"name":"wp","href":"https:\/\/api.w.org\/{rel}","templated":true}]}}