{"id":20782,"date":"2024-01-02T19:07:34","date_gmt":"2024-01-02T18:07:34","guid":{"rendered":"https:\/\/cottage.napokusy.cz\/?page_id=20782"},"modified":"2024-01-02T19:07:37","modified_gmt":"2024-01-02T18:07:37","slug":"vilemov","status":"publish","type":"page","link":"https:\/\/cottage.cz\/pl\/vilemov\/","title":{"rendered":"Vil\u00e9mov"},"content":{"rendered":"\n<figure class=\"wp-block-gallery has-nested-images columns-default is-cropped wp-block-gallery-1 is-layout-flex wp-block-gallery-is-layout-flex\">\n<figure class=\"wp-block-image size-large\"><img decoding=\"async\" width=\"811\" height=\"608\" data-id=\"7176\" data-src=\"https:\/\/www.cottage.cz\/wp-content\/uploads\/2020\/04\/vilemov.jpg\" alt=\"\" class=\"wp-image-7176 lazyload\" data-srcset=\"https:\/\/cottage.cz\/wp-content\/uploads\/2020\/04\/vilemov.jpg 811w, https:\/\/cottage.cz\/wp-content\/uploads\/2020\/04\/vilemov-300x225.jpg 300w, https:\/\/cottage.cz\/wp-content\/uploads\/2020\/04\/vilemov-768x576.jpg 768w\" data-sizes=\"(max-width: 811px) 100vw, 811px\" src=\"data:image\/svg+xml;base64,PHN2ZyB3aWR0aD0iMSIgaGVpZ2h0PSIxIiB4bWxucz0iaHR0cDovL3d3dy53My5vcmcvMjAwMC9zdmciPjwvc3ZnPg==\" style=\"--smush-placeholder-width: 811px; --smush-placeholder-aspect-ratio: 811\/608;\" \/><\/figure>\n\n\n\n<figure class=\"wp-block-image size-large\"><img decoding=\"async\" width=\"960\" height=\"720\" data-id=\"7177\" data-src=\"https:\/\/www.cottage.cz\/wp-content\/uploads\/2020\/04\/93827385_10222829216538549_5715738461722378240_n.jpg\" alt=\"\" class=\"wp-image-7177 lazyload\" data-srcset=\"https:\/\/cottage.cz\/wp-content\/uploads\/2020\/04\/93827385_10222829216538549_5715738461722378240_n.jpg 960w, https:\/\/cottage.cz\/wp-content\/uploads\/2020\/04\/93827385_10222829216538549_5715738461722378240_n-300x225.jpg 300w, https:\/\/cottage.cz\/wp-content\/uploads\/2020\/04\/93827385_10222829216538549_5715738461722378240_n-768x576.jpg 768w\" data-sizes=\"(max-width: 960px) 100vw, 960px\" src=\"data:image\/svg+xml;base64,PHN2ZyB3aWR0aD0iMSIgaGVpZ2h0PSIxIiB4bWxucz0iaHR0cDovL3d3dy53My5vcmcvMjAwMC9zdmciPjwvc3ZnPg==\" style=\"--smush-placeholder-width: 960px; --smush-placeholder-aspect-ratio: 960\/720;\" \/><\/figure>\n\n\n\n<figure class=\"wp-block-image size-large\"><img decoding=\"async\" width=\"960\" height=\"720\" data-id=\"7178\" data-src=\"https:\/\/www.cottage.cz\/wp-content\/uploads\/2020\/04\/93649417_10222829214938509_6293318581287387136_n.jpg\" alt=\"\" class=\"wp-image-7178 lazyload\" data-srcset=\"https:\/\/cottage.cz\/wp-content\/uploads\/2020\/04\/93649417_10222829214938509_6293318581287387136_n.jpg 960w, https:\/\/cottage.cz\/wp-content\/uploads\/2020\/04\/93649417_10222829214938509_6293318581287387136_n-300x225.jpg 300w, https:\/\/cottage.cz\/wp-content\/uploads\/2020\/04\/93649417_10222829214938509_6293318581287387136_n-768x576.jpg 768w\" data-sizes=\"(max-width: 960px) 100vw, 960px\" src=\"data:image\/svg+xml;base64,PHN2ZyB3aWR0aD0iMSIgaGVpZ2h0PSIxIiB4bWxucz0iaHR0cDovL3d3dy53My5vcmcvMjAwMC9zdmciPjwvc3ZnPg==\" style=\"--smush-placeholder-width: 960px; --smush-placeholder-aspect-ratio: 960\/720;\" \/><\/figure>\n\n\n\n<figure class=\"wp-block-image size-large\"><img decoding=\"async\" width=\"960\" height=\"720\" data-id=\"7179\" data-src=\"https:\/\/www.cottage.cz\/wp-content\/uploads\/2020\/04\/94568456_10222829214698503_2232446480596074496_n.jpg\" alt=\"\" class=\"wp-image-7179 lazyload\" data-srcset=\"https:\/\/cottage.cz\/wp-content\/uploads\/2020\/04\/94568456_10222829214698503_2232446480596074496_n.jpg 960w, https:\/\/cottage.cz\/wp-content\/uploads\/2020\/04\/94568456_10222829214698503_2232446480596074496_n-300x225.jpg 300w, https:\/\/cottage.cz\/wp-content\/uploads\/2020\/04\/94568456_10222829214698503_2232446480596074496_n-768x576.jpg 768w\" data-sizes=\"(max-width: 960px) 100vw, 960px\" src=\"data:image\/svg+xml;base64,PHN2ZyB3aWR0aD0iMSIgaGVpZ2h0PSIxIiB4bWxucz0iaHR0cDovL3d3dy53My5vcmcvMjAwMC9zdmciPjwvc3ZnPg==\" style=\"--smush-placeholder-width: 960px; --smush-placeholder-aspect-ratio: 960\/720;\" \/><\/figure>\n\n\n\n<figure class=\"wp-block-image size-large\"><img decoding=\"async\" width=\"720\" height=\"960\" data-id=\"7180\" data-src=\"https:\/\/www.cottage.cz\/wp-content\/uploads\/2020\/04\/93683551_10222829214338494_2582170162677415936_n.jpg\" alt=\"\" class=\"wp-image-7180 lazyload\" data-srcset=\"https:\/\/cottage.cz\/wp-content\/uploads\/2020\/04\/93683551_10222829214338494_2582170162677415936_n.jpg 720w, https:\/\/cottage.cz\/wp-content\/uploads\/2020\/04\/93683551_10222829214338494_2582170162677415936_n-225x300.jpg 225w\" data-sizes=\"(max-width: 720px) 100vw, 720px\" src=\"data:image\/svg+xml;base64,PHN2ZyB3aWR0aD0iMSIgaGVpZ2h0PSIxIiB4bWxucz0iaHR0cDovL3d3dy53My5vcmcvMjAwMC9zdmciPjwvc3ZnPg==\" style=\"--smush-placeholder-width: 720px; --smush-placeholder-aspect-ratio: 720\/960;\" \/><\/figure>\n\n\n\n<figure class=\"wp-block-image size-large\"><img decoding=\"async\" width=\"720\" height=\"960\" data-id=\"7181\" data-src=\"https:\/\/www.cottage.cz\/wp-content\/uploads\/2020\/04\/93831993_10222829214098488_6592805259268063232_n.jpg\" alt=\"\" class=\"wp-image-7181 lazyload\" data-srcset=\"https:\/\/cottage.cz\/wp-content\/uploads\/2020\/04\/93831993_10222829214098488_6592805259268063232_n.jpg 720w, https:\/\/cottage.cz\/wp-content\/uploads\/2020\/04\/93831993_10222829214098488_6592805259268063232_n-225x300.jpg 225w\" data-sizes=\"(max-width: 720px) 100vw, 720px\" src=\"data:image\/svg+xml;base64,PHN2ZyB3aWR0aD0iMSIgaGVpZ2h0PSIxIiB4bWxucz0iaHR0cDovL3d3dy53My5vcmcvMjAwMC9zdmciPjwvc3ZnPg==\" style=\"--smush-placeholder-width: 720px; --smush-placeholder-aspect-ratio: 720\/960;\" \/><\/figure>\n\n\n\n<figure class=\"wp-block-image size-large\"><img decoding=\"async\" width=\"720\" height=\"960\" data-id=\"7182\" data-src=\"https:\/\/www.cottage.cz\/wp-content\/uploads\/2020\/04\/93849872_10222829213698478_5496392411741421568_n.jpg\" alt=\"\" class=\"wp-image-7182 lazyload\" data-srcset=\"https:\/\/cottage.cz\/wp-content\/uploads\/2020\/04\/93849872_10222829213698478_5496392411741421568_n.jpg 720w, https:\/\/cottage.cz\/wp-content\/uploads\/2020\/04\/93849872_10222829213698478_5496392411741421568_n-225x300.jpg 225w\" data-sizes=\"(max-width: 720px) 100vw, 720px\" src=\"data:image\/svg+xml;base64,PHN2ZyB3aWR0aD0iMSIgaGVpZ2h0PSIxIiB4bWxucz0iaHR0cDovL3d3dy53My5vcmcvMjAwMC9zdmciPjwvc3ZnPg==\" style=\"--smush-placeholder-width: 720px; --smush-placeholder-aspect-ratio: 720\/960;\" \/><\/figure>\n<\/figure>\n\n\n\n<p>Vil\u00e9mov to ma\u0142e miasteczko u podn\u00f3\u017ca Szczuknova. Znajduje si\u0119 5 km od granicy z Niemcami.<\/p>\n\n\n\n<p>Wskaz\u00f3wka: kamienny wiadukt, kaplica, stadion pi\u0142karski<\/p>\n","protected":false},"excerpt":{"rendered":"<p>Vil\u00e9mov to ma\u0142e miasteczko u podn\u00f3\u017ca Szczuknova. Znajduje si\u0119 5 km od granicy z Niemcami. Wskaz\u00f3wka: kamienny wiadukt, kaplica, stadion pi\u0142karski<\/p>\n","protected":false},"author":4,"featured_media":15347,"parent":0,"menu_order":0,"comment_status":"closed","ping_status":"closed","template":"","meta":{"_monsterinsights_skip_tracking":false,"_monsterinsights_sitenote_active":false,"_monsterinsights_sitenote_note":"","_monsterinsights_sitenote_category":0,"ngg_post_thumbnail":0,"footnotes":""},"class_list":["post-20782","page","type-page","status-publish","has-post-thumbnail","hentry"],"aioseo_notices":[],"_links":{"self":[{"href":"https:\/\/cottage.cz\/pl\/wp-json\/wp\/v2\/pages\/20782","targetHints":{"allow":["GET"]}}],"collection":[{"href":"https:\/\/cottage.cz\/pl\/wp-json\/wp\/v2\/pages"}],"about":[{"href":"https:\/\/cottage.cz\/pl\/wp-json\/wp\/v2\/types\/page"}],"author":[{"embeddable":true,"href":"https:\/\/cottage.cz\/pl\/wp-json\/wp\/v2\/users\/4"}],"replies":[{"embeddable":true,"href":"https:\/\/cottage.cz\/pl\/wp-json\/wp\/v2\/comments?post=20782"}],"version-history":[{"count":1,"href":"https:\/\/cottage.cz\/pl\/wp-json\/wp\/v2\/pages\/20782\/revisions"}],"predecessor-version":[{"id":20783,"href":"https:\/\/cottage.cz\/pl\/wp-json\/wp\/v2\/pages\/20782\/revisions\/20783"}],"wp:featuredmedia":[{"embeddable":true,"href":"https:\/\/cottage.cz\/pl\/wp-json\/wp\/v2\/media\/15347"}],"wp:attachment":[{"href":"https:\/\/cottage.cz\/pl\/wp-json\/wp\/v2\/media?parent=20782"}],"curies":[{"name":"wp","href":"https:\/\/api.w.org\/{rel}","templated":true}]}}