{"id":20773,"date":"2024-01-02T18:47:17","date_gmt":"2024-01-02T17:47:17","guid":{"rendered":"https:\/\/cottage.napokusy.cz\/?page_id=20773"},"modified":"2025-05-23T08:45:30","modified_gmt":"2025-05-23T06:45:30","slug":"sniadanie","status":"publish","type":"page","link":"https:\/\/cottage.cz\/pl\/sniadanie\/","title":{"rendered":"Sniadanie"},"content":{"rendered":"<p style=\"text-align: center;\"><strong>Babcine \u015bniadanie kosze<\/strong><\/p>\n<p><strong>Cena:<\/strong> 600 CZK \/ zawodowiec 1-2 osoby, 1200 CZK za 3-4 osoby<\/p>\n<p><strong>Nasza babcia<\/strong>&nbsp;Nasza babcia. Nasza babcia&nbsp;<strong>Nasza babcia<\/strong>&nbsp;zawodowiec 1 kiedy 4 osoby.&nbsp;<strong>Surowce chcemy, je\u015bli to mo\u017cliwe, regionalnych i krajowych.<\/strong><\/p>\n<p>Pozosta\u0142a cz\u0119\u015b\u0107 jest przeznaczona na przek\u0105sk\u0119 podczas podr\u00f3\u017cy (koszyk pozostaje z tob\u0105 przez ca\u0142y dzie\u0144).<\/p>\n<p>Kosz \u015bniadaniowy przygotowujemy tylko dla naszych go\u015bci.&nbsp;<span id=\"tr_0\" class=\"tr_\" data-source=\"1\" data-orig=\"Um\u00edme vykouzlit p\u0159ekvapen\u00ed i pro vegetari\u00e1ny\">Potrafimy wyczarowa\u0107 niespodzianki nawet dla wegetarian<\/span>,&nbsp;<span id=\"tr_1\" class=\"tr_\" data-source=\"1\" data-orig=\"vegany\">weganie<\/span>,&nbsp;<span id=\"tr_2\" class=\"tr_\" data-source=\"1\" data-orig=\"alergiky\">alergie<\/span>\u2026<\/p>\n<p style=\"text-align: center;\"><strong>Zam\u00f3wi\u0107 \u015bniadanie przy rezerwacji<\/strong><\/p>\n<p>&nbsp;<\/p>\n\n\nngg_shortcode_0_placeholder\n\n\n\n<p>Dla grup przygotowujemy <strong>brunch <\/strong>\u015bniadaniowy. 300 czk \/osoby<\/p>\n\n\n\nngg_shortcode_1_placeholder\n","protected":false},"excerpt":{"rendered":"<p>Babcine \u015bniadanie kosze Cena: 600 CZK \/ zawodowiec 1-2 osoby, 1200 CZK za 3-4 osoby Nasza babcia&nbsp;Nasza babcia. Nasza babcia&nbsp;Nasza babcia&nbsp;zawodowiec 1 kiedy 4 osoby.&nbsp;Surowce chcemy, je\u015bli to mo\u017cliwe, regionalnych i krajowych. Pozosta\u0142a cz\u0119\u015b\u0107 jest przeznaczona na przek\u0105sk\u0119 podczas podr\u00f3\u017cy (koszyk pozostaje z tob\u0105 przez ca\u0142y dzie\u0144). Kosz \u015bniadaniowy przygotowujemy tylko dla naszych go\u015bci.&nbsp;Potrafimy wyczarowa\u0107 [&hellip;]<\/p>\n","protected":false},"author":4,"featured_media":26250,"parent":0,"menu_order":0,"comment_status":"closed","ping_status":"closed","template":"","meta":{"_monsterinsights_skip_tracking":false,"_monsterinsights_sitenote_active":false,"_monsterinsights_sitenote_note":"","_monsterinsights_sitenote_category":0,"ngg_post_thumbnail":0,"footnotes":""},"class_list":["post-20773","page","type-page","status-publish","has-post-thumbnail","hentry"],"aioseo_notices":[],"_links":{"self":[{"href":"https:\/\/cottage.cz\/pl\/wp-json\/wp\/v2\/pages\/20773","targetHints":{"allow":["GET"]}}],"collection":[{"href":"https:\/\/cottage.cz\/pl\/wp-json\/wp\/v2\/pages"}],"about":[{"href":"https:\/\/cottage.cz\/pl\/wp-json\/wp\/v2\/types\/page"}],"author":[{"embeddable":true,"href":"https:\/\/cottage.cz\/pl\/wp-json\/wp\/v2\/users\/4"}],"replies":[{"embeddable":true,"href":"https:\/\/cottage.cz\/pl\/wp-json\/wp\/v2\/comments?post=20773"}],"version-history":[{"count":4,"href":"https:\/\/cottage.cz\/pl\/wp-json\/wp\/v2\/pages\/20773\/revisions"}],"predecessor-version":[{"id":26307,"href":"https:\/\/cottage.cz\/pl\/wp-json\/wp\/v2\/pages\/20773\/revisions\/26307"}],"wp:featuredmedia":[{"embeddable":true,"href":"https:\/\/cottage.cz\/pl\/wp-json\/wp\/v2\/media\/26250"}],"wp:attachment":[{"href":"https:\/\/cottage.cz\/pl\/wp-json\/wp\/v2\/media?parent=20773"}],"curies":[{"name":"wp","href":"https:\/\/api.w.org\/{rel}","templated":true}]}}