{"id":20757,"date":"2024-01-02T18:27:39","date_gmt":"2024-01-02T17:27:39","guid":{"rendered":"https:\/\/cottage.napokusy.cz\/?page_id=20757"},"modified":"2025-06-23T16:26:06","modified_gmt":"2025-06-23T14:26:06","slug":"zywnosciowy","status":"publish","type":"page","link":"https:\/\/cottage.cz\/pl\/zywnosciowy\/","title":{"rendered":"\u017bywno\u015bciowy"},"content":{"rendered":"<p>W naszej ofercie znajdziesz <strong>babcine koszyczki \u015bniadaniowe<\/strong>, kt\u00f3re z mi\u0142o\u015bci\u0105 przygotuje dla Ciebie nasza prawdziwa Babcia.<br \/>\nZapewniamy <a href=\"https:\/\/cottage.cz\/pl\/fest\/\">catering wegetaria\u0144ski<\/a> na imprezy grupowe.<\/p>\n<p style=\"text-align: center;\"><a href=\"https:\/\/cottage.cz\/pl\/sniadanie\/\">Babcine kosze \u015bniadaniowe<\/a><\/p>\n<p><strong>Cena<\/strong>: 600-1200 CZK\/koszyk<\/p>\n<p>Nasza babcia z mi\u0142o\u015bci\u0105 przygotuje dla Ciebie wspania\u0142e \u015bniadanie. Kosz \u015bniadaniowy znajdziesz codziennie rano przed drzwiami swojego mieszkania, dzi\u0119ki czemu mo\u017cesz zje\u015b\u0107 \u015bniadanie o ka\u017cdej porze. Gor\u0105ce warianty znajduj\u0105 si\u0119 w pojemnikach termicznych. Wszystko jest \u015bwie\u017ce, surowce dobieramy wed\u0142ug mo\u017cliwo\u015bci regionalnych i gospodarstw. Ka\u017cdy koszyk (mniejszy-wi\u0119kszy) to pyszne \u015bniadanie dla 2-4 os\u00f3b.<\/p>\n<p><strong>Sk\u0142ad koszyka jest niespodziank\u0105<\/strong>. Mo\u017cliwa wersja wegetaria\u0144ska. Mo\u017cna w nim znale\u017a\u0107 najr\u00f3\u017cniejsze pyszno\u015bci: domowy deser (bu\u0142ki lub ciasto, ciasto, piernik&#8230;), \u015bwie\u017ce wypieki z lokalnej piekarni<br \/>\nsery, szynka, domowe jajka na r\u00f3\u017cne sposoby, mas\u0142o zagrodowe, d\u017cemy, domowe smarowid\u0142a,<br \/>\nszklanka musli (p\u0142atki owsiane lub inne, twaro\u017cek, owoce), owsianka, owoce sezonowe, miska na orzechy i nasiona<\/p>\n<p style=\"text-align: center;\"><strong>\u015aniadanie zamawia si\u0119 w momencie rezerwacji.<\/strong><\/p>\n<p>Mamy r\u00f3wnie\u017c bar <a href=\"_wp_link_placeholder\" data-wplink-edit=\"true\">samoobs\u0142ugowy<\/a>.<\/p>\n<p>&nbsp;<\/p>\nngg_shortcode_0_placeholder\n","protected":false},"excerpt":{"rendered":"<p>W naszej ofercie znajdziesz babcine koszyczki \u015bniadaniowe, kt\u00f3re z mi\u0142o\u015bci\u0105 przygotuje dla Ciebie nasza prawdziwa Babcia. Zapewniamy catering wegetaria\u0144ski na imprezy grupowe. Babcine kosze \u015bniadaniowe Cena: 600-1200 CZK\/koszyk Nasza babcia z mi\u0142o\u015bci\u0105 przygotuje dla Ciebie wspania\u0142e \u015bniadanie. Kosz \u015bniadaniowy znajdziesz codziennie rano przed drzwiami swojego mieszkania, dzi\u0119ki czemu mo\u017cesz zje\u015b\u0107 \u015bniadanie o ka\u017cdej porze. Gor\u0105ce [&hellip;]<\/p>\n","protected":false},"author":4,"featured_media":26286,"parent":0,"menu_order":0,"comment_status":"closed","ping_status":"closed","template":"","meta":{"_monsterinsights_skip_tracking":false,"_monsterinsights_sitenote_active":false,"_monsterinsights_sitenote_note":"","_monsterinsights_sitenote_category":0,"ngg_post_thumbnail":0,"footnotes":""},"class_list":["post-20757","page","type-page","status-publish","has-post-thumbnail","hentry"],"aioseo_notices":[],"_links":{"self":[{"href":"https:\/\/cottage.cz\/pl\/wp-json\/wp\/v2\/pages\/20757","targetHints":{"allow":["GET"]}}],"collection":[{"href":"https:\/\/cottage.cz\/pl\/wp-json\/wp\/v2\/pages"}],"about":[{"href":"https:\/\/cottage.cz\/pl\/wp-json\/wp\/v2\/types\/page"}],"author":[{"embeddable":true,"href":"https:\/\/cottage.cz\/pl\/wp-json\/wp\/v2\/users\/4"}],"replies":[{"embeddable":true,"href":"https:\/\/cottage.cz\/pl\/wp-json\/wp\/v2\/comments?post=20757"}],"version-history":[{"count":6,"href":"https:\/\/cottage.cz\/pl\/wp-json\/wp\/v2\/pages\/20757\/revisions"}],"predecessor-version":[{"id":27223,"href":"https:\/\/cottage.cz\/pl\/wp-json\/wp\/v2\/pages\/20757\/revisions\/27223"}],"wp:featuredmedia":[{"embeddable":true,"href":"https:\/\/cottage.cz\/pl\/wp-json\/wp\/v2\/media\/26286"}],"wp:attachment":[{"href":"https:\/\/cottage.cz\/pl\/wp-json\/wp\/v2\/media?parent=20757"}],"curies":[{"name":"wp","href":"https:\/\/api.w.org\/{rel}","templated":true}]}}