{"id":20751,"date":"2024-01-02T18:15:03","date_gmt":"2024-01-02T17:15:03","guid":{"rendered":"https:\/\/cottage.napokusy.cz\/?page_id=20751"},"modified":"2024-01-02T18:15:06","modified_gmt":"2024-01-02T17:15:06","slug":"waskie-schody","status":"publish","type":"page","link":"https:\/\/cottage.cz\/pl\/waskie-schody\/","title":{"rendered":"w\u0105skie schody"},"content":{"rendered":"\n<figure class=\"wp-block-gallery has-nested-images columns-default is-cropped wp-block-gallery-1 is-layout-flex wp-block-gallery-is-layout-flex\">\n<figure class=\"wp-block-image size-large\"><img decoding=\"async\" width=\"768\" height=\"1024\" data-id=\"6965\" data-src=\"https:\/\/www.cottage.cz\/wp-content\/uploads\/2020\/03\/IMG_20200315_104946-768x1024.jpg\" alt=\"\" class=\"wp-image-6965 lazyload\" data-srcset=\"https:\/\/cottage.cz\/wp-content\/uploads\/2020\/03\/IMG_20200315_104946-768x1024.jpg 768w, https:\/\/cottage.cz\/wp-content\/uploads\/2020\/03\/IMG_20200315_104946-225x300.jpg 225w, https:\/\/cottage.cz\/wp-content\/uploads\/2020\/03\/IMG_20200315_104946-1152x1536.jpg 1152w, https:\/\/cottage.cz\/wp-content\/uploads\/2020\/03\/IMG_20200315_104946-1536x2048.jpg 1536w, https:\/\/cottage.cz\/wp-content\/uploads\/2020\/03\/IMG_20200315_104946-scaled.jpg 1920w\" data-sizes=\"(max-width: 768px) 100vw, 768px\" src=\"data:image\/svg+xml;base64,PHN2ZyB3aWR0aD0iMSIgaGVpZ2h0PSIxIiB4bWxucz0iaHR0cDovL3d3dy53My5vcmcvMjAwMC9zdmciPjwvc3ZnPg==\" style=\"--smush-placeholder-width: 768px; --smush-placeholder-aspect-ratio: 768\/1024;\" \/><figcaption class=\"wp-element-caption\">ponad \u017c\u00f3\u0142ty<\/figcaption><\/figure>\n\n\n\n<figure class=\"wp-block-image size-large\"><img decoding=\"async\" width=\"1024\" height=\"768\" data-id=\"6966\" data-src=\"https:\/\/www.cottage.cz\/wp-content\/uploads\/2020\/03\/IMG_20200315_104304-1024x768.jpg\" alt=\"\" class=\"wp-image-6966 lazyload\" data-srcset=\"https:\/\/cottage.cz\/wp-content\/uploads\/2020\/03\/IMG_20200315_104304-1024x768.jpg 1024w, https:\/\/cottage.cz\/wp-content\/uploads\/2020\/03\/IMG_20200315_104304-300x225.jpg 300w, https:\/\/cottage.cz\/wp-content\/uploads\/2020\/03\/IMG_20200315_104304-768x576.jpg 768w, https:\/\/cottage.cz\/wp-content\/uploads\/2020\/03\/IMG_20200315_104304-1536x1152.jpg 1536w, https:\/\/cottage.cz\/wp-content\/uploads\/2020\/03\/IMG_20200315_104304-2048x1536.jpg 2048w\" data-sizes=\"(max-width: 1024px) 100vw, 1024px\" src=\"data:image\/svg+xml;base64,PHN2ZyB3aWR0aD0iMSIgaGVpZ2h0PSIxIiB4bWxucz0iaHR0cDovL3d3dy53My5vcmcvMjAwMC9zdmciPjwvc3ZnPg==\" style=\"--smush-placeholder-width: 1024px; --smush-placeholder-aspect-ratio: 1024\/768;\" \/><figcaption class=\"wp-element-caption\">nad w\u0105skimi schodami<\/figcaption><\/figure>\n\n\n\n<figure class=\"wp-block-image size-large\"><img decoding=\"async\" width=\"768\" height=\"1024\" data-id=\"6967\" data-src=\"https:\/\/www.cottage.cz\/wp-content\/uploads\/2020\/03\/IMG_20200315_103912-768x1024.jpg\" alt=\"\" class=\"wp-image-6967 lazyload\" data-srcset=\"https:\/\/cottage.cz\/wp-content\/uploads\/2020\/03\/IMG_20200315_103912-768x1024.jpg 768w, https:\/\/cottage.cz\/wp-content\/uploads\/2020\/03\/IMG_20200315_103912-225x300.jpg 225w, https:\/\/cottage.cz\/wp-content\/uploads\/2020\/03\/IMG_20200315_103912-1152x1536.jpg 1152w, https:\/\/cottage.cz\/wp-content\/uploads\/2020\/03\/IMG_20200315_103912-1536x2048.jpg 1536w, https:\/\/cottage.cz\/wp-content\/uploads\/2020\/03\/IMG_20200315_103912-scaled.jpg 1920w\" data-sizes=\"(max-width: 768px) 100vw, 768px\" src=\"data:image\/svg+xml;base64,PHN2ZyB3aWR0aD0iMSIgaGVpZ2h0PSIxIiB4bWxucz0iaHR0cDovL3d3dy53My5vcmcvMjAwMC9zdmciPjwvc3ZnPg==\" style=\"--smush-placeholder-width: 768px; --smush-placeholder-aspect-ratio: 768\/1024;\" \/><figcaption class=\"wp-element-caption\">w\u0105skie schody<\/figcaption><\/figure>\n\n\n\n<figure class=\"wp-block-image size-large\"><img decoding=\"async\" width=\"768\" height=\"1024\" data-id=\"6968\" data-src=\"https:\/\/www.cottage.cz\/wp-content\/uploads\/2020\/03\/IMG_20200315_103118-768x1024.jpg\" alt=\"\" class=\"wp-image-6968 lazyload\" data-srcset=\"https:\/\/cottage.cz\/wp-content\/uploads\/2020\/03\/IMG_20200315_103118-768x1024.jpg 768w, https:\/\/cottage.cz\/wp-content\/uploads\/2020\/03\/IMG_20200315_103118-225x300.jpg 225w, https:\/\/cottage.cz\/wp-content\/uploads\/2020\/03\/IMG_20200315_103118-1152x1536.jpg 1152w, https:\/\/cottage.cz\/wp-content\/uploads\/2020\/03\/IMG_20200315_103118-1536x2048.jpg 1536w, https:\/\/cottage.cz\/wp-content\/uploads\/2020\/03\/IMG_20200315_103118-scaled.jpg 1920w\" data-sizes=\"(max-width: 768px) 100vw, 768px\" src=\"data:image\/svg+xml;base64,PHN2ZyB3aWR0aD0iMSIgaGVpZ2h0PSIxIiB4bWxucz0iaHR0cDovL3d3dy53My5vcmcvMjAwMC9zdmciPjwvc3ZnPg==\" style=\"--smush-placeholder-width: 768px; --smush-placeholder-aspect-ratio: 768\/1024;\" \/><figcaption class=\"wp-element-caption\">pod w\u0105skimi schodami<\/figcaption><\/figure>\n<\/figure>\n\n\n\n<p>Przej\u015bciowa formacja skalna z piaskowca mi\u0119dzy wsi\u0105 Doubice a domkiem my\u015bliwskim Na Tok\u00e1n\u00ed. Dost\u0119pny \u017c\u00f3\u0142tym szlakiem. Wymagaj\u0105cych przej\u015bcie pomi\u0119dzy wok\u00f3\u0142 masywu skalnego 50 metr\u00f3w wynurzania.<\/p>\n","protected":false},"excerpt":{"rendered":"<p>Przej\u015bciowa formacja skalna z piaskowca mi\u0119dzy wsi\u0105 Doubice a domkiem my\u015bliwskim Na Tok\u00e1n\u00ed. Dost\u0119pny \u017c\u00f3\u0142tym szlakiem. Wymagaj\u0105cych przej\u015bcie pomi\u0119dzy wok\u00f3\u0142 masywu skalnego 50 metr\u00f3w wynurzania.<\/p>\n","protected":false},"author":4,"featured_media":15119,"parent":0,"menu_order":0,"comment_status":"closed","ping_status":"closed","template":"","meta":{"_monsterinsights_skip_tracking":false,"_monsterinsights_sitenote_active":false,"_monsterinsights_sitenote_note":"","_monsterinsights_sitenote_category":0,"ngg_post_thumbnail":0,"footnotes":""},"class_list":["post-20751","page","type-page","status-publish","has-post-thumbnail","hentry"],"aioseo_notices":[],"_links":{"self":[{"href":"https:\/\/cottage.cz\/pl\/wp-json\/wp\/v2\/pages\/20751","targetHints":{"allow":["GET"]}}],"collection":[{"href":"https:\/\/cottage.cz\/pl\/wp-json\/wp\/v2\/pages"}],"about":[{"href":"https:\/\/cottage.cz\/pl\/wp-json\/wp\/v2\/types\/page"}],"author":[{"embeddable":true,"href":"https:\/\/cottage.cz\/pl\/wp-json\/wp\/v2\/users\/4"}],"replies":[{"embeddable":true,"href":"https:\/\/cottage.cz\/pl\/wp-json\/wp\/v2\/comments?post=20751"}],"version-history":[{"count":1,"href":"https:\/\/cottage.cz\/pl\/wp-json\/wp\/v2\/pages\/20751\/revisions"}],"predecessor-version":[{"id":20752,"href":"https:\/\/cottage.cz\/pl\/wp-json\/wp\/v2\/pages\/20751\/revisions\/20752"}],"wp:featuredmedia":[{"embeddable":true,"href":"https:\/\/cottage.cz\/pl\/wp-json\/wp\/v2\/media\/15119"}],"wp:attachment":[{"href":"https:\/\/cottage.cz\/pl\/wp-json\/wp\/v2\/media?parent=20751"}],"curies":[{"name":"wp","href":"https:\/\/api.w.org\/{rel}","templated":true}]}}