{"id":20737,"date":"2024-01-02T17:50:31","date_gmt":"2024-01-02T16:50:31","guid":{"rendered":"https:\/\/cottage.napokusy.cz\/?page_id=20737"},"modified":"2025-06-03T09:30:38","modified_gmt":"2025-06-03T07:30:38","slug":"taras","status":"publish","type":"page","link":"https:\/\/cottage.cz\/pl\/taras\/","title":{"rendered":"Taras"},"content":{"rendered":"\n<p>W tle naszego tarasu znajduje si\u0119 cicha cz\u0119\u015b\u0107 wypoczynkowa z widokiem na <a href=\"https:\/\/cottage.cz\/pl\/staw-kapielowy\/\" title=\"Staw k\u0105pielowy\">jezioro<\/a>, ogr\u00f3d i las. Jest dost\u0119pny\u00a0<strong>w\u0142a\u015bciwy grill\u00a0<\/strong>ze staliwa czeskiego producenta\u00a0<a href=\"https:\/\/www.facebook.com\/kovarstvi.divis\/?__tn__=K-R&amp;eid=ARCdB5OFTb2N4Aqg7TZLwXCfOfqr6QepPMLZUxBACBoxLxOVhq092FASBW9Un62Zsi9Z1wZU_GFnUWdh&amp;fref=mentions&amp;__xts__%5B0%5D=68.ARCaVKhaktH3AqyoBv0I9cG4AWJfOhY9vinpiyi94qp2ISOdjpNddgyDAcQe8hOne_V_KXstWg540QmZjoHMB5tanYz8CfFSca0Yd-_2Inucv-plU5FUCakpd0YkoZ47jYoiQGy9Fr1pZ3nhCCNWB2zT3sd84I0F9sfZonKYoyn4EbPMGCf6n2vNR4aQcMx7bzityXZt-qN_DBZCi_hDO_VOpjNWYIOI_XKGqNwWB2bhm7IJlP5Bro27y9YYeQyQDNsvC0Z1mzyExQrDzA4SyawBB4xbtmRPDEpS7qwjJjB1rIOahBALpFpZHAjhaMjmHDP7XDEifwZ0zj2FRxIdwFoSyA\">Kov\u00e1\u0159stv\u00ed Divi\u0161<\/a>! Ju\u017c to przetestowali\u015bmy i uwierz nam, jeste\u015bmy podekscytowani. Pozwala na przygotowanie du\u017cej ilo\u015bci jedzenia (na przyk\u0142ad \u015bwie\u017cy pstr\u0105g z <a href=\"https:\/\/www.facebook.com\/rybafischeu\/?__tn__=K-R&amp;eid=ARDvlTdyKqG02fe0wXVLQc8lQ2EPshtwwiXQSYCAhjhXyoHSIW2O4b0-D3zIMGkISdn1aM_xlDTdL1Gp&amp;fref=mentions&amp;__xts__%5B0%5D=68.ARCaVKhaktH3AqyoBv0I9cG4AWJfOhY9vinpiyi94qp2ISOdjpNddgyDAcQe8hOne_V_KXstWg540QmZjoHMB5tanYz8CfFSca0Yd-_2Inucv-plU5FUCakpd0YkoZ47jYoiQGy9Fr1pZ3nhCCNWB2zT3sd84I0F9sfZonKYoyn4EbPMGCf6n2vNR4aQcMx7bzityXZt-qN_DBZCi_hDO_VOpjNWYIOI_XKGqNwWB2bhm7IJlP5Bro27y9YYeQyQDNsvC0Z1mzyExQrDzA4SyawBB4xbtmRPDEpS7qwjJjB1rIOahBALpFpZHAjhaMjmHDP7XDEifwZ0zj2FRxIdwFoSyA\">Rybo\u0142\u00f3wstwo \u2013 W\u0119dkarstwo<\/a>). Mo\u017cesz miesza\u0107 oba smaki wybieraj\u0105c morawskie wino z Vina\u0159stv\u00ed Sp\u011bv\u00e1k z Doln\u00ed B\u00edlovice. Nie musisz po nic biega\u0107 do lod\u00f3wki, tu\u017c obok jest zimno\u00a0<strong>piwnica<\/strong>\u00a0z menu win. Jest wystarczaj\u0105co du\u017co miejsca do gotowania, w tym wody i pr\u0105du. Jedzenie to prze\u017cycie?<\/p>\n\n\n\nngg_shortcode_0_placeholder\n\n\n\n<p>Do dyspozycji dwa du\u017ce drewniane sto\u0142y z \u0142awkami o pojemno\u015bci 17 ludzie lub bar przy grillu.<\/p>\n","protected":false},"excerpt":{"rendered":"<p>W tle naszego tarasu znajduje si\u0119 cicha cz\u0119\u015b\u0107 wypoczynkowa z widokiem na jezioro, ogr\u00f3d i las. Jest dost\u0119pny\u00a0w\u0142a\u015bciwy grill\u00a0ze staliwa czeskiego producenta\u00a0Kov\u00e1\u0159stv\u00ed Divi\u0161! Ju\u017c to przetestowali\u015bmy i uwierz nam, jeste\u015bmy podekscytowani. Pozwala na przygotowanie du\u017cej ilo\u015bci jedzenia (na przyk\u0142ad \u015bwie\u017cy pstr\u0105g z Rybo\u0142\u00f3wstwo \u2013 W\u0119dkarstwo). Mo\u017cesz miesza\u0107 oba smaki wybieraj\u0105c morawskie wino z Vina\u0159stv\u00ed Sp\u011bv\u00e1k [&hellip;]<\/p>\n","protected":false},"author":4,"featured_media":23162,"parent":0,"menu_order":0,"comment_status":"closed","ping_status":"closed","template":"","meta":{"_monsterinsights_skip_tracking":false,"_monsterinsights_sitenote_active":false,"_monsterinsights_sitenote_note":"","_monsterinsights_sitenote_category":0,"ngg_post_thumbnail":0,"footnotes":""},"class_list":["post-20737","page","type-page","status-publish","has-post-thumbnail","hentry"],"aioseo_notices":[],"_links":{"self":[{"href":"https:\/\/cottage.cz\/pl\/wp-json\/wp\/v2\/pages\/20737","targetHints":{"allow":["GET"]}}],"collection":[{"href":"https:\/\/cottage.cz\/pl\/wp-json\/wp\/v2\/pages"}],"about":[{"href":"https:\/\/cottage.cz\/pl\/wp-json\/wp\/v2\/types\/page"}],"author":[{"embeddable":true,"href":"https:\/\/cottage.cz\/pl\/wp-json\/wp\/v2\/users\/4"}],"replies":[{"embeddable":true,"href":"https:\/\/cottage.cz\/pl\/wp-json\/wp\/v2\/comments?post=20737"}],"version-history":[{"count":2,"href":"https:\/\/cottage.cz\/pl\/wp-json\/wp\/v2\/pages\/20737\/revisions"}],"predecessor-version":[{"id":26790,"href":"https:\/\/cottage.cz\/pl\/wp-json\/wp\/v2\/pages\/20737\/revisions\/26790"}],"wp:featuredmedia":[{"embeddable":true,"href":"https:\/\/cottage.cz\/pl\/wp-json\/wp\/v2\/media\/23162"}],"wp:attachment":[{"href":"https:\/\/cottage.cz\/pl\/wp-json\/wp\/v2\/media?parent=20737"}],"curies":[{"name":"wp","href":"https:\/\/api.w.org\/{rel}","templated":true}]}}