{"id":20722,"date":"2024-01-02T16:58:09","date_gmt":"2024-01-02T15:58:09","guid":{"rendered":"https:\/\/cottage.napokusy.cz\/?page_id=20722"},"modified":"2024-01-02T16:58:11","modified_gmt":"2024-01-02T15:58:11","slug":"jacuzzi","status":"publish","type":"page","link":"https:\/\/cottage.cz\/pl\/jacuzzi\/","title":{"rendered":"Jacuzzi"},"content":{"rendered":"\n<p>Jacuzzi (jacuzzi) a\u017c do 4 ludzie oferuj\u0105 dysze powietrzne i dysze do hydromasa\u017cu. U\u017cytek prywatny 1000 CZK \u0142\u0105cznie z du\u017c\u0105 stref\u0105 relaksu w naszym&nbsp;<a href=\"https:\/\/www.cottage.cz\/pl\/naturalny-wellness\/\">wellness<\/a>. Temperatura wody 35-37C.<\/p>\n\n\n\n<p>Ciesz si\u0119 spokojem i relaksem.<br><em>(do u\u017cytku tylko przez go\u015bci Bohemian Cottage)<\/em><\/p>\n\n\n\n<div class=\"wp-block-group\"><div class=\"wp-block-group__inner-container is-layout-flow wp-block-group-is-layout-flow\">\n<figure class=\"wp-block-gallery has-nested-images columns-default is-cropped wp-block-gallery-1 is-layout-flex wp-block-gallery-is-layout-flex\">\n<figure class=\"wp-block-image size-large\"><img decoding=\"async\" width=\"1024\" height=\"683\" data-id=\"6864\" data-src=\"https:\/\/www.cottage.cz\/wp-content\/uploads\/2020\/02\/02a-1024x683.jpg\" alt=\"Jacuzzi\" class=\"wp-image-6864 lazyload\" data-srcset=\"https:\/\/cottage.cz\/wp-content\/uploads\/2020\/02\/02a-1024x683.jpg 1024w, https:\/\/cottage.cz\/wp-content\/uploads\/2020\/02\/02a-300x200.jpg 300w, https:\/\/cottage.cz\/wp-content\/uploads\/2020\/02\/02a-768x512.jpg 768w, https:\/\/cottage.cz\/wp-content\/uploads\/2020\/02\/02a-1536x1024.jpg 1536w, https:\/\/cottage.cz\/wp-content\/uploads\/2020\/02\/02a-2048x1365.jpg 2048w\" data-sizes=\"(max-width: 1024px) 100vw, 1024px\" src=\"data:image\/svg+xml;base64,PHN2ZyB3aWR0aD0iMSIgaGVpZ2h0PSIxIiB4bWxucz0iaHR0cDovL3d3dy53My5vcmcvMjAwMC9zdmciPjwvc3ZnPg==\" style=\"--smush-placeholder-width: 1024px; --smush-placeholder-aspect-ratio: 1024\/683;\" \/><figcaption class=\"wp-element-caption\">Jacuzzi<\/figcaption><\/figure>\n\n\n\n<figure class=\"wp-block-image size-large\"><img decoding=\"async\" width=\"1024\" height=\"683\" data-id=\"6863\" data-src=\"https:\/\/www.cottage.cz\/wp-content\/uploads\/2020\/02\/01a-1024x683.jpg\" alt=\"\" class=\"wp-image-6863 lazyload\" data-srcset=\"https:\/\/cottage.cz\/wp-content\/uploads\/2020\/02\/01a-1024x683.jpg 1024w, https:\/\/cottage.cz\/wp-content\/uploads\/2020\/02\/01a-300x200.jpg 300w, https:\/\/cottage.cz\/wp-content\/uploads\/2020\/02\/01a-768x512.jpg 768w, https:\/\/cottage.cz\/wp-content\/uploads\/2020\/02\/01a-1536x1024.jpg 1536w, https:\/\/cottage.cz\/wp-content\/uploads\/2020\/02\/01a-2048x1365.jpg 2048w\" data-sizes=\"(max-width: 1024px) 100vw, 1024px\" src=\"data:image\/svg+xml;base64,PHN2ZyB3aWR0aD0iMSIgaGVpZ2h0PSIxIiB4bWxucz0iaHR0cDovL3d3dy53My5vcmcvMjAwMC9zdmciPjwvc3ZnPg==\" style=\"--smush-placeholder-width: 1024px; --smush-placeholder-aspect-ratio: 1024\/683;\" \/><figcaption class=\"wp-element-caption\">Projekt<\/figcaption><\/figure>\n\n\n\n<figure class=\"wp-block-image size-large\"><img decoding=\"async\" width=\"1024\" height=\"768\" data-id=\"6869\" data-src=\"https:\/\/www.cottage.cz\/wp-content\/uploads\/2020\/02\/4A0CFA24-095B-40A6-8F13-1B04F80D53AF-1024x768.jpeg\" alt=\"\" class=\"wp-image-6869 lazyload\" data-srcset=\"https:\/\/cottage.cz\/wp-content\/uploads\/2020\/02\/4A0CFA24-095B-40A6-8F13-1B04F80D53AF-1024x768.jpeg 1024w, https:\/\/cottage.cz\/wp-content\/uploads\/2020\/02\/4A0CFA24-095B-40A6-8F13-1B04F80D53AF-300x225.jpeg 300w, https:\/\/cottage.cz\/wp-content\/uploads\/2020\/02\/4A0CFA24-095B-40A6-8F13-1B04F80D53AF-768x576.jpeg 768w, https:\/\/cottage.cz\/wp-content\/uploads\/2020\/02\/4A0CFA24-095B-40A6-8F13-1B04F80D53AF-1536x1152.jpeg 1536w, https:\/\/cottage.cz\/wp-content\/uploads\/2020\/02\/4A0CFA24-095B-40A6-8F13-1B04F80D53AF-2048x1536.jpeg 2048w\" data-sizes=\"(max-width: 1024px) 100vw, 1024px\" src=\"data:image\/svg+xml;base64,PHN2ZyB3aWR0aD0iMSIgaGVpZ2h0PSIxIiB4bWxucz0iaHR0cDovL3d3dy53My5vcmcvMjAwMC9zdmciPjwvc3ZnPg==\" style=\"--smush-placeholder-width: 1024px; --smush-placeholder-aspect-ratio: 1024\/768;\" \/><figcaption class=\"wp-element-caption\">Strefa wellness<\/figcaption><\/figure>\n<\/figure>\n<\/div><\/div>\n","protected":false},"excerpt":{"rendered":"<p>Jacuzzi (jacuzzi) a\u017c do 4 ludzie oferuj\u0105 dysze powietrzne i dysze do hydromasa\u017cu. U\u017cytek prywatny 1000 CZK \u0142\u0105cznie z du\u017c\u0105 stref\u0105 relaksu w naszym&nbsp;wellness. Temperatura wody 35-37C. Ciesz si\u0119 spokojem i relaksem.(do u\u017cytku tylko przez go\u015bci Bohemian Cottage)<\/p>\n","protected":false},"author":4,"featured_media":15059,"parent":0,"menu_order":0,"comment_status":"closed","ping_status":"closed","template":"","meta":{"_monsterinsights_skip_tracking":false,"_monsterinsights_sitenote_active":false,"_monsterinsights_sitenote_note":"","_monsterinsights_sitenote_category":0,"ngg_post_thumbnail":0,"footnotes":""},"class_list":["post-20722","page","type-page","status-publish","has-post-thumbnail","hentry"],"aioseo_notices":[],"_links":{"self":[{"href":"https:\/\/cottage.cz\/pl\/wp-json\/wp\/v2\/pages\/20722","targetHints":{"allow":["GET"]}}],"collection":[{"href":"https:\/\/cottage.cz\/pl\/wp-json\/wp\/v2\/pages"}],"about":[{"href":"https:\/\/cottage.cz\/pl\/wp-json\/wp\/v2\/types\/page"}],"author":[{"embeddable":true,"href":"https:\/\/cottage.cz\/pl\/wp-json\/wp\/v2\/users\/4"}],"replies":[{"embeddable":true,"href":"https:\/\/cottage.cz\/pl\/wp-json\/wp\/v2\/comments?post=20722"}],"version-history":[{"count":1,"href":"https:\/\/cottage.cz\/pl\/wp-json\/wp\/v2\/pages\/20722\/revisions"}],"predecessor-version":[{"id":20723,"href":"https:\/\/cottage.cz\/pl\/wp-json\/wp\/v2\/pages\/20722\/revisions\/20723"}],"wp:featuredmedia":[{"embeddable":true,"href":"https:\/\/cottage.cz\/pl\/wp-json\/wp\/v2\/media\/15059"}],"wp:attachment":[{"href":"https:\/\/cottage.cz\/pl\/wp-json\/wp\/v2\/media?parent=20722"}],"curies":[{"name":"wp","href":"https:\/\/api.w.org\/{rel}","templated":true}]}}