{"id":20691,"date":"2024-01-02T15:56:26","date_gmt":"2024-01-02T14:56:26","guid":{"rendered":"https:\/\/cottage.napokusy.cz\/?page_id=20691"},"modified":"2024-12-22T17:09:17","modified_gmt":"2024-12-22T16:09:17","slug":"wycieczka-do-brtnicke-icefalls","status":"publish","type":"page","link":"https:\/\/cottage.cz\/pl\/wycieczka-do-brtnicke-icefalls\/","title":{"rendered":"Wycieczka do Brtnick\u00e9 icefalls"},"content":{"rendered":"<p>Wycieczka do Brtnick\u00fdm ledop\u00e1d\u016fm rozpocz\u0105\u0107 we wsi\u00a0<a title=\"wie\u015b Brtn\u00edky\" href=\"\/pl\/brtnik\/\">Brtn\u00edky<\/a>\u00a0(8 km od sevoroz\u00e1padn\u011b\u00a0<a href=\"https:\/\/www.cottage.cz\/pl\/krasna-lipa\/\">Krasna Lipa<\/a>). Mo\u017cna zaparkowa\u0107 samoch\u00f3d za darmo na placu Brtn\u00edky. Je\u015bli spacer wzd\u0142u\u017c zielonego szlaku turystycznym do pa\u0142acyku my\u015bliwskiego \u0160ternberk lub w pobli\u017cu zjazdu do miejscowo\u015bci Kopec (jest bli\u017cej ledop\u00e1d\u016fm na \u0160ternberku i dla rodzin z dzie\u0107mi jest droga do \u0160ternberku przyjemny nawet zim\u0105). Od ju\u017c istniej\u0105cego zamku \u0160ternberk idziesz dalej w d\u00f3\u0142 do zielonego\u00a0<a href=\"\/pl\/park-narodowy-czeska-szwajcaria\/\">NP Czeska Szwajcaria<\/a>\u00a0(kiedy du\u017co \u015bniegu, w\u00f3zek z karnetem, bardzo ci\u0119\u017cko) i po oko\u0142o 700 metrach w miesi\u0105cach zimowych pojawia informacje lewo strza\u0142k\u0119 ledop\u00e1d\u016fm (R\u00f3wnie\u017c niedawno podpisana \u2013 niebieski szlak). Je\u015bli nie jest zimno, Mo\u017cna wr\u00f3ci\u0107 d\u0142ug\u0105 drog\u0119 rozliczenia Kopec, gdzie mo\u017cna od\u015bwie\u017cy\u0107 i poza sezonem\u00a0<a title=\"U Oty\" href=\"\/pl\/brtnik\/\" target=\"_blank\" rel=\"noopener\">Zajazdy U Oty<\/a>.<\/p>\n<p>MAPA<\/p>\n<p><a href=\"https:\/\/www.cottage.cz\/wp-content\/uploads\/2021\/02\/brtnicke-ledopady-mapa.jpg\" rel=\"lightbox[20691]\"><img decoding=\"async\" class=\"aligncenter wp-image-7959 size-large lazyload\" data-src=\"https:\/\/www.cottage.cz\/wp-content\/uploads\/2021\/02\/brtnicke-ledopady-mapa-727x1024.jpg\" alt=\"\" width=\"727\" height=\"1024\" data-srcset=\"https:\/\/cottage.cz\/wp-content\/uploads\/2021\/02\/brtnicke-ledopady-mapa-727x1024.jpg 727w, https:\/\/cottage.cz\/wp-content\/uploads\/2021\/02\/brtnicke-ledopady-mapa-213x300.jpg 213w, https:\/\/cottage.cz\/wp-content\/uploads\/2021\/02\/brtnicke-ledopady-mapa-768x1082.jpg 768w, https:\/\/cottage.cz\/wp-content\/uploads\/2021\/02\/brtnicke-ledopady-mapa-1090x1536.jpg 1090w, https:\/\/cottage.cz\/wp-content\/uploads\/2021\/02\/brtnicke-ledopady-mapa.jpg 1263w\" data-sizes=\"(max-width: 727px) 100vw, 727px\" src=\"data:image\/svg+xml;base64,PHN2ZyB3aWR0aD0iMSIgaGVpZ2h0PSIxIiB4bWxucz0iaHR0cDovL3d3dy53My5vcmcvMjAwMC9zdmciPjwvc3ZnPg==\" style=\"--smush-placeholder-width: 727px; --smush-placeholder-aspect-ratio: 727\/1024;\" \/><\/a><\/p>\n<p><strong>Uwaga: Icefalls s\u0105 cz\u0119stsze na koniec zimnej zimy ze \u015bniegiem, zazwyczaj w lutym, marzec.<\/strong><\/p>\n<p><strong>parking:\u00a0<\/strong>Brtn\u00edky przed kolonialnym (ca. 15 fotele), dudki (ca. 6 fotele), Na Wydziale \u2013 Kyjov dolina (8 + 8 + 8 fotele), wolf Mountain (ca. 20 fotele)<\/p>\n<p>Najbardziej znany z tzw. spadki lodu\u00a0<strong>Jaskinia Wr\u00f3\u017cek<\/strong>. Wskaz\u00f3wka dla podr\u00f3\u017cy\u00a0Jaskinia wr\u00f3\u017cki tutaj.<\/p>\n<div class=\"gallery-1 gallery-wrapper columns-wrapper\"><div class=\"gallery-column\"><a class=\"gallery-item photoswipe-item\" data-caption=\"\" data-width=\"800\" data-height=\"450\" href=\"https:\/\/cottage.cz\/wp-content\/uploads\/2017\/01\/IMG_20170115_102619.jpg\" rel=\"lightbox[20691]\"><img decoding=\"async\" class=\"gallery-img-desktop lazyload\" data-src=\"https:\/\/cottage.cz\/wp-content\/uploads\/2017\/01\/IMG_20170115_102619-550x309.jpg\" alt=\"\" src=\"data:image\/svg+xml;base64,PHN2ZyB3aWR0aD0iMSIgaGVpZ2h0PSIxIiB4bWxucz0iaHR0cDovL3d3dy53My5vcmcvMjAwMC9zdmciPjwvc3ZnPg==\" style=\"--smush-placeholder-width: 550px; --smush-placeholder-aspect-ratio: 550\/309;\" \/><img decoding=\"async\" class=\"gallery-img-mobile lazyload\" data-src=\"https:\/\/cottage.cz\/wp-content\/uploads\/2017\/01\/IMG_20170115_102619-500x500.jpg\" alt=\"\" src=\"data:image\/svg+xml;base64,PHN2ZyB3aWR0aD0iMSIgaGVpZ2h0PSIxIiB4bWxucz0iaHR0cDovL3d3dy53My5vcmcvMjAwMC9zdmciPjwvc3ZnPg==\" style=\"--smush-placeholder-width: 500px; --smush-placeholder-aspect-ratio: 500\/500;\" \/><div class=\"gallery-enlarge\"><\/div><\/a><\/div><div class=\"gallery-column\"><a class=\"gallery-item photoswipe-item\" data-caption=\"\" data-width=\"600\" data-height=\"800\" href=\"https:\/\/cottage.cz\/wp-content\/uploads\/2017\/01\/15966267_820564228082681_5620593676741609020_n.jpg\" rel=\"lightbox[20691]\"><img decoding=\"async\" class=\"gallery-img-desktop lazyload\" data-src=\"https:\/\/cottage.cz\/wp-content\/uploads\/2017\/01\/15966267_820564228082681_5620593676741609020_n-550x309.jpg\" alt=\"\" src=\"data:image\/svg+xml;base64,PHN2ZyB3aWR0aD0iMSIgaGVpZ2h0PSIxIiB4bWxucz0iaHR0cDovL3d3dy53My5vcmcvMjAwMC9zdmciPjwvc3ZnPg==\" style=\"--smush-placeholder-width: 550px; --smush-placeholder-aspect-ratio: 550\/309;\" \/><img decoding=\"async\" class=\"gallery-img-mobile lazyload\" data-src=\"https:\/\/cottage.cz\/wp-content\/uploads\/2017\/01\/15966267_820564228082681_5620593676741609020_n-500x500.jpg\" alt=\"\" src=\"data:image\/svg+xml;base64,PHN2ZyB3aWR0aD0iMSIgaGVpZ2h0PSIxIiB4bWxucz0iaHR0cDovL3d3dy53My5vcmcvMjAwMC9zdmciPjwvc3ZnPg==\" style=\"--smush-placeholder-width: 500px; --smush-placeholder-aspect-ratio: 500\/500;\" \/><div class=\"gallery-enlarge\"><\/div><\/a><\/div><div class=\"gallery-column\"><a class=\"gallery-item photoswipe-item\" data-caption=\"\" data-width=\"800\" data-height=\"533\" href=\"https:\/\/cottage.cz\/wp-content\/uploads\/2017\/01\/034.jpg\" rel=\"lightbox[20691]\"><img decoding=\"async\" class=\"gallery-img-desktop lazyload\" data-src=\"https:\/\/cottage.cz\/wp-content\/uploads\/2017\/01\/034-550x309.jpg\" alt=\"\" src=\"data:image\/svg+xml;base64,PHN2ZyB3aWR0aD0iMSIgaGVpZ2h0PSIxIiB4bWxucz0iaHR0cDovL3d3dy53My5vcmcvMjAwMC9zdmciPjwvc3ZnPg==\" style=\"--smush-placeholder-width: 550px; --smush-placeholder-aspect-ratio: 550\/309;\" \/><img decoding=\"async\" class=\"gallery-img-mobile lazyload\" data-src=\"https:\/\/cottage.cz\/wp-content\/uploads\/2017\/01\/034-500x500.jpg\" alt=\"\" src=\"data:image\/svg+xml;base64,PHN2ZyB3aWR0aD0iMSIgaGVpZ2h0PSIxIiB4bWxucz0iaHR0cDovL3d3dy53My5vcmcvMjAwMC9zdmciPjwvc3ZnPg==\" style=\"--smush-placeholder-width: 500px; --smush-placeholder-aspect-ratio: 500\/500;\" \/><div class=\"gallery-enlarge\"><\/div><\/a><\/div><div class=\"gallery-column\"><a class=\"gallery-item photoswipe-item\" data-caption=\"\" data-width=\"600\" data-height=\"800\" href=\"https:\/\/cottage.cz\/wp-content\/uploads\/2017\/01\/brtnicky-ledopad.jpg\" rel=\"lightbox[20691]\"><img decoding=\"async\" class=\"gallery-img-desktop lazyload\" data-src=\"https:\/\/cottage.cz\/wp-content\/uploads\/2017\/01\/brtnicky-ledopad-550x309.jpg\" alt=\"\" src=\"data:image\/svg+xml;base64,PHN2ZyB3aWR0aD0iMSIgaGVpZ2h0PSIxIiB4bWxucz0iaHR0cDovL3d3dy53My5vcmcvMjAwMC9zdmciPjwvc3ZnPg==\" style=\"--smush-placeholder-width: 550px; --smush-placeholder-aspect-ratio: 550\/309;\" \/><img decoding=\"async\" class=\"gallery-img-mobile lazyload\" data-src=\"https:\/\/cottage.cz\/wp-content\/uploads\/2017\/01\/brtnicky-ledopad-500x500.jpg\" alt=\"\" src=\"data:image\/svg+xml;base64,PHN2ZyB3aWR0aD0iMSIgaGVpZ2h0PSIxIiB4bWxucz0iaHR0cDovL3d3dy53My5vcmcvMjAwMC9zdmciPjwvc3ZnPg==\" style=\"--smush-placeholder-width: 500px; --smush-placeholder-aspect-ratio: 500\/500;\" \/><div class=\"gallery-enlarge\"><\/div><\/a><\/div><div class=\"gallery-column\"><a class=\"gallery-item photoswipe-item\" data-caption=\"\" data-width=\"800\" data-height=\"600\" href=\"https:\/\/cottage.cz\/wp-content\/uploads\/2017\/01\/15872008_820564131416024_5505992930353148725_n.jpg\" rel=\"lightbox[20691]\"><img decoding=\"async\" class=\"gallery-img-desktop lazyload\" data-src=\"https:\/\/cottage.cz\/wp-content\/uploads\/2017\/01\/15872008_820564131416024_5505992930353148725_n-550x309.jpg\" alt=\"\" src=\"data:image\/svg+xml;base64,PHN2ZyB3aWR0aD0iMSIgaGVpZ2h0PSIxIiB4bWxucz0iaHR0cDovL3d3dy53My5vcmcvMjAwMC9zdmciPjwvc3ZnPg==\" style=\"--smush-placeholder-width: 550px; --smush-placeholder-aspect-ratio: 550\/309;\" \/><img decoding=\"async\" class=\"gallery-img-mobile lazyload\" data-src=\"https:\/\/cottage.cz\/wp-content\/uploads\/2017\/01\/15872008_820564131416024_5505992930353148725_n-500x500.jpg\" alt=\"\" src=\"data:image\/svg+xml;base64,PHN2ZyB3aWR0aD0iMSIgaGVpZ2h0PSIxIiB4bWxucz0iaHR0cDovL3d3dy53My5vcmcvMjAwMC9zdmciPjwvc3ZnPg==\" style=\"--smush-placeholder-width: 500px; --smush-placeholder-aspect-ratio: 500\/500;\" \/><div class=\"gallery-enlarge\"><\/div><\/a><\/div><div class=\"gallery-column\"><a class=\"gallery-item photoswipe-item\" data-caption=\"\" data-width=\"800\" data-height=\"450\" href=\"https:\/\/cottage.cz\/wp-content\/uploads\/2017\/01\/IMG_20170115_112556.jpg\" rel=\"lightbox[20691]\"><img decoding=\"async\" class=\"gallery-img-desktop lazyload\" data-src=\"https:\/\/cottage.cz\/wp-content\/uploads\/2017\/01\/IMG_20170115_112556-550x309.jpg\" alt=\"\" src=\"data:image\/svg+xml;base64,PHN2ZyB3aWR0aD0iMSIgaGVpZ2h0PSIxIiB4bWxucz0iaHR0cDovL3d3dy53My5vcmcvMjAwMC9zdmciPjwvc3ZnPg==\" style=\"--smush-placeholder-width: 550px; --smush-placeholder-aspect-ratio: 550\/309;\" \/><img decoding=\"async\" class=\"gallery-img-mobile lazyload\" data-src=\"https:\/\/cottage.cz\/wp-content\/uploads\/2017\/01\/IMG_20170115_112556-500x500.jpg\" alt=\"\" src=\"data:image\/svg+xml;base64,PHN2ZyB3aWR0aD0iMSIgaGVpZ2h0PSIxIiB4bWxucz0iaHR0cDovL3d3dy53My5vcmcvMjAwMC9zdmciPjwvc3ZnPg==\" style=\"--smush-placeholder-width: 500px; --smush-placeholder-aspect-ratio: 500\/500;\" \/><div class=\"gallery-enlarge\"><\/div><\/a><\/div><div class=\"gallery-column\"><a class=\"gallery-item photoswipe-item\" data-caption=\"\" data-width=\"800\" data-height=\"450\" href=\"https:\/\/cottage.cz\/wp-content\/uploads\/2017\/01\/IMG_20170115_114945.jpg\" rel=\"lightbox[20691]\"><img decoding=\"async\" class=\"gallery-img-desktop lazyload\" data-src=\"https:\/\/cottage.cz\/wp-content\/uploads\/2017\/01\/IMG_20170115_114945-550x309.jpg\" alt=\"\" src=\"data:image\/svg+xml;base64,PHN2ZyB3aWR0aD0iMSIgaGVpZ2h0PSIxIiB4bWxucz0iaHR0cDovL3d3dy53My5vcmcvMjAwMC9zdmciPjwvc3ZnPg==\" style=\"--smush-placeholder-width: 550px; --smush-placeholder-aspect-ratio: 550\/309;\" \/><img decoding=\"async\" class=\"gallery-img-mobile lazyload\" data-src=\"https:\/\/cottage.cz\/wp-content\/uploads\/2017\/01\/IMG_20170115_114945-500x500.jpg\" alt=\"\" src=\"data:image\/svg+xml;base64,PHN2ZyB3aWR0aD0iMSIgaGVpZ2h0PSIxIiB4bWxucz0iaHR0cDovL3d3dy53My5vcmcvMjAwMC9zdmciPjwvc3ZnPg==\" style=\"--smush-placeholder-width: 500px; --smush-placeholder-aspect-ratio: 500\/500;\" \/><div class=\"gallery-enlarge\"><\/div><\/a><\/div><div class=\"gallery-column\"><a class=\"gallery-item photoswipe-item\" data-caption=\"\" data-width=\"800\" data-height=\"450\" href=\"https:\/\/cottage.cz\/wp-content\/uploads\/2017\/01\/IMG_20170115_120052.jpg\" rel=\"lightbox[20691]\"><img decoding=\"async\" class=\"gallery-img-desktop lazyload\" data-src=\"https:\/\/cottage.cz\/wp-content\/uploads\/2017\/01\/IMG_20170115_120052-550x309.jpg\" alt=\"\" src=\"data:image\/svg+xml;base64,PHN2ZyB3aWR0aD0iMSIgaGVpZ2h0PSIxIiB4bWxucz0iaHR0cDovL3d3dy53My5vcmcvMjAwMC9zdmciPjwvc3ZnPg==\" style=\"--smush-placeholder-width: 550px; --smush-placeholder-aspect-ratio: 550\/309;\" \/><img decoding=\"async\" class=\"gallery-img-mobile lazyload\" data-src=\"https:\/\/cottage.cz\/wp-content\/uploads\/2017\/01\/IMG_20170115_120052-500x500.jpg\" alt=\"\" src=\"data:image\/svg+xml;base64,PHN2ZyB3aWR0aD0iMSIgaGVpZ2h0PSIxIiB4bWxucz0iaHR0cDovL3d3dy53My5vcmcvMjAwMC9zdmciPjwvc3ZnPg==\" style=\"--smush-placeholder-width: 500px; --smush-placeholder-aspect-ratio: 500\/500;\" \/><div class=\"gallery-enlarge\"><\/div><\/a><\/div><div class=\"gallery-column\"><a class=\"gallery-item photoswipe-item\" data-caption=\"Podst\u00e1vky\" data-width=\"2976\" data-height=\"3968\" href=\"https:\/\/cottage.cz\/wp-content\/uploads\/2018\/12\/IMG_20181212_123655.jpg\" rel=\"lightbox[20691]\"><img decoding=\"async\" class=\"gallery-img-desktop lazyload\" data-src=\"https:\/\/cottage.cz\/wp-content\/uploads\/2018\/12\/IMG_20181212_123655-550x309.jpg\" alt=\"\" src=\"data:image\/svg+xml;base64,PHN2ZyB3aWR0aD0iMSIgaGVpZ2h0PSIxIiB4bWxucz0iaHR0cDovL3d3dy53My5vcmcvMjAwMC9zdmciPjwvc3ZnPg==\" style=\"--smush-placeholder-width: 550px; --smush-placeholder-aspect-ratio: 550\/309;\" \/><img decoding=\"async\" class=\"gallery-img-mobile lazyload\" data-src=\"https:\/\/cottage.cz\/wp-content\/uploads\/2018\/12\/IMG_20181212_123655-500x500.jpg\" alt=\"\" src=\"data:image\/svg+xml;base64,PHN2ZyB3aWR0aD0iMSIgaGVpZ2h0PSIxIiB4bWxucz0iaHR0cDovL3d3dy53My5vcmcvMjAwMC9zdmciPjwvc3ZnPg==\" style=\"--smush-placeholder-width: 500px; --smush-placeholder-aspect-ratio: 500\/500;\" \/><div class=\"gallery-enlarge\"><\/div><\/a><\/div><style type=\"text\/css\">.gallery-1 .gallery-column { width: 33.33%; padding-bottom: 18.75%; }.gallery-1 { margin-left: -0px; margin-right: -0px; }.gallery-1 .gallery-item {bottom: 0px;left: 0px;right: 0px;top: 0px;}<\/style><\/div>\n","protected":false},"excerpt":{"rendered":"<p>Wycieczka do Brtnick\u00fdm ledop\u00e1d\u016fm rozpocz\u0105\u0107 we wsi\u00a0Brtn\u00edky\u00a0(8 km od sevoroz\u00e1padn\u011b\u00a0Krasna Lipa). Mo\u017cna zaparkowa\u0107 samoch\u00f3d za darmo na placu Brtn\u00edky. Je\u015bli spacer wzd\u0142u\u017c zielonego szlaku turystycznym do pa\u0142acyku my\u015bliwskiego \u0160ternberk lub w pobli\u017cu zjazdu do miejscowo\u015bci Kopec (jest bli\u017cej ledop\u00e1d\u016fm na \u0160ternberku i dla rodzin z dzie\u0107mi jest droga do \u0160ternberku przyjemny nawet zim\u0105). Od ju\u017c [&hellip;]<\/p>\n","protected":false},"author":4,"featured_media":11282,"parent":0,"menu_order":0,"comment_status":"closed","ping_status":"closed","template":"","meta":{"_monsterinsights_skip_tracking":false,"_monsterinsights_sitenote_active":false,"_monsterinsights_sitenote_note":"","_monsterinsights_sitenote_category":0,"ngg_post_thumbnail":0,"footnotes":""},"class_list":["post-20691","page","type-page","status-publish","has-post-thumbnail","hentry"],"aioseo_notices":[],"_links":{"self":[{"href":"https:\/\/cottage.cz\/pl\/wp-json\/wp\/v2\/pages\/20691","targetHints":{"allow":["GET"]}}],"collection":[{"href":"https:\/\/cottage.cz\/pl\/wp-json\/wp\/v2\/pages"}],"about":[{"href":"https:\/\/cottage.cz\/pl\/wp-json\/wp\/v2\/types\/page"}],"author":[{"embeddable":true,"href":"https:\/\/cottage.cz\/pl\/wp-json\/wp\/v2\/users\/4"}],"replies":[{"embeddable":true,"href":"https:\/\/cottage.cz\/pl\/wp-json\/wp\/v2\/comments?post=20691"}],"version-history":[{"count":5,"href":"https:\/\/cottage.cz\/pl\/wp-json\/wp\/v2\/pages\/20691\/revisions"}],"predecessor-version":[{"id":24545,"href":"https:\/\/cottage.cz\/pl\/wp-json\/wp\/v2\/pages\/20691\/revisions\/24545"}],"wp:featuredmedia":[{"embeddable":true,"href":"https:\/\/cottage.cz\/pl\/wp-json\/wp\/v2\/media\/11282"}],"wp:attachment":[{"href":"https:\/\/cottage.cz\/pl\/wp-json\/wp\/v2\/media?parent=20691"}],"curies":[{"name":"wp","href":"https:\/\/api.w.org\/{rel}","templated":true}]}}