{"id":20663,"date":"2024-01-02T13:11:05","date_gmt":"2024-01-02T12:11:05","guid":{"rendered":"https:\/\/cottage.napokusy.cz\/?page_id=20663"},"modified":"2024-01-02T13:12:06","modified_gmt":"2024-01-02T12:12:06","slug":"sluknov","status":"publish","type":"page","link":"https:\/\/cottage.cz\/pl\/sluknov\/","title":{"rendered":"\u0160luknov"},"content":{"rendered":"\n<figure class=\"wp-block-gallery has-nested-images columns-default is-cropped wp-block-gallery-1 is-layout-flex wp-block-gallery-is-layout-flex\">\n<figure class=\"wp-block-image size-large\"><img decoding=\"async\" width=\"1024\" height=\"768\" data-id=\"7563\" data-src=\"https:\/\/www.cottage.cz\/wp-content\/uploads\/2020\/08\/20200804_103132-1024x768.jpg\" alt=\"\" class=\"wp-image-7563 lazyload\" data-srcset=\"https:\/\/cottage.cz\/wp-content\/uploads\/2020\/08\/20200804_103132-1024x768.jpg 1024w, https:\/\/cottage.cz\/wp-content\/uploads\/2020\/08\/20200804_103132-300x225.jpg 300w, https:\/\/cottage.cz\/wp-content\/uploads\/2020\/08\/20200804_103132-768x576.jpg 768w, https:\/\/cottage.cz\/wp-content\/uploads\/2020\/08\/20200804_103132-1536x1152.jpg 1536w, https:\/\/cottage.cz\/wp-content\/uploads\/2020\/08\/20200804_103132-2048x1536.jpg 2048w\" data-sizes=\"(max-width: 1024px) 100vw, 1024px\" src=\"data:image\/svg+xml;base64,PHN2ZyB3aWR0aD0iMSIgaGVpZ2h0PSIxIiB4bWxucz0iaHR0cDovL3d3dy53My5vcmcvMjAwMC9zdmciPjwvc3ZnPg==\" style=\"--smush-placeholder-width: 1024px; --smush-placeholder-aspect-ratio: 1024\/768;\" \/><\/figure>\n\n\n\n<figure class=\"wp-block-image size-large\"><img decoding=\"async\" width=\"1024\" height=\"768\" data-id=\"7564\" data-src=\"https:\/\/www.cottage.cz\/wp-content\/uploads\/2020\/08\/20200804_105155-1024x768.jpg\" alt=\"\" class=\"wp-image-7564 lazyload\" data-srcset=\"https:\/\/cottage.cz\/wp-content\/uploads\/2020\/08\/20200804_105155-1024x768.jpg 1024w, https:\/\/cottage.cz\/wp-content\/uploads\/2020\/08\/20200804_105155-300x225.jpg 300w, https:\/\/cottage.cz\/wp-content\/uploads\/2020\/08\/20200804_105155-768x576.jpg 768w, https:\/\/cottage.cz\/wp-content\/uploads\/2020\/08\/20200804_105155-1536x1152.jpg 1536w, https:\/\/cottage.cz\/wp-content\/uploads\/2020\/08\/20200804_105155-2048x1536.jpg 2048w\" data-sizes=\"(max-width: 1024px) 100vw, 1024px\" src=\"data:image\/svg+xml;base64,PHN2ZyB3aWR0aD0iMSIgaGVpZ2h0PSIxIiB4bWxucz0iaHR0cDovL3d3dy53My5vcmcvMjAwMC9zdmciPjwvc3ZnPg==\" style=\"--smush-placeholder-width: 1024px; --smush-placeholder-aspect-ratio: 1024\/768;\" \/><\/figure>\n<\/figure>\n\n\n\n<p>Najbardziej wysuni\u0119te na p\u00f3\u0142noc miasto w Czechach. Zrekonstruowany zamek z parkiem zamkowym i kawiarni\u0105. Droga krzy\u017cowa. Liceum Le\u015bne.<br>Jeszcze: <a href=\"http:\/\/www.mestosluknov.cz\" target=\"_blank\" rel=\"noopener\" title=\"\">www.mestosluknov.cz<\/a><\/p>\n","protected":false},"excerpt":{"rendered":"<p>Najbardziej wysuni\u0119te na p\u00f3\u0142noc miasto w Czechach. Zrekonstruowany zamek z parkiem zamkowym i kawiarni\u0105. Droga krzy\u017cowa. Liceum Le\u015bne.Jeszcze: www.mestosluknov.cz<\/p>\n","protected":false},"author":4,"featured_media":0,"parent":0,"menu_order":0,"comment_status":"closed","ping_status":"closed","template":"","meta":{"_monsterinsights_skip_tracking":false,"_monsterinsights_sitenote_active":false,"_monsterinsights_sitenote_note":"","_monsterinsights_sitenote_category":0,"ngg_post_thumbnail":0,"footnotes":""},"class_list":["post-20663","page","type-page","status-publish","hentry"],"aioseo_notices":[],"_links":{"self":[{"href":"https:\/\/cottage.cz\/pl\/wp-json\/wp\/v2\/pages\/20663","targetHints":{"allow":["GET"]}}],"collection":[{"href":"https:\/\/cottage.cz\/pl\/wp-json\/wp\/v2\/pages"}],"about":[{"href":"https:\/\/cottage.cz\/pl\/wp-json\/wp\/v2\/types\/page"}],"author":[{"embeddable":true,"href":"https:\/\/cottage.cz\/pl\/wp-json\/wp\/v2\/users\/4"}],"replies":[{"embeddable":true,"href":"https:\/\/cottage.cz\/pl\/wp-json\/wp\/v2\/comments?post=20663"}],"version-history":[{"count":2,"href":"https:\/\/cottage.cz\/pl\/wp-json\/wp\/v2\/pages\/20663\/revisions"}],"predecessor-version":[{"id":20665,"href":"https:\/\/cottage.cz\/pl\/wp-json\/wp\/v2\/pages\/20663\/revisions\/20665"}],"wp:attachment":[{"href":"https:\/\/cottage.cz\/pl\/wp-json\/wp\/v2\/media?parent=20663"}],"curies":[{"name":"wp","href":"https:\/\/api.w.org\/{rel}","templated":true}]}}