{"id":20637,"date":"2024-01-02T12:28:20","date_gmt":"2024-01-02T11:28:20","guid":{"rendered":"https:\/\/cottage.napokusy.cz\/?page_id=20637"},"modified":"2024-01-02T12:28:23","modified_gmt":"2024-01-02T11:28:23","slug":"huta-szkla-ajeto-lindava","status":"publish","type":"page","link":"https:\/\/cottage.cz\/pl\/huta-szkla-ajeto-lindava\/","title":{"rendered":"Huta Szk\u0142a AJETO Lindava"},"content":{"rendered":"<p>Huta Szk\u0142a AJETO Lindava niedaleko Novy Bor jest daleko od Szwajcarii Czeskiej o 20 mnie. Gdy u\u017cytkownik odwiedza masz mo\u017cliwo\u015b\u0107 zobaczenia, jako gor\u0105cego ciek\u0142ego masy szklanej w r\u0119kach szklarzy mistrzowskie zmian w delikatnej urody. Kto chce, On mo\u017ce pr\u00f3bowa\u0107 dzie\u0142o szklarzy poprzez dmuchawki tworzy produkt szklany.<\/p>\n<p>Ob\u010destven\u00e9 to stylowy Szk\u0142o tawerna Ajeto.<\/p>\n<p><strong>Godziny otwarcia huty:<\/strong><\/p>\n<p>kwiecie\u0144 \u2013 wrzesie\u0144<\/p>\n<p>poniedzia\u0142ek \u2013 pi\u0105tek 9.00 \u2013 13.00 godzin<\/p>\n<p>Sobot\u0119 w trybie nieregularnym<\/p>\n<p>(musi przej\u015b\u0107 rozmow\u0119 telefoniczn\u0105\u00a0<a href=\"tel:+420487751613\">+420 487 751 613<\/a>\u00a0oraz informuje, je\u015bli huta w szczeg\u00f3lno\u015bci b\u0119dzie pracowa\u0107 w sobot\u0119)<\/p>\n<p>pa\u017adziernik \u2013 marzec<\/p>\n<p>poniedzia\u0142ek \u2013 pi\u0105tek 7.00 \u2013 13.00 godzin<\/p>\n<p>Sobot\u0119 w trybie nieregularnym<\/p>\n<p>(musi przej\u015b\u0107 rozmow\u0119 telefoniczn\u0105\u00a0<a href=\"tel:+420487751613\">+420 487 751 613<\/a>\u00a0oraz informuje, je\u015bli huta w szczeg\u00f3lno\u015bci b\u0119dzie pracowa\u0107 w sobot\u0119)<\/p>\n<p><iframe data-src=\"https:\/\/www.youtube.com\/embed\/_C6U2YYTodA\" width=\"853\" height=\"480\" frameborder=\"0\" src=\"data:image\/svg+xml;base64,PHN2ZyB3aWR0aD0iMSIgaGVpZ2h0PSIxIiB4bWxucz0iaHR0cDovL3d3dy53My5vcmcvMjAwMC9zdmciPjwvc3ZnPg==\" class=\"lazyload\" data-load-mode=\"1\"><\/iframe><\/p>\n<div class=\"gallery-1 gallery-wrapper columns-wrapper\"><div class=\"gallery-column\"><a class=\"gallery-item photoswipe-item\" data-caption=\"\" data-width=\"663\" data-height=\"800\" href=\"https:\/\/cottage.cz\/wp-content\/uploads\/2016\/11\/2016-11-12.jpg\" rel=\"lightbox[20637]\"><img decoding=\"async\" class=\"gallery-img-desktop lazyload\" data-src=\"https:\/\/cottage.cz\/wp-content\/uploads\/2016\/11\/2016-11-12-550x309.jpg\" alt=\"\" src=\"data:image\/svg+xml;base64,PHN2ZyB3aWR0aD0iMSIgaGVpZ2h0PSIxIiB4bWxucz0iaHR0cDovL3d3dy53My5vcmcvMjAwMC9zdmciPjwvc3ZnPg==\" style=\"--smush-placeholder-width: 550px; --smush-placeholder-aspect-ratio: 550\/309;\" \/><img decoding=\"async\" class=\"gallery-img-mobile lazyload\" data-src=\"https:\/\/cottage.cz\/wp-content\/uploads\/2016\/11\/2016-11-12-500x500.jpg\" alt=\"\" src=\"data:image\/svg+xml;base64,PHN2ZyB3aWR0aD0iMSIgaGVpZ2h0PSIxIiB4bWxucz0iaHR0cDovL3d3dy53My5vcmcvMjAwMC9zdmciPjwvc3ZnPg==\" style=\"--smush-placeholder-width: 500px; --smush-placeholder-aspect-ratio: 500\/500;\" \/><div class=\"gallery-enlarge\"><\/div><\/a><\/div><div class=\"gallery-column\"><a class=\"gallery-item photoswipe-item\" data-caption=\"\" data-width=\"800\" data-height=\"450\" href=\"https:\/\/cottage.cz\/wp-content\/uploads\/2016\/11\/IMG_20161112_095310.jpg\" rel=\"lightbox[20637]\"><img decoding=\"async\" class=\"gallery-img-desktop lazyload\" data-src=\"https:\/\/cottage.cz\/wp-content\/uploads\/2016\/11\/IMG_20161112_095310-550x309.jpg\" alt=\"\" src=\"data:image\/svg+xml;base64,PHN2ZyB3aWR0aD0iMSIgaGVpZ2h0PSIxIiB4bWxucz0iaHR0cDovL3d3dy53My5vcmcvMjAwMC9zdmciPjwvc3ZnPg==\" style=\"--smush-placeholder-width: 550px; --smush-placeholder-aspect-ratio: 550\/309;\" \/><img decoding=\"async\" class=\"gallery-img-mobile lazyload\" data-src=\"https:\/\/cottage.cz\/wp-content\/uploads\/2016\/11\/IMG_20161112_095310-500x500.jpg\" alt=\"\" src=\"data:image\/svg+xml;base64,PHN2ZyB3aWR0aD0iMSIgaGVpZ2h0PSIxIiB4bWxucz0iaHR0cDovL3d3dy53My5vcmcvMjAwMC9zdmciPjwvc3ZnPg==\" style=\"--smush-placeholder-width: 500px; --smush-placeholder-aspect-ratio: 500\/500;\" \/><div class=\"gallery-enlarge\"><\/div><\/a><\/div><div class=\"gallery-column\"><a class=\"gallery-item photoswipe-item\" data-caption=\"\" data-width=\"800\" data-height=\"450\" href=\"https:\/\/cottage.cz\/wp-content\/uploads\/2016\/11\/IMG_20161112_095517.jpg\" rel=\"lightbox[20637]\"><img decoding=\"async\" class=\"gallery-img-desktop lazyload\" data-src=\"https:\/\/cottage.cz\/wp-content\/uploads\/2016\/11\/IMG_20161112_095517-550x309.jpg\" alt=\"\" src=\"data:image\/svg+xml;base64,PHN2ZyB3aWR0aD0iMSIgaGVpZ2h0PSIxIiB4bWxucz0iaHR0cDovL3d3dy53My5vcmcvMjAwMC9zdmciPjwvc3ZnPg==\" style=\"--smush-placeholder-width: 550px; --smush-placeholder-aspect-ratio: 550\/309;\" \/><img decoding=\"async\" class=\"gallery-img-mobile lazyload\" data-src=\"https:\/\/cottage.cz\/wp-content\/uploads\/2016\/11\/IMG_20161112_095517-500x500.jpg\" alt=\"\" src=\"data:image\/svg+xml;base64,PHN2ZyB3aWR0aD0iMSIgaGVpZ2h0PSIxIiB4bWxucz0iaHR0cDovL3d3dy53My5vcmcvMjAwMC9zdmciPjwvc3ZnPg==\" style=\"--smush-placeholder-width: 500px; --smush-placeholder-aspect-ratio: 500\/500;\" \/><div class=\"gallery-enlarge\"><\/div><\/a><\/div><div class=\"gallery-column\"><a class=\"gallery-item photoswipe-item\" data-caption=\"\" data-width=\"800\" data-height=\"450\" href=\"https:\/\/cottage.cz\/wp-content\/uploads\/2016\/11\/IMG_20161112_104416.jpg\" rel=\"lightbox[20637]\"><img decoding=\"async\" class=\"gallery-img-desktop lazyload\" data-src=\"https:\/\/cottage.cz\/wp-content\/uploads\/2016\/11\/IMG_20161112_104416-550x309.jpg\" alt=\"\" src=\"data:image\/svg+xml;base64,PHN2ZyB3aWR0aD0iMSIgaGVpZ2h0PSIxIiB4bWxucz0iaHR0cDovL3d3dy53My5vcmcvMjAwMC9zdmciPjwvc3ZnPg==\" style=\"--smush-placeholder-width: 550px; --smush-placeholder-aspect-ratio: 550\/309;\" \/><img decoding=\"async\" class=\"gallery-img-mobile lazyload\" data-src=\"https:\/\/cottage.cz\/wp-content\/uploads\/2016\/11\/IMG_20161112_104416-500x500.jpg\" alt=\"\" src=\"data:image\/svg+xml;base64,PHN2ZyB3aWR0aD0iMSIgaGVpZ2h0PSIxIiB4bWxucz0iaHR0cDovL3d3dy53My5vcmcvMjAwMC9zdmciPjwvc3ZnPg==\" style=\"--smush-placeholder-width: 500px; --smush-placeholder-aspect-ratio: 500\/500;\" \/><div class=\"gallery-enlarge\"><\/div><\/a><\/div><style type=\"text\/css\">.gallery-1 .gallery-column { width: 33.33%; padding-bottom: 18.75%; }.gallery-1 { margin-left: -0px; margin-right: -0px; }.gallery-1 .gallery-item {bottom: 0px;left: 0px;right: 0px;top: 0px;}<\/style><\/div>\n","protected":false},"excerpt":{"rendered":"<p>Huta Szk\u0142a AJETO Lindava niedaleko Novy Bor jest daleko od Szwajcarii Czeskiej o 20 mnie. Gdy u\u017cytkownik odwiedza masz mo\u017cliwo\u015b\u0107 zobaczenia, jako gor\u0105cego ciek\u0142ego masy szklanej w r\u0119kach szklarzy mistrzowskie zmian w delikatnej urody. Kto chce, On mo\u017ce pr\u00f3bowa\u0107 dzie\u0142o szklarzy poprzez dmuchawki tworzy produkt szklany. Ob\u010destven\u00e9 to stylowy Szk\u0142o tawerna Ajeto. Godziny otwarcia huty: [&hellip;]<\/p>\n","protected":false},"author":4,"featured_media":0,"parent":0,"menu_order":0,"comment_status":"closed","ping_status":"closed","template":"","meta":{"_monsterinsights_skip_tracking":false,"_monsterinsights_sitenote_active":false,"_monsterinsights_sitenote_note":"","_monsterinsights_sitenote_category":0,"ngg_post_thumbnail":0,"footnotes":""},"class_list":["post-20637","page","type-page","status-publish","hentry"],"aioseo_notices":[],"_links":{"self":[{"href":"https:\/\/cottage.cz\/pl\/wp-json\/wp\/v2\/pages\/20637","targetHints":{"allow":["GET"]}}],"collection":[{"href":"https:\/\/cottage.cz\/pl\/wp-json\/wp\/v2\/pages"}],"about":[{"href":"https:\/\/cottage.cz\/pl\/wp-json\/wp\/v2\/types\/page"}],"author":[{"embeddable":true,"href":"https:\/\/cottage.cz\/pl\/wp-json\/wp\/v2\/users\/4"}],"replies":[{"embeddable":true,"href":"https:\/\/cottage.cz\/pl\/wp-json\/wp\/v2\/comments?post=20637"}],"version-history":[{"count":1,"href":"https:\/\/cottage.cz\/pl\/wp-json\/wp\/v2\/pages\/20637\/revisions"}],"predecessor-version":[{"id":20638,"href":"https:\/\/cottage.cz\/pl\/wp-json\/wp\/v2\/pages\/20637\/revisions\/20638"}],"wp:attachment":[{"href":"https:\/\/cottage.cz\/pl\/wp-json\/wp\/v2\/media?parent=20637"}],"curies":[{"name":"wp","href":"https:\/\/api.w.org\/{rel}","templated":true}]}}