{"id":20577,"date":"2024-01-01T17:16:58","date_gmt":"2024-01-01T16:16:58","guid":{"rendered":"https:\/\/cottage.napokusy.cz\/?page_id=20577"},"modified":"2024-01-01T17:17:01","modified_gmt":"2024-01-01T16:17:01","slug":"saunstejn","status":"publish","type":"page","link":"https:\/\/cottage.cz\/pl\/saunstejn\/","title":{"rendered":"\u0160aun\u0161tejn"},"content":{"rendered":"\n<figure class=\"wp-block-gallery has-nested-images columns-default is-cropped wp-block-gallery-1 is-layout-flex wp-block-gallery-is-layout-flex\">\n<figure class=\"wp-block-image size-large\"><img decoding=\"async\" width=\"768\" height=\"1024\" data-id=\"9604\" data-src=\"https:\/\/www.cottage.cz\/wp-content\/uploads\/2022\/07\/IMG-0408-1-768x1024.jpg\" alt=\"\" class=\"wp-image-9604 lazyload\" data-srcset=\"https:\/\/cottage.cz\/wp-content\/uploads\/2022\/07\/IMG-0408-1-768x1024.jpg 768w, https:\/\/cottage.cz\/wp-content\/uploads\/2022\/07\/IMG-0408-1-225x300.jpg 225w, https:\/\/cottage.cz\/wp-content\/uploads\/2022\/07\/IMG-0408-1-1152x1536.jpg 1152w, https:\/\/cottage.cz\/wp-content\/uploads\/2022\/07\/IMG-0408-1-1536x2048.jpg 1536w, https:\/\/cottage.cz\/wp-content\/uploads\/2022\/07\/IMG-0408-1-1320x1760.jpg 1320w, https:\/\/cottage.cz\/wp-content\/uploads\/2022\/07\/IMG-0408-1-scaled.jpg 1920w\" data-sizes=\"(max-width: 768px) 100vw, 768px\" src=\"data:image\/svg+xml;base64,PHN2ZyB3aWR0aD0iMSIgaGVpZ2h0PSIxIiB4bWxucz0iaHR0cDovL3d3dy53My5vcmcvMjAwMC9zdmciPjwvc3ZnPg==\" style=\"--smush-placeholder-width: 768px; --smush-placeholder-aspect-ratio: 768\/1024;\" \/><\/figure>\n\n\n\n<figure class=\"wp-block-image size-large\"><img decoding=\"async\" width=\"768\" height=\"1024\" data-id=\"9605\" data-src=\"https:\/\/www.cottage.cz\/wp-content\/uploads\/2022\/07\/IMG-0397-768x1024.jpg\" alt=\"\" class=\"wp-image-9605 lazyload\" data-srcset=\"https:\/\/cottage.cz\/wp-content\/uploads\/2022\/07\/IMG-0397-768x1024.jpg 768w, https:\/\/cottage.cz\/wp-content\/uploads\/2022\/07\/IMG-0397-225x300.jpg 225w, https:\/\/cottage.cz\/wp-content\/uploads\/2022\/07\/IMG-0397-1152x1536.jpg 1152w, https:\/\/cottage.cz\/wp-content\/uploads\/2022\/07\/IMG-0397-1536x2048.jpg 1536w, https:\/\/cottage.cz\/wp-content\/uploads\/2022\/07\/IMG-0397-1320x1760.jpg 1320w, https:\/\/cottage.cz\/wp-content\/uploads\/2022\/07\/IMG-0397-scaled.jpg 1920w\" data-sizes=\"(max-width: 768px) 100vw, 768px\" src=\"data:image\/svg+xml;base64,PHN2ZyB3aWR0aD0iMSIgaGVpZ2h0PSIxIiB4bWxucz0iaHR0cDovL3d3dy53My5vcmcvMjAwMC9zdmciPjwvc3ZnPg==\" style=\"--smush-placeholder-width: 768px; --smush-placeholder-aspect-ratio: 768\/1024;\" \/><\/figure>\n\n\n\n<figure class=\"wp-block-image size-large\"><img decoding=\"async\" width=\"1024\" height=\"768\" data-id=\"9601\" data-src=\"https:\/\/www.cottage.cz\/wp-content\/uploads\/2022\/07\/IMG-0403-1024x768.jpg\" alt=\"\" class=\"wp-image-9601 lazyload\" data-srcset=\"https:\/\/cottage.cz\/wp-content\/uploads\/2022\/07\/IMG-0403-1024x768.jpg 1024w, https:\/\/cottage.cz\/wp-content\/uploads\/2022\/07\/IMG-0403-300x225.jpg 300w, https:\/\/cottage.cz\/wp-content\/uploads\/2022\/07\/IMG-0403-768x576.jpg 768w, https:\/\/cottage.cz\/wp-content\/uploads\/2022\/07\/IMG-0403-1536x1152.jpg 1536w, https:\/\/cottage.cz\/wp-content\/uploads\/2022\/07\/IMG-0403-2048x1536.jpg 2048w, https:\/\/cottage.cz\/wp-content\/uploads\/2022\/07\/IMG-0403-1320x990.jpg 1320w\" data-sizes=\"(max-width: 1024px) 100vw, 1024px\" src=\"data:image\/svg+xml;base64,PHN2ZyB3aWR0aD0iMSIgaGVpZ2h0PSIxIiB4bWxucz0iaHR0cDovL3d3dy53My5vcmcvMjAwMC9zdmciPjwvc3ZnPg==\" style=\"--smush-placeholder-width: 1024px; --smush-placeholder-aspect-ratio: 1024\/768;\" \/><\/figure>\n\n\n\n<figure class=\"wp-block-image size-large\"><img decoding=\"async\" width=\"1024\" height=\"768\" data-id=\"9602\" data-src=\"https:\/\/www.cottage.cz\/wp-content\/uploads\/2022\/07\/IMG-0406-1024x768.jpg\" alt=\"\" class=\"wp-image-9602 lazyload\" data-srcset=\"https:\/\/cottage.cz\/wp-content\/uploads\/2022\/07\/IMG-0406-1024x768.jpg 1024w, https:\/\/cottage.cz\/wp-content\/uploads\/2022\/07\/IMG-0406-300x225.jpg 300w, https:\/\/cottage.cz\/wp-content\/uploads\/2022\/07\/IMG-0406-768x576.jpg 768w, https:\/\/cottage.cz\/wp-content\/uploads\/2022\/07\/IMG-0406-1536x1152.jpg 1536w, https:\/\/cottage.cz\/wp-content\/uploads\/2022\/07\/IMG-0406-2048x1536.jpg 2048w, https:\/\/cottage.cz\/wp-content\/uploads\/2022\/07\/IMG-0406-1320x990.jpg 1320w\" data-sizes=\"(max-width: 1024px) 100vw, 1024px\" src=\"data:image\/svg+xml;base64,PHN2ZyB3aWR0aD0iMSIgaGVpZ2h0PSIxIiB4bWxucz0iaHR0cDovL3d3dy53My5vcmcvMjAwMC9zdmciPjwvc3ZnPg==\" style=\"--smush-placeholder-width: 1024px; --smush-placeholder-aspect-ratio: 1024\/768;\" \/><\/figure>\n\n\n\n<figure class=\"wp-block-image size-large\"><img decoding=\"async\" width=\"576\" height=\"1024\" data-id=\"9612\" data-src=\"https:\/\/www.cottage.cz\/wp-content\/uploads\/2022\/07\/20220622_154020-576x1024.jpg\" alt=\"\" class=\"wp-image-9612 lazyload\" data-srcset=\"https:\/\/cottage.cz\/wp-content\/uploads\/2022\/07\/20220622_154020-576x1024.jpg 576w, https:\/\/cottage.cz\/wp-content\/uploads\/2022\/07\/20220622_154020-169x300.jpg 169w, https:\/\/cottage.cz\/wp-content\/uploads\/2022\/07\/20220622_154020-768x1365.jpg 768w, https:\/\/cottage.cz\/wp-content\/uploads\/2022\/07\/20220622_154020-864x1536.jpg 864w, https:\/\/cottage.cz\/wp-content\/uploads\/2022\/07\/20220622_154020-1152x2048.jpg 1152w, https:\/\/cottage.cz\/wp-content\/uploads\/2022\/07\/20220622_154020-1320x2347.jpg 1320w, https:\/\/cottage.cz\/wp-content\/uploads\/2022\/07\/20220622_154020-rotated.jpg 1440w\" data-sizes=\"(max-width: 576px) 100vw, 576px\" src=\"data:image\/svg+xml;base64,PHN2ZyB3aWR0aD0iMSIgaGVpZ2h0PSIxIiB4bWxucz0iaHR0cDovL3d3dy53My5vcmcvMjAwMC9zdmciPjwvc3ZnPg==\" style=\"--smush-placeholder-width: 576px; --smush-placeholder-aspect-ratio: 576\/1024;\" \/><figcaption class=\"wp-element-caption\">P\u0159\u00edkr\u00e9 schody<\/figcaption><\/figure>\n\n\n\n<figure class=\"wp-block-image size-large\"><img decoding=\"async\" width=\"1024\" height=\"768\" data-id=\"9603\" data-src=\"https:\/\/www.cottage.cz\/wp-content\/uploads\/2022\/07\/IMG-0407-1024x768.jpg\" alt=\"\" class=\"wp-image-9603 lazyload\" data-srcset=\"https:\/\/cottage.cz\/wp-content\/uploads\/2022\/07\/IMG-0407-1024x768.jpg 1024w, https:\/\/cottage.cz\/wp-content\/uploads\/2022\/07\/IMG-0407-300x225.jpg 300w, https:\/\/cottage.cz\/wp-content\/uploads\/2022\/07\/IMG-0407-768x576.jpg 768w, https:\/\/cottage.cz\/wp-content\/uploads\/2022\/07\/IMG-0407-1536x1152.jpg 1536w, https:\/\/cottage.cz\/wp-content\/uploads\/2022\/07\/IMG-0407-2048x1536.jpg 2048w, https:\/\/cottage.cz\/wp-content\/uploads\/2022\/07\/IMG-0407-1320x990.jpg 1320w\" data-sizes=\"(max-width: 1024px) 100vw, 1024px\" src=\"data:image\/svg+xml;base64,PHN2ZyB3aWR0aD0iMSIgaGVpZ2h0PSIxIiB4bWxucz0iaHR0cDovL3d3dy53My5vcmcvMjAwMC9zdmciPjwvc3ZnPg==\" style=\"--smush-placeholder-width: 1024px; --smush-placeholder-aspect-ratio: 1024\/768;\" \/><\/figure>\n\n\n\n<figure class=\"wp-block-image size-large\"><img decoding=\"async\" width=\"576\" height=\"1024\" data-id=\"9620\" data-src=\"https:\/\/www.cottage.cz\/wp-content\/uploads\/2022\/07\/20220622_154616-576x1024.jpg\" alt=\"\" class=\"wp-image-9620 lazyload\" data-srcset=\"https:\/\/cottage.cz\/wp-content\/uploads\/2022\/07\/20220622_154616-576x1024.jpg 576w, https:\/\/cottage.cz\/wp-content\/uploads\/2022\/07\/20220622_154616-169x300.jpg 169w, https:\/\/cottage.cz\/wp-content\/uploads\/2022\/07\/20220622_154616-768x1365.jpg 768w, https:\/\/cottage.cz\/wp-content\/uploads\/2022\/07\/20220622_154616-864x1536.jpg 864w, https:\/\/cottage.cz\/wp-content\/uploads\/2022\/07\/20220622_154616-1152x2048.jpg 1152w, https:\/\/cottage.cz\/wp-content\/uploads\/2022\/07\/20220622_154616-1320x2347.jpg 1320w, https:\/\/cottage.cz\/wp-content\/uploads\/2022\/07\/20220622_154616-rotated.jpg 1440w\" data-sizes=\"(max-width: 576px) 100vw, 576px\" src=\"data:image\/svg+xml;base64,PHN2ZyB3aWR0aD0iMSIgaGVpZ2h0PSIxIiB4bWxucz0iaHR0cDovL3d3dy53My5vcmcvMjAwMC9zdmciPjwvc3ZnPg==\" style=\"--smush-placeholder-width: 576px; --smush-placeholder-aspect-ratio: 576\/1024;\" \/><\/figure>\n<\/figure>\n\n\n\n<p>Oko\u0142o 1 km od wsi Vysok\u00e1 L\u00edpa w Czeskim Szwajcarsku znajduje si\u0119 blok piaskowca, na kt\u00f3rym w przesz\u0142o\u015bci sta\u0142 skalny zamek \u0160aun\u0161tejn. Teren jest og\u00f3lnodost\u0119pny przez ca\u0142y rok i zosta\u0142 odnowiony w 2022 roku. Mo\u017cna wygodnie usi\u0105\u015b\u0107 na \u201ezamku\u201d i urz\u0105dzi\u0107 piknik ze wspania\u0142ym widokiem na Czesk\u0105 Szwajcari\u0119 i G\u00f3ry \u0141u\u017cyckie.<\/p>\n\n\n\n<p>Stopie\u0144 trudno\u015bci wej\u015bcia jest \u015brednio trudny (strome schody). W\u00f3zki dzieci\u0119ce i inne \u0142adunki mo\u017cna zostawi\u0107 pod masywem skalnym.<\/p>\n\n\n\n<p>Wskaz\u00f3wka: Mo\u017cna jecha\u0107 dalej w kierunku Mezn\u00ed louka do Ma\u0142ej Prav\u010dickej br\u00e1ny<\/p>\n","protected":false},"excerpt":{"rendered":"<p>Oko\u0142o 1 km od wsi Vysok\u00e1 L\u00edpa w Czeskim Szwajcarsku znajduje si\u0119 blok piaskowca, na kt\u00f3rym w przesz\u0142o\u015bci sta\u0142 skalny zamek \u0160aun\u0161tejn. Teren jest og\u00f3lnodost\u0119pny przez ca\u0142y rok i zosta\u0142 odnowiony w 2022 roku. Mo\u017cna wygodnie usi\u0105\u015b\u0107 na \u201ezamku\u201d i urz\u0105dzi\u0107 piknik ze wspania\u0142ym widokiem na Czesk\u0105 Szwajcari\u0119 i G\u00f3ry \u0141u\u017cyckie. Stopie\u0144 trudno\u015bci wej\u015bcia jest [&hellip;]<\/p>\n","protected":false},"author":2,"featured_media":0,"parent":0,"menu_order":0,"comment_status":"closed","ping_status":"closed","template":"","meta":{"_monsterinsights_skip_tracking":false,"_monsterinsights_sitenote_active":false,"_monsterinsights_sitenote_note":"","_monsterinsights_sitenote_category":0,"ngg_post_thumbnail":0,"footnotes":""},"class_list":["post-20577","page","type-page","status-publish","hentry"],"aioseo_notices":[],"_links":{"self":[{"href":"https:\/\/cottage.cz\/pl\/wp-json\/wp\/v2\/pages\/20577","targetHints":{"allow":["GET"]}}],"collection":[{"href":"https:\/\/cottage.cz\/pl\/wp-json\/wp\/v2\/pages"}],"about":[{"href":"https:\/\/cottage.cz\/pl\/wp-json\/wp\/v2\/types\/page"}],"author":[{"embeddable":true,"href":"https:\/\/cottage.cz\/pl\/wp-json\/wp\/v2\/users\/2"}],"replies":[{"embeddable":true,"href":"https:\/\/cottage.cz\/pl\/wp-json\/wp\/v2\/comments?post=20577"}],"version-history":[{"count":1,"href":"https:\/\/cottage.cz\/pl\/wp-json\/wp\/v2\/pages\/20577\/revisions"}],"predecessor-version":[{"id":20578,"href":"https:\/\/cottage.cz\/pl\/wp-json\/wp\/v2\/pages\/20577\/revisions\/20578"}],"wp:attachment":[{"href":"https:\/\/cottage.cz\/pl\/wp-json\/wp\/v2\/media?parent=20577"}],"curies":[{"name":"wp","href":"https:\/\/api.w.org\/{rel}","templated":true}]}}