{"id":20569,"date":"2024-01-01T15:42:18","date_gmt":"2024-01-01T14:42:18","guid":{"rendered":"https:\/\/cottage.napokusy.cz\/?page_id=20569"},"modified":"2026-01-16T08:23:51","modified_gmt":"2026-01-16T07:23:51","slug":"bar-samoobslugowy","status":"publish","type":"page","link":"https:\/\/cottage.cz\/pl\/bar-samoobslugowy\/","title":{"rendered":"Bar samoobs\u0142ugowy"},"content":{"rendered":"\n<p>Dla Pa\u0144stwa wygody oferujemy regionalne napoje (piwo Kocour, BBCider, lemoniady Kocour, likiery Galli Destilery, Vratislavsk\u00e1 kyselka, wina i gor\u0105ce napoje Tesa\u0159\u00edk, kaw\u0119 Nespresso, r\u00f3\u017cne herbaty. Ponadto czekaj\u0105 na Pa\u0144stwa r\u0119cznie robione ciasteczka, sery z gospodarstwa Hampl, domowe niespodzianki i owoce. Otwarte wy\u0142\u0105cznie dla naszych go\u015bci 24 godziny na dob\u0119.<\/p>\n\n\n\nngg_shortcode_0_placeholder\n","protected":false},"excerpt":{"rendered":"<p>Dla Pa\u0144stwa wygody oferujemy regionalne napoje (piwo Kocour, BBCider, lemoniady Kocour, likiery Galli Destilery, Vratislavsk\u00e1 kyselka, wina i gor\u0105ce napoje Tesa\u0159\u00edk, kaw\u0119 Nespresso, r\u00f3\u017cne herbaty. Ponadto czekaj\u0105 na Pa\u0144stwa r\u0119cznie robione ciasteczka, sery z gospodarstwa Hampl, domowe niespodzianki i owoce. Otwarte wy\u0142\u0105cznie dla naszych go\u015bci 24 godziny na dob\u0119.<\/p>\n","protected":false},"author":2,"featured_media":25917,"parent":0,"menu_order":0,"comment_status":"closed","ping_status":"closed","template":"","meta":{"_monsterinsights_skip_tracking":false,"_monsterinsights_sitenote_active":false,"_monsterinsights_sitenote_note":"","_monsterinsights_sitenote_category":0,"ngg_post_thumbnail":0,"footnotes":""},"class_list":["post-20569","page","type-page","status-publish","has-post-thumbnail","hentry"],"aioseo_notices":[],"_links":{"self":[{"href":"https:\/\/cottage.cz\/pl\/wp-json\/wp\/v2\/pages\/20569","targetHints":{"allow":["GET"]}}],"collection":[{"href":"https:\/\/cottage.cz\/pl\/wp-json\/wp\/v2\/pages"}],"about":[{"href":"https:\/\/cottage.cz\/pl\/wp-json\/wp\/v2\/types\/page"}],"author":[{"embeddable":true,"href":"https:\/\/cottage.cz\/pl\/wp-json\/wp\/v2\/users\/2"}],"replies":[{"embeddable":true,"href":"https:\/\/cottage.cz\/pl\/wp-json\/wp\/v2\/comments?post=20569"}],"version-history":[{"count":3,"href":"https:\/\/cottage.cz\/pl\/wp-json\/wp\/v2\/pages\/20569\/revisions"}],"predecessor-version":[{"id":28623,"href":"https:\/\/cottage.cz\/pl\/wp-json\/wp\/v2\/pages\/20569\/revisions\/28623"}],"wp:featuredmedia":[{"embeddable":true,"href":"https:\/\/cottage.cz\/pl\/wp-json\/wp\/v2\/media\/25917"}],"wp:attachment":[{"href":"https:\/\/cottage.cz\/pl\/wp-json\/wp\/v2\/media?parent=20569"}],"curies":[{"name":"wp","href":"https:\/\/api.w.org\/{rel}","templated":true}]}}