{"id":20563,"date":"2024-01-01T15:17:35","date_gmt":"2024-01-01T14:17:35","guid":{"rendered":"https:\/\/cottage.napokusy.cz\/?page_id=20563"},"modified":"2024-01-01T15:17:37","modified_gmt":"2024-01-01T14:17:37","slug":"weifberg","status":"publish","type":"page","link":"https:\/\/cottage.cz\/pl\/weifberg\/","title":{"rendered":"Weifberg"},"content":{"rendered":"\n<figure class=\"wp-block-gallery has-nested-images columns-default is-cropped wp-block-gallery-1 is-layout-flex wp-block-gallery-is-layout-flex\">\n<figure class=\"wp-block-image size-large\"><img decoding=\"async\" width=\"768\" height=\"1024\" data-id=\"6570\" data-src=\"https:\/\/www.cottage.cz\/wp-content\/uploads\/2019\/09\/IMG_20190601_120646-768x1024.jpg\" alt=\"\" class=\"wp-image-6570 lazyload\" data-srcset=\"https:\/\/cottage.cz\/wp-content\/uploads\/2019\/09\/IMG_20190601_120646-768x1024.jpg 768w, https:\/\/cottage.cz\/wp-content\/uploads\/2019\/09\/IMG_20190601_120646-225x300.jpg 225w\" data-sizes=\"(max-width: 768px) 100vw, 768px\" src=\"data:image\/svg+xml;base64,PHN2ZyB3aWR0aD0iMSIgaGVpZ2h0PSIxIiB4bWxucz0iaHR0cDovL3d3dy53My5vcmcvMjAwMC9zdmciPjwvc3ZnPg==\" style=\"--smush-placeholder-width: 768px; --smush-placeholder-aspect-ratio: 768\/1024;\" \/><\/figure>\n\n\n\n<figure class=\"wp-block-image size-large\"><img decoding=\"async\" width=\"1024\" height=\"576\" data-id=\"6571\" data-src=\"https:\/\/www.cottage.cz\/wp-content\/uploads\/2019\/09\/IMG_20160505_115556-1024x576.jpg\" alt=\"\" class=\"wp-image-6571 lazyload\" data-srcset=\"https:\/\/cottage.cz\/wp-content\/uploads\/2019\/09\/IMG_20160505_115556-1024x576.jpg 1024w, https:\/\/cottage.cz\/wp-content\/uploads\/2019\/09\/IMG_20160505_115556-300x169.jpg 300w, https:\/\/cottage.cz\/wp-content\/uploads\/2019\/09\/IMG_20160505_115556-768x432.jpg 768w, https:\/\/cottage.cz\/wp-content\/uploads\/2019\/09\/IMG_20160505_115556.jpg 1920w\" data-sizes=\"(max-width: 1024px) 100vw, 1024px\" src=\"data:image\/svg+xml;base64,PHN2ZyB3aWR0aD0iMSIgaGVpZ2h0PSIxIiB4bWxucz0iaHR0cDovL3d3dy53My5vcmcvMjAwMC9zdmciPjwvc3ZnPg==\" style=\"--smush-placeholder-width: 1024px; --smush-placeholder-aspect-ratio: 1024\/576;\" \/><\/figure>\n\n\n\n<figure class=\"wp-block-image size-large\"><img decoding=\"async\" width=\"1024\" height=\"576\" data-id=\"6572\" data-src=\"https:\/\/www.cottage.cz\/wp-content\/uploads\/2019\/09\/IMG_20160505_120032-1024x576.jpg\" alt=\"\" class=\"wp-image-6572 lazyload\" data-srcset=\"https:\/\/cottage.cz\/wp-content\/uploads\/2019\/09\/IMG_20160505_120032-1024x576.jpg 1024w, https:\/\/cottage.cz\/wp-content\/uploads\/2019\/09\/IMG_20160505_120032-300x169.jpg 300w, https:\/\/cottage.cz\/wp-content\/uploads\/2019\/09\/IMG_20160505_120032-768x432.jpg 768w, https:\/\/cottage.cz\/wp-content\/uploads\/2019\/09\/IMG_20160505_120032.jpg 1920w\" data-sizes=\"(max-width: 1024px) 100vw, 1024px\" src=\"data:image\/svg+xml;base64,PHN2ZyB3aWR0aD0iMSIgaGVpZ2h0PSIxIiB4bWxucz0iaHR0cDovL3d3dy53My5vcmcvMjAwMC9zdmciPjwvc3ZnPg==\" style=\"--smush-placeholder-width: 1024px; --smush-placeholder-aspect-ratio: 1024\/576;\" \/><\/figure>\n\n\n\n<figure class=\"wp-block-image size-large\"><img decoding=\"async\" width=\"1024\" height=\"576\" data-id=\"6573\" data-src=\"https:\/\/www.cottage.cz\/wp-content\/uploads\/2019\/09\/IMG_20160505_120248-1024x576.jpg\" alt=\"\" class=\"wp-image-6573 lazyload\" data-srcset=\"https:\/\/cottage.cz\/wp-content\/uploads\/2019\/09\/IMG_20160505_120248-1024x576.jpg 1024w, https:\/\/cottage.cz\/wp-content\/uploads\/2019\/09\/IMG_20160505_120248-300x169.jpg 300w, https:\/\/cottage.cz\/wp-content\/uploads\/2019\/09\/IMG_20160505_120248-768x432.jpg 768w, https:\/\/cottage.cz\/wp-content\/uploads\/2019\/09\/IMG_20160505_120248.jpg 1920w\" data-sizes=\"(max-width: 1024px) 100vw, 1024px\" src=\"data:image\/svg+xml;base64,PHN2ZyB3aWR0aD0iMSIgaGVpZ2h0PSIxIiB4bWxucz0iaHR0cDovL3d3dy53My5vcmcvMjAwMC9zdmciPjwvc3ZnPg==\" style=\"--smush-placeholder-width: 1024px; --smush-placeholder-aspect-ratio: 1024\/576;\" \/><\/figure>\n<\/figure>\n\n\n\n<p>Drewniana wie\u017ca widokowa nad miejscowo\u015bci\u0105 Hinterhermsdorf z pi\u0119knym widokiem na Szwajcari\u0119 Sakso\u0144sk\u0105. Wst\u0119p wolny.<\/p>\n","protected":false},"excerpt":{"rendered":"<p>Drewniana wie\u017ca widokowa nad miejscowo\u015bci\u0105 Hinterhermsdorf z pi\u0119knym widokiem na Szwajcari\u0119 Sakso\u0144sk\u0105. Wst\u0119p wolny.<\/p>\n","protected":false},"author":2,"featured_media":14891,"parent":0,"menu_order":0,"comment_status":"closed","ping_status":"closed","template":"","meta":{"_monsterinsights_skip_tracking":false,"_monsterinsights_sitenote_active":false,"_monsterinsights_sitenote_note":"","_monsterinsights_sitenote_category":0,"ngg_post_thumbnail":0,"footnotes":""},"class_list":["post-20563","page","type-page","status-publish","has-post-thumbnail","hentry"],"aioseo_notices":[],"_links":{"self":[{"href":"https:\/\/cottage.cz\/pl\/wp-json\/wp\/v2\/pages\/20563","targetHints":{"allow":["GET"]}}],"collection":[{"href":"https:\/\/cottage.cz\/pl\/wp-json\/wp\/v2\/pages"}],"about":[{"href":"https:\/\/cottage.cz\/pl\/wp-json\/wp\/v2\/types\/page"}],"author":[{"embeddable":true,"href":"https:\/\/cottage.cz\/pl\/wp-json\/wp\/v2\/users\/2"}],"replies":[{"embeddable":true,"href":"https:\/\/cottage.cz\/pl\/wp-json\/wp\/v2\/comments?post=20563"}],"version-history":[{"count":1,"href":"https:\/\/cottage.cz\/pl\/wp-json\/wp\/v2\/pages\/20563\/revisions"}],"predecessor-version":[{"id":20564,"href":"https:\/\/cottage.cz\/pl\/wp-json\/wp\/v2\/pages\/20563\/revisions\/20564"}],"wp:featuredmedia":[{"embeddable":true,"href":"https:\/\/cottage.cz\/pl\/wp-json\/wp\/v2\/media\/14891"}],"wp:attachment":[{"href":"https:\/\/cottage.cz\/pl\/wp-json\/wp\/v2\/media?parent=20563"}],"curies":[{"name":"wp","href":"https:\/\/api.w.org\/{rel}","templated":true}]}}