{"id":20545,"date":"2024-01-01T15:07:34","date_gmt":"2024-01-01T14:07:34","guid":{"rendered":"https:\/\/cottage.napokusy.cz\/?page_id=20545"},"modified":"2025-10-30T19:00:42","modified_gmt":"2025-10-30T18:00:42","slug":"wynajem","status":"publish","type":"page","link":"https:\/\/cottage.cz\/pl\/wynajem\/","title":{"rendered":"Wynajem Czeska Szwajcaria"},"content":{"rendered":"\n<p>Chcesz rower i nie dosta\u0107 sw\u00f3j? Aby przetestowa\u0107 e-rower, rakiety, \u0142y\u017cwa? po\u017cyczamy: ko\u0142a rowerowe, elektrokola, \u00a0\u0142y\u017cworolek, cross country, rakiety, skutery, miejsc dla rower\u00f3w i innego sprz\u0119tu.<\/p>\n\n\n\n<p><strong>czas pracy:&nbsp;<\/strong>zgodnie z ustaleniami. Prosz\u0119, zadzwo\u0144cie 8:00-20:00.<\/p>\n\n\n<div class=\"wp-block-image\">\n<figure class=\"alignleft\"><img decoding=\"async\" width=\"300\" height=\"200\" data-src=\"https:\/\/www.cottage.cz\/wp-content\/uploads\/2020\/09\/IMG_9490-300x200.jpg\" alt=\"\" class=\"wp-image-7652 lazyload\" src=\"data:image\/svg+xml;base64,PHN2ZyB3aWR0aD0iMSIgaGVpZ2h0PSIxIiB4bWxucz0iaHR0cDovL3d3dy53My5vcmcvMjAwMC9zdmciPjwvc3ZnPg==\" style=\"--smush-placeholder-width: 300px; --smush-placeholder-aspect-ratio: 300\/200;\" \/><\/figure>\n<\/div>\n\n\n<p><strong>Odebrani:\u00a0<a href=\"https:\/\/goo.gl\/maps\/2wkRcb6NwnRVPDNbA\">Kamenna Horka 110, Krasna Lipa<\/a>\u00a0(czerwony dom z du\u017c\u0105 map\u0105)<\/strong><\/p>\n\n\n\n<p><strong>Je\u015bli zainteresowanych umowy dostarczy sprz\u0119t<\/strong>&nbsp;Op\u0142ata za umieszczenie nocleg<a href=\"https:\/\/www.cottage.cz\/pl\/Czeska-Szwajcaria-Park-Narodowy\">Czeska Szwajcaria<\/a>,&nbsp;<a href=\"https:\/\/www.cottage.cz\/pl\/G%C3%B3ry-%C5%81u%C5%BCyckie\">g\u00f3ry \u0141u\u017cyckie<\/a>&nbsp;i hak Sluknov.<\/p>\n\n\n<div class=\"pt-cv-wrapper\"><div class=\"pt-cv-view pt-cv-grid pt-cv-colsys pt-cv-pgregular pt-cv-sharp-buttons\" id=\"pt-cv-view-d56bbc35r0\"><div data-id=\"pt-cv-page-1\" class=\"pt-cv-page\" data-cvc=\"3\"><div class=\"col-md-4 col-sm-6 col-xs-12 pt-cv-content-item pt-cv-1-col\"  data-pid=\"21269\"><div class='pt-cv-ifield'><a href=\"https:\/\/cottage.cz\/pl\/wypozyczalnia-rowerow\/\" class=\"_self pt-cv-href-thumbnail pt-cv-thumb-default cvplbd cvp-responsive-image img-none\" target=\"_self\" data-iw=\"300\" data-ih=\"300\"><img decoding=\"async\" width=\"300\" height=\"169\" data-src=\"https:\/\/cottage.cz\/wp-content\/uploads\/2018\/03\/20240329_092847-300x169.jpg\" class=\"pt-cv-thumbnail img-none lazyload\" alt=\"Wypo\u017cyczalnia rower\u00f3w\" data-srcset=\"https:\/\/cottage.cz\/wp-content\/uploads\/2018\/03\/20240329_092847-300x169.jpg 300w, https:\/\/cottage.cz\/wp-content\/uploads\/2018\/03\/20240329_092847-1024x577.jpg 1024w, https:\/\/cottage.cz\/wp-content\/uploads\/2018\/03\/20240329_092847-768x432.jpg 768w, https:\/\/cottage.cz\/wp-content\/uploads\/2018\/03\/20240329_092847-1536x865.jpg 1536w, https:\/\/cottage.cz\/wp-content\/uploads\/2018\/03\/20240329_092847-2048x1153.jpg 2048w\" data-sizes=\"(max-width: 300px) 100vw, 300px\" src=\"data:image\/svg+xml;base64,PHN2ZyB3aWR0aD0iMSIgaGVpZ2h0PSIxIiB4bWxucz0iaHR0cDovL3d3dy53My5vcmcvMjAwMC9zdmciPjwvc3ZnPg==\" style=\"--smush-placeholder-width: 300px; --smush-placeholder-aspect-ratio: 300\/169;\" \/><\/a>\n<h4 class=\"pt-cv-title\"><a href=\"https:\/\/cottage.cz\/pl\/wypozyczalnia-rowerow\/\" class=\"_self cvplbd\" target=\"_self\" data-iw=\"300\" data-ih=\"300\">Wypo\u017cyczalnia rower\u00f3w<\/a><\/h4>\n<div class=\"pt-cv-content\">Cena: 350 CZK \/ dzie\u0144 \/ starsze w\u0119dr\u00f3wki, 500 \/ dzie\u0144 \/ nowsze g\u00f3rskie, trekove Opis: Oferujemy do wynaj\u0119cia rowery ...<\/div><\/div><\/div>\n<div class=\"col-md-4 col-sm-6 col-xs-12 pt-cv-content-item pt-cv-1-col\"  data-pid=\"25108\"><div class='pt-cv-ifield'><a href=\"https:\/\/cottage.cz\/pl\/wypozyczalnia-rowerow-elektrycznych-w-czeskiej-szwajcarii\/\" class=\"_self pt-cv-href-thumbnail pt-cv-thumb-default cvplbd cvp-responsive-image img-none\" target=\"_self\" data-iw=\"300\" data-ih=\"300\"><img decoding=\"async\" width=\"300\" height=\"169\" data-src=\"https:\/\/cottage.cz\/wp-content\/uploads\/2021\/05\/crussis-celoodpruzena-top-300x169.jpg\" class=\"pt-cv-thumbnail img-none lazyload\" alt=\"Wypo\u017cyczalnia rower\u00f3w elektrycznych w Czeskiej Szwajcarii\" data-srcset=\"https:\/\/cottage.cz\/wp-content\/uploads\/2021\/05\/crussis-celoodpruzena-top-300x169.jpg 300w, https:\/\/cottage.cz\/wp-content\/uploads\/2021\/05\/crussis-celoodpruzena-top-1024x576.jpg 1024w, https:\/\/cottage.cz\/wp-content\/uploads\/2021\/05\/crussis-celoodpruzena-top-768x432.jpg 768w, https:\/\/cottage.cz\/wp-content\/uploads\/2021\/05\/crussis-celoodpruzena-top.jpg 1280w\" data-sizes=\"(max-width: 300px) 100vw, 300px\" src=\"data:image\/svg+xml;base64,PHN2ZyB3aWR0aD0iMSIgaGVpZ2h0PSIxIiB4bWxucz0iaHR0cDovL3d3dy53My5vcmcvMjAwMC9zdmciPjwvc3ZnPg==\" style=\"--smush-placeholder-width: 300px; --smush-placeholder-aspect-ratio: 300\/169;\" \/><\/a>\n<h4 class=\"pt-cv-title\"><a href=\"https:\/\/cottage.cz\/pl\/wypozyczalnia-rowerow-elektrycznych-w-czeskiej-szwajcarii\/\" class=\"_self cvplbd\" target=\"_self\" data-iw=\"300\" data-ih=\"300\">Wypo\u017cyczalnia rower\u00f3w elektrycznych w Czeskiej Szwajcarii<\/a><\/h4>\n<div class=\"pt-cv-content\">Odbi\u00f3r: Kamenn\u00e1 Horka 110, Kr\u00e1sn\u00e1 L\u00edpa Cena: 800-950 CZK\/jednostka\/dzie\u0144, bez depozytu ( Dalsze codzienne rabaty po uzgodnieniu. Kask, zamek w ...<\/div><\/div><\/div>\n<div class=\"col-md-4 col-sm-6 col-xs-12 pt-cv-content-item pt-cv-1-col\"  data-pid=\"21415\"><div class='pt-cv-ifield'><a href=\"https:\/\/cottage.cz\/pl\/skutery\/\" class=\"_self pt-cv-href-thumbnail pt-cv-thumb-default cvplbd cvp-responsive-image img-none\" target=\"_self\" data-iw=\"300\" data-ih=\"300\"><img decoding=\"async\" width=\"300\" height=\"221\" data-src=\"https:\/\/cottage.cz\/wp-content\/uploads\/2014\/09\/kolobezka-do-terenu-300x221.jpg\" class=\"pt-cv-thumbnail img-none lazyload\" alt=\"Skutery\" data-srcset=\"https:\/\/cottage.cz\/wp-content\/uploads\/2014\/09\/kolobezka-do-terenu-300x221.jpg 300w, https:\/\/cottage.cz\/wp-content\/uploads\/2014\/09\/kolobezka-do-terenu-768x564.jpg 768w, https:\/\/cottage.cz\/wp-content\/uploads\/2014\/09\/kolobezka-do-terenu.jpg 800w\" data-sizes=\"(max-width: 300px) 100vw, 300px\" src=\"data:image\/svg+xml;base64,PHN2ZyB3aWR0aD0iMSIgaGVpZ2h0PSIxIiB4bWxucz0iaHR0cDovL3d3dy53My5vcmcvMjAwMC9zdmciPjwvc3ZnPg==\" style=\"--smush-placeholder-width: 300px; --smush-placeholder-aspect-ratio: 300\/221;\" \/><\/a>\n<h4 class=\"pt-cv-title\"><a href=\"https:\/\/cottage.cz\/pl\/skutery\/\" class=\"_self cvplbd\" target=\"_self\" data-iw=\"300\" data-ih=\"300\">Skutery<\/a><\/h4>\n<div class=\"pt-cv-content\">Odebrani:\u00a0kamie\u0144 Horka 110, Krasna Lipa Cena:\u00a0350\/czk opis: Aby wypr\u00f3bowa\u0107 skutery w Szwajcarii Czeskiej? Nie chcesz jecha\u0107 rowerem lub pieszo, po\u017cyczy\u0107 ...<\/div><\/div><\/div>\n<div class=\"col-md-4 col-sm-6 col-xs-12 pt-cv-content-item pt-cv-1-col\"  data-pid=\"21404\"><div class='pt-cv-ifield'><a href=\"https:\/\/cottage.cz\/pl\/rowery-dla-dzieci\/\" class=\"_self pt-cv-href-thumbnail pt-cv-thumb-default cvplbd cvp-responsive-image img-none\" target=\"_self\" data-iw=\"300\" data-ih=\"300\"><img decoding=\"async\" width=\"300\" height=\"225\" data-src=\"https:\/\/cottage.cz\/wp-content\/uploads\/2014\/09\/IMG_20190807_134514-300x225.jpg\" class=\"pt-cv-thumbnail img-none lazyload\" alt=\"Rowery dla dzieci\" data-srcset=\"https:\/\/cottage.cz\/wp-content\/uploads\/2014\/09\/IMG_20190807_134514-300x225.jpg 300w, https:\/\/cottage.cz\/wp-content\/uploads\/2014\/09\/IMG_20190807_134514-768x576.jpg 768w, https:\/\/cottage.cz\/wp-content\/uploads\/2014\/09\/IMG_20190807_134514-1024x768.jpg 1024w\" data-sizes=\"(max-width: 300px) 100vw, 300px\" src=\"data:image\/svg+xml;base64,PHN2ZyB3aWR0aD0iMSIgaGVpZ2h0PSIxIiB4bWxucz0iaHR0cDovL3d3dy53My5vcmcvMjAwMC9zdmciPjwvc3ZnPg==\" style=\"--smush-placeholder-width: 300px; --smush-placeholder-aspect-ratio: 300\/225;\" \/><\/a>\n<h4 class=\"pt-cv-title\"><a href=\"https:\/\/cottage.cz\/pl\/rowery-dla-dzieci\/\" class=\"_self cvplbd\" target=\"_self\" data-iw=\"300\" data-ih=\"300\">Rowery dla dzieci<\/a><\/h4>\n<div class=\"pt-cv-content\">Preis: 300 CZK\/St\u00fcck\/Tag Beschreibung: Wir bieten Kinderfahrr\u00e4der f\u00fcr Kinder von 3 bis 10 Jahren an. Option zum Hinzuf\u00fcgen von Hinterr\u00e4dern ...<\/div><\/div><\/div>\n<div class=\"col-md-4 col-sm-6 col-xs-12 pt-cv-content-item pt-cv-1-col\"  data-pid=\"21391\"><div class='pt-cv-ifield'><a href=\"https:\/\/cottage.cz\/pl\/wrotki-dzieciece\/\" class=\"_self pt-cv-href-thumbnail pt-cv-thumb-default cvplbd cvp-responsive-image img-none\" target=\"_self\" data-iw=\"300\" data-ih=\"300\"><img decoding=\"async\" width=\"300\" height=\"300\" data-src=\"https:\/\/cottage.cz\/wp-content\/uploads\/2014\/11\/koleckove-brusle2-300x300.jpg\" class=\"pt-cv-thumbnail img-none lazyload\" alt=\"Wrotki dzieci\u0119ce\" data-srcset=\"https:\/\/cottage.cz\/wp-content\/uploads\/2014\/11\/koleckove-brusle2-300x300.jpg 300w, https:\/\/cottage.cz\/wp-content\/uploads\/2014\/11\/koleckove-brusle2-150x150.jpg 150w, https:\/\/cottage.cz\/wp-content\/uploads\/2014\/11\/koleckove-brusle2-60x60.jpg 60w, https:\/\/cottage.cz\/wp-content\/uploads\/2014\/11\/koleckove-brusle2-45x45.jpg 45w, https:\/\/cottage.cz\/wp-content\/uploads\/2014\/11\/koleckove-brusle2.jpg 600w\" data-sizes=\"(max-width: 300px) 100vw, 300px\" src=\"data:image\/svg+xml;base64,PHN2ZyB3aWR0aD0iMSIgaGVpZ2h0PSIxIiB4bWxucz0iaHR0cDovL3d3dy53My5vcmcvMjAwMC9zdmciPjwvc3ZnPg==\" style=\"--smush-placeholder-width: 300px; --smush-placeholder-aspect-ratio: 300\/300;\" \/><\/a>\n<h4 class=\"pt-cv-title\"><a href=\"https:\/\/cottage.cz\/pl\/wrotki-dzieciece\/\" class=\"_self cvplbd\" target=\"_self\" data-iw=\"300\" data-ih=\"300\">Wrotki dzieci\u0119ce<\/a><\/h4>\n<div class=\"pt-cv-content\">Wrotki dzieci\u0119ce (29-34), m\u0119skie (42,46), damskie (41) Cena: 300 CZK \/ para \/ dzie\u0144 Do odbioru: Kamenn\u00e1 Horka 110, Kr\u00e1sn\u00e1 ...<\/div><\/div><\/div>\n<div class=\"col-md-4 col-sm-6 col-xs-12 pt-cv-content-item pt-cv-1-col\"  data-pid=\"20910\"><div class='pt-cv-ifield'><a href=\"https:\/\/cottage.cz\/pl\/narciarstwo-biegowe\/\" class=\"_self pt-cv-href-thumbnail pt-cv-thumb-default cvplbd cvp-responsive-image img-none\" target=\"_self\" data-iw=\"300\" data-ih=\"300\"><img decoding=\"async\" width=\"200\" height=\"300\" data-src=\"https:\/\/cottage.cz\/wp-content\/uploads\/2013\/12\/bezky-set_madsues-2-200x300.jpg\" class=\"pt-cv-thumbnail img-none lazyload\" alt=\"Narciarstwo biegowe\" data-srcset=\"https:\/\/cottage.cz\/wp-content\/uploads\/2013\/12\/bezky-set_madsues-2-200x300.jpg 200w, https:\/\/cottage.cz\/wp-content\/uploads\/2013\/12\/bezky-set_madsues-2.jpg 600w\" data-sizes=\"(max-width: 200px) 100vw, 200px\" src=\"data:image\/svg+xml;base64,PHN2ZyB3aWR0aD0iMSIgaGVpZ2h0PSIxIiB4bWxucz0iaHR0cDovL3d3dy53My5vcmcvMjAwMC9zdmciPjwvc3ZnPg==\" style=\"--smush-placeholder-width: 200px; --smush-placeholder-aspect-ratio: 200\/300;\" \/><\/a>\n<h4 class=\"pt-cv-title\"><a href=\"https:\/\/cottage.cz\/pl\/narciarstwo-biegowe\/\" class=\"_self cvplbd\" target=\"_self\" data-iw=\"300\" data-ih=\"300\">Narciarstwo biegowe<\/a><\/h4>\n<div class=\"pt-cv-content\">Czeska Szwajcaria i G\u00f3ry \u0141u\u017cyckie maj\u0105 dobre warunki \u015bniegowe do uprawiania narciarstwa biegowego, istnieje kilka zmodyfikowanych tras. Dlaczego wi\u0119c ich ...<\/div><\/div><\/div>\n<div class=\"col-md-4 col-sm-6 col-xs-12 pt-cv-content-item pt-cv-1-col\"  data-pid=\"27668\"><div class='pt-cv-ifield'><a href=\"https:\/\/cottage.cz\/pl\/rakiety-sniezne\/\" class=\"_self pt-cv-href-thumbnail pt-cv-thumb-default cvplbd cvp-responsive-image img-none\" target=\"_self\" data-iw=\"300\" data-ih=\"300\"><img decoding=\"async\" width=\"300\" height=\"246\" data-src=\"https:\/\/cottage.cz\/wp-content\/uploads\/2013\/01\/sneznice-1-300x246.jpeg\" class=\"pt-cv-thumbnail img-none lazyload\" alt=\"Rakiety \u015bnie\u017cne\" data-srcset=\"https:\/\/cottage.cz\/wp-content\/uploads\/2013\/01\/sneznice-1-300x246.jpeg 300w, https:\/\/cottage.cz\/wp-content\/uploads\/2013\/01\/sneznice-1.jpeg 733w\" data-sizes=\"(max-width: 300px) 100vw, 300px\" src=\"data:image\/svg+xml;base64,PHN2ZyB3aWR0aD0iMSIgaGVpZ2h0PSIxIiB4bWxucz0iaHR0cDovL3d3dy53My5vcmcvMjAwMC9zdmciPjwvc3ZnPg==\" style=\"--smush-placeholder-width: 300px; --smush-placeholder-aspect-ratio: 300\/246;\" \/><\/a>\n<h4 class=\"pt-cv-title\"><a href=\"https:\/\/cottage.cz\/pl\/rakiety-sniezne\/\" class=\"_self cvplbd\" target=\"_self\" data-iw=\"300\" data-ih=\"300\">Rakiety \u015bnie\u017cne<\/a><\/h4>\n<div class=\"pt-cv-content\">Lubisz spacery w zimowym krajobrazie? Spr\u00f3buj niezapomnianej wspinaczki na najwy\u017cszy szczyt G\u00f3r \u0141u\u017cyckich, nawet w g\u0142\u0119bokim \u015bniegu. Wypo\u017cyczymy Ci rakiety ...<\/div><\/div><\/div><\/div><\/div><\/div>\t\t\t<style type=\"text\/css\" id=\"pt-cv-inline-style-5ae4f87hbi\">#pt-cv-view-d56bbc35r0.pt-cv-post-border { margin: 0; border-top-width: 1px; border-left-width: 1px }\n#pt-cv-view-d56bbc35r0.pt-cv-post-border { margin: 0; border-top-style: solid; border-left-style: solid }\n#pt-cv-view-d56bbc35r0.pt-cv-post-border .pt-cv-content-item   { border-right-width: 1px; border-bottom-width: 1px; border-right-style: solid; border-bottom-style: solid; }\n#pt-cv-view-d56bbc35r0 .pt-cv-title a, #pt-cv-view-d56bbc35r0  .panel-title { font-weight: 600 !important; }\n#pt-cv-view-d56bbc35r0 .pt-cv-readmore  { color: #ffffff !important; background-color: #ba7f42 !important; }\n#pt-cv-view-d56bbc35r0 .pt-cv-readmore:hover  { color: #ffffff !important; background-color: #ba7f42 !important; }\n#pt-cv-view-d56bbc35r0  + .pt-cv-pagination-wrapper .pt-cv-more , #pt-cv-view-d56bbc35r0  + .pt-cv-pagination-wrapper .pagination .active a { color: #ffffff !important; background-color: #ba7f42 !important; }\n#pt-cv-view-d56bbc35r0 .cvp-responsive-image[style*=\"background-image\"] { width: 300px; height: 300px; }<\/style>\r\n\t\t\t\n","protected":false},"excerpt":{"rendered":"<p>Chcesz rower i nie dosta\u0107 sw\u00f3j? Aby przetestowa\u0107 e-rower, rakiety, \u0142y\u017cwa? po\u017cyczamy: ko\u0142a rowerowe, elektrokola, \u00a0\u0142y\u017cworolek, cross country, rakiety, skutery, miejsc dla rower\u00f3w i innego sprz\u0119tu. czas pracy:&nbsp;zgodnie z ustaleniami. Prosz\u0119, zadzwo\u0144cie 8:00-20:00. Odebrani:\u00a0Kamenna Horka 110, Krasna Lipa\u00a0(czerwony dom z du\u017c\u0105 map\u0105) Je\u015bli zainteresowanych umowy dostarczy sprz\u0119t&nbsp;Op\u0142ata za umieszczenie noclegCzeska Szwajcaria,&nbsp;g\u00f3ry \u0141u\u017cyckie&nbsp;i hak Sluknov.<\/p>\n","protected":false},"author":2,"featured_media":13364,"parent":0,"menu_order":0,"comment_status":"closed","ping_status":"closed","template":"","meta":{"_monsterinsights_skip_tracking":false,"_monsterinsights_sitenote_active":false,"_monsterinsights_sitenote_note":"","_monsterinsights_sitenote_category":0,"ngg_post_thumbnail":0,"footnotes":""},"class_list":["post-20545","page","type-page","status-publish","has-post-thumbnail","hentry"],"aioseo_notices":[],"_links":{"self":[{"href":"https:\/\/cottage.cz\/pl\/wp-json\/wp\/v2\/pages\/20545","targetHints":{"allow":["GET"]}}],"collection":[{"href":"https:\/\/cottage.cz\/pl\/wp-json\/wp\/v2\/pages"}],"about":[{"href":"https:\/\/cottage.cz\/pl\/wp-json\/wp\/v2\/types\/page"}],"author":[{"embeddable":true,"href":"https:\/\/cottage.cz\/pl\/wp-json\/wp\/v2\/users\/2"}],"replies":[{"embeddable":true,"href":"https:\/\/cottage.cz\/pl\/wp-json\/wp\/v2\/comments?post=20545"}],"version-history":[{"count":4,"href":"https:\/\/cottage.cz\/pl\/wp-json\/wp\/v2\/pages\/20545\/revisions"}],"predecessor-version":[{"id":27671,"href":"https:\/\/cottage.cz\/pl\/wp-json\/wp\/v2\/pages\/20545\/revisions\/27671"}],"wp:featuredmedia":[{"embeddable":true,"href":"https:\/\/cottage.cz\/pl\/wp-json\/wp\/v2\/media\/13364"}],"wp:attachment":[{"href":"https:\/\/cottage.cz\/pl\/wp-json\/wp\/v2\/media?parent=20545"}],"curies":[{"name":"wp","href":"https:\/\/api.w.org\/{rel}","templated":true}]}}