{"id":20526,"date":"2024-01-01T14:54:40","date_gmt":"2024-01-01T13:54:40","guid":{"rendered":"https:\/\/cottage.napokusy.cz\/?page_id=20526"},"modified":"2024-01-01T14:54:43","modified_gmt":"2024-01-01T13:54:43","slug":"kiedy-zaczynalem-turystyke-w-czeskiej-szwajcarii","status":"publish","type":"page","link":"https:\/\/cottage.cz\/pl\/kiedy-zaczynalem-turystyke-w-czeskiej-szwajcarii\/","title":{"rendered":"Kiedy zaczyna\u0142em turystyk\u0119 w Czeskiej Szwajcarii"},"content":{"rendered":"<p>Czechos\u0142owacka Szwajcaria jest jednym z pierwszych miejsc na \u015bwiecie, w kt\u00f3rym zacz\u0105\u0142 rozwija\u0107 si\u0119 biznes z zakresu turystyki. Pierwsz\u0105 atrakcj\u0105 turystyczn\u0105 by\u0142 skalny most Bastei (1851) i skalny zamek Neuraten w Szwajcarii Sakso\u0144skiej. Pierwsi tury\u015bci zacz\u0119li nap\u0142ywa\u0107 do Czeskiej Szwajcarii ju\u017c w XIX wieku. Pierwszy biznes turystyczny zwi\u0105zany jest z hrabi\u0105 Edmundem Clary-Aldringenem (1813-1894) z Teplic. Clary-Aldringen w latach trzydziestych XX wieku. stworzyli \u015bcie\u017ck\u0119 z H\u0159enska do Prav\u010dickej br\u00e1ny i wsparli ekspozycj\u0119 hoteli i zajazd\u00f3w. Ale dopiero w 1881 roku Edmund kaza\u0142 wybudowa\u0107 hotel Sokol\u00ed hn\u00edzdo w pobli\u017cu Prav\u010dick\u00e1 br\u00e1ny, mog\u0105cy pomie\u015bci\u0107 50 \u0142\u00f3\u017cek (obecnie hotel posiada restauracj\u0119 czynn\u0105 tylko w sezonie).<\/p>\n<p>W udost\u0119pnienie obszaru w\u0105woz\u00f3w od lat 80. XIX wieku inwestowa\u0142 tak\u017ce ksi\u0105\u017c\u0119 Edmund Clary-Aldringen. Jako w\u0142a\u015bciciel tutejszego dworu wezwa\u0142 w\u0142oskich fachowc\u00f3w, kt\u00f3rzy na terenie kanionu Kamenice budowali chodniki, mosty, tunele, k\u0142adki i jazy dla pieszych. Jako pierwsz\u0105 sekcj\u0119 otwarto w 1890 roku Tich\u00e1 sout\u011bska, p\u00f3\u017aniej powsta\u0142a restauracja. W tym czasie po wodach w\u0105wozu p\u0142ywa\u0142o pi\u0119\u0107 \u0142odzi. Popularno\u015b\u0107 tego miejsca stale ros\u0142a i w latach dwudziestych XX wieku w\u0105wozy odwiedza\u0142o (w sezonie) rocznie 160 000 turyst\u00f3w.<\/p>\n<p>W\u0142a\u015bcicielem s\u0105siedniej posiad\u0142o\u015bci by\u0142 Rudolf Kinsk\u00fd. Ten z. 1832 w celu ulepszenia dr\u00f3g i budowy k\u0142adek i most\u00f3w na Jet\u0159ichovickiej. W 1864 roku ksi\u0105\u017c\u0119cy adiunkt le\u015bny Ferdinand N\u00e1hl\u00edk z Rynartic opublikowa\u0142 tu pierwszy przewodnik po cz\u0119\u015bci Czeskiej Szwajcarii. .<\/p>\n<p>W 1879 roku w Vysok\u00e9 L\u00edpie i H\u0159ensku na wz\u00f3r stowarzysze\u0144 alpejskich powsta\u0142y grupy Zwi\u0105zku G\u00f3rskiego Czeskiej Szwajcarii (Gebirgsverein f\u00fcr die B\u00f6hmische Schweiz), na wz\u00f3r stowarzysze\u0144 alpejskich &#8211; grupa H\u0159ensk liczy\u0142a 92 cz\u0142onk\u00f3w, a na jej czele sta\u0142 Anton Clary.<\/p>\n<p>Turystyka w Czeskiej Szwajcarii kwit\u0142a a\u017c do lat trzydziestych XX wieku, kiedy to II wojna \u015bwiatowa znacz\u0105co na ni\u0105 wp\u0142yn\u0119\u0142a.<\/p>\n<p>Die Tschechoslowakische Schweiz war einer der ersten Orte auf der Welt, an dem sich die Tourismusbranche zu entwickeln begann. Die erste Touristenattraktion war die Bastei-Felsenbr\u00fccke (1851) und die Felsenburg Neuraten in der S\u00e4chsischen Schweiz. Bereits im 19. Jahrhundert str\u00f6mten die ersten Touristen in die B\u00f6hmische Schweiz. Der erste Tourismusbetrieb ist mit Graf Edmund Clary-Aldringen (1813-1894) aus Teplice verbunden. Clary-Aldringen in den 1930er Jahren. Sie schufen einen Weg von H\u0159ensk nach Prav\u010dick\u00e1 br\u00e1na und unterst\u00fctzten die Ausstellung von Hotels und Gasth\u00f6fen. Doch erst 1881 lie\u00df Edmund in der N\u00e4he von Prav\u010dick\u00e1 br\u00e1ny das Hotel Sokol\u00ed hn\u00edzdo mit einer Kapazit\u00e4t von 50 Betten errichten (heute ist das Hotel nur noch w\u00e4hrend der Saison mit einem Restaurant in Betrieb).<\/p>\n<p>Auch F\u00fcrst Edmund Clary-Aldringen investierte ab den 1880er Jahren in die Erschlie\u00dfung des Schluchtengebiets. Als Besitzer des \u00f6rtlichen Gutshofes zog er italienische Experten hinzu, die im Bereich der Kamenice-Schlucht Fu\u00dfwege, Br\u00fccken, Tunnel, Stege und Wehre f\u00fcr Fu\u00dfg\u00e4nger bauten. Als erster Abschnitt wurde 1890 die Tich\u00e1 sout\u011bska er\u00f6ffnet und anschlie\u00dfend ein Restaurant eingerichtet. Zu dieser Zeit befuhren f\u00fcnf Boote die Gew\u00e4sser der Schlucht. Die Popularit\u00e4t des Ortes nahm weiter zu und in den 1920er Jahren wurden die Schluchten pro Jahr (in der Saison) von 160.000 Besuchern besucht.<\/p>\n<p>Das benachbarte Gut geh\u00f6rte Rudolf Kinsky. Der von . 1832 zur Verbesserung der Stra\u00dfen und zum Bau von Fu\u00dfg\u00e4ngerbr\u00fccken und Br\u00fccken auf der Jet\u0159ichovicka. Im Jahr 1864 ver\u00f6ffentlichte der f\u00fcrstliche Forstf\u00fcrst Ferdinand N\u00e1hl\u00edk aus Rynartic hier den ersten F\u00fchrer durch einen Teil der B\u00f6hmischen Schweiz. .<\/p>\n<p>Im Jahr 1879 wurden in Vysok\u00e9 L\u00edpa und H\u0159ensk Gruppen des Gebirgsvereins f\u00fcr die B\u00f6hmische Schweiz nach dem Vorbild der Alpenvereine gegr\u00fcndet \u2013 die H\u0159ensk-Gruppe hatte 92 Mitglieder und wurde von Anton Clary geleitet.<\/p>\n<p>Der Tourismus in der B\u00f6hmischen Schweiz florierte bis in die 1930er Jahre, als er durch den Zweiten Weltkrieg erheblich beeintr\u00e4chtigt wurde.<\/p>\n<div class=\"gallery-1 gallery-wrapper columns-wrapper\"><div class=\"gallery-column\"><a class=\"gallery-item photoswipe-item\" data-caption=\"\" data-width=\"440\" data-height=\"480\" href=\"https:\/\/cottage.cz\/wp-content\/uploads\/2016\/11\/edmund_clary_aldringen.jpg\" rel=\"lightbox[20526]\"><img decoding=\"async\" class=\"gallery-img-desktop lazyload\" data-src=\"https:\/\/cottage.cz\/wp-content\/uploads\/2016\/11\/edmund_clary_aldringen-550x309.jpg\" alt=\"\" src=\"data:image\/svg+xml;base64,PHN2ZyB3aWR0aD0iMSIgaGVpZ2h0PSIxIiB4bWxucz0iaHR0cDovL3d3dy53My5vcmcvMjAwMC9zdmciPjwvc3ZnPg==\" style=\"--smush-placeholder-width: 550px; --smush-placeholder-aspect-ratio: 550\/309;\" \/><img decoding=\"async\" class=\"gallery-img-mobile lazyload\" data-src=\"https:\/\/cottage.cz\/wp-content\/uploads\/2016\/11\/edmund_clary_aldringen-500x500.jpg\" alt=\"\" src=\"data:image\/svg+xml;base64,PHN2ZyB3aWR0aD0iMSIgaGVpZ2h0PSIxIiB4bWxucz0iaHR0cDovL3d3dy53My5vcmcvMjAwMC9zdmciPjwvc3ZnPg==\" style=\"--smush-placeholder-width: 500px; --smush-placeholder-aspect-ratio: 500\/500;\" \/><div class=\"gallery-enlarge\"><\/div><\/a><\/div><div class=\"gallery-column\"><a class=\"gallery-item photoswipe-item\" data-caption=\"\" data-width=\"630\" data-height=\"472\" href=\"https:\/\/cottage.cz\/wp-content\/uploads\/2016\/11\/lodicky-edmundova-soutezka.gif\" rel=\"lightbox[20526]\"><img decoding=\"async\" class=\"gallery-img-desktop lazyload\" data-src=\"https:\/\/cottage.cz\/wp-content\/uploads\/2016\/11\/lodicky-edmundova-soutezka-550x309.gif\" alt=\"\" src=\"data:image\/svg+xml;base64,PHN2ZyB3aWR0aD0iMSIgaGVpZ2h0PSIxIiB4bWxucz0iaHR0cDovL3d3dy53My5vcmcvMjAwMC9zdmciPjwvc3ZnPg==\" style=\"--smush-placeholder-width: 550px; --smush-placeholder-aspect-ratio: 550\/309;\" \/><img decoding=\"async\" class=\"gallery-img-mobile lazyload\" data-src=\"https:\/\/cottage.cz\/wp-content\/uploads\/2016\/11\/lodicky-edmundova-soutezka-500x500.gif\" alt=\"\" src=\"data:image\/svg+xml;base64,PHN2ZyB3aWR0aD0iMSIgaGVpZ2h0PSIxIiB4bWxucz0iaHR0cDovL3d3dy53My5vcmcvMjAwMC9zdmciPjwvc3ZnPg==\" style=\"--smush-placeholder-width: 500px; --smush-placeholder-aspect-ratio: 500\/500;\" \/><div class=\"gallery-enlarge\"><\/div><\/a><\/div><div class=\"gallery-column\"><a class=\"gallery-item photoswipe-item\" data-caption=\"under Pravcicka gate\" data-width=\"800\" data-height=\"450\" href=\"https:\/\/cottage.cz\/wp-content\/uploads\/2016\/11\/pravcicka.jpg\" rel=\"lightbox[20526]\"><img decoding=\"async\" class=\"gallery-img-desktop lazyload\" data-src=\"https:\/\/cottage.cz\/wp-content\/uploads\/2016\/11\/pravcicka-550x309.jpg\" alt=\"\" src=\"data:image\/svg+xml;base64,PHN2ZyB3aWR0aD0iMSIgaGVpZ2h0PSIxIiB4bWxucz0iaHR0cDovL3d3dy53My5vcmcvMjAwMC9zdmciPjwvc3ZnPg==\" style=\"--smush-placeholder-width: 550px; --smush-placeholder-aspect-ratio: 550\/309;\" \/><img decoding=\"async\" class=\"gallery-img-mobile lazyload\" data-src=\"https:\/\/cottage.cz\/wp-content\/uploads\/2016\/11\/pravcicka-500x500.jpg\" alt=\"\" src=\"data:image\/svg+xml;base64,PHN2ZyB3aWR0aD0iMSIgaGVpZ2h0PSIxIiB4bWxucz0iaHR0cDovL3d3dy53My5vcmcvMjAwMC9zdmciPjwvc3ZnPg==\" style=\"--smush-placeholder-width: 500px; --smush-placeholder-aspect-ratio: 500\/500;\" \/><div class=\"gallery-enlarge\"><\/div><\/a><\/div><div class=\"gallery-column\"><a class=\"gallery-item photoswipe-item\" data-caption=\"\" data-width=\"750\" data-height=\"458\" href=\"https:\/\/cottage.cz\/wp-content\/uploads\/2016\/11\/old_cottage.jpg\" rel=\"lightbox[20526]\"><img decoding=\"async\" class=\"gallery-img-desktop lazyload\" data-src=\"https:\/\/cottage.cz\/wp-content\/uploads\/2016\/11\/old_cottage-550x309.jpg\" alt=\"\" src=\"data:image\/svg+xml;base64,PHN2ZyB3aWR0aD0iMSIgaGVpZ2h0PSIxIiB4bWxucz0iaHR0cDovL3d3dy53My5vcmcvMjAwMC9zdmciPjwvc3ZnPg==\" style=\"--smush-placeholder-width: 550px; --smush-placeholder-aspect-ratio: 550\/309;\" \/><img decoding=\"async\" class=\"gallery-img-mobile lazyload\" data-src=\"https:\/\/cottage.cz\/wp-content\/uploads\/2016\/11\/old_cottage-500x500.jpg\" alt=\"\" src=\"data:image\/svg+xml;base64,PHN2ZyB3aWR0aD0iMSIgaGVpZ2h0PSIxIiB4bWxucz0iaHR0cDovL3d3dy53My5vcmcvMjAwMC9zdmciPjwvc3ZnPg==\" style=\"--smush-placeholder-width: 500px; --smush-placeholder-aspect-ratio: 500\/500;\" \/><div class=\"gallery-enlarge\"><\/div><\/a><\/div><style type=\"text\/css\">.gallery-1 .gallery-column { width: 33.33%; padding-bottom: 18.75%; }.gallery-1 { margin-left: -0px; margin-right: -0px; }.gallery-1 .gallery-item {bottom: 0px;left: 0px;right: 0px;top: 0px;}<\/style><\/div>\n","protected":false},"excerpt":{"rendered":"<p>Czechos\u0142owacka Szwajcaria jest jednym z pierwszych miejsc na \u015bwiecie, w kt\u00f3rym zacz\u0105\u0142 rozwija\u0107 si\u0119 biznes z zakresu turystyki. Pierwsz\u0105 atrakcj\u0105 turystyczn\u0105 by\u0142 skalny most Bastei (1851) i skalny zamek Neuraten w Szwajcarii Sakso\u0144skiej. Pierwsi tury\u015bci zacz\u0119li nap\u0142ywa\u0107 do Czeskiej Szwajcarii ju\u017c w XIX wieku. Pierwszy biznes turystyczny zwi\u0105zany jest z hrabi\u0105 Edmundem Clary-Aldringenem (1813-1894) z [&hellip;]<\/p>\n","protected":false},"author":2,"featured_media":0,"parent":0,"menu_order":0,"comment_status":"closed","ping_status":"closed","template":"","meta":{"_monsterinsights_skip_tracking":false,"_monsterinsights_sitenote_active":false,"_monsterinsights_sitenote_note":"","_monsterinsights_sitenote_category":0,"ngg_post_thumbnail":0,"footnotes":""},"class_list":["post-20526","page","type-page","status-publish","hentry"],"aioseo_notices":[],"_links":{"self":[{"href":"https:\/\/cottage.cz\/pl\/wp-json\/wp\/v2\/pages\/20526","targetHints":{"allow":["GET"]}}],"collection":[{"href":"https:\/\/cottage.cz\/pl\/wp-json\/wp\/v2\/pages"}],"about":[{"href":"https:\/\/cottage.cz\/pl\/wp-json\/wp\/v2\/types\/page"}],"author":[{"embeddable":true,"href":"https:\/\/cottage.cz\/pl\/wp-json\/wp\/v2\/users\/2"}],"replies":[{"embeddable":true,"href":"https:\/\/cottage.cz\/pl\/wp-json\/wp\/v2\/comments?post=20526"}],"version-history":[{"count":1,"href":"https:\/\/cottage.cz\/pl\/wp-json\/wp\/v2\/pages\/20526\/revisions"}],"predecessor-version":[{"id":20527,"href":"https:\/\/cottage.cz\/pl\/wp-json\/wp\/v2\/pages\/20526\/revisions\/20527"}],"wp:attachment":[{"href":"https:\/\/cottage.cz\/pl\/wp-json\/wp\/v2\/media?parent=20526"}],"curies":[{"name":"wp","href":"https:\/\/api.w.org\/{rel}","templated":true}]}}