{"id":20512,"date":"2024-01-01T14:40:57","date_gmt":"2024-01-01T13:40:57","guid":{"rendered":"https:\/\/cottage.napokusy.cz\/?page_id=20512"},"modified":"2024-01-01T14:41:00","modified_gmt":"2024-01-01T13:41:00","slug":"doswiadczenia","status":"publish","type":"page","link":"https:\/\/cottage.cz\/pl\/doswiadczenia\/","title":{"rendered":"Do\u015bwiadczenia"},"content":{"rendered":"<div class=\"pt-cv-wrapper\"><div class=\"pt-cv-view pt-cv-grid pt-cv-colsys pt-cv-pgregular pt-cv-sharp-buttons\" id=\"pt-cv-view-ecdf67a0km\"><div data-id=\"pt-cv-page-1\" class=\"pt-cv-page\" data-cvc=\"3\"><div class=\"col-md-4 col-sm-6 col-xs-12 pt-cv-content-item pt-cv-1-col\"  data-pid=\"25547\"><div class='pt-cv-ifield'><a href=\"https:\/\/cottage.cz\/pl\/wycieczka-calodniowa-wycieczka-rowerem-elektrycznym-po-calej-czesko-saksonskiej-szwajcarii\/\" class=\"_self pt-cv-href-thumbnail pt-cv-thumb-default cvplbd\" target=\"_self\" ><img decoding=\"async\" width=\"300\" height=\"169\" data-src=\"https:\/\/cottage.cz\/wp-content\/uploads\/2015\/07\/ebike-ceske-svycarsko-300x169.jpg\" class=\"pt-cv-thumbnail img-none lazyload\" alt=\"Wycieczka: Ca\u0142odniowa wycieczka rowerem elektrycznym po ca\u0142ej Czesko-Sakso\u0144skiej Szwajcarii\" data-srcset=\"https:\/\/cottage.cz\/wp-content\/uploads\/2015\/07\/ebike-ceske-svycarsko-300x169.jpg 300w, https:\/\/cottage.cz\/wp-content\/uploads\/2015\/07\/ebike-ceske-svycarsko-768x432.jpg 768w, https:\/\/cottage.cz\/wp-content\/uploads\/2015\/07\/ebike-ceske-svycarsko-1024x576.jpg 1024w, https:\/\/cottage.cz\/wp-content\/uploads\/2015\/07\/ebike-ceske-svycarsko.jpg 1920w\" data-sizes=\"(max-width: 300px) 100vw, 300px\" src=\"data:image\/svg+xml;base64,PHN2ZyB3aWR0aD0iMSIgaGVpZ2h0PSIxIiB4bWxucz0iaHR0cDovL3d3dy53My5vcmcvMjAwMC9zdmciPjwvc3ZnPg==\" style=\"--smush-placeholder-width: 300px; --smush-placeholder-aspect-ratio: 300\/169;\" \/><\/a>\n<h4 class=\"pt-cv-title\"><a href=\"https:\/\/cottage.cz\/pl\/wycieczka-calodniowa-wycieczka-rowerem-elektrycznym-po-calej-czesko-saksonskiej-szwajcarii\/\" class=\"_self cvplbd\" target=\"_self\" >Wycieczka: Ca\u0142odniowa wycieczka rowerem elektrycznym po ca\u0142ej Czesko-Sakso\u0144skiej Szwajcarii<\/a><\/h4>\n<div class=\"pt-cv-content\">Lubi\u0119 natur\u0119, ale nadal peda\u0142uj\u0119 i je\u017cd\u017c\u0119 bez pocenia si\u0119, to s\u0105 e-rowery!\" Podczas ca\u0142odniowej wycieczki po Czeskiej Szwajcarii przejedziesz ...<br \/><div class=\"pt-cv-rmwrap\"><a href=\"https:\/\/cottage.cz\/pl\/wycieczka-calodniowa-wycieczka-rowerem-elektrycznym-po-calej-czesko-saksonskiej-szwajcarii\/\" class=\"_self pt-cv-readmore btn btn-success cvplbd\" target=\"_self\">V\u00edce informac\u00ed zde<\/a><\/div><\/div><\/div><\/div>\n<div class=\"col-md-4 col-sm-6 col-xs-12 pt-cv-content-item pt-cv-1-col\"  data-pid=\"21168\"><div class='pt-cv-ifield'><a href=\"https:\/\/cottage.cz\/pl\/wycieczka-rakietach-snieznych\/\" class=\"_self pt-cv-href-thumbnail pt-cv-thumb-default cvplbd\" target=\"_self\" ><img decoding=\"async\" width=\"300\" height=\"169\" data-src=\"https:\/\/cottage.cz\/wp-content\/uploads\/2016\/02\/IMG_20170112_143120-300x169.jpg\" class=\"pt-cv-thumbnail img-none lazyload\" alt=\"Wycieczka: rakietach \u015bnie\u017cnych\" data-srcset=\"https:\/\/cottage.cz\/wp-content\/uploads\/2016\/02\/IMG_20170112_143120-300x169.jpg 300w, https:\/\/cottage.cz\/wp-content\/uploads\/2016\/02\/IMG_20170112_143120-768x432.jpg 768w, https:\/\/cottage.cz\/wp-content\/uploads\/2016\/02\/IMG_20170112_143120-1024x576.jpg 1024w, https:\/\/cottage.cz\/wp-content\/uploads\/2016\/02\/IMG_20170112_143120.jpg 1920w\" data-sizes=\"(max-width: 300px) 100vw, 300px\" src=\"data:image\/svg+xml;base64,PHN2ZyB3aWR0aD0iMSIgaGVpZ2h0PSIxIiB4bWxucz0iaHR0cDovL3d3dy53My5vcmcvMjAwMC9zdmciPjwvc3ZnPg==\" style=\"--smush-placeholder-width: 300px; --smush-placeholder-aspect-ratio: 300\/169;\" \/><\/a>\n<h4 class=\"pt-cv-title\"><a href=\"https:\/\/cottage.cz\/pl\/wycieczka-rakietach-snieznych\/\" class=\"_self cvplbd\" target=\"_self\" >Wycieczka: rakietach \u015bnie\u017cnych<\/a><\/h4>\n<div class=\"pt-cv-content\">Przyjd\u017a spr\u00f3bowa\u0107 na rakietach \u015bnie\u017cnych i odkry\u0107 \u015bnie\u017cny krajobraz Czeskiej Szwajcarii i G\u00f3r \u0141u\u017cyckich, untrodden miejsce poza drogami.\u00a0Rakiety tym pa\u0142eczki ...<br \/><div class=\"pt-cv-rmwrap\"><a href=\"https:\/\/cottage.cz\/pl\/wycieczka-rakietach-snieznych\/\" class=\"_self pt-cv-readmore btn btn-success cvplbd\" target=\"_self\">V\u00edce informac\u00ed zde<\/a><\/div><\/div><\/div><\/div>\n<div class=\"col-md-4 col-sm-6 col-xs-12 pt-cv-content-item pt-cv-1-col\"  data-pid=\"21155\"><div class='pt-cv-ifield'><a href=\"https:\/\/cottage.cz\/pl\/krotki-nordic-walking\/\" class=\"_self pt-cv-href-thumbnail pt-cv-thumb-default cvplbd\" target=\"_self\" ><img decoding=\"async\" width=\"300\" height=\"200\" data-src=\"https:\/\/cottage.cz\/wp-content\/uploads\/2018\/03\/IMG_8722-300x200.jpg\" class=\"pt-cv-thumbnail img-none lazyload\" alt=\"Kr\u00f3tki: Nordic walking\" data-srcset=\"https:\/\/cottage.cz\/wp-content\/uploads\/2018\/03\/IMG_8722-300x200.jpg 300w, https:\/\/cottage.cz\/wp-content\/uploads\/2018\/03\/IMG_8722-768x512.jpg 768w, https:\/\/cottage.cz\/wp-content\/uploads\/2018\/03\/IMG_8722-1024x683.jpg 1024w\" data-sizes=\"(max-width: 300px) 100vw, 300px\" src=\"data:image\/svg+xml;base64,PHN2ZyB3aWR0aD0iMSIgaGVpZ2h0PSIxIiB4bWxucz0iaHR0cDovL3d3dy53My5vcmcvMjAwMC9zdmciPjwvc3ZnPg==\" style=\"--smush-placeholder-width: 300px; --smush-placeholder-aspect-ratio: 300\/200;\" \/><\/a>\n<h4 class=\"pt-cv-title\"><a href=\"https:\/\/cottage.cz\/pl\/krotki-nordic-walking\/\" class=\"_self cvplbd\" target=\"_self\" >Kr\u00f3tki: Nordic walking<\/a><\/h4>\n<div class=\"pt-cv-content\">Czy wybra\u0107 si\u0119 na wycieczk\u0119 z kijami? Nordic joga? Chc\u0105 si\u0119 uczy\u0107, je\u015bli u\u017cywasz poprawnej dziur\u0119, doskona\u0142a technika trzyma kij, ...<br \/><div class=\"pt-cv-rmwrap\"><a href=\"https:\/\/cottage.cz\/pl\/krotki-nordic-walking\/\" class=\"_self pt-cv-readmore btn btn-success cvplbd\" target=\"_self\">V\u00edce informac\u00ed zde<\/a><\/div><\/div><\/div><\/div>\n<div class=\"col-md-4 col-sm-6 col-xs-12 pt-cv-content-item pt-cv-1-col\"  data-pid=\"21149\"><div class='pt-cv-ifield'><a href=\"https:\/\/cottage.cz\/pl\/wycieczki-z-przewodnikiem\/\" class=\"_self pt-cv-href-thumbnail pt-cv-thumb-default cvplbd\" target=\"_self\" ><img decoding=\"async\" width=\"300\" height=\"200\" data-src=\"https:\/\/cottage.cz\/wp-content\/uploads\/2020\/03\/DSCF4847-2-300x200.jpg\" class=\"pt-cv-thumbnail img-none lazyload\" alt=\"Wycieczki z przewodnikiem\" data-srcset=\"https:\/\/cottage.cz\/wp-content\/uploads\/2020\/03\/DSCF4847-2-300x200.jpg 300w, https:\/\/cottage.cz\/wp-content\/uploads\/2020\/03\/DSCF4847-2-1024x683.jpg 1024w, https:\/\/cottage.cz\/wp-content\/uploads\/2020\/03\/DSCF4847-2-768x512.jpg 768w, https:\/\/cottage.cz\/wp-content\/uploads\/2020\/03\/DSCF4847-2-1536x1024.jpg 1536w, https:\/\/cottage.cz\/wp-content\/uploads\/2020\/03\/DSCF4847-2-2048x1365.jpg 2048w\" data-sizes=\"(max-width: 300px) 100vw, 300px\" src=\"data:image\/svg+xml;base64,PHN2ZyB3aWR0aD0iMSIgaGVpZ2h0PSIxIiB4bWxucz0iaHR0cDovL3d3dy53My5vcmcvMjAwMC9zdmciPjwvc3ZnPg==\" style=\"--smush-placeholder-width: 300px; --smush-placeholder-aspect-ratio: 300\/200;\" \/><\/a>\n<h4 class=\"pt-cv-title\"><a href=\"https:\/\/cottage.cz\/pl\/wycieczki-z-przewodnikiem\/\" class=\"_self cvplbd\" target=\"_self\" >Wycieczki z przewodnikiem<\/a><\/h4>\n<div class=\"pt-cv-content\">Zorganizujemy indywidualn\u0105 wycieczk\u0119 z programem w Czeskiej Szwajcarii, G\u00f3ry \u0141u\u017cyckie na Twoje \u017cyczenie. Jeste\u015b firm\u0105 i musisz przewietrzy\u0107 g\u0142owy swoich ...<br \/><div class=\"pt-cv-rmwrap\"><a href=\"https:\/\/cottage.cz\/pl\/wycieczki-z-przewodnikiem\/\" class=\"_self pt-cv-readmore btn btn-success cvplbd\" target=\"_self\">V\u00edce informac\u00ed zde<\/a><\/div><\/div><\/div><\/div><\/div><\/div><\/div>\t\t\t<style type=\"text\/css\" id=\"pt-cv-inline-style-f90df4d1os\">#pt-cv-view-ecdf67a0km.pt-cv-post-border { margin: 0; border-top-width: 1px; border-left-width: 1px }\n#pt-cv-view-ecdf67a0km.pt-cv-post-border { margin: 0; border-top-style: solid; border-left-style: solid }\n#pt-cv-view-ecdf67a0km.pt-cv-post-border .pt-cv-content-item   { border-right-width: 1px; border-bottom-width: 1px; border-right-style: solid; border-bottom-style: solid; }\n#pt-cv-view-ecdf67a0km .pt-cv-title a, #pt-cv-view-ecdf67a0km  .panel-title { font-weight: 600 !important; }\n#pt-cv-view-ecdf67a0km .pt-cv-readmore  { color: #ffffff !important; background-color: #ba7f42 !important; }\n#pt-cv-view-ecdf67a0km .pt-cv-readmore:hover  { color: #ffffff !important; background-color: #ba7f42 !important; }\n#pt-cv-view-ecdf67a0km  + .pt-cv-pagination-wrapper .pt-cv-more , #pt-cv-view-ecdf67a0km  + .pt-cv-pagination-wrapper .pagination .active a { color: #ffffff !important; background-color: #ba7f42 !important; }<\/style>\r\n\t\t\t\n","protected":false},"excerpt":{"rendered":"","protected":false},"author":2,"featured_media":14981,"parent":0,"menu_order":0,"comment_status":"closed","ping_status":"closed","template":"","meta":{"_monsterinsights_skip_tracking":false,"_monsterinsights_sitenote_active":false,"_monsterinsights_sitenote_note":"","_monsterinsights_sitenote_category":0,"ngg_post_thumbnail":0,"footnotes":""},"class_list":["post-20512","page","type-page","status-publish","has-post-thumbnail","hentry"],"aioseo_notices":[],"_links":{"self":[{"href":"https:\/\/cottage.cz\/pl\/wp-json\/wp\/v2\/pages\/20512","targetHints":{"allow":["GET"]}}],"collection":[{"href":"https:\/\/cottage.cz\/pl\/wp-json\/wp\/v2\/pages"}],"about":[{"href":"https:\/\/cottage.cz\/pl\/wp-json\/wp\/v2\/types\/page"}],"author":[{"embeddable":true,"href":"https:\/\/cottage.cz\/pl\/wp-json\/wp\/v2\/users\/2"}],"replies":[{"embeddable":true,"href":"https:\/\/cottage.cz\/pl\/wp-json\/wp\/v2\/comments?post=20512"}],"version-history":[{"count":1,"href":"https:\/\/cottage.cz\/pl\/wp-json\/wp\/v2\/pages\/20512\/revisions"}],"predecessor-version":[{"id":20513,"href":"https:\/\/cottage.cz\/pl\/wp-json\/wp\/v2\/pages\/20512\/revisions\/20513"}],"wp:featuredmedia":[{"embeddable":true,"href":"https:\/\/cottage.cz\/pl\/wp-json\/wp\/v2\/media\/14981"}],"wp:attachment":[{"href":"https:\/\/cottage.cz\/pl\/wp-json\/wp\/v2\/media?parent=20512"}],"curies":[{"name":"wp","href":"https:\/\/api.w.org\/{rel}","templated":true}]}}