{"id":20465,"date":"2023-12-29T16:31:29","date_gmt":"2023-12-29T15:31:29","guid":{"rendered":"https:\/\/cottage.napokusy.cz\/?page_id=20465"},"modified":"2023-12-29T16:31:31","modified_gmt":"2023-12-29T15:31:31","slug":"pravcicka-brana","status":"publish","type":"page","link":"https:\/\/cottage.cz\/pl\/pravcicka-brana\/","title":{"rendered":"Prav\u010dick\u00e1 br\u00e1na"},"content":{"rendered":"<p>Narodowy pomnik przyrody Prav\u010dick\u00e1 br\u00e1na (po niemiecku Prebischtor) to formacja skalna na terenie Parku Narodowego Czeska Szwajcaria, oko\u0142o 3 km od H\u0159enska. Wymiary bramy to 26,5 m szeroko\u015bci i 16 m wysoko\u015bci. Prav\u010dick\u00e1 br\u00e1na to najwi\u0119ksza skalna brama z piaskowca w Europie. W otaczaj\u0105cym go masywie skalnym Prav\u010dick\u00e1 br\u00e1na znajduje si\u0119 zamek i restauracja Sokol\u00ed hn\u00edzdo.<\/p>\n<p>Ostrze\u017cenie: to jest to, co chcesz zobaczy\u0107. Op\u0142ata za wst\u0119p 75 CZK od osoby dla w\u0142a\u015bciciela zamku, NP \u010cesk\u00e9 \u0160v\u00fdcarsko. Aktualne godziny otwarcia i ceny bilet\u00f3w znajdziesz tutaj.<\/p>\n<p>Cena talerza H\u0159enskiej to minimum 100 CZK (cena minimalna 100 CZK)<\/p>\n<p>Drugim i lepszym sposobem dotarcia do Prav\u010dickej br\u00e1ny jest trasa czerwona z Mezn\u00ed Louka (lub z Meznej \u2013 bez op\u0142aty za parkowanie). Ale je\u015bli nie chcesz mie\u0107 z tym nic wsp\u00f3lnego, b\u0119dziesz musia\u0142 pojecha\u0107 autobusem turystycznym kilka minut drogi.<\/p>\n<p><iframe data-src=\"https:\/\/www.youtube.com\/embed\/xCLTv8WxrKs\" width=\"853\" height=\"480\" frameborder=\"0\" src=\"data:image\/svg+xml;base64,PHN2ZyB3aWR0aD0iMSIgaGVpZ2h0PSIxIiB4bWxucz0iaHR0cDovL3d3dy53My5vcmcvMjAwMC9zdmciPjwvc3ZnPg==\" class=\"lazyload\" data-load-mode=\"1\"><\/iframe><\/p>\n<p><img decoding=\"async\" src=\"http:\/\/cottage.cz\/wp-content\/uploads\/2017\/07\/cottage_files\/01 Prav\u010dick\u00e1 br\u00e1na,  foto Z. Patzelt.jpg\" \/><img decoding=\"async\" src=\"http:\/\/cottage.cz\/wp-content\/uploads\/2017\/07\/cottage_files\/15 Prav\u010dick\u00e1 br\u00e1na v zim\u011b, foto V. Sojka.jpg\" \/><img decoding=\"async\" data-src=\"http:\/\/cottage.cz\/wp-content\/uploads\/2017\/07\/cottage_files\/WP_20150812_13_02_41_Pro.jpg\" src=\"data:image\/svg+xml;base64,PHN2ZyB3aWR0aD0iMSIgaGVpZ2h0PSIxIiB4bWxucz0iaHR0cDovL3d3dy53My5vcmcvMjAwMC9zdmciPjwvc3ZnPg==\" class=\"lazyload\" \/><img decoding=\"async\" data-src=\"http:\/\/cottage.cz\/wp-content\/uploads\/2017\/07\/cottage_files\/WP_20150812_13_16_23_Pro.jpg\" src=\"data:image\/svg+xml;base64,PHN2ZyB3aWR0aD0iMSIgaGVpZ2h0PSIxIiB4bWxucz0iaHR0cDovL3d3dy53My5vcmcvMjAwMC9zdmciPjwvc3ZnPg==\" class=\"lazyload\" \/><\/p>\n","protected":false},"excerpt":{"rendered":"<p>Narodowy pomnik przyrody Prav\u010dick\u00e1 br\u00e1na (po niemiecku Prebischtor) to formacja skalna na terenie Parku Narodowego Czeska Szwajcaria, oko\u0142o 3 km od H\u0159enska. Wymiary bramy to 26,5 m szeroko\u015bci i 16 m wysoko\u015bci. Prav\u010dick\u00e1 br\u00e1na to najwi\u0119ksza skalna brama z piaskowca w Europie. W otaczaj\u0105cym go masywie skalnym Prav\u010dick\u00e1 br\u00e1na znajduje si\u0119 zamek i restauracja Sokol\u00ed [&hellip;]<\/p>\n","protected":false},"author":2,"featured_media":0,"parent":0,"menu_order":0,"comment_status":"closed","ping_status":"closed","template":"","meta":{"_monsterinsights_skip_tracking":false,"_monsterinsights_sitenote_active":false,"_monsterinsights_sitenote_note":"","_monsterinsights_sitenote_category":0,"ngg_post_thumbnail":0,"footnotes":""},"class_list":["post-20465","page","type-page","status-publish","hentry"],"aioseo_notices":[],"_links":{"self":[{"href":"https:\/\/cottage.cz\/pl\/wp-json\/wp\/v2\/pages\/20465","targetHints":{"allow":["GET"]}}],"collection":[{"href":"https:\/\/cottage.cz\/pl\/wp-json\/wp\/v2\/pages"}],"about":[{"href":"https:\/\/cottage.cz\/pl\/wp-json\/wp\/v2\/types\/page"}],"author":[{"embeddable":true,"href":"https:\/\/cottage.cz\/pl\/wp-json\/wp\/v2\/users\/2"}],"replies":[{"embeddable":true,"href":"https:\/\/cottage.cz\/pl\/wp-json\/wp\/v2\/comments?post=20465"}],"version-history":[{"count":1,"href":"https:\/\/cottage.cz\/pl\/wp-json\/wp\/v2\/pages\/20465\/revisions"}],"predecessor-version":[{"id":20466,"href":"https:\/\/cottage.cz\/pl\/wp-json\/wp\/v2\/pages\/20465\/revisions\/20466"}],"wp:attachment":[{"href":"https:\/\/cottage.cz\/pl\/wp-json\/wp\/v2\/media?parent=20465"}],"curies":[{"name":"wp","href":"https:\/\/api.w.org\/{rel}","templated":true}]}}