{"id":20457,"date":"2023-12-29T16:19:08","date_gmt":"2023-12-29T15:19:08","guid":{"rendered":"https:\/\/cottage.napokusy.cz\/?page_id=20457"},"modified":"2023-12-29T16:19:10","modified_gmt":"2023-12-29T15:19:10","slug":"park-narodowy-czeska-szwajcaria","status":"publish","type":"page","link":"https:\/\/cottage.cz\/pl\/park-narodowy-czeska-szwajcaria\/","title":{"rendered":"Park Narodowy Czeska Szwajcaria"},"content":{"rendered":"\n<p>Park Narodowy Czeska Szwajcaria zosta\u0142 uznany w 2000 roku, g\u0142\u00f3wnym przedmiotem ochrony s\u0105 unikalne formacje piaskowcowe i zwi\u0105zany z nimi biotop. Masywne wie\u017ce skalne, bramy, mury, w\u0105wozy, miasta i labirynty powsta\u0142y w wyniku erozji kredowych osad\u00f3w morskich, kt\u00f3re zosta\u0142y wyniesione na powierzchni\u0119 w okresie czwartorz\u0119du w wyniku fa\u0142dowania alpejskiego. Najbardziej znan\u0105 formacj\u0105 skaln\u0105 jest Prav\u010dick\u00e1 br\u00e1na.<\/p>\n\n\n\n<p>\u010cesk\u00e9 \u0160v\u00fdcarsko po\u0142o\u017cone jest w powiecie D\u011b\u010d\u00edn pomi\u0119dzy wsiami H\u0159ensko, Ch\u0159ibsk\u00e1 i Brtn\u00edky. Zajmuje obszar w pobli\u017cu granicy pa\u0144stwowej z Niemcami, kt\u00f3ra oddziela go od Parku Narodowego Szwajcarii Sakso\u0144skiej. Powierzchnia parku wynosi 79,23 km\u00b2.<\/p>\n\n\n\n<p>Obszar ten nale\u017cy do jednostki geomorfologicznej Wy\u017cyny D\u011b\u010d\u00ednskiej, kt\u00f3ra jest cz\u0119\u015bci\u0105 Kru\u0161nohorskiej Hornatiny. W parku znajduje si\u0119 tylko jedna wie\u015b, a mianowicie Mezn\u00e1 nale\u017c\u0105ca do gminy H\u0159ensko, a tak\u017ce ruiny m\u0142yna wodnego i kilka zamk\u00f3w skalnych (np. Falken\u0161tejn, \u0160aun\u0161tejn, Brtnick\u00fd hradek, \u2026). Lasy zajmuj\u0105 97% terytorium. Pierwotnie dominuj\u0105cy buk le\u015bny zosta\u0142 zast\u0105piony przez dominuj\u0105cy obecnie \u015bwierk pospolity. Niegdy\u015b dobrze znan\u0105 ro\u015blin\u0105 parku by\u0142a hortensja Kentish, ale nie mo\u017cna jej ju\u017c spotka\u0107 w parku, podobnie jak wielu zwierz\u0105t, takich jak \u0142o\u015b europejski czy \u017cbik. W Czeskiej Szwajcarii gniazduje kilkadziesi\u0105t gatunk\u00f3w ptak\u00f3w, w tym bocian czarny czy sok\u00f3\u0142 w\u0119drowny, kt\u00f3rych lokalna populacja jest najwi\u0119ksza w Europie \u015arodkowej.<\/p>\n\n\n\n<p>Oficjalna strona internetowa Zarz\u0105du Parku Narodowego Czeska Szwajcaria: www.npcs.cz<\/p>\n","protected":false},"excerpt":{"rendered":"<p>Park Narodowy Czeska Szwajcaria zosta\u0142 uznany w 2000 roku, g\u0142\u00f3wnym przedmiotem ochrony s\u0105 unikalne formacje piaskowcowe i zwi\u0105zany z nimi biotop. Masywne wie\u017ce skalne, bramy, mury, w\u0105wozy, miasta i labirynty powsta\u0142y w wyniku erozji kredowych osad\u00f3w morskich, kt\u00f3re zosta\u0142y wyniesione na powierzchni\u0119 w okresie czwartorz\u0119du w wyniku fa\u0142dowania alpejskiego. Najbardziej znan\u0105 formacj\u0105 skaln\u0105 jest Prav\u010dick\u00e1 [&hellip;]<\/p>\n","protected":false},"author":2,"featured_media":13622,"parent":0,"menu_order":0,"comment_status":"closed","ping_status":"closed","template":"","meta":{"_monsterinsights_skip_tracking":false,"_monsterinsights_sitenote_active":false,"_monsterinsights_sitenote_note":"","_monsterinsights_sitenote_category":0,"ngg_post_thumbnail":0,"footnotes":""},"class_list":["post-20457","page","type-page","status-publish","has-post-thumbnail","hentry"],"aioseo_notices":[],"_links":{"self":[{"href":"https:\/\/cottage.cz\/pl\/wp-json\/wp\/v2\/pages\/20457","targetHints":{"allow":["GET"]}}],"collection":[{"href":"https:\/\/cottage.cz\/pl\/wp-json\/wp\/v2\/pages"}],"about":[{"href":"https:\/\/cottage.cz\/pl\/wp-json\/wp\/v2\/types\/page"}],"author":[{"embeddable":true,"href":"https:\/\/cottage.cz\/pl\/wp-json\/wp\/v2\/users\/2"}],"replies":[{"embeddable":true,"href":"https:\/\/cottage.cz\/pl\/wp-json\/wp\/v2\/comments?post=20457"}],"version-history":[{"count":1,"href":"https:\/\/cottage.cz\/pl\/wp-json\/wp\/v2\/pages\/20457\/revisions"}],"predecessor-version":[{"id":20458,"href":"https:\/\/cottage.cz\/pl\/wp-json\/wp\/v2\/pages\/20457\/revisions\/20458"}],"wp:featuredmedia":[{"embeddable":true,"href":"https:\/\/cottage.cz\/pl\/wp-json\/wp\/v2\/media\/13622"}],"wp:attachment":[{"href":"https:\/\/cottage.cz\/pl\/wp-json\/wp\/v2\/media?parent=20457"}],"curies":[{"name":"wp","href":"https:\/\/api.w.org\/{rel}","templated":true}]}}