{"id":20450,"date":"2023-12-20T17:27:58","date_gmt":"2023-12-20T16:27:58","guid":{"rendered":"https:\/\/cottage.napokusy.cz\/?page_id=20450"},"modified":"2024-02-02T16:56:50","modified_gmt":"2024-02-02T15:56:50","slug":"o-nas-z-czeskiej-szwajcarii","status":"publish","type":"page","link":"https:\/\/cottage.cz\/pl\/o-nas-z-czeskiej-szwajcarii\/","title":{"rendered":"O nas z Czeskiej Szwajcarii"},"content":{"rendered":"<p style=\"text-align: center;\"><strong>Wizja Bohemian COTTAGE <\/strong><\/p>\n<p style=\"text-align: center;\">Tworzymy miejsce, kt\u00f3re swoj\u0105 niepowtarzaln\u0105 atmosfer\u0105 jest okazj\u0105 do odpoczynku, odnowienia si\u0142, generowania dobrych pomys\u0142\u00f3w i nowych wizji. Miejsce splecione z otaczaj\u0105cym go pi\u0119knym krajobrazem, kt\u00f3ry faluje i przekszta\u0142ca si\u0119 tak jak nasz wewn\u0119trzny \u015bwiat. To do\u015bwiadczenie nasze w\u0142asne i do\u015bwiadczenie miejsca, do kt\u00f3rego Pa\u0144stwa zapraszamy. Wierzymy, \u017ce natura wp\u0142ywa na nas i nasze wewn\u0119trzne otoczenie poprzez \u015bwiat\u0142o, krajobraz oraz niesko\u0144czon\u0105 liczb\u0119 kolor\u00f3w i zapach\u00f3w&#8230;<\/p>\n<div class=\"embed-responsive embed-responsive-16by9\"><iframe class=\"embed-responsive-item lazyload\" data-src=\"https:\/\/www.youtube.com\/embed\/k-yAtkct39Q\" allowfullscreen=\"allowfullscreen\" src=\"data:image\/svg+xml;base64,PHN2ZyB3aWR0aD0iMSIgaGVpZ2h0PSIxIiB4bWxucz0iaHR0cDovL3d3dy53My5vcmcvMjAwMC9zdmciPjwvc3ZnPg==\" data-load-mode=\"1\"><\/iframe><\/div>\n<p style=\"text-align: center;\">Irena oczami m\u0119\u017ca:<\/p>\n<p style=\"text-align: center;\">To wyj\u0105tkowa kobieta, kt\u00f3ra potrafi wszystko! Ma pi\u0119kny u\u015bmiech, otwarte serce, pachnie przyjemn\u0105 energi\u0105, wie, jak si\u0119 pogodzi\u0107, jest przyjacielska, otwarta i wspieraj\u0105ca&#8230; ale uwa\u017cajcie! Je\u015bli w czym\u015b si\u0119 ze mn\u0105 nie zgadza, to mnie nie zawodzi! Moja \u017cona patrzy na \u015bwiat perspektywicznie, widzi pi\u0119kno, ma poczucie estetyki, pisze wiersze i praktykuje jog\u0119, kt\u00f3rej zasady przek\u0142ada na potrzeby wsp\u00f3\u0142czesnego cz\u0142owieka. Jest muz\u0105, energi\u0105 i inspiracj\u0105 Bohemian Cottage.<\/p>\n<p style=\"text-align: center;\">\nAle\u0161 oczami \u017cony:<\/p>\n<p style=\"text-align: center;\">Jest doskona\u0142ym przewodnikiem po Parku Narodowym Czeska Szwajcaria. Dzi\u0119ki wyj\u0105tkowemu dowcipowi i dba\u0142o\u015bci o szczeg\u00f3\u0142y mo\u017ce wyczarowa\u0107 wspania\u0142e wra\u017cenia z podr\u00f3\u017cy przy ka\u017cdej pogodzie. Instruktor Nordic Walking, znakomity \u0142y\u017cwiarz i narciarz. Lubi przyrod\u0119, podr\u00f3\u017ce, sport, saun\u0119, piwo i kaw\u0119 w lokalnej kawiarni Atelier. Zamiast si\u0142owni r\u0105bie drewno i podziwia ludzi, kt\u00f3rzy dotrzymuj\u0105 s\u0142owa i s\u0105 otwarci na dialog. Jest w swojej opinii bardzo szczery, czasem a\u017c za bardzo :-), co ma wi\u0119cej ni\u017c tylko zalety! Szanuj\u0119 Ale\u0161a jako cz\u0142owieka, jest wspania\u0142ym tat\u0105 dla naszych dzieci i budulcem Bohemian Cottage.<\/p>\n<p><img decoding=\"async\" class=\"aligncenter wp-image-10338 size-full lazyload\" data-src=\"https:\/\/www.cottage.cz\/wp-content\/uploads\/2023\/03\/Resize-of-28.jpg\" alt=\"\" width=\"1200\" height=\"800\" data-srcset=\"https:\/\/cottage.cz\/wp-content\/uploads\/2023\/03\/Resize-of-28.jpg 1200w, https:\/\/cottage.cz\/wp-content\/uploads\/2023\/03\/Resize-of-28-300x200.jpg 300w, https:\/\/cottage.cz\/wp-content\/uploads\/2023\/03\/Resize-of-28-1024x683.jpg 1024w, https:\/\/cottage.cz\/wp-content\/uploads\/2023\/03\/Resize-of-28-768x512.jpg 768w\" data-sizes=\"(max-width: 1200px) 100vw, 1200px\" src=\"data:image\/svg+xml;base64,PHN2ZyB3aWR0aD0iMSIgaGVpZ2h0PSIxIiB4bWxucz0iaHR0cDovL3d3dy53My5vcmcvMjAwMC9zdmciPjwvc3ZnPg==\" style=\"--smush-placeholder-width: 1200px; --smush-placeholder-aspect-ratio: 1200\/800;\" \/><\/p>\n<p>Adres:<\/p>\n<p>Ale\u0161 Kubica i Irena Kubicov\u00e1<br \/>\nCzeska Chata<br \/>\nKamennej Horki 15<br \/>\nKr\u00e1sn\u00e1 L\u00edpa 40746<br \/>\nMT: +420 736 224 222<br \/>\ne-mail: info@cottage.cz<br \/>\nGodziny otwarcia: pon.-niedz. 8:00-20:00<\/p>\n<div><\/div>\n<p><iframe style=\"border: 0;\" data-src=\"https:\/\/www.google.com\/maps\/embed?pb=!1m18!1m12!1m3!1d10062.591005243657!2d14.48141225822315!3d50.911733576401495!2m3!1f0!2f0!3f0!3m2!1i1024!2i768!4f13.1!3m3!1m2!1s0x0%3A0xec13c5effa1710d4!2sBohemian+COTTAGE!5e0!3m2!1scs!2scz!4v1518546659736\" width=\"100%\" height=\"450\" frameborder=\"0\" allowfullscreen=\"allowfullscreen\" src=\"data:image\/svg+xml;base64,PHN2ZyB3aWR0aD0iMSIgaGVpZ2h0PSIxIiB4bWxucz0iaHR0cDovL3d3dy53My5vcmcvMjAwMC9zdmciPjwvc3ZnPg==\" class=\"lazyload\" data-load-mode=\"1\"><\/iframe><\/p>\n<div>\n<div class=\"gallery-1 gallery-wrapper columns-wrapper\"><div class=\"gallery-column\"><a class=\"gallery-item photoswipe-item\" data-caption=\"\" data-width=\"1920\" data-height=\"1080\" href=\"https:\/\/cottage.cz\/wp-content\/uploads\/2018\/02\/IMG_20170507_162902.jpg\" rel=\"lightbox[20450]\"><img decoding=\"async\" class=\"gallery-img-desktop lazyload\" data-src=\"https:\/\/cottage.cz\/wp-content\/uploads\/2018\/02\/IMG_20170507_162902-550x309.jpg\" alt=\"\" src=\"data:image\/svg+xml;base64,PHN2ZyB3aWR0aD0iMSIgaGVpZ2h0PSIxIiB4bWxucz0iaHR0cDovL3d3dy53My5vcmcvMjAwMC9zdmciPjwvc3ZnPg==\" style=\"--smush-placeholder-width: 550px; --smush-placeholder-aspect-ratio: 550\/309;\" \/><img decoding=\"async\" class=\"gallery-img-mobile lazyload\" data-src=\"https:\/\/cottage.cz\/wp-content\/uploads\/2018\/02\/IMG_20170507_162902-500x500.jpg\" alt=\"\" src=\"data:image\/svg+xml;base64,PHN2ZyB3aWR0aD0iMSIgaGVpZ2h0PSIxIiB4bWxucz0iaHR0cDovL3d3dy53My5vcmcvMjAwMC9zdmciPjwvc3ZnPg==\" style=\"--smush-placeholder-width: 500px; --smush-placeholder-aspect-ratio: 500\/500;\" \/><div class=\"gallery-enlarge\"><\/div><\/a><\/div><div class=\"gallery-column\"><a class=\"gallery-item photoswipe-item\" data-caption=\"\" data-width=\"800\" data-height=\"534\" href=\"https:\/\/cottage.cz\/wp-content\/uploads\/2012\/09\/11883061_1114966708526349_1287703639_o.jpg\" rel=\"lightbox[20450]\"><img decoding=\"async\" class=\"gallery-img-desktop lazyload\" data-src=\"https:\/\/cottage.cz\/wp-content\/uploads\/2012\/09\/11883061_1114966708526349_1287703639_o-550x309.jpg\" alt=\"\" src=\"data:image\/svg+xml;base64,PHN2ZyB3aWR0aD0iMSIgaGVpZ2h0PSIxIiB4bWxucz0iaHR0cDovL3d3dy53My5vcmcvMjAwMC9zdmciPjwvc3ZnPg==\" style=\"--smush-placeholder-width: 550px; --smush-placeholder-aspect-ratio: 550\/309;\" \/><img decoding=\"async\" class=\"gallery-img-mobile lazyload\" data-src=\"https:\/\/cottage.cz\/wp-content\/uploads\/2012\/09\/11883061_1114966708526349_1287703639_o-500x500.jpg\" alt=\"\" src=\"data:image\/svg+xml;base64,PHN2ZyB3aWR0aD0iMSIgaGVpZ2h0PSIxIiB4bWxucz0iaHR0cDovL3d3dy53My5vcmcvMjAwMC9zdmciPjwvc3ZnPg==\" style=\"--smush-placeholder-width: 500px; --smush-placeholder-aspect-ratio: 500\/500;\" \/><div class=\"gallery-enlarge\"><\/div><\/a><\/div><div class=\"gallery-column\"><a class=\"gallery-item photoswipe-item\" data-caption=\"\" data-width=\"800\" data-height=\"800\" href=\"https:\/\/cottage.cz\/wp-content\/uploads\/2012\/09\/nordic-walking-ales-kubica.jpg\" rel=\"lightbox[20450]\"><img decoding=\"async\" class=\"gallery-img-desktop lazyload\" data-src=\"https:\/\/cottage.cz\/wp-content\/uploads\/2012\/09\/nordic-walking-ales-kubica-550x309.jpg\" alt=\"\" src=\"data:image\/svg+xml;base64,PHN2ZyB3aWR0aD0iMSIgaGVpZ2h0PSIxIiB4bWxucz0iaHR0cDovL3d3dy53My5vcmcvMjAwMC9zdmciPjwvc3ZnPg==\" style=\"--smush-placeholder-width: 550px; --smush-placeholder-aspect-ratio: 550\/309;\" \/><img decoding=\"async\" class=\"gallery-img-mobile lazyload\" data-src=\"https:\/\/cottage.cz\/wp-content\/uploads\/2012\/09\/nordic-walking-ales-kubica-500x500.jpg\" alt=\"\" src=\"data:image\/svg+xml;base64,PHN2ZyB3aWR0aD0iMSIgaGVpZ2h0PSIxIiB4bWxucz0iaHR0cDovL3d3dy53My5vcmcvMjAwMC9zdmciPjwvc3ZnPg==\" style=\"--smush-placeholder-width: 500px; --smush-placeholder-aspect-ratio: 500\/500;\" \/><div class=\"gallery-enlarge\"><\/div><\/a><\/div><div class=\"gallery-column\"><a class=\"gallery-item photoswipe-item\" data-caption=\"\" data-width=\"800\" data-height=\"450\" href=\"https:\/\/cottage.cz\/wp-content\/uploads\/2012\/09\/IMG_20161229_111000.jpg\" rel=\"lightbox[20450]\"><img decoding=\"async\" class=\"gallery-img-desktop lazyload\" data-src=\"https:\/\/cottage.cz\/wp-content\/uploads\/2012\/09\/IMG_20161229_111000-550x309.jpg\" alt=\"\" src=\"data:image\/svg+xml;base64,PHN2ZyB3aWR0aD0iMSIgaGVpZ2h0PSIxIiB4bWxucz0iaHR0cDovL3d3dy53My5vcmcvMjAwMC9zdmciPjwvc3ZnPg==\" style=\"--smush-placeholder-width: 550px; --smush-placeholder-aspect-ratio: 550\/309;\" \/><img decoding=\"async\" class=\"gallery-img-mobile lazyload\" data-src=\"https:\/\/cottage.cz\/wp-content\/uploads\/2012\/09\/IMG_20161229_111000-500x500.jpg\" alt=\"\" src=\"data:image\/svg+xml;base64,PHN2ZyB3aWR0aD0iMSIgaGVpZ2h0PSIxIiB4bWxucz0iaHR0cDovL3d3dy53My5vcmcvMjAwMC9zdmciPjwvc3ZnPg==\" style=\"--smush-placeholder-width: 500px; --smush-placeholder-aspect-ratio: 500\/500;\" \/><div class=\"gallery-enlarge\"><\/div><\/a><\/div><div class=\"gallery-column\"><a class=\"gallery-item photoswipe-item\" data-caption=\"\" data-width=\"800\" data-height=\"450\" href=\"https:\/\/cottage.cz\/wp-content\/uploads\/2012\/09\/Papststein_2.jpg\" rel=\"lightbox[20450]\"><img decoding=\"async\" class=\"gallery-img-desktop lazyload\" data-src=\"https:\/\/cottage.cz\/wp-content\/uploads\/2012\/09\/Papststein_2-550x309.jpg\" alt=\"\" src=\"data:image\/svg+xml;base64,PHN2ZyB3aWR0aD0iMSIgaGVpZ2h0PSIxIiB4bWxucz0iaHR0cDovL3d3dy53My5vcmcvMjAwMC9zdmciPjwvc3ZnPg==\" style=\"--smush-placeholder-width: 550px; --smush-placeholder-aspect-ratio: 550\/309;\" \/><img decoding=\"async\" class=\"gallery-img-mobile lazyload\" data-src=\"https:\/\/cottage.cz\/wp-content\/uploads\/2012\/09\/Papststein_2-500x500.jpg\" alt=\"\" src=\"data:image\/svg+xml;base64,PHN2ZyB3aWR0aD0iMSIgaGVpZ2h0PSIxIiB4bWxucz0iaHR0cDovL3d3dy53My5vcmcvMjAwMC9zdmciPjwvc3ZnPg==\" style=\"--smush-placeholder-width: 500px; --smush-placeholder-aspect-ratio: 500\/500;\" \/><div class=\"gallery-enlarge\"><\/div><\/a><\/div><div class=\"gallery-column\"><a class=\"gallery-item photoswipe-item\" data-caption=\"\" data-width=\"600\" data-height=\"600\" href=\"https:\/\/cottage.cz\/wp-content\/uploads\/2012\/09\/2016-10-26-4.jpg\" rel=\"lightbox[20450]\"><img decoding=\"async\" class=\"gallery-img-desktop lazyload\" data-src=\"https:\/\/cottage.cz\/wp-content\/uploads\/2012\/09\/2016-10-26-4-550x309.jpg\" alt=\"\" src=\"data:image\/svg+xml;base64,PHN2ZyB3aWR0aD0iMSIgaGVpZ2h0PSIxIiB4bWxucz0iaHR0cDovL3d3dy53My5vcmcvMjAwMC9zdmciPjwvc3ZnPg==\" style=\"--smush-placeholder-width: 550px; --smush-placeholder-aspect-ratio: 550\/309;\" \/><img decoding=\"async\" class=\"gallery-img-mobile lazyload\" data-src=\"https:\/\/cottage.cz\/wp-content\/uploads\/2012\/09\/2016-10-26-4-500x500.jpg\" alt=\"\" src=\"data:image\/svg+xml;base64,PHN2ZyB3aWR0aD0iMSIgaGVpZ2h0PSIxIiB4bWxucz0iaHR0cDovL3d3dy53My5vcmcvMjAwMC9zdmciPjwvc3ZnPg==\" style=\"--smush-placeholder-width: 500px; --smush-placeholder-aspect-ratio: 500\/500;\" \/><div class=\"gallery-enlarge\"><\/div><\/a><\/div><div class=\"gallery-column\"><a class=\"gallery-item photoswipe-item\" data-caption=\"\" data-width=\"1953\" data-height=\"1375\" href=\"https:\/\/cottage.cz\/wp-content\/uploads\/2018\/02\/28060855_10215224261178649_6452511012752709962_o.jpg\" rel=\"lightbox[20450]\"><img decoding=\"async\" class=\"gallery-img-desktop lazyload\" data-src=\"https:\/\/cottage.cz\/wp-content\/uploads\/2018\/02\/28060855_10215224261178649_6452511012752709962_o-550x309.jpg\" alt=\"\" src=\"data:image\/svg+xml;base64,PHN2ZyB3aWR0aD0iMSIgaGVpZ2h0PSIxIiB4bWxucz0iaHR0cDovL3d3dy53My5vcmcvMjAwMC9zdmciPjwvc3ZnPg==\" style=\"--smush-placeholder-width: 550px; --smush-placeholder-aspect-ratio: 550\/309;\" \/><img decoding=\"async\" class=\"gallery-img-mobile lazyload\" data-src=\"https:\/\/cottage.cz\/wp-content\/uploads\/2018\/02\/28060855_10215224261178649_6452511012752709962_o-500x500.jpg\" alt=\"\" src=\"data:image\/svg+xml;base64,PHN2ZyB3aWR0aD0iMSIgaGVpZ2h0PSIxIiB4bWxucz0iaHR0cDovL3d3dy53My5vcmcvMjAwMC9zdmciPjwvc3ZnPg==\" style=\"--smush-placeholder-width: 500px; --smush-placeholder-aspect-ratio: 500\/500;\" \/><div class=\"gallery-enlarge\"><\/div><\/a><\/div><div class=\"gallery-column\"><a class=\"gallery-item photoswipe-item\" data-caption=\"\" data-width=\"1050\" data-height=\"700\" href=\"https:\/\/cottage.cz\/wp-content\/uploads\/2018\/02\/FB_IMG_1501669199903.jpg\" rel=\"lightbox[20450]\"><img decoding=\"async\" class=\"gallery-img-desktop lazyload\" data-src=\"https:\/\/cottage.cz\/wp-content\/uploads\/2018\/02\/FB_IMG_1501669199903-550x309.jpg\" alt=\"\" src=\"data:image\/svg+xml;base64,PHN2ZyB3aWR0aD0iMSIgaGVpZ2h0PSIxIiB4bWxucz0iaHR0cDovL3d3dy53My5vcmcvMjAwMC9zdmciPjwvc3ZnPg==\" style=\"--smush-placeholder-width: 550px; --smush-placeholder-aspect-ratio: 550\/309;\" \/><img decoding=\"async\" class=\"gallery-img-mobile lazyload\" data-src=\"https:\/\/cottage.cz\/wp-content\/uploads\/2018\/02\/FB_IMG_1501669199903-500x500.jpg\" alt=\"\" src=\"data:image\/svg+xml;base64,PHN2ZyB3aWR0aD0iMSIgaGVpZ2h0PSIxIiB4bWxucz0iaHR0cDovL3d3dy53My5vcmcvMjAwMC9zdmciPjwvc3ZnPg==\" style=\"--smush-placeholder-width: 500px; --smush-placeholder-aspect-ratio: 500\/500;\" \/><div class=\"gallery-enlarge\"><\/div><\/a><\/div><div class=\"gallery-column\"><a class=\"gallery-item photoswipe-item\" data-caption=\"\" data-width=\"960\" data-height=\"720\" href=\"https:\/\/cottage.cz\/wp-content\/uploads\/2018\/02\/IMG_20170806_151925.jpg\" rel=\"lightbox[20450]\"><img decoding=\"async\" class=\"gallery-img-desktop lazyload\" data-src=\"https:\/\/cottage.cz\/wp-content\/uploads\/2018\/02\/IMG_20170806_151925-550x309.jpg\" alt=\"\" src=\"data:image\/svg+xml;base64,PHN2ZyB3aWR0aD0iMSIgaGVpZ2h0PSIxIiB4bWxucz0iaHR0cDovL3d3dy53My5vcmcvMjAwMC9zdmciPjwvc3ZnPg==\" style=\"--smush-placeholder-width: 550px; --smush-placeholder-aspect-ratio: 550\/309;\" \/><img decoding=\"async\" class=\"gallery-img-mobile lazyload\" data-src=\"https:\/\/cottage.cz\/wp-content\/uploads\/2018\/02\/IMG_20170806_151925-500x500.jpg\" alt=\"\" src=\"data:image\/svg+xml;base64,PHN2ZyB3aWR0aD0iMSIgaGVpZ2h0PSIxIiB4bWxucz0iaHR0cDovL3d3dy53My5vcmcvMjAwMC9zdmciPjwvc3ZnPg==\" style=\"--smush-placeholder-width: 500px; --smush-placeholder-aspect-ratio: 500\/500;\" \/><div class=\"gallery-enlarge\"><\/div><\/a><\/div><div class=\"gallery-column\"><a class=\"gallery-item photoswipe-item\" data-caption=\"\" data-width=\"3984\" data-height=\"2988\" href=\"https:\/\/cottage.cz\/wp-content\/uploads\/2018\/02\/IMG_20170808_194026.jpg\" rel=\"lightbox[20450]\"><img decoding=\"async\" class=\"gallery-img-desktop lazyload\" data-src=\"https:\/\/cottage.cz\/wp-content\/uploads\/2018\/02\/IMG_20170808_194026-550x309.jpg\" alt=\"\" src=\"data:image\/svg+xml;base64,PHN2ZyB3aWR0aD0iMSIgaGVpZ2h0PSIxIiB4bWxucz0iaHR0cDovL3d3dy53My5vcmcvMjAwMC9zdmciPjwvc3ZnPg==\" style=\"--smush-placeholder-width: 550px; --smush-placeholder-aspect-ratio: 550\/309;\" \/><img decoding=\"async\" class=\"gallery-img-mobile lazyload\" data-src=\"https:\/\/cottage.cz\/wp-content\/uploads\/2018\/02\/IMG_20170808_194026-500x500.jpg\" alt=\"\" src=\"data:image\/svg+xml;base64,PHN2ZyB3aWR0aD0iMSIgaGVpZ2h0PSIxIiB4bWxucz0iaHR0cDovL3d3dy53My5vcmcvMjAwMC9zdmciPjwvc3ZnPg==\" style=\"--smush-placeholder-width: 500px; --smush-placeholder-aspect-ratio: 500\/500;\" \/><div class=\"gallery-enlarge\"><\/div><\/a><\/div><div class=\"gallery-column\"><a class=\"gallery-item photoswipe-item\" data-caption=\"\" data-width=\"1920\" data-height=\"1080\" href=\"https:\/\/cottage.cz\/wp-content\/uploads\/2018\/02\/IMG_20170624_170444.jpg\" rel=\"lightbox[20450]\"><img decoding=\"async\" class=\"gallery-img-desktop lazyload\" data-src=\"https:\/\/cottage.cz\/wp-content\/uploads\/2018\/02\/IMG_20170624_170444-550x309.jpg\" alt=\"\" src=\"data:image\/svg+xml;base64,PHN2ZyB3aWR0aD0iMSIgaGVpZ2h0PSIxIiB4bWxucz0iaHR0cDovL3d3dy53My5vcmcvMjAwMC9zdmciPjwvc3ZnPg==\" style=\"--smush-placeholder-width: 550px; --smush-placeholder-aspect-ratio: 550\/309;\" \/><img decoding=\"async\" class=\"gallery-img-mobile lazyload\" data-src=\"https:\/\/cottage.cz\/wp-content\/uploads\/2018\/02\/IMG_20170624_170444-500x500.jpg\" alt=\"\" src=\"data:image\/svg+xml;base64,PHN2ZyB3aWR0aD0iMSIgaGVpZ2h0PSIxIiB4bWxucz0iaHR0cDovL3d3dy53My5vcmcvMjAwMC9zdmciPjwvc3ZnPg==\" style=\"--smush-placeholder-width: 500px; --smush-placeholder-aspect-ratio: 500\/500;\" \/><div class=\"gallery-enlarge\"><\/div><\/a><\/div><div class=\"gallery-column\"><a class=\"gallery-item photoswipe-item\" data-caption=\"\" data-width=\"3264\" data-height=\"2448\" href=\"https:\/\/cottage.cz\/wp-content\/uploads\/2018\/10\/IMG_20181013_114801.jpg\" rel=\"lightbox[20450]\"><img decoding=\"async\" class=\"gallery-img-desktop lazyload\" data-src=\"https:\/\/cottage.cz\/wp-content\/uploads\/2018\/10\/IMG_20181013_114801-550x309.jpg\" alt=\"\" src=\"data:image\/svg+xml;base64,PHN2ZyB3aWR0aD0iMSIgaGVpZ2h0PSIxIiB4bWxucz0iaHR0cDovL3d3dy53My5vcmcvMjAwMC9zdmciPjwvc3ZnPg==\" style=\"--smush-placeholder-width: 550px; --smush-placeholder-aspect-ratio: 550\/309;\" \/><img decoding=\"async\" class=\"gallery-img-mobile lazyload\" data-src=\"https:\/\/cottage.cz\/wp-content\/uploads\/2018\/10\/IMG_20181013_114801-500x500.jpg\" alt=\"\" src=\"data:image\/svg+xml;base64,PHN2ZyB3aWR0aD0iMSIgaGVpZ2h0PSIxIiB4bWxucz0iaHR0cDovL3d3dy53My5vcmcvMjAwMC9zdmciPjwvc3ZnPg==\" style=\"--smush-placeholder-width: 500px; --smush-placeholder-aspect-ratio: 500\/500;\" \/><div class=\"gallery-enlarge\"><\/div><\/a><\/div><style type=\"text\/css\">.gallery-1 .gallery-column { width: 33.33%; padding-bottom: 18.75%; }.gallery-1 { margin-left: -0px; margin-right: -0px; }.gallery-1 .gallery-item {bottom: 0px;left: 0px;right: 0px;top: 0px;}<\/style><\/div>\n<\/div>\n","protected":false},"excerpt":{"rendered":"<p>Wizja Bohemian COTTAGE Tworzymy miejsce, kt\u00f3re swoj\u0105 niepowtarzaln\u0105 atmosfer\u0105 jest okazj\u0105 do odpoczynku, odnowienia si\u0142, generowania dobrych pomys\u0142\u00f3w i nowych wizji. Miejsce splecione z otaczaj\u0105cym go pi\u0119knym krajobrazem, kt\u00f3ry faluje i przekszta\u0142ca si\u0119 tak jak nasz wewn\u0119trzny \u015bwiat. To do\u015bwiadczenie nasze w\u0142asne i do\u015bwiadczenie miejsca, do kt\u00f3rego Pa\u0144stwa zapraszamy. Wierzymy, \u017ce natura wp\u0142ywa na nas [&hellip;]<\/p>\n","protected":false},"author":2,"featured_media":19040,"parent":0,"menu_order":0,"comment_status":"closed","ping_status":"closed","template":"","meta":{"_monsterinsights_skip_tracking":false,"_monsterinsights_sitenote_active":false,"_monsterinsights_sitenote_note":"","_monsterinsights_sitenote_category":0,"ngg_post_thumbnail":0,"footnotes":""},"class_list":["post-20450","page","type-page","status-publish","has-post-thumbnail","hentry"],"aioseo_notices":[],"_links":{"self":[{"href":"https:\/\/cottage.cz\/pl\/wp-json\/wp\/v2\/pages\/20450","targetHints":{"allow":["GET"]}}],"collection":[{"href":"https:\/\/cottage.cz\/pl\/wp-json\/wp\/v2\/pages"}],"about":[{"href":"https:\/\/cottage.cz\/pl\/wp-json\/wp\/v2\/types\/page"}],"author":[{"embeddable":true,"href":"https:\/\/cottage.cz\/pl\/wp-json\/wp\/v2\/users\/2"}],"replies":[{"embeddable":true,"href":"https:\/\/cottage.cz\/pl\/wp-json\/wp\/v2\/comments?post=20450"}],"version-history":[{"count":3,"href":"https:\/\/cottage.cz\/pl\/wp-json\/wp\/v2\/pages\/20450\/revisions"}],"predecessor-version":[{"id":21907,"href":"https:\/\/cottage.cz\/pl\/wp-json\/wp\/v2\/pages\/20450\/revisions\/21907"}],"wp:featuredmedia":[{"embeddable":true,"href":"https:\/\/cottage.cz\/pl\/wp-json\/wp\/v2\/media\/19040"}],"wp:attachment":[{"href":"https:\/\/cottage.cz\/pl\/wp-json\/wp\/v2\/media?parent=20450"}],"curies":[{"name":"wp","href":"https:\/\/api.w.org\/{rel}","templated":true}]}}