{"id":20431,"date":"2023-12-20T16:55:31","date_gmt":"2023-12-20T15:55:31","guid":{"rendered":"https:\/\/cottage.napokusy.cz\/?page_id=20431"},"modified":"2024-01-02T12:54:17","modified_gmt":"2024-01-02T11:54:17","slug":"krasna-lipa","status":"publish","type":"page","link":"https:\/\/cottage.cz\/pl\/krasna-lipa\/","title":{"rendered":"Krasna Lipa &#8211; brama do Parku Narodowego Czeska Szwajcaria"},"content":{"rendered":"<p><span style=\"font-size: revert; color: initial;\">Krasna Lipa to miasto licz\u0105ce oko\u0142o 3600 mieszka\u0144c\u00f3w, po\u0142o\u017cone w p\u00f3\u0142nocno-wschodniej cz\u0119\u015bci powiatu decinskiego. Rzeka miejska K\u0159inice, kt\u00f3ra biegnie przez Park Narodowy Czeska Szwajcaria nad \u0141ab\u0105.<\/span><\/p>\n<div>\n<p>Krasna Lipa to koniec XIII wieku. Pierwszymi osadnikami by\u0142o prawdopodobnie 30 rodzin kolonist\u00f3w z G\u00f3rnej Frankonii. Pierwsza pisemna wzmianka pochodzi z 1361 roku, kiedy w\u0142a\u015bcicielem wsi by\u0142 Wa\u0144ek von Wartenberg. Wraz z nadej\u015bciem luteranizmu w 1551 roku Krasna Lipa zosta\u0142a wymieniona jako luteranka. po kt\u00f3rym oko\u0142o 100 lat p\u00f3\u017aniej nast\u0105pi\u0142 ca\u0142kowity powr\u00f3t do katolicyzmu. w 1731 roku wie\u015b nale\u017ca\u0142a do cesarza Karola VI. promowa\u0142a spo\u0142eczno\u015b\u0107, jednocze\u015bnie rozwijaj\u0105c produkcj\u0119 i przetw\u00f3rstwo tekstyli\u00f3w. K promocja miasta nast\u0105pi\u0142a w 1870 roku. Przemys\u0142 w\u0142\u00f3kienniczy ma charakter przemys\u0142owy. Opr\u00f3cz rozwoju przemys\u0142u 2. polovina 19. wieku zwi\u0105zana by\u0142a tak\u017ce z rozwojem turystyki, 23 sierpnia 1885 Zosta\u0142 za\u0142o\u017cony w Krasnej Lipie Klub G\u00f3rski dla Czech P\u00f3\u0142nocnych, odpowiedzialny za tworzenie infrastruktury turystycznej. w 1910 r. miasto liczy\u0142o ponad 7000 mieszka\u0144c\u00f3w, w wyniku powojennych wysiedle\u0144 po 1945 r. liczba ta spad\u0142a do oko\u0142o 3100. do 2000 r. siedziba w\u0142adz miejskich Parku Narodowego Czeska Szwajcaria.<br \/>\nPolecam:<br \/>\nCentrum informacyjne Czeskiej Szwajcarii z wystaw\u0105, otwarte codziennie<br \/>\nBrowar Falkenstein, czynny codziennie<br \/>\nKawiarnia Atelier \u2013 czynna od pi\u0105tku do niedzieli<br \/>\nCzekoladowy Cz\u0142owiek \u2013 czynne codziennie<br \/>\nKompleks sportowy \u2013 czynny codziennie<\/p>\n<\/div>\n<div><\/div>\n<div>\n<div class=\"gallery-1 gallery-wrapper columns-wrapper\"><div class=\"gallery-column\"><a class=\"gallery-item photoswipe-item\" data-caption=\"\" data-width=\"3904\" data-height=\"2696\" href=\"https:\/\/cottage.cz\/wp-content\/uploads\/2018\/02\/01-N\u00e1m\u011bst\u00ed-s-nov\u00fdm-hotelem.jpg\" rel=\"lightbox[20431]\"><img decoding=\"async\" class=\"gallery-img-desktop lazyload\" data-src=\"https:\/\/cottage.cz\/wp-content\/uploads\/2018\/02\/01-N\u00e1m\u011bst\u00ed-s-nov\u00fdm-hotelem-550x309.jpg\" alt=\"\" src=\"data:image\/svg+xml;base64,PHN2ZyB3aWR0aD0iMSIgaGVpZ2h0PSIxIiB4bWxucz0iaHR0cDovL3d3dy53My5vcmcvMjAwMC9zdmciPjwvc3ZnPg==\" style=\"--smush-placeholder-width: 550px; --smush-placeholder-aspect-ratio: 550\/309;\" \/><img decoding=\"async\" class=\"gallery-img-mobile lazyload\" data-src=\"https:\/\/cottage.cz\/wp-content\/uploads\/2018\/02\/01-N\u00e1m\u011bst\u00ed-s-nov\u00fdm-hotelem-500x500.jpg\" alt=\"\" src=\"data:image\/svg+xml;base64,PHN2ZyB3aWR0aD0iMSIgaGVpZ2h0PSIxIiB4bWxucz0iaHR0cDovL3d3dy53My5vcmcvMjAwMC9zdmciPjwvc3ZnPg==\" style=\"--smush-placeholder-width: 500px; --smush-placeholder-aspect-ratio: 500\/500;\" \/><div class=\"gallery-enlarge\"><\/div><\/a><\/div><div class=\"gallery-column\"><a class=\"gallery-item photoswipe-item\" data-caption=\"sportovni areal\" data-width=\"4122\" data-height=\"2787\" href=\"https:\/\/cottage.cz\/wp-content\/uploads\/2018\/02\/01-Sportovn\u00ed-are\u00e1l-\u010cesk\u00e9ho-\u0160v\u00fdcarska-v-KL.jpg\" rel=\"lightbox[20431]\"><img decoding=\"async\" class=\"gallery-img-desktop lazyload\" data-src=\"https:\/\/cottage.cz\/wp-content\/uploads\/2018\/02\/01-Sportovn\u00ed-are\u00e1l-\u010cesk\u00e9ho-\u0160v\u00fdcarska-v-KL-550x309.jpg\" alt=\"\" src=\"data:image\/svg+xml;base64,PHN2ZyB3aWR0aD0iMSIgaGVpZ2h0PSIxIiB4bWxucz0iaHR0cDovL3d3dy53My5vcmcvMjAwMC9zdmciPjwvc3ZnPg==\" style=\"--smush-placeholder-width: 550px; --smush-placeholder-aspect-ratio: 550\/309;\" \/><img decoding=\"async\" class=\"gallery-img-mobile lazyload\" data-src=\"https:\/\/cottage.cz\/wp-content\/uploads\/2018\/02\/01-Sportovn\u00ed-are\u00e1l-\u010cesk\u00e9ho-\u0160v\u00fdcarska-v-KL-500x500.jpg\" alt=\"\" src=\"data:image\/svg+xml;base64,PHN2ZyB3aWR0aD0iMSIgaGVpZ2h0PSIxIiB4bWxucz0iaHR0cDovL3d3dy53My5vcmcvMjAwMC9zdmciPjwvc3ZnPg==\" style=\"--smush-placeholder-width: 500px; --smush-placeholder-aspect-ratio: 500\/500;\" \/><div class=\"gallery-enlarge\"><\/div><\/a><\/div><div class=\"gallery-column\"><a class=\"gallery-item photoswipe-item\" data-caption=\"\" data-width=\"2048\" data-height=\"1536\" href=\"https:\/\/cottage.cz\/wp-content\/uploads\/2018\/02\/\u010dervenec-2013-1.jpg\" rel=\"lightbox[20431]\"><img decoding=\"async\" class=\"gallery-img-desktop lazyload\" data-src=\"https:\/\/cottage.cz\/wp-content\/uploads\/2018\/02\/\u010dervenec-2013-1-550x309.jpg\" alt=\"\" src=\"data:image\/svg+xml;base64,PHN2ZyB3aWR0aD0iMSIgaGVpZ2h0PSIxIiB4bWxucz0iaHR0cDovL3d3dy53My5vcmcvMjAwMC9zdmciPjwvc3ZnPg==\" style=\"--smush-placeholder-width: 550px; --smush-placeholder-aspect-ratio: 550\/309;\" \/><img decoding=\"async\" class=\"gallery-img-mobile lazyload\" data-src=\"https:\/\/cottage.cz\/wp-content\/uploads\/2018\/02\/\u010dervenec-2013-1-500x500.jpg\" alt=\"\" src=\"data:image\/svg+xml;base64,PHN2ZyB3aWR0aD0iMSIgaGVpZ2h0PSIxIiB4bWxucz0iaHR0cDovL3d3dy53My5vcmcvMjAwMC9zdmciPjwvc3ZnPg==\" style=\"--smush-placeholder-width: 500px; --smush-placeholder-aspect-ratio: 500\/500;\" \/><div class=\"gallery-enlarge\"><\/div><\/a><\/div><div class=\"gallery-column\"><a class=\"gallery-item photoswipe-item\" data-caption=\"\" data-width=\"1536\" data-height=\"2048\" href=\"https:\/\/cottage.cz\/wp-content\/uploads\/2018\/02\/\u010dervenec-2013-5.jpg\" rel=\"lightbox[20431]\"><img decoding=\"async\" class=\"gallery-img-desktop lazyload\" data-src=\"https:\/\/cottage.cz\/wp-content\/uploads\/2018\/02\/\u010dervenec-2013-5-550x309.jpg\" alt=\"\" src=\"data:image\/svg+xml;base64,PHN2ZyB3aWR0aD0iMSIgaGVpZ2h0PSIxIiB4bWxucz0iaHR0cDovL3d3dy53My5vcmcvMjAwMC9zdmciPjwvc3ZnPg==\" style=\"--smush-placeholder-width: 550px; --smush-placeholder-aspect-ratio: 550\/309;\" \/><img decoding=\"async\" class=\"gallery-img-mobile lazyload\" data-src=\"https:\/\/cottage.cz\/wp-content\/uploads\/2018\/02\/\u010dervenec-2013-5-500x500.jpg\" alt=\"\" src=\"data:image\/svg+xml;base64,PHN2ZyB3aWR0aD0iMSIgaGVpZ2h0PSIxIiB4bWxucz0iaHR0cDovL3d3dy53My5vcmcvMjAwMC9zdmciPjwvc3ZnPg==\" style=\"--smush-placeholder-width: 500px; --smush-placeholder-aspect-ratio: 500\/500;\" \/><div class=\"gallery-enlarge\"><\/div><\/a><\/div><div class=\"gallery-column\"><a class=\"gallery-item photoswipe-item\" data-caption=\"informacni cetrum ceske svycarsko\" data-width=\"2048\" data-height=\"1536\" href=\"https:\/\/cottage.cz\/wp-content\/uploads\/2018\/02\/\u010dervenec-2013-7.jpg\" rel=\"lightbox[20431]\"><img decoding=\"async\" class=\"gallery-img-desktop lazyload\" data-src=\"https:\/\/cottage.cz\/wp-content\/uploads\/2018\/02\/\u010dervenec-2013-7-550x309.jpg\" alt=\"\" src=\"data:image\/svg+xml;base64,PHN2ZyB3aWR0aD0iMSIgaGVpZ2h0PSIxIiB4bWxucz0iaHR0cDovL3d3dy53My5vcmcvMjAwMC9zdmciPjwvc3ZnPg==\" style=\"--smush-placeholder-width: 550px; --smush-placeholder-aspect-ratio: 550\/309;\" \/><img decoding=\"async\" class=\"gallery-img-mobile lazyload\" data-src=\"https:\/\/cottage.cz\/wp-content\/uploads\/2018\/02\/\u010dervenec-2013-7-500x500.jpg\" alt=\"\" src=\"data:image\/svg+xml;base64,PHN2ZyB3aWR0aD0iMSIgaGVpZ2h0PSIxIiB4bWxucz0iaHR0cDovL3d3dy53My5vcmcvMjAwMC9zdmciPjwvc3ZnPg==\" style=\"--smush-placeholder-width: 500px; --smush-placeholder-aspect-ratio: 500\/500;\" \/><div class=\"gallery-enlarge\"><\/div><\/a><\/div><div class=\"gallery-column\"><a class=\"gallery-item photoswipe-item\" data-caption=\"krinicke namesti\" data-width=\"1889\" data-height=\"1257\" href=\"https:\/\/cottage.cz\/wp-content\/uploads\/2018\/02\/KL-n\u00e1m\u011bst\u00ed.jpg\" rel=\"lightbox[20431]\"><img decoding=\"async\" class=\"gallery-img-desktop lazyload\" data-src=\"https:\/\/cottage.cz\/wp-content\/uploads\/2018\/02\/KL-n\u00e1m\u011bst\u00ed-550x309.jpg\" alt=\"\" src=\"data:image\/svg+xml;base64,PHN2ZyB3aWR0aD0iMSIgaGVpZ2h0PSIxIiB4bWxucz0iaHR0cDovL3d3dy53My5vcmcvMjAwMC9zdmciPjwvc3ZnPg==\" style=\"--smush-placeholder-width: 550px; --smush-placeholder-aspect-ratio: 550\/309;\" \/><img decoding=\"async\" class=\"gallery-img-mobile lazyload\" data-src=\"https:\/\/cottage.cz\/wp-content\/uploads\/2018\/02\/KL-n\u00e1m\u011bst\u00ed-500x500.jpg\" alt=\"\" src=\"data:image\/svg+xml;base64,PHN2ZyB3aWR0aD0iMSIgaGVpZ2h0PSIxIiB4bWxucz0iaHR0cDovL3d3dy53My5vcmcvMjAwMC9zdmciPjwvc3ZnPg==\" style=\"--smush-placeholder-width: 500px; --smush-placeholder-aspect-ratio: 500\/500;\" \/><div class=\"gallery-enlarge\"><\/div><\/a><\/div><div class=\"gallery-column\"><a class=\"gallery-item photoswipe-item\" data-caption=\"kavarna Atelier\" data-width=\"960\" data-height=\"493\" href=\"https:\/\/cottage.cz\/wp-content\/uploads\/2019\/02\/kavarna-atelier.jpg\" rel=\"lightbox[20431]\"><img decoding=\"async\" class=\"gallery-img-desktop lazyload\" data-src=\"https:\/\/cottage.cz\/wp-content\/uploads\/2019\/02\/kavarna-atelier-550x309.jpg\" alt=\"\" src=\"data:image\/svg+xml;base64,PHN2ZyB3aWR0aD0iMSIgaGVpZ2h0PSIxIiB4bWxucz0iaHR0cDovL3d3dy53My5vcmcvMjAwMC9zdmciPjwvc3ZnPg==\" style=\"--smush-placeholder-width: 550px; --smush-placeholder-aspect-ratio: 550\/309;\" \/><img decoding=\"async\" class=\"gallery-img-mobile lazyload\" data-src=\"https:\/\/cottage.cz\/wp-content\/uploads\/2019\/02\/kavarna-atelier-500x500.jpg\" alt=\"\" src=\"data:image\/svg+xml;base64,PHN2ZyB3aWR0aD0iMSIgaGVpZ2h0PSIxIiB4bWxucz0iaHR0cDovL3d3dy53My5vcmcvMjAwMC9zdmciPjwvc3ZnPg==\" style=\"--smush-placeholder-width: 500px; --smush-placeholder-aspect-ratio: 500\/500;\" \/><div class=\"gallery-enlarge\"><\/div><\/a><\/div><div class=\"gallery-column\"><a class=\"gallery-item photoswipe-item\" data-caption=\"pivovar Falkenstejn\" data-width=\"840\" data-height=\"560\" href=\"https:\/\/cottage.cz\/wp-content\/uploads\/2019\/02\/pivovar-falkenstejn.jpg\" rel=\"lightbox[20431]\"><img decoding=\"async\" class=\"gallery-img-desktop lazyload\" data-src=\"https:\/\/cottage.cz\/wp-content\/uploads\/2019\/02\/pivovar-falkenstejn-550x309.jpg\" alt=\"\" src=\"data:image\/svg+xml;base64,PHN2ZyB3aWR0aD0iMSIgaGVpZ2h0PSIxIiB4bWxucz0iaHR0cDovL3d3dy53My5vcmcvMjAwMC9zdmciPjwvc3ZnPg==\" style=\"--smush-placeholder-width: 550px; --smush-placeholder-aspect-ratio: 550\/309;\" \/><img decoding=\"async\" class=\"gallery-img-mobile lazyload\" data-src=\"https:\/\/cottage.cz\/wp-content\/uploads\/2019\/02\/pivovar-falkenstejn-500x500.jpg\" alt=\"\" src=\"data:image\/svg+xml;base64,PHN2ZyB3aWR0aD0iMSIgaGVpZ2h0PSIxIiB4bWxucz0iaHR0cDovL3d3dy53My5vcmcvMjAwMC9zdmciPjwvc3ZnPg==\" style=\"--smush-placeholder-width: 500px; --smush-placeholder-aspect-ratio: 500\/500;\" \/><div class=\"gallery-enlarge\"><\/div><\/a><\/div><style type=\"text\/css\">.gallery-1 .gallery-column { width: 33.33%; padding-bottom: 18.75%; }.gallery-1 { margin-left: -0px; margin-right: -0px; }.gallery-1 .gallery-item {bottom: 0px;left: 0px;right: 0px;top: 0px;}<\/style><\/div>\n<\/div>\n","protected":false},"excerpt":{"rendered":"<p>Krasna Lipa to miasto licz\u0105ce oko\u0142o 3600 mieszka\u0144c\u00f3w, po\u0142o\u017cone w p\u00f3\u0142nocno-wschodniej cz\u0119\u015bci powiatu decinskiego. Rzeka miejska K\u0159inice, kt\u00f3ra biegnie przez Park Narodowy Czeska Szwajcaria nad \u0141ab\u0105. Krasna Lipa to koniec XIII wieku. Pierwszymi osadnikami by\u0142o prawdopodobnie 30 rodzin kolonist\u00f3w z G\u00f3rnej Frankonii. Pierwsza pisemna wzmianka pochodzi z 1361 roku, kiedy w\u0142a\u015bcicielem wsi by\u0142 Wa\u0144ek von [&hellip;]<\/p>\n","protected":false},"author":2,"featured_media":16514,"parent":0,"menu_order":0,"comment_status":"closed","ping_status":"closed","template":"","meta":{"_monsterinsights_skip_tracking":false,"_monsterinsights_sitenote_active":false,"_monsterinsights_sitenote_note":"","_monsterinsights_sitenote_category":0,"ngg_post_thumbnail":0,"footnotes":""},"class_list":["post-20431","page","type-page","status-publish","has-post-thumbnail","hentry"],"aioseo_notices":[],"_links":{"self":[{"href":"https:\/\/cottage.cz\/pl\/wp-json\/wp\/v2\/pages\/20431","targetHints":{"allow":["GET"]}}],"collection":[{"href":"https:\/\/cottage.cz\/pl\/wp-json\/wp\/v2\/pages"}],"about":[{"href":"https:\/\/cottage.cz\/pl\/wp-json\/wp\/v2\/types\/page"}],"author":[{"embeddable":true,"href":"https:\/\/cottage.cz\/pl\/wp-json\/wp\/v2\/users\/2"}],"replies":[{"embeddable":true,"href":"https:\/\/cottage.cz\/pl\/wp-json\/wp\/v2\/comments?post=20431"}],"version-history":[{"count":1,"href":"https:\/\/cottage.cz\/pl\/wp-json\/wp\/v2\/pages\/20431\/revisions"}],"predecessor-version":[{"id":20432,"href":"https:\/\/cottage.cz\/pl\/wp-json\/wp\/v2\/pages\/20431\/revisions\/20432"}],"wp:featuredmedia":[{"embeddable":true,"href":"https:\/\/cottage.cz\/pl\/wp-json\/wp\/v2\/media\/16514"}],"wp:attachment":[{"href":"https:\/\/cottage.cz\/pl\/wp-json\/wp\/v2\/media?parent=20431"}],"curies":[{"name":"wp","href":"https:\/\/api.w.org\/{rel}","templated":true}]}}