{"id":20409,"date":"2023-12-20T16:20:20","date_gmt":"2023-12-20T15:20:20","guid":{"rendered":"https:\/\/cottage.napokusy.cz\/?page_id=20409"},"modified":"2023-12-20T16:20:23","modified_gmt":"2023-12-20T15:20:23","slug":"gdpr","status":"publish","type":"page","link":"https:\/\/cottage.cz\/pl\/gdpr\/","title":{"rendered":"GDPR"},"content":{"rendered":"\n<p>Og\u00f3lnie obowi\u0105zuj\u0105ce warunki \u015bwiadczenia us\u0142ug i komunikacji za po\u015brednictwem Internetu pomi\u0119dzy Bohemian Cottage s.r.o. i odwiedzaj\u0105cy stron\u0119 internetow\u0105 www.cottage.cz.<\/p>\n\n\n\n<p>Go\u015b\u0107 przyjmuje do wiadomo\u015bci i wyra\u017ca zgod\u0119 na to, \u017ce wprowadzone przez niego dane kontaktowe mog\u0105 zosta\u0107 zapisane w systemie w celu p\u00f3\u017aniejszego kontaktu z firm\u0105.<\/p>\n\n\n\n<p>Dokonuj\u0105c rezerwacji, rejestruj\u0105c si\u0119 do konkursu, wype\u0142niaj\u0105c ankiety na stronie www.cottage.cz, odwiedzaj\u0105cy wyra\u017ca zgod\u0119 na przesy\u0142anie newslettera.<\/p>\n\n\n\n<p>W ka\u017cdej chwili odwiedzaj\u0105cy mo\u017ce za\u017c\u0105da\u0107 anulowania przechowywania jego danych kontaktowych przez firm\u0119, wysy\u0142aj\u0105c wiadomo\u015b\u0107 e-mail na adres info@cottage.cz. Firma zobowi\u0105zuje si\u0119 do niezw\u0142ocznego anulowania wszystkich zg\u0142oszonych danych.<\/p>\n","protected":false},"excerpt":{"rendered":"<p>Og\u00f3lnie obowi\u0105zuj\u0105ce warunki \u015bwiadczenia us\u0142ug i komunikacji za po\u015brednictwem Internetu pomi\u0119dzy Bohemian Cottage s.r.o. i odwiedzaj\u0105cy stron\u0119 internetow\u0105 www.cottage.cz. Go\u015b\u0107 przyjmuje do wiadomo\u015bci i wyra\u017ca zgod\u0119 na to, \u017ce wprowadzone przez niego dane kontaktowe mog\u0105 zosta\u0107 zapisane w systemie w celu p\u00f3\u017aniejszego kontaktu z firm\u0105. Dokonuj\u0105c rezerwacji, rejestruj\u0105c si\u0119 do konkursu, wype\u0142niaj\u0105c ankiety na stronie [&hellip;]<\/p>\n","protected":false},"author":2,"featured_media":0,"parent":0,"menu_order":0,"comment_status":"closed","ping_status":"closed","template":"","meta":{"_monsterinsights_skip_tracking":false,"_monsterinsights_sitenote_active":false,"_monsterinsights_sitenote_note":"","_monsterinsights_sitenote_category":0,"ngg_post_thumbnail":0,"footnotes":""},"class_list":["post-20409","page","type-page","status-publish","hentry"],"aioseo_notices":[],"_links":{"self":[{"href":"https:\/\/cottage.cz\/pl\/wp-json\/wp\/v2\/pages\/20409","targetHints":{"allow":["GET"]}}],"collection":[{"href":"https:\/\/cottage.cz\/pl\/wp-json\/wp\/v2\/pages"}],"about":[{"href":"https:\/\/cottage.cz\/pl\/wp-json\/wp\/v2\/types\/page"}],"author":[{"embeddable":true,"href":"https:\/\/cottage.cz\/pl\/wp-json\/wp\/v2\/users\/2"}],"replies":[{"embeddable":true,"href":"https:\/\/cottage.cz\/pl\/wp-json\/wp\/v2\/comments?post=20409"}],"version-history":[{"count":1,"href":"https:\/\/cottage.cz\/pl\/wp-json\/wp\/v2\/pages\/20409\/revisions"}],"predecessor-version":[{"id":20410,"href":"https:\/\/cottage.cz\/pl\/wp-json\/wp\/v2\/pages\/20409\/revisions\/20410"}],"wp:attachment":[{"href":"https:\/\/cottage.cz\/pl\/wp-json\/wp\/v2\/media?parent=20409"}],"curies":[{"name":"wp","href":"https:\/\/api.w.org\/{rel}","templated":true}]}}