{"id":20394,"date":"2023-12-17T23:59:57","date_gmt":"2023-12-17T22:59:57","guid":{"rendered":"https:\/\/cottage.napokusy.cz\/?page_id=20394"},"modified":"2023-12-18T00:03:29","modified_gmt":"2023-12-17T23:03:29","slug":"piwnica","status":"publish","type":"page","link":"https:\/\/cottage.cz\/pl\/piwnica\/","title":{"rendered":"Piwnica"},"content":{"rendered":"\n<p>Ma\u0142a kura wy\u0142o\u017cona kamieniami bazaltowymi. W k\u0105tach czeka na Ciebie studnia do ch\u0142odzenia napoj\u00f3w.<br>Ty stoisz, usi\u0105d\u017a i napij si\u0119 \u2026<\/p>\n\n\n\n<figure class=\"wp-block-gallery has-nested-images columns-default is-cropped wp-block-gallery-1 is-layout-flex wp-block-gallery-is-layout-flex\">\n<figure class=\"wp-block-image size-large\"><img decoding=\"async\" width=\"1024\" height=\"683\" data-id=\"9855\" data-src=\"https:\/\/www.cottage.cz\/wp-content\/uploads\/2022\/11\/11-1-of-1-1024x683.jpg\" alt=\"\" class=\"wp-image-9855 lazyload\" data-srcset=\"https:\/\/cottage.cz\/wp-content\/uploads\/2022\/11\/11-1-of-1-1024x683.jpg 1024w, https:\/\/cottage.cz\/wp-content\/uploads\/2022\/11\/11-1-of-1-300x200.jpg 300w, https:\/\/cottage.cz\/wp-content\/uploads\/2022\/11\/11-1-of-1-768x512.jpg 768w, https:\/\/cottage.cz\/wp-content\/uploads\/2022\/11\/11-1-of-1-1536x1024.jpg 1536w, https:\/\/cottage.cz\/wp-content\/uploads\/2022\/11\/11-1-of-1-2048x1365.jpg 2048w, https:\/\/cottage.cz\/wp-content\/uploads\/2022\/11\/11-1-of-1-1320x880.jpg 1320w\" data-sizes=\"(max-width: 1024px) 100vw, 1024px\" src=\"data:image\/svg+xml;base64,PHN2ZyB3aWR0aD0iMSIgaGVpZ2h0PSIxIiB4bWxucz0iaHR0cDovL3d3dy53My5vcmcvMjAwMC9zdmciPjwvc3ZnPg==\" style=\"--smush-placeholder-width: 1024px; --smush-placeholder-aspect-ratio: 1024\/683;\" \/><\/figure>\n\n\n\n<figure class=\"wp-block-image size-large\"><img decoding=\"async\" width=\"768\" height=\"1024\" data-id=\"9435\" data-src=\"https:\/\/www.cottage.cz\/wp-content\/uploads\/2022\/04\/20220412_171839-768x1024.jpg\" alt=\"\" class=\"wp-image-9435 lazyload\" data-srcset=\"https:\/\/cottage.cz\/wp-content\/uploads\/2022\/04\/20220412_171839-768x1024.jpg 768w, https:\/\/cottage.cz\/wp-content\/uploads\/2022\/04\/20220412_171839-225x300.jpg 225w, https:\/\/cottage.cz\/wp-content\/uploads\/2022\/04\/20220412_171839-1152x1536.jpg 1152w, https:\/\/cottage.cz\/wp-content\/uploads\/2022\/04\/20220412_171839-1536x2048.jpg 1536w, https:\/\/cottage.cz\/wp-content\/uploads\/2022\/04\/20220412_171839-1320x1760.jpg 1320w, https:\/\/cottage.cz\/wp-content\/uploads\/2022\/04\/20220412_171839-scaled.jpg 1920w\" data-sizes=\"(max-width: 768px) 100vw, 768px\" src=\"data:image\/svg+xml;base64,PHN2ZyB3aWR0aD0iMSIgaGVpZ2h0PSIxIiB4bWxucz0iaHR0cDovL3d3dy53My5vcmcvMjAwMC9zdmciPjwvc3ZnPg==\" style=\"--smush-placeholder-width: 768px; --smush-placeholder-aspect-ratio: 768\/1024;\" \/><\/figure>\n\n\n\n<figure class=\"wp-block-image size-large\"><img decoding=\"async\" width=\"1024\" height=\"576\" data-id=\"9436\" data-src=\"https:\/\/www.cottage.cz\/wp-content\/uploads\/2022\/04\/20211124_144040-1-1024x576.jpg\" alt=\"\" class=\"wp-image-9436 lazyload\" data-srcset=\"https:\/\/cottage.cz\/wp-content\/uploads\/2022\/04\/20211124_144040-1-1024x576.jpg 1024w, https:\/\/cottage.cz\/wp-content\/uploads\/2022\/04\/20211124_144040-1-300x169.jpg 300w, https:\/\/cottage.cz\/wp-content\/uploads\/2022\/04\/20211124_144040-1-768x432.jpg 768w, https:\/\/cottage.cz\/wp-content\/uploads\/2022\/04\/20211124_144040-1-1536x864.jpg 1536w, https:\/\/cottage.cz\/wp-content\/uploads\/2022\/04\/20211124_144040-1-2048x1152.jpg 2048w, https:\/\/cottage.cz\/wp-content\/uploads\/2022\/04\/20211124_144040-1-1320x743.jpg 1320w\" data-sizes=\"(max-width: 1024px) 100vw, 1024px\" src=\"data:image\/svg+xml;base64,PHN2ZyB3aWR0aD0iMSIgaGVpZ2h0PSIxIiB4bWxucz0iaHR0cDovL3d3dy53My5vcmcvMjAwMC9zdmciPjwvc3ZnPg==\" style=\"--smush-placeholder-width: 1024px; --smush-placeholder-aspect-ratio: 1024\/576;\" \/><\/figure>\n<\/figure>\n","protected":false},"excerpt":{"rendered":"<p>Ma\u0142a kura wy\u0142o\u017cona kamieniami bazaltowymi. W k\u0105tach czeka na Ciebie studnia do ch\u0142odzenia napoj\u00f3w.Ty stoisz, usi\u0105d\u017a i napij si\u0119 \u2026<\/p>\n","protected":false},"author":4,"featured_media":18443,"parent":0,"menu_order":0,"comment_status":"closed","ping_status":"closed","template":"","meta":{"_monsterinsights_skip_tracking":false,"_monsterinsights_sitenote_active":false,"_monsterinsights_sitenote_note":"","_monsterinsights_sitenote_category":0,"ngg_post_thumbnail":0,"footnotes":""},"class_list":["post-20394","page","type-page","status-publish","has-post-thumbnail","hentry"],"aioseo_notices":[],"_links":{"self":[{"href":"https:\/\/cottage.cz\/pl\/wp-json\/wp\/v2\/pages\/20394","targetHints":{"allow":["GET"]}}],"collection":[{"href":"https:\/\/cottage.cz\/pl\/wp-json\/wp\/v2\/pages"}],"about":[{"href":"https:\/\/cottage.cz\/pl\/wp-json\/wp\/v2\/types\/page"}],"author":[{"embeddable":true,"href":"https:\/\/cottage.cz\/pl\/wp-json\/wp\/v2\/users\/4"}],"replies":[{"embeddable":true,"href":"https:\/\/cottage.cz\/pl\/wp-json\/wp\/v2\/comments?post=20394"}],"version-history":[{"count":2,"href":"https:\/\/cottage.cz\/pl\/wp-json\/wp\/v2\/pages\/20394\/revisions"}],"predecessor-version":[{"id":20396,"href":"https:\/\/cottage.cz\/pl\/wp-json\/wp\/v2\/pages\/20394\/revisions\/20396"}],"wp:featuredmedia":[{"embeddable":true,"href":"https:\/\/cottage.cz\/pl\/wp-json\/wp\/v2\/media\/18443"}],"wp:attachment":[{"href":"https:\/\/cottage.cz\/pl\/wp-json\/wp\/v2\/media?parent=20394"}],"curies":[{"name":"wp","href":"https:\/\/api.w.org\/{rel}","templated":true}]}}