{"id":20378,"date":"2023-12-17T23:44:37","date_gmt":"2023-12-17T22:44:37","guid":{"rendered":"https:\/\/cottage.napokusy.cz\/?page_id=20378"},"modified":"2023-12-17T23:56:21","modified_gmt":"2023-12-17T22:56:21","slug":"rozowa-perspektywa","status":"publish","type":"page","link":"https:\/\/cottage.cz\/pl\/rozowa-perspektywa\/","title":{"rendered":"R\u00f3\u017cowa perspektywa"},"content":{"rendered":"\n<p>Zaledwie godzina drogi od miasta D\u011b\u010d\u00edn za czerwonym znakiem turystycznym i jeste\u015b na miejscu. Widok na Kanion \u0141aby ze wszystkim. Dalej czerwonym szlakiem dotrzemy do najstarszego punktu widokowego w Czeskiej Szwajcarii \u2013\u00a0<a href=\"https:\/\/cottage.cz\/pl\/belveder\/\" title=\"Belveder\">Belweder<\/a>.<\/p>\n","protected":false},"excerpt":{"rendered":"<p>Zaledwie godzina drogi od miasta D\u011b\u010d\u00edn za czerwonym znakiem turystycznym i jeste\u015b na miejscu. Widok na Kanion \u0141aby ze wszystkim. Dalej czerwonym szlakiem dotrzemy do najstarszego punktu widokowego w Czeskiej Szwajcarii \u2013\u00a0Belweder.<\/p>\n","protected":false},"author":4,"featured_media":18491,"parent":0,"menu_order":0,"comment_status":"closed","ping_status":"closed","template":"","meta":{"_monsterinsights_skip_tracking":false,"_monsterinsights_sitenote_active":false,"_monsterinsights_sitenote_note":"","_monsterinsights_sitenote_category":0,"ngg_post_thumbnail":0,"footnotes":""},"class_list":["post-20378","page","type-page","status-publish","has-post-thumbnail","hentry"],"aioseo_notices":[],"_links":{"self":[{"href":"https:\/\/cottage.cz\/pl\/wp-json\/wp\/v2\/pages\/20378","targetHints":{"allow":["GET"]}}],"collection":[{"href":"https:\/\/cottage.cz\/pl\/wp-json\/wp\/v2\/pages"}],"about":[{"href":"https:\/\/cottage.cz\/pl\/wp-json\/wp\/v2\/types\/page"}],"author":[{"embeddable":true,"href":"https:\/\/cottage.cz\/pl\/wp-json\/wp\/v2\/users\/4"}],"replies":[{"embeddable":true,"href":"https:\/\/cottage.cz\/pl\/wp-json\/wp\/v2\/comments?post=20378"}],"version-history":[{"count":2,"href":"https:\/\/cottage.cz\/pl\/wp-json\/wp\/v2\/pages\/20378\/revisions"}],"predecessor-version":[{"id":20389,"href":"https:\/\/cottage.cz\/pl\/wp-json\/wp\/v2\/pages\/20378\/revisions\/20389"}],"wp:featuredmedia":[{"embeddable":true,"href":"https:\/\/cottage.cz\/pl\/wp-json\/wp\/v2\/media\/18491"}],"wp:attachment":[{"href":"https:\/\/cottage.cz\/pl\/wp-json\/wp\/v2\/media?parent=20378"}],"curies":[{"name":"wp","href":"https:\/\/api.w.org\/{rel}","templated":true}]}}