{"id":20369,"date":"2023-12-17T23:36:36","date_gmt":"2023-12-17T22:36:36","guid":{"rendered":"https:\/\/cottage.napokusy.cz\/?page_id=20369"},"modified":"2023-12-17T23:37:31","modified_gmt":"2023-12-17T22:37:31","slug":"wieza-widokowa-jedlova","status":"publish","type":"page","link":"https:\/\/cottage.cz\/pl\/wieza-widokowa-jedlova\/","title":{"rendered":"Wie\u017ca widokowa Jedlov\u00e1"},"content":{"rendered":"\n<p>Na szczycie g\u00f3ry Fir (774 Mn. m) By\u0142 w 1891 zbudowana wie\u017ca i restauracja turystyczna z pomnikiem poety Friedricha Schillera.<br>w 1890 budowa rozpocz\u0119\u0142a 23 metrowa kamienna wie\u017ca. rozpocz\u0105\u0142 negocjacje dotycz\u0105ce budowy 17. marzec 1889 w Krasna Lipa, Gdy w\u0142a\u015bciciel ziemski ksi\u0105\u017c\u0119 Kinsky wolno budowa\u0107 na szczycie jod\u0142y. budowa, zaprojektowany przez architekta Varnsdorfsk\u00e1 Stoy, wesz\u0142a powiedzia\u0142 oddzia\u0142 Ji\u0159et\u00ednsk\u00e1 Stowarzyszenie Mountain dla firmy Czechy P\u00f3\u0142nocne Eiselt Kr\u00e1sn\u00e1 L\u00edpa. Jako budowniczowie murowane g\u0142\u00f3wnie lokalnym fonolicie. widokowa, kt\u00f3rego konstrukcja wymaga \u0142\u0105cznie 5 200 z\u0142oto, Zosta\u0142 zainaugurowany 14. wrzesie\u0144 1891.<br>w przybli\u017ceniu 1 km na wsch\u00f3d od szczytu g\u00f3ry s\u0105 ruiny Tol\u0161tejn.<\/p>\n\n\n\n<figure class=\"wp-block-gallery has-nested-images columns-default is-cropped wp-block-gallery-1 is-layout-flex wp-block-gallery-is-layout-flex\">\n<figure class=\"wp-block-image size-large\"><img decoding=\"async\" width=\"1024\" height=\"650\" data-id=\"9179\" data-src=\"https:\/\/www.cottage.cz\/wp-content\/uploads\/2022\/03\/rozhledna-jedlova-historie-1024x650.jpg\" alt=\"\" class=\"wp-image-9179 lazyload\" data-srcset=\"https:\/\/cottage.cz\/wp-content\/uploads\/2022\/03\/rozhledna-jedlova-historie-1024x650.jpg 1024w, https:\/\/cottage.cz\/wp-content\/uploads\/2022\/03\/rozhledna-jedlova-historie-300x190.jpg 300w, https:\/\/cottage.cz\/wp-content\/uploads\/2022\/03\/rozhledna-jedlova-historie-768x487.jpg 768w, https:\/\/cottage.cz\/wp-content\/uploads\/2022\/03\/rozhledna-jedlova-historie-1536x975.jpg 1536w, https:\/\/cottage.cz\/wp-content\/uploads\/2022\/03\/rozhledna-jedlova-historie.jpg 1628w\" data-sizes=\"(max-width: 1024px) 100vw, 1024px\" src=\"data:image\/svg+xml;base64,PHN2ZyB3aWR0aD0iMSIgaGVpZ2h0PSIxIiB4bWxucz0iaHR0cDovL3d3dy53My5vcmcvMjAwMC9zdmciPjwvc3ZnPg==\" style=\"--smush-placeholder-width: 1024px; --smush-placeholder-aspect-ratio: 1024\/650;\" \/><\/figure>\n\n\n\n<figure class=\"wp-block-image size-large\"><img decoding=\"async\" width=\"1024\" height=\"683\" data-id=\"9173\" data-src=\"https:\/\/www.cottage.cz\/wp-content\/uploads\/2022\/03\/jedlova-smerovka-1024x683.jpg\" alt=\"\" class=\"wp-image-9173 lazyload\" data-srcset=\"https:\/\/cottage.cz\/wp-content\/uploads\/2022\/03\/jedlova-smerovka-1024x683.jpg 1024w, https:\/\/cottage.cz\/wp-content\/uploads\/2022\/03\/jedlova-smerovka-300x200.jpg 300w, https:\/\/cottage.cz\/wp-content\/uploads\/2022\/03\/jedlova-smerovka-768x512.jpg 768w, https:\/\/cottage.cz\/wp-content\/uploads\/2022\/03\/jedlova-smerovka.jpg 1189w\" data-sizes=\"(max-width: 1024px) 100vw, 1024px\" src=\"data:image\/svg+xml;base64,PHN2ZyB3aWR0aD0iMSIgaGVpZ2h0PSIxIiB4bWxucz0iaHR0cDovL3d3dy53My5vcmcvMjAwMC9zdmciPjwvc3ZnPg==\" style=\"--smush-placeholder-width: 1024px; --smush-placeholder-aspect-ratio: 1024\/683;\" \/><\/figure>\n\n\n\n<figure class=\"wp-block-image size-large\"><img decoding=\"async\" width=\"1024\" height=\"768\" data-id=\"7572\" data-src=\"https:\/\/www.cottage.cz\/wp-content\/uploads\/2020\/08\/20200813_155804-1024x768.jpg\" alt=\"\" class=\"wp-image-7572 lazyload\" data-srcset=\"https:\/\/cottage.cz\/wp-content\/uploads\/2020\/08\/20200813_155804-1024x768.jpg 1024w, https:\/\/cottage.cz\/wp-content\/uploads\/2020\/08\/20200813_155804-300x225.jpg 300w, https:\/\/cottage.cz\/wp-content\/uploads\/2020\/08\/20200813_155804-768x576.jpg 768w, https:\/\/cottage.cz\/wp-content\/uploads\/2020\/08\/20200813_155804-1536x1152.jpg 1536w, https:\/\/cottage.cz\/wp-content\/uploads\/2020\/08\/20200813_155804-2048x1536.jpg 2048w\" data-sizes=\"(max-width: 1024px) 100vw, 1024px\" src=\"data:image\/svg+xml;base64,PHN2ZyB3aWR0aD0iMSIgaGVpZ2h0PSIxIiB4bWxucz0iaHR0cDovL3d3dy53My5vcmcvMjAwMC9zdmciPjwvc3ZnPg==\" style=\"--smush-placeholder-width: 1024px; --smush-placeholder-aspect-ratio: 1024\/768;\" \/><figcaption class=\"wp-element-caption\">Widok na Jedlov\u0105 z Ma\u0142ego Sto\u017cca<\/figcaption><\/figure>\n\n\n\n<figure class=\"wp-block-image size-large\"><img decoding=\"async\" width=\"1024\" height=\"576\" data-id=\"5466\" data-src=\"https:\/\/www.cottage.cz\/wp-content\/uploads\/2018\/08\/PB134114-1024x576.jpg\" alt=\"\" class=\"wp-image-5466 lazyload\" data-srcset=\"https:\/\/cottage.cz\/wp-content\/uploads\/2018\/08\/PB134114-1024x576.jpg 1024w, https:\/\/cottage.cz\/wp-content\/uploads\/2018\/08\/PB134114-300x169.jpg 300w, https:\/\/cottage.cz\/wp-content\/uploads\/2018\/08\/PB134114-768x432.jpg 768w\" data-sizes=\"(max-width: 1024px) 100vw, 1024px\" src=\"data:image\/svg+xml;base64,PHN2ZyB3aWR0aD0iMSIgaGVpZ2h0PSIxIiB4bWxucz0iaHR0cDovL3d3dy53My5vcmcvMjAwMC9zdmciPjwvc3ZnPg==\" style=\"--smush-placeholder-width: 1024px; --smush-placeholder-aspect-ratio: 1024\/576;\" \/><figcaption class=\"wp-element-caption\">G\u00f3ry \u0141u\u017cyckie \u2013 jod\u0142a \u2013 3 godziny pieszo<\/figcaption><\/figure>\n\n\n\n<figure class=\"wp-block-image size-large\"><img decoding=\"async\" width=\"450\" height=\"800\" data-id=\"3461\" data-src=\"https:\/\/www.cottage.cz\/wp-content\/uploads\/2017\/01\/rozhledna-jedlova.jpg\" alt=\"\" class=\"wp-image-3461 lazyload\" data-srcset=\"https:\/\/cottage.cz\/wp-content\/uploads\/2017\/01\/rozhledna-jedlova.jpg 450w, https:\/\/cottage.cz\/wp-content\/uploads\/2017\/01\/rozhledna-jedlova-169x300.jpg 169w\" data-sizes=\"(max-width: 450px) 100vw, 450px\" src=\"data:image\/svg+xml;base64,PHN2ZyB3aWR0aD0iMSIgaGVpZ2h0PSIxIiB4bWxucz0iaHR0cDovL3d3dy53My5vcmcvMjAwMC9zdmciPjwvc3ZnPg==\" style=\"--smush-placeholder-width: 450px; --smush-placeholder-aspect-ratio: 450\/800;\" \/><\/figure>\n\n\n\n<figure class=\"wp-block-image size-large\"><img decoding=\"async\" width=\"450\" height=\"800\" data-id=\"3459\" data-src=\"https:\/\/www.cottage.cz\/wp-content\/uploads\/2017\/01\/jedlova.jpg\" alt=\"\" class=\"wp-image-3459 lazyload\" data-srcset=\"https:\/\/cottage.cz\/wp-content\/uploads\/2017\/01\/jedlova.jpg 450w, https:\/\/cottage.cz\/wp-content\/uploads\/2017\/01\/jedlova-169x300.jpg 169w\" data-sizes=\"(max-width: 450px) 100vw, 450px\" src=\"data:image\/svg+xml;base64,PHN2ZyB3aWR0aD0iMSIgaGVpZ2h0PSIxIiB4bWxucz0iaHR0cDovL3d3dy53My5vcmcvMjAwMC9zdmciPjwvc3ZnPg==\" style=\"--smush-placeholder-width: 450px; --smush-placeholder-aspect-ratio: 450\/800;\" \/><\/figure>\n\n\n\n<figure class=\"wp-block-image size-large\"><img decoding=\"async\" width=\"1024\" height=\"768\" data-id=\"9184\" data-src=\"https:\/\/www.cottage.cz\/wp-content\/uploads\/2022\/03\/rozhledna-jedlova-1024x768.jpg\" alt=\"\" class=\"wp-image-9184 lazyload\" data-srcset=\"https:\/\/cottage.cz\/wp-content\/uploads\/2022\/03\/rozhledna-jedlova-1024x768.jpg 1024w, https:\/\/cottage.cz\/wp-content\/uploads\/2022\/03\/rozhledna-jedlova-300x225.jpg 300w, https:\/\/cottage.cz\/wp-content\/uploads\/2022\/03\/rozhledna-jedlova-768x576.jpg 768w, https:\/\/cottage.cz\/wp-content\/uploads\/2022\/03\/rozhledna-jedlova.jpg 1281w\" data-sizes=\"(max-width: 1024px) 100vw, 1024px\" src=\"data:image\/svg+xml;base64,PHN2ZyB3aWR0aD0iMSIgaGVpZ2h0PSIxIiB4bWxucz0iaHR0cDovL3d3dy53My5vcmcvMjAwMC9zdmciPjwvc3ZnPg==\" style=\"--smush-placeholder-width: 1024px; --smush-placeholder-aspect-ratio: 1024\/768;\" \/><\/figure>\n\n\n\n<figure class=\"wp-block-image size-large\"><img decoding=\"async\" width=\"1024\" height=\"683\" data-id=\"9181\" data-src=\"https:\/\/www.cottage.cz\/wp-content\/uploads\/2022\/03\/vyhledy-z-hora-jedlova-1024x683.jpg\" alt=\"\" class=\"wp-image-9181 lazyload\" data-srcset=\"https:\/\/cottage.cz\/wp-content\/uploads\/2022\/03\/vyhledy-z-hora-jedlova-1024x683.jpg 1024w, https:\/\/cottage.cz\/wp-content\/uploads\/2022\/03\/vyhledy-z-hora-jedlova-300x200.jpg 300w, https:\/\/cottage.cz\/wp-content\/uploads\/2022\/03\/vyhledy-z-hora-jedlova-768x512.jpg 768w, https:\/\/cottage.cz\/wp-content\/uploads\/2022\/03\/vyhledy-z-hora-jedlova.jpg 1334w\" data-sizes=\"(max-width: 1024px) 100vw, 1024px\" src=\"data:image\/svg+xml;base64,PHN2ZyB3aWR0aD0iMSIgaGVpZ2h0PSIxIiB4bWxucz0iaHR0cDovL3d3dy53My5vcmcvMjAwMC9zdmciPjwvc3ZnPg==\" style=\"--smush-placeholder-width: 1024px; --smush-placeholder-aspect-ratio: 1024\/683;\" \/><figcaption class=\"wp-element-caption\">G\u00f3ry \u0141u\u017cyckie<\/figcaption><\/figure>\n\n\n\n<figure class=\"wp-block-image size-large\"><img decoding=\"async\" width=\"1024\" height=\"768\" data-id=\"9185\" data-src=\"https:\/\/www.cottage.cz\/wp-content\/uploads\/2022\/03\/lanove-centrum-jedlova-1024x768.jpg\" alt=\"\" class=\"wp-image-9185 lazyload\" data-srcset=\"https:\/\/cottage.cz\/wp-content\/uploads\/2022\/03\/lanove-centrum-jedlova-1024x768.jpg 1024w, https:\/\/cottage.cz\/wp-content\/uploads\/2022\/03\/lanove-centrum-jedlova-300x225.jpg 300w, https:\/\/cottage.cz\/wp-content\/uploads\/2022\/03\/lanove-centrum-jedlova-768x576.jpg 768w, https:\/\/cottage.cz\/wp-content\/uploads\/2022\/03\/lanove-centrum-jedlova.jpg 1386w\" data-sizes=\"(max-width: 1024px) 100vw, 1024px\" src=\"data:image\/svg+xml;base64,PHN2ZyB3aWR0aD0iMSIgaGVpZ2h0PSIxIiB4bWxucz0iaHR0cDovL3d3dy53My5vcmcvMjAwMC9zdmciPjwvc3ZnPg==\" style=\"--smush-placeholder-width: 1024px; --smush-placeholder-aspect-ratio: 1024\/768;\" \/><\/figure>\n<\/figure>\n","protected":false},"excerpt":{"rendered":"<p>Na szczycie g\u00f3ry Fir (774 Mn. m) By\u0142 w 1891 zbudowana wie\u017ca i restauracja turystyczna z pomnikiem poety Friedricha Schillera.w 1890 budowa rozpocz\u0119\u0142a 23 metrowa kamienna wie\u017ca. rozpocz\u0105\u0142 negocjacje dotycz\u0105ce budowy 17. marzec 1889 w Krasna Lipa, Gdy w\u0142a\u015bciciel ziemski ksi\u0105\u017c\u0119 Kinsky wolno budowa\u0107 na szczycie jod\u0142y. budowa, zaprojektowany przez architekta Varnsdorfsk\u00e1 Stoy, wesz\u0142a powiedzia\u0142 [&hellip;]<\/p>\n","protected":false},"author":4,"featured_media":12452,"parent":0,"menu_order":0,"comment_status":"closed","ping_status":"closed","template":"","meta":{"_monsterinsights_skip_tracking":false,"_monsterinsights_sitenote_active":false,"_monsterinsights_sitenote_note":"","_monsterinsights_sitenote_category":0,"ngg_post_thumbnail":0,"footnotes":""},"class_list":["post-20369","page","type-page","status-publish","has-post-thumbnail","hentry"],"aioseo_notices":[],"_links":{"self":[{"href":"https:\/\/cottage.cz\/pl\/wp-json\/wp\/v2\/pages\/20369","targetHints":{"allow":["GET"]}}],"collection":[{"href":"https:\/\/cottage.cz\/pl\/wp-json\/wp\/v2\/pages"}],"about":[{"href":"https:\/\/cottage.cz\/pl\/wp-json\/wp\/v2\/types\/page"}],"author":[{"embeddable":true,"href":"https:\/\/cottage.cz\/pl\/wp-json\/wp\/v2\/users\/4"}],"replies":[{"embeddable":true,"href":"https:\/\/cottage.cz\/pl\/wp-json\/wp\/v2\/comments?post=20369"}],"version-history":[{"count":2,"href":"https:\/\/cottage.cz\/pl\/wp-json\/wp\/v2\/pages\/20369\/revisions"}],"predecessor-version":[{"id":20371,"href":"https:\/\/cottage.cz\/pl\/wp-json\/wp\/v2\/pages\/20369\/revisions\/20371"}],"wp:featuredmedia":[{"embeddable":true,"href":"https:\/\/cottage.cz\/pl\/wp-json\/wp\/v2\/media\/12452"}],"wp:attachment":[{"href":"https:\/\/cottage.cz\/pl\/wp-json\/wp\/v2\/media?parent=20369"}],"curies":[{"name":"wp","href":"https:\/\/api.w.org\/{rel}","templated":true}]}}