{"id":20351,"date":"2023-12-17T22:21:34","date_gmt":"2023-12-17T21:21:34","guid":{"rendered":"https:\/\/cottage.napokusy.cz\/?page_id=20351"},"modified":"2025-10-30T17:36:17","modified_gmt":"2025-10-30T16:36:17","slug":"naturalne-prywatne-wellness","status":"publish","type":"page","link":"https:\/\/cottage.cz\/pl\/naturalne-prywatne-wellness\/","title":{"rendered":"Naturalne prywatne wellness"},"content":{"rendered":"<p style=\"text-align: center;\"><span class=\"HwtZe\" lang=\"pl\"><strong><span class=\"jCAhz ChMk0b\"><span class=\"ryNqvb\">Prywatna strefa wellness<\/span><\/span><\/strong><\/span><\/p>\n<p style=\"text-align: center;\"><span class=\"HwtZe\" lang=\"pl\"><span class=\"jCAhz ChMk0b\"><span class=\"ryNqvb\">Kochasz prawdziw\u0105 <a href=\"https:\/\/cottage.cz\/pl\/sauna-finska\/\">saun\u0119 fi\u0144sk\u0105<\/a>?<\/span><\/span> <span class=\"jCAhz ChMk0b\"><span class=\"ryNqvb\">Pojemno\u015b\u0107 6 os\u00f3b.<\/span><\/span> <span class=\"jCAhz ChMk0b\"><span class=\"ryNqvb\">Temperatura 90C<\/span><\/span><\/span><\/p>\n<p style=\"text-align: center;\"><a href=\"https:\/\/www.cottage.cz\/wp-content\/uploads\/2023\/10\/IMG-20230926-WA0012.jpg\" rel=\"lightbox[20351]\"><img decoding=\"async\" class=\"alignnone wp-image-10706 size-large lazyload\" data-src=\"https:\/\/www.cottage.cz\/wp-content\/uploads\/2023\/10\/IMG-20230926-WA0012-1024x683.jpg\" alt=\"\" width=\"1024\" height=\"683\" data-srcset=\"https:\/\/cottage.cz\/wp-content\/uploads\/2023\/10\/IMG-20230926-WA0012-1024x683.jpg 1024w, https:\/\/cottage.cz\/wp-content\/uploads\/2023\/10\/IMG-20230926-WA0012-300x200.jpg 300w, https:\/\/cottage.cz\/wp-content\/uploads\/2023\/10\/IMG-20230926-WA0012-768x512.jpg 768w, https:\/\/cottage.cz\/wp-content\/uploads\/2023\/10\/IMG-20230926-WA0012-1536x1024.jpg 1536w, https:\/\/cottage.cz\/wp-content\/uploads\/2023\/10\/IMG-20230926-WA0012-1320x880.jpg 1320w, https:\/\/cottage.cz\/wp-content\/uploads\/2023\/10\/IMG-20230926-WA0012.jpg 1800w\" data-sizes=\"(max-width: 1024px) 100vw, 1024px\" src=\"data:image\/svg+xml;base64,PHN2ZyB3aWR0aD0iMSIgaGVpZ2h0PSIxIiB4bWxucz0iaHR0cDovL3d3dy53My5vcmcvMjAwMC9zdmciPjwvc3ZnPg==\" style=\"--smush-placeholder-width: 1024px; --smush-placeholder-aspect-ratio: 1024\/683;\" \/><\/a><br>+<br><a href=\"https:\/\/cottage.cz\/pl\/jacuzzi\/\">Jacu<\/a><a href=\"https:\/\/cottage.cz\/pl\/jacuzzi\/\">zzi<\/a> dla maksymalnie 4 os\u00f3b. Temperatura 37\u00b0C.<br>(je\u015bli chcesz z niego skorzysta\u0107, poinformuj nas o tym dzie\u0144 wcze\u015bniej, latem nieczynne)<\/p>\n<p><a href=\"https:\/\/www.cottage.cz\/wp-content\/uploads\/2018\/08\/01a-scaled-e1582123494867.jpg\" rel=\"lightbox[20351]\"><img decoding=\"async\" class=\"aligncenter wp-image-6904 size-large lazyload\" data-src=\"https:\/\/www.cottage.cz\/wp-content\/uploads\/2018\/08\/01a-1024x683.jpg\" alt=\"\" width=\"1024\" height=\"683\" src=\"data:image\/svg+xml;base64,PHN2ZyB3aWR0aD0iMSIgaGVpZ2h0PSIxIiB4bWxucz0iaHR0cDovL3d3dy53My5vcmcvMjAwMC9zdmciPjwvc3ZnPg==\" style=\"--smush-placeholder-width: 1024px; --smush-placeholder-aspect-ratio: 1024\/683;\"><\/a><\/p>\n<p style=\"text-align: center;\">=<\/p>\n<p style=\"text-align: center;\">Do u\u017cytku prywatnego 1000 CZK, w tym ca\u0142a strefa relaksu i po\u015bciel.<\/p>\n<p style=\"text-align: center;\"><strong>Zewn\u0119trzna wanna z hydromasa\u017cem<\/strong><\/p>\n<p style=\"text-align: center;\">Relaks na \u0142onie natury to styl, kt\u00f3rego do\u015bwiadczysz u nas. Najbardziej podoba\u0142a nam si\u0119 gor\u0105ca k\u0105piel w jacuzzi o temperaturze 37-40\u00b0C. Pojemno\u015b\u0107 6 os\u00f3b, nale\u017cy zam\u00f3wi\u0107 z co najmniej jednodniowym wyprzedzeniem, cena 2000 CZK za 4 godziny. Dzia\u0142a, gdy jest zimno \ud83d\ude42<\/p>\n<p><a href=\"https:\/\/www.cottage.cz\/wp-content\/uploads\/2018\/11\/RV_CZ_Cottage_Night3-e1581600415124.jpg\" rel=\"lightbox[20351]\"><img decoding=\"async\" class=\"aligncenter wp-image-5713 size-large lazyload\" data-src=\"https:\/\/www.cottage.cz\/wp-content\/uploads\/2018\/11\/RV_CZ_Cottage_Night3-1024x683.jpg\" alt=\"\" width=\"1024\" height=\"683\" src=\"data:image\/svg+xml;base64,PHN2ZyB3aWR0aD0iMSIgaGVpZ2h0PSIxIiB4bWxucz0iaHR0cDovL3d3dy53My5vcmcvMjAwMC9zdmciPjwvc3ZnPg==\" style=\"--smush-placeholder-width: 1024px; --smush-placeholder-aspect-ratio: 1024\/683;\"><\/a><\/p>\n<p style=\"text-align: center;\">Biotop<br>Przez ca\u0142y rok oferujemy orze\u017awienie w <strong><a href=\"https:\/\/cottage.cz\/pl\/staw-kapielowy\/\">naturalnym basenie<\/a> w ogrodzie<\/strong>. <strong>Wst\u0119p wolny.<\/strong><br>Dodatkiem do relaksu jest \u015bpiew ptak\u00f3w, rechot \u017cab i widok na krajobraz, kt\u00f3ry s\u0142ynie dos\u0142ownie z ka\u017cdego okna lub tarasu Bohemian Cottage!<\/p>\n<p style=\"text-align: center;\"><a href=\"https:\/\/www.cottage.cz\/wp-content\/uploads\/2023\/09\/DSC07681-scaled.jpg\" rel=\"lightbox[20351]\"><img decoding=\"async\" class=\"aligncenter wp-image-10652 size-large lazyload\" data-src=\"https:\/\/www.cottage.cz\/wp-content\/uploads\/2023\/09\/DSC07681-1024x683.jpg\" alt=\"\" width=\"1024\" height=\"683\" data-srcset=\"https:\/\/cottage.cz\/wp-content\/uploads\/2023\/09\/DSC07681-1024x683.jpg 1024w, https:\/\/cottage.cz\/wp-content\/uploads\/2023\/09\/DSC07681-300x200.jpg 300w, https:\/\/cottage.cz\/wp-content\/uploads\/2023\/09\/DSC07681-768x512.jpg 768w, https:\/\/cottage.cz\/wp-content\/uploads\/2023\/09\/DSC07681-1536x1024.jpg 1536w, https:\/\/cottage.cz\/wp-content\/uploads\/2023\/09\/DSC07681-2048x1365.jpg 2048w, https:\/\/cottage.cz\/wp-content\/uploads\/2023\/09\/DSC07681-1320x880.jpg 1320w\" data-sizes=\"(max-width: 1024px) 100vw, 1024px\" src=\"data:image\/svg+xml;base64,PHN2ZyB3aWR0aD0iMSIgaGVpZ2h0PSIxIiB4bWxucz0iaHR0cDovL3d3dy53My5vcmcvMjAwMC9zdmciPjwvc3ZnPg==\" style=\"--smush-placeholder-width: 1024px; --smush-placeholder-aspect-ratio: 1024\/683;\" \/><\/a><\/p>\n<p class=\"has-text-align-center\">Stanowisko do sauny (500 m od pensjonatu Bohemian Cottage)<br>Autentyczna fi\u0144ska sauna z piecem opalanym drewnem. Panoramiczne widoki i prywatno\u015b\u0107. Dost\u0119pne rytua\u0142y saunowe. Cena: min. 1000 CZK.<\/p>\n<p class=\"has-text-align-center\"><br><img decoding=\"async\" class=\" lazyloaded\" src=\"https:\/\/cottage.cz\/wp-content\/uploads\/2024\/11\/20241024_143501-1024x768.jpg\" srcset=\"https:\/\/cottage.cz\/wp-content\/uploads\/2024\/11\/20241024_143501-1024x768.jpg 1024w, https:\/\/cottage.cz\/wp-content\/uploads\/2024\/11\/20241024_143501-300x225.jpg 300w, https:\/\/cottage.cz\/wp-content\/uploads\/2024\/11\/20241024_143501-768x576.jpg 768w, https:\/\/cottage.cz\/wp-content\/uploads\/2024\/11\/20241024_143501-1536x1152.jpg 1536w, https:\/\/cottage.cz\/wp-content\/uploads\/2024\/11\/20241024_143501-2048x1536.jpg 2048w\" alt=\"\" width=\"1024\" height=\"768\" data-srcset=\"https:\/\/cottage.cz\/wp-content\/uploads\/2024\/11\/20241024_143501-1024x768.jpg 1024w, https:\/\/cottage.cz\/wp-content\/uploads\/2024\/11\/20241024_143501-300x225.jpg 300w, https:\/\/cottage.cz\/wp-content\/uploads\/2024\/11\/20241024_143501-768x576.jpg 768w, https:\/\/cottage.cz\/wp-content\/uploads\/2024\/11\/20241024_143501-1536x1152.jpg 1536w, https:\/\/cottage.cz\/wp-content\/uploads\/2024\/11\/20241024_143501-2048x1536.jpg 2048w\" data-src=\"https:\/\/cottage.cz\/wp-content\/uploads\/2024\/11\/20241024_143501-1024x768.jpg\"><br>W naszym pensjonacie oferujemy us\u0142ugi wellness wy\u0142\u0105cznie naszym go\u015bciom.<\/p>\n<p style=\"text-align: center;\"><br><em><br><strong>Naszym go\u015bciom oferujemy wy\u0142\u0105cznie us\u0142ugi wellness.<\/strong><br><\/em><\/p>\n\n\n<div class=\"wp-block-group\"><div class=\"wp-block-group__inner-container is-layout-flow wp-block-group-is-layout-flow\">\n<div class=\"wp-block-group\"><div class=\"wp-block-group__inner-container is-layout-flow wp-block-group-is-layout-flow\">\n<div class=\"wp-block-group\"><div class=\"wp-block-group__inner-container is-layout-flow wp-block-group-is-layout-flow\">\n<div class=\"wp-block-group\"><div class=\"wp-block-group__inner-container is-layout-flow wp-block-group-is-layout-flow\">\n<figure class=\"wp-block-gallery has-nested-images columns-3 is-cropped wp-block-gallery-1 is-layout-flex wp-block-gallery-is-layout-flex\">\n<figure class=\"wp-block-image size-large\"><a href=\"https:\/\/www.cottage.cz\/wp-content\/uploads\/2018\/08\/Resize-of-16LR.jpg\" rel=\"lightbox[20351]\"><img decoding=\"async\" width=\"1024\" height=\"683\" data-id=\"10135\" data-src=\"https:\/\/www.cottage.cz\/wp-content\/uploads\/2018\/08\/Resize-of-16LR-1024x683.jpg\" alt=\"\" class=\"wp-image-10135 lazyload\" data-srcset=\"https:\/\/cottage.cz\/wp-content\/uploads\/2018\/08\/Resize-of-16LR-1024x683.jpg 1024w, https:\/\/cottage.cz\/wp-content\/uploads\/2018\/08\/Resize-of-16LR-300x200.jpg 300w, https:\/\/cottage.cz\/wp-content\/uploads\/2018\/08\/Resize-of-16LR-768x512.jpg 768w, https:\/\/cottage.cz\/wp-content\/uploads\/2018\/08\/Resize-of-16LR.jpg 1200w\" data-sizes=\"(max-width: 1024px) 100vw, 1024px\" src=\"data:image\/svg+xml;base64,PHN2ZyB3aWR0aD0iMSIgaGVpZ2h0PSIxIiB4bWxucz0iaHR0cDovL3d3dy53My5vcmcvMjAwMC9zdmciPjwvc3ZnPg==\" style=\"--smush-placeholder-width: 1024px; --smush-placeholder-aspect-ratio: 1024\/683;\" \/><\/a><figcaption class=\"wp-element-caption\">Wanna z hydromasa\u017cem i sauna<\/figcaption><\/figure>\n\n\n\n<figure class=\"wp-block-image size-large\"><a href=\"https:\/\/www.cottage.cz\/wp-content\/uploads\/2022\/01\/IMG-20220131-WA0001.jpg\" rel=\"lightbox[20351]\"><img decoding=\"async\" width=\"768\" height=\"1024\" data-id=\"8962\" data-src=\"https:\/\/www.cottage.cz\/wp-content\/uploads\/2022\/01\/IMG-20220131-WA0001-768x1024.jpg\" alt=\"\" class=\"wp-image-8962 lazyload\" data-srcset=\"https:\/\/cottage.cz\/wp-content\/uploads\/2022\/01\/IMG-20220131-WA0001-768x1024.jpg 768w, https:\/\/cottage.cz\/wp-content\/uploads\/2022\/01\/IMG-20220131-WA0001-225x300.jpg 225w, https:\/\/cottage.cz\/wp-content\/uploads\/2022\/01\/IMG-20220131-WA0001-1152x1536.jpg 1152w, https:\/\/cottage.cz\/wp-content\/uploads\/2022\/01\/IMG-20220131-WA0001.jpg 1200w\" data-sizes=\"(max-width: 768px) 100vw, 768px\" src=\"data:image\/svg+xml;base64,PHN2ZyB3aWR0aD0iMSIgaGVpZ2h0PSIxIiB4bWxucz0iaHR0cDovL3d3dy53My5vcmcvMjAwMC9zdmciPjwvc3ZnPg==\" style=\"--smush-placeholder-width: 768px; --smush-placeholder-aspect-ratio: 768\/1024;\" \/><\/a><figcaption class=\"wp-element-caption\">Nocne jacuzzi<\/figcaption><\/figure>\n\n\n\n<figure class=\"wp-block-image size-large\"><a href=\"https:\/\/www.cottage.cz\/wp-content\/uploads\/2022\/01\/IMG-20220131-WA0002.jpg\" rel=\"lightbox[20351]\"><img decoding=\"async\" width=\"768\" height=\"1024\" data-id=\"8963\" data-src=\"https:\/\/www.cottage.cz\/wp-content\/uploads\/2022\/01\/IMG-20220131-WA0002-768x1024.jpg\" alt=\"\" class=\"wp-image-8963 lazyload\" data-srcset=\"https:\/\/cottage.cz\/wp-content\/uploads\/2022\/01\/IMG-20220131-WA0002-768x1024.jpg 768w, https:\/\/cottage.cz\/wp-content\/uploads\/2022\/01\/IMG-20220131-WA0002-225x300.jpg 225w, https:\/\/cottage.cz\/wp-content\/uploads\/2022\/01\/IMG-20220131-WA0002-1152x1536.jpg 1152w, https:\/\/cottage.cz\/wp-content\/uploads\/2022\/01\/IMG-20220131-WA0002.jpg 1200w\" data-sizes=\"(max-width: 768px) 100vw, 768px\" src=\"data:image\/svg+xml;base64,PHN2ZyB3aWR0aD0iMSIgaGVpZ2h0PSIxIiB4bWxucz0iaHR0cDovL3d3dy53My5vcmcvMjAwMC9zdmciPjwvc3ZnPg==\" style=\"--smush-placeholder-width: 768px; --smush-placeholder-aspect-ratio: 768\/1024;\" \/><\/a><figcaption class=\"wp-element-caption\">Zrelaksowa\u0107 si\u0119<\/figcaption><\/figure>\n\n\n\n<figure class=\"wp-block-image size-large\"><a href=\"https:\/\/www.cottage.cz\/wp-content\/uploads\/2018\/11\/RV_CZ_Cottage_Night7-e1581598483798.jpg\" rel=\"lightbox[20351]\"><img decoding=\"async\" width=\"1024\" height=\"683\" data-id=\"5715\" data-src=\"https:\/\/www.cottage.cz\/wp-content\/uploads\/2018\/11\/RV_CZ_Cottage_Night7-1024x683.jpg\" alt=\"\" class=\"wp-image-5715 lazyload\" src=\"data:image\/svg+xml;base64,PHN2ZyB3aWR0aD0iMSIgaGVpZ2h0PSIxIiB4bWxucz0iaHR0cDovL3d3dy53My5vcmcvMjAwMC9zdmciPjwvc3ZnPg==\" style=\"--smush-placeholder-width: 1024px; --smush-placeholder-aspect-ratio: 1024\/683;\" \/><\/a><figcaption class=\"wp-element-caption\">Staw ogrzewany beczki<\/figcaption><\/figure>\n\n\n\n<figure class=\"wp-block-image size-large\"><a href=\"https:\/\/www.cottage.cz\/wp-content\/uploads\/2018\/08\/07a-scaled.jpg\" rel=\"lightbox[20351]\"><img decoding=\"async\" width=\"1024\" height=\"683\" data-id=\"9937\" data-src=\"https:\/\/www.cottage.cz\/wp-content\/uploads\/2018\/08\/07a-1024x683.jpg\" alt=\"\" class=\"wp-image-9937 lazyload\" data-srcset=\"https:\/\/cottage.cz\/wp-content\/uploads\/2018\/08\/07a-1024x683.jpg 1024w, https:\/\/cottage.cz\/wp-content\/uploads\/2018\/08\/07a-300x200.jpg 300w, https:\/\/cottage.cz\/wp-content\/uploads\/2018\/08\/07a-768x512.jpg 768w, https:\/\/cottage.cz\/wp-content\/uploads\/2018\/08\/07a-1536x1024.jpg 1536w, https:\/\/cottage.cz\/wp-content\/uploads\/2018\/08\/07a-2048x1365.jpg 2048w, https:\/\/cottage.cz\/wp-content\/uploads\/2018\/08\/07a-1320x880.jpg 1320w\" data-sizes=\"(max-width: 1024px) 100vw, 1024px\" src=\"data:image\/svg+xml;base64,PHN2ZyB3aWR0aD0iMSIgaGVpZ2h0PSIxIiB4bWxucz0iaHR0cDovL3d3dy53My5vcmcvMjAwMC9zdmciPjwvc3ZnPg==\" style=\"--smush-placeholder-width: 1024px; --smush-placeholder-aspect-ratio: 1024\/683;\" \/><\/a><figcaption class=\"wp-element-caption\">Hartowanie w stawie<\/figcaption><\/figure>\n\n\n\n<figure class=\"wp-block-image size-large\"><a href=\"https:\/\/cottage.cz\/wp-content\/uploads\/2025\/06\/20231126_144917.jpg\" rel=\"lightbox[20351]\"><img decoding=\"async\" width=\"1024\" height=\"576\" data-id=\"26757\" data-src=\"https:\/\/cottage.cz\/wp-content\/uploads\/2025\/06\/20231126_144917-1024x576.jpg\" alt=\"\" class=\"wp-image-26757 lazyload\" data-srcset=\"https:\/\/cottage.cz\/wp-content\/uploads\/2025\/06\/20231126_144917-1024x576.jpg 1024w, https:\/\/cottage.cz\/wp-content\/uploads\/2025\/06\/20231126_144917-300x169.jpg 300w, https:\/\/cottage.cz\/wp-content\/uploads\/2025\/06\/20231126_144917-768x432.jpg 768w, https:\/\/cottage.cz\/wp-content\/uploads\/2025\/06\/20231126_144917-1536x864.jpg 1536w, https:\/\/cottage.cz\/wp-content\/uploads\/2025\/06\/20231126_144917.jpg 1800w\" data-sizes=\"(max-width: 1024px) 100vw, 1024px\" src=\"data:image\/svg+xml;base64,PHN2ZyB3aWR0aD0iMSIgaGVpZ2h0PSIxIiB4bWxucz0iaHR0cDovL3d3dy53My5vcmcvMjAwMC9zdmciPjwvc3ZnPg==\" style=\"--smush-placeholder-width: 1024px; --smush-placeholder-aspect-ratio: 1024\/576;\" \/><\/a><figcaption class=\"wp-element-caption\">Hartowanie na zewn\u0105trz<\/figcaption><\/figure>\n<\/figure>\n<\/div><\/div>\n<\/div><\/div>\n<\/div><\/div>\n\n\n\n<figure class=\"wp-block-video\"><video height=\"848\" style=\"aspect-ratio: 480 \/ 848;\" width=\"480\" controls src=\"https:\/\/www.cottage.cz\/wp-content\/uploads\/2023\/02\/VID-20230217-WA0003.mp4\"><\/video><\/figure>\n<\/div><\/div>\n\n\n\n<p><\/p>\n","protected":false},"excerpt":{"rendered":"<p>Prywatna strefa wellness Kochasz prawdziw\u0105 saun\u0119 fi\u0144sk\u0105? Pojemno\u015b\u0107 6 os\u00f3b. Temperatura 90C +Jacuzzi dla maksymalnie 4 os\u00f3b. Temperatura 37\u00b0C.(je\u015bli chcesz z niego skorzysta\u0107, poinformuj nas o tym dzie\u0144 wcze\u015bniej, latem nieczynne) = Do u\u017cytku prywatnego 1000 CZK, w tym ca\u0142a strefa relaksu i po\u015bciel. Zewn\u0119trzna wanna z hydromasa\u017cem Relaks na \u0142onie natury to styl, kt\u00f3rego [&hellip;]<\/p>\n","protected":false},"author":4,"featured_media":26291,"parent":0,"menu_order":0,"comment_status":"closed","ping_status":"closed","template":"","meta":{"_monsterinsights_skip_tracking":false,"_monsterinsights_sitenote_active":false,"_monsterinsights_sitenote_note":"","_monsterinsights_sitenote_category":0,"ngg_post_thumbnail":0,"footnotes":""},"class_list":["post-20351","page","type-page","status-publish","has-post-thumbnail","hentry"],"aioseo_notices":[],"_links":{"self":[{"href":"https:\/\/cottage.cz\/pl\/wp-json\/wp\/v2\/pages\/20351","targetHints":{"allow":["GET"]}}],"collection":[{"href":"https:\/\/cottage.cz\/pl\/wp-json\/wp\/v2\/pages"}],"about":[{"href":"https:\/\/cottage.cz\/pl\/wp-json\/wp\/v2\/types\/page"}],"author":[{"embeddable":true,"href":"https:\/\/cottage.cz\/pl\/wp-json\/wp\/v2\/users\/4"}],"replies":[{"embeddable":true,"href":"https:\/\/cottage.cz\/pl\/wp-json\/wp\/v2\/comments?post=20351"}],"version-history":[{"count":10,"href":"https:\/\/cottage.cz\/pl\/wp-json\/wp\/v2\/pages\/20351\/revisions"}],"predecessor-version":[{"id":27661,"href":"https:\/\/cottage.cz\/pl\/wp-json\/wp\/v2\/pages\/20351\/revisions\/27661"}],"wp:featuredmedia":[{"embeddable":true,"href":"https:\/\/cottage.cz\/pl\/wp-json\/wp\/v2\/media\/26291"}],"wp:attachment":[{"href":"https:\/\/cottage.cz\/pl\/wp-json\/wp\/v2\/media?parent=20351"}],"curies":[{"name":"wp","href":"https:\/\/api.w.org\/{rel}","templated":true}]}}