{"id":20345,"date":"2023-12-17T22:14:52","date_gmt":"2023-12-17T21:14:52","guid":{"rendered":"https:\/\/cottage.napokusy.cz\/?page_id=20345"},"modified":"2023-12-17T22:14:54","modified_gmt":"2023-12-17T21:14:54","slug":"mary-perspektywa","status":"publish","type":"page","link":"https:\/\/cottage.cz\/pl\/mary-perspektywa\/","title":{"rendered":"Mary perspektywa"},"content":{"rendered":"<p>Mary perspektywa (Niemieckie Marienfels) A piaskowca wzg\u00f3rzu w pobli\u017cu Jet\u0159ichovice i wysokiej 428 metr\u00f3w nad poziomem morza. w 1856 odstawi\u0107 na szczycie Ferdinand Kinskich domku, kt\u00f3ry s\u0142u\u017cy\u0142 jako stra\u017cnicy z patroli przeciwpo\u017carowych. W XIX wieku r\u00f3wnie\u017c uzyska\u0142a jego obecna nazwa wzg\u00f3rza, Zosta\u0142 nazwany na cze\u015b\u0107 Mary Anne Kinsky, \u017cona dworu. Przed przyst\u0105pieniem nazw\u0119 wzg\u00f3rza Big Ostry.<\/p>\n<div class=\"gallery-1 gallery-wrapper columns-wrapper\"><div class=\"gallery-column\"><a class=\"gallery-item photoswipe-item\" data-caption=\"\" data-width=\"800\" data-height=\"263\" href=\"https:\/\/cottage.cz\/wp-content\/uploads\/2016\/12\/12-12-2016-09.38.46.jpg\" rel=\"lightbox[20345]\"><img decoding=\"async\" class=\"gallery-img-desktop lazyload\" data-src=\"https:\/\/cottage.cz\/wp-content\/uploads\/2016\/12\/12-12-2016-09.38.46-550x309.jpg\" alt=\"\" src=\"data:image\/svg+xml;base64,PHN2ZyB3aWR0aD0iMSIgaGVpZ2h0PSIxIiB4bWxucz0iaHR0cDovL3d3dy53My5vcmcvMjAwMC9zdmciPjwvc3ZnPg==\" style=\"--smush-placeholder-width: 550px; --smush-placeholder-aspect-ratio: 550\/309;\" \/><img decoding=\"async\" class=\"gallery-img-mobile lazyload\" data-src=\"https:\/\/cottage.cz\/wp-content\/uploads\/2016\/12\/12-12-2016-09.38.46-500x500.jpg\" alt=\"\" src=\"data:image\/svg+xml;base64,PHN2ZyB3aWR0aD0iMSIgaGVpZ2h0PSIxIiB4bWxucz0iaHR0cDovL3d3dy53My5vcmcvMjAwMC9zdmciPjwvc3ZnPg==\" style=\"--smush-placeholder-width: 500px; --smush-placeholder-aspect-ratio: 500\/500;\" \/><div class=\"gallery-enlarge\"><\/div><\/a><\/div><div class=\"gallery-column\"><a class=\"gallery-item photoswipe-item\" data-caption=\"\" data-width=\"800\" data-height=\"450\" href=\"https:\/\/cottage.cz\/wp-content\/uploads\/2016\/12\/IMG_20161212_104807.jpg\" rel=\"lightbox[20345]\"><img decoding=\"async\" class=\"gallery-img-desktop lazyload\" data-src=\"https:\/\/cottage.cz\/wp-content\/uploads\/2016\/12\/IMG_20161212_104807-550x309.jpg\" alt=\"\" src=\"data:image\/svg+xml;base64,PHN2ZyB3aWR0aD0iMSIgaGVpZ2h0PSIxIiB4bWxucz0iaHR0cDovL3d3dy53My5vcmcvMjAwMC9zdmciPjwvc3ZnPg==\" style=\"--smush-placeholder-width: 550px; --smush-placeholder-aspect-ratio: 550\/309;\" \/><img decoding=\"async\" class=\"gallery-img-mobile lazyload\" data-src=\"https:\/\/cottage.cz\/wp-content\/uploads\/2016\/12\/IMG_20161212_104807-500x500.jpg\" alt=\"\" src=\"data:image\/svg+xml;base64,PHN2ZyB3aWR0aD0iMSIgaGVpZ2h0PSIxIiB4bWxucz0iaHR0cDovL3d3dy53My5vcmcvMjAwMC9zdmciPjwvc3ZnPg==\" style=\"--smush-placeholder-width: 500px; --smush-placeholder-aspect-ratio: 500\/500;\" \/><div class=\"gallery-enlarge\"><\/div><\/a><\/div><div class=\"gallery-column\"><a class=\"gallery-item photoswipe-item\" data-caption=\"\" data-width=\"800\" data-height=\"450\" href=\"https:\/\/cottage.cz\/wp-content\/uploads\/2016\/12\/IMG_20161227_102847.jpg\" rel=\"lightbox[20345]\"><img decoding=\"async\" class=\"gallery-img-desktop lazyload\" data-src=\"https:\/\/cottage.cz\/wp-content\/uploads\/2016\/12\/IMG_20161227_102847-550x309.jpg\" alt=\"\" src=\"data:image\/svg+xml;base64,PHN2ZyB3aWR0aD0iMSIgaGVpZ2h0PSIxIiB4bWxucz0iaHR0cDovL3d3dy53My5vcmcvMjAwMC9zdmciPjwvc3ZnPg==\" style=\"--smush-placeholder-width: 550px; --smush-placeholder-aspect-ratio: 550\/309;\" \/><img decoding=\"async\" class=\"gallery-img-mobile lazyload\" data-src=\"https:\/\/cottage.cz\/wp-content\/uploads\/2016\/12\/IMG_20161227_102847-500x500.jpg\" alt=\"\" src=\"data:image\/svg+xml;base64,PHN2ZyB3aWR0aD0iMSIgaGVpZ2h0PSIxIiB4bWxucz0iaHR0cDovL3d3dy53My5vcmcvMjAwMC9zdmciPjwvc3ZnPg==\" style=\"--smush-placeholder-width: 500px; --smush-placeholder-aspect-ratio: 500\/500;\" \/><div class=\"gallery-enlarge\"><\/div><\/a><\/div><div class=\"gallery-column\"><a class=\"gallery-item photoswipe-item\" data-caption=\"\" data-width=\"1440\" data-height=\"2560\" href=\"https:\/\/cottage.cz\/wp-content\/uploads\/2021\/05\/20210505_161550-rotated.jpg\" rel=\"lightbox[20345]\"><img decoding=\"async\" class=\"gallery-img-desktop lazyload\" data-src=\"https:\/\/cottage.cz\/wp-content\/uploads\/2021\/05\/20210505_161550-rotated-550x309.jpg\" alt=\"\" src=\"data:image\/svg+xml;base64,PHN2ZyB3aWR0aD0iMSIgaGVpZ2h0PSIxIiB4bWxucz0iaHR0cDovL3d3dy53My5vcmcvMjAwMC9zdmciPjwvc3ZnPg==\" style=\"--smush-placeholder-width: 550px; --smush-placeholder-aspect-ratio: 550\/309;\" \/><img decoding=\"async\" class=\"gallery-img-mobile lazyload\" data-src=\"https:\/\/cottage.cz\/wp-content\/uploads\/2021\/05\/20210505_161550-rotated-500x500.jpg\" alt=\"\" src=\"data:image\/svg+xml;base64,PHN2ZyB3aWR0aD0iMSIgaGVpZ2h0PSIxIiB4bWxucz0iaHR0cDovL3d3dy53My5vcmcvMjAwMC9zdmciPjwvc3ZnPg==\" style=\"--smush-placeholder-width: 500px; --smush-placeholder-aspect-ratio: 500\/500;\" \/><div class=\"gallery-enlarge\"><\/div><\/a><\/div><div class=\"gallery-column\"><a class=\"gallery-item photoswipe-item\" data-caption=\"Marrina views - Jetrichovice\" data-width=\"2560\" data-height=\"1440\" href=\"https:\/\/cottage.cz\/wp-content\/uploads\/2016\/03\/20210505_161323.jpg\" rel=\"lightbox[20345]\"><img decoding=\"async\" class=\"gallery-img-desktop lazyload\" data-src=\"https:\/\/cottage.cz\/wp-content\/uploads\/2016\/03\/20210505_161323-550x309.jpg\" alt=\"\" src=\"data:image\/svg+xml;base64,PHN2ZyB3aWR0aD0iMSIgaGVpZ2h0PSIxIiB4bWxucz0iaHR0cDovL3d3dy53My5vcmcvMjAwMC9zdmciPjwvc3ZnPg==\" style=\"--smush-placeholder-width: 550px; --smush-placeholder-aspect-ratio: 550\/309;\" \/><img decoding=\"async\" class=\"gallery-img-mobile lazyload\" data-src=\"https:\/\/cottage.cz\/wp-content\/uploads\/2016\/03\/20210505_161323-500x500.jpg\" alt=\"\" src=\"data:image\/svg+xml;base64,PHN2ZyB3aWR0aD0iMSIgaGVpZ2h0PSIxIiB4bWxucz0iaHR0cDovL3d3dy53My5vcmcvMjAwMC9zdmciPjwvc3ZnPg==\" style=\"--smush-placeholder-width: 500px; --smush-placeholder-aspect-ratio: 500\/500;\" \/><div class=\"gallery-enlarge\"><\/div><\/a><\/div><div class=\"gallery-column\"><a class=\"gallery-item photoswipe-item\" data-caption=\"\" data-width=\"1920\" data-height=\"2560\" href=\"https:\/\/cottage.cz\/wp-content\/uploads\/2022\/11\/20220920_140654-scaled.jpg\" rel=\"lightbox[20345]\"><img decoding=\"async\" class=\"gallery-img-desktop lazyload\" data-src=\"https:\/\/cottage.cz\/wp-content\/uploads\/2022\/11\/20220920_140654-scaled-550x309.jpg\" alt=\"\" src=\"data:image\/svg+xml;base64,PHN2ZyB3aWR0aD0iMSIgaGVpZ2h0PSIxIiB4bWxucz0iaHR0cDovL3d3dy53My5vcmcvMjAwMC9zdmciPjwvc3ZnPg==\" style=\"--smush-placeholder-width: 550px; --smush-placeholder-aspect-ratio: 550\/309;\" \/><img decoding=\"async\" class=\"gallery-img-mobile lazyload\" data-src=\"https:\/\/cottage.cz\/wp-content\/uploads\/2022\/11\/20220920_140654-scaled-500x500.jpg\" alt=\"\" src=\"data:image\/svg+xml;base64,PHN2ZyB3aWR0aD0iMSIgaGVpZ2h0PSIxIiB4bWxucz0iaHR0cDovL3d3dy53My5vcmcvMjAwMC9zdmciPjwvc3ZnPg==\" style=\"--smush-placeholder-width: 500px; --smush-placeholder-aspect-ratio: 500\/500;\" \/><div class=\"gallery-enlarge\"><\/div><\/a><\/div><style type=\"text\/css\">.gallery-1 .gallery-column { width: 33.33%; padding-bottom: 18.75%; }.gallery-1 { margin-left: -0px; margin-right: -0px; }.gallery-1 .gallery-item {bottom: 0px;left: 0px;right: 0px;top: 0px;}<\/style><\/div>\n","protected":false},"excerpt":{"rendered":"<p>Mary perspektywa (Niemieckie Marienfels) A piaskowca wzg\u00f3rzu w pobli\u017cu Jet\u0159ichovice i wysokiej 428 metr\u00f3w nad poziomem morza. w 1856 odstawi\u0107 na szczycie Ferdinand Kinskich domku, kt\u00f3ry s\u0142u\u017cy\u0142 jako stra\u017cnicy z patroli przeciwpo\u017carowych. W XIX wieku r\u00f3wnie\u017c uzyska\u0142a jego obecna nazwa wzg\u00f3rza, Zosta\u0142 nazwany na cze\u015b\u0107 Mary Anne Kinsky, \u017cona dworu. Przed przyst\u0105pieniem nazw\u0119 wzg\u00f3rza Big [&hellip;]<\/p>\n","protected":false},"author":4,"featured_media":18458,"parent":0,"menu_order":0,"comment_status":"closed","ping_status":"closed","template":"","meta":{"_monsterinsights_skip_tracking":false,"_monsterinsights_sitenote_active":false,"_monsterinsights_sitenote_note":"","_monsterinsights_sitenote_category":0,"ngg_post_thumbnail":0,"footnotes":""},"class_list":["post-20345","page","type-page","status-publish","has-post-thumbnail","hentry"],"aioseo_notices":[],"_links":{"self":[{"href":"https:\/\/cottage.cz\/pl\/wp-json\/wp\/v2\/pages\/20345","targetHints":{"allow":["GET"]}}],"collection":[{"href":"https:\/\/cottage.cz\/pl\/wp-json\/wp\/v2\/pages"}],"about":[{"href":"https:\/\/cottage.cz\/pl\/wp-json\/wp\/v2\/types\/page"}],"author":[{"embeddable":true,"href":"https:\/\/cottage.cz\/pl\/wp-json\/wp\/v2\/users\/4"}],"replies":[{"embeddable":true,"href":"https:\/\/cottage.cz\/pl\/wp-json\/wp\/v2\/comments?post=20345"}],"version-history":[{"count":1,"href":"https:\/\/cottage.cz\/pl\/wp-json\/wp\/v2\/pages\/20345\/revisions"}],"predecessor-version":[{"id":20346,"href":"https:\/\/cottage.cz\/pl\/wp-json\/wp\/v2\/pages\/20345\/revisions\/20346"}],"wp:featuredmedia":[{"embeddable":true,"href":"https:\/\/cottage.cz\/pl\/wp-json\/wp\/v2\/media\/18458"}],"wp:attachment":[{"href":"https:\/\/cottage.cz\/pl\/wp-json\/wp\/v2\/media?parent=20345"}],"curies":[{"name":"wp","href":"https:\/\/api.w.org\/{rel}","templated":true}]}}