{"id":20336,"date":"2023-12-17T22:08:13","date_gmt":"2023-12-17T21:08:13","guid":{"rendered":"https:\/\/cottage.napokusy.cz\/?page_id=20336"},"modified":"2023-12-17T22:09:55","modified_gmt":"2023-12-17T21:09:55","slug":"pensjonat-kwilda","status":"publish","type":"page","link":"https:\/\/cottage.cz\/pl\/pensjonat-kwilda\/","title":{"rendered":"Pensjonat KWILDA"},"content":{"rendered":"\n<p>Wyobra\u017a sobie to miejsce, gdzie przyroda Szumawy dos\u0142ownie szepcze bajk\u0119, gdzie oddychasz najczystszym powietrzem i czujesz, jak twoje cia\u0142o wype\u0142nia si\u0119 energi\u0105. Witamy w pensjonacie Kvilda Lu\u010dn\u00ed!<br><br>Nasz pensjonat apartamentowy znajduje si\u0119 w samym sercu Szumawy, na Kvildzie, na wysoko\u015bci 1050 m, w jednym z najpi\u0119kniejszych i najspokojniejszych region\u00f3w Republiki Czeskiej. Otoczony nieko\u0144cz\u0105cymi si\u0119 lasami i pi\u0119knymi \u0142\u0105kami, to prawdziwy raj dla mi\u0142o\u015bnik\u00f3w przyrody.<br><br>Dlaczego warto wybra\u0107 nasz pensjonat? Mamy wszystko, czego szukasz! Oferujemy nowoczesne, czyste i przytulne apartamenty, w kt\u00f3rym poczujesz si\u0119 jak w domu. W ka\u017cdym z nich znajduje si\u0119 w pe\u0142ni wyposa\u017cona kuchnia, kuchenka mikrofalowa, du\u017ce apartamenty wyposa\u017cone s\u0105 w piekarnik, na przyk\u0142ad do \u015bwi\u0105tecznych wypiek\u00f3w. Wi-Fi jest dost\u0119pne, du\u017cy telewizor, kopalnia w\u0119gla, jezioro, prywatna \u0142azienka z toalet\u0105. Rano obudzisz si\u0119 z widokiem na pi\u0119kn\u0105 okolic\u0119 Szumawy i zjesz \u015bniadanie w s\u0142ynnej miejscowej piekarni Kvildsk\u00e1.<br><br>Co z dzia\u0142alno\u015bci\u0105?? Pensjonat Kvilda Lu\u010dn\u00ed jest idealn\u0105 baz\u0105 wypadow\u0105 do uprawiania turystyki pieszej, kolarstwo, narciarstwo biegowe i wiele innych zaj\u0119\u0107 na \u015bwie\u017cym powietrzu. W pobli\u017cu znajduje si\u0119 wiele miejscowo\u015bci turystycznych, do najbardziej znanych nale\u017c\u0105 \u017ar\u00f3d\u0142a We\u0142tawy, strefa przygraniczna i galaretowa kurtyna w Bu\u010dinie, Cha\u0142upowe bagno, najzimniejsze miejsce w Czechach Jezern\u00ed sla\u0165, R\u00f3wniny Ksi\u0105\u017c\u0119ce, wybiegi dla wilk\u00f3w w Srn\u00ed, rezerwat jeleni i rysi na Kvildzie, w\u0119dr\u00f3wki po grani na T\u0159\u00edsloli\u010dn\u00edk, Plechy\u00fd i Luzn\u00fd z widokiem na Alpy i wiele innych. Po dniu sp\u0119dzonym na \u0142onie natury mo\u017cna odpocz\u0105\u0107 lub upiec pierogi na ognisku, lub przygotuj kolacj\u0119 na grillu w cz\u0119\u015bci wypoczynkowej na \u015bwie\u017cym powietrzu. Dost\u0119pnych b\u0119dzie wiele lokalnych restauracji, piekarnia, kawiarnia i cukiernia, mo\u017cna go kupi\u0107 w lokalnym sklepie samoobs\u0142ugowym. A kiedy pada deszcz, na przyk\u0142ad odwied\u017a lokalne muzeum lub centrum informacyjne Parku Narodowego Szumawa z wystaw\u0105.<br><br>Nie czekaj, zarezerwuj u nas ju\u017c dzi\u015b <a href=\"http:\/\/www.penzionkvilda.cz\/\" target=\"_blank\" rel=\"noreferrer noopener\">mieszkanie, Kvilda Lu\u010dn\u00ed<\/a>\u00a0To czeka na Ciebie i ciesz si\u0119 wakacjami, kt\u00f3rego nigdy nie zapomnisz!<\/p>\n\n\n\n<p><a href=\"http:\/\/www.penzionkvilda.cz\/\" target=\"_blank\" rel=\"noreferrer noopener\">www.pensionkvilda.cz<\/a><\/p>\n","protected":false},"excerpt":{"rendered":"<p>Wyobra\u017a sobie to miejsce, gdzie przyroda Szumawy dos\u0142ownie szepcze bajk\u0119, gdzie oddychasz najczystszym powietrzem i czujesz, jak twoje cia\u0142o wype\u0142nia si\u0119 energi\u0105. Witamy w pensjonacie Kvilda Lu\u010dn\u00ed! Nasz pensjonat apartamentowy znajduje si\u0119 w samym sercu Szumawy, na Kvildzie, na wysoko\u015bci 1050 m, w jednym z najpi\u0119kniejszych i najspokojniejszych region\u00f3w Republiki Czeskiej. Otoczony nieko\u0144cz\u0105cymi si\u0119 lasami [&hellip;]<\/p>\n","protected":false},"author":4,"featured_media":19085,"parent":0,"menu_order":0,"comment_status":"closed","ping_status":"closed","template":"","meta":{"_monsterinsights_skip_tracking":false,"_monsterinsights_sitenote_active":false,"_monsterinsights_sitenote_note":"","_monsterinsights_sitenote_category":0,"ngg_post_thumbnail":0,"footnotes":""},"class_list":["post-20336","page","type-page","status-publish","has-post-thumbnail","hentry"],"aioseo_notices":[],"_links":{"self":[{"href":"https:\/\/cottage.cz\/pl\/wp-json\/wp\/v2\/pages\/20336","targetHints":{"allow":["GET"]}}],"collection":[{"href":"https:\/\/cottage.cz\/pl\/wp-json\/wp\/v2\/pages"}],"about":[{"href":"https:\/\/cottage.cz\/pl\/wp-json\/wp\/v2\/types\/page"}],"author":[{"embeddable":true,"href":"https:\/\/cottage.cz\/pl\/wp-json\/wp\/v2\/users\/4"}],"replies":[{"embeddable":true,"href":"https:\/\/cottage.cz\/pl\/wp-json\/wp\/v2\/comments?post=20336"}],"version-history":[{"count":2,"href":"https:\/\/cottage.cz\/pl\/wp-json\/wp\/v2\/pages\/20336\/revisions"}],"predecessor-version":[{"id":20340,"href":"https:\/\/cottage.cz\/pl\/wp-json\/wp\/v2\/pages\/20336\/revisions\/20340"}],"wp:featuredmedia":[{"embeddable":true,"href":"https:\/\/cottage.cz\/pl\/wp-json\/wp\/v2\/media\/19085"}],"wp:attachment":[{"href":"https:\/\/cottage.cz\/pl\/wp-json\/wp\/v2\/media?parent=20336"}],"curies":[{"name":"wp","href":"https:\/\/api.w.org\/{rel}","templated":true}]}}