{"id":20330,"date":"2023-12-17T22:02:33","date_gmt":"2023-12-17T21:02:33","guid":{"rendered":"https:\/\/cottage.napokusy.cz\/?page_id=20330"},"modified":"2023-12-17T22:02:35","modified_gmt":"2023-12-17T21:02:35","slug":"hartownia","status":"publish","type":"page","link":"https:\/\/cottage.cz\/pl\/hartownia\/","title":{"rendered":"Hartownia"},"content":{"rendered":"\n<p>Klub Otu\u017eov\u00e1rna oferuje spok\u00f3j dla zdrowia i relaksu. Uwielbiasz si\u0119 wzmacnia\u0107? Jeste\u015b tutaj. Zosta\u0144 cz\u0142onkiem klubu.\u00a0Napisz na adres info@cottage.cz<\/p>\n\n\n\n<figure class=\"wp-block-gallery has-nested-images columns-default is-cropped wp-block-gallery-1 is-layout-flex wp-block-gallery-is-layout-flex\">\n<figure class=\"wp-block-image size-large\"><img decoding=\"async\" width=\"768\" height=\"1024\" data-id=\"10799\" data-src=\"https:\/\/www.cottage.cz\/wp-content\/uploads\/2023\/11\/20230912_101459-768x1024.jpg\" alt=\"\" class=\"wp-image-10799 lazyload\" data-srcset=\"https:\/\/cottage.cz\/wp-content\/uploads\/2023\/11\/20230912_101459-768x1024.jpg 768w, https:\/\/cottage.cz\/wp-content\/uploads\/2023\/11\/20230912_101459-225x300.jpg 225w, https:\/\/cottage.cz\/wp-content\/uploads\/2023\/11\/20230912_101459-1152x1536.jpg 1152w, https:\/\/cottage.cz\/wp-content\/uploads\/2023\/11\/20230912_101459-1536x2048.jpg 1536w, https:\/\/cottage.cz\/wp-content\/uploads\/2023\/11\/20230912_101459-1320x1760.jpg 1320w, https:\/\/cottage.cz\/wp-content\/uploads\/2023\/11\/20230912_101459-scaled.jpg 1920w\" data-sizes=\"(max-width: 768px) 100vw, 768px\" src=\"data:image\/svg+xml;base64,PHN2ZyB3aWR0aD0iMSIgaGVpZ2h0PSIxIiB4bWxucz0iaHR0cDovL3d3dy53My5vcmcvMjAwMC9zdmciPjwvc3ZnPg==\" style=\"--smush-placeholder-width: 768px; --smush-placeholder-aspect-ratio: 768\/1024;\" \/><\/figure>\n\n\n\n<figure class=\"wp-block-image size-large\"><img decoding=\"async\" width=\"768\" height=\"1024\" data-id=\"10798\" data-src=\"https:\/\/www.cottage.cz\/wp-content\/uploads\/2023\/11\/157659df-f3df-4c67-8741-1dcf068ae923-768x1024.jpg\" alt=\"\" class=\"wp-image-10798 lazyload\" data-srcset=\"https:\/\/cottage.cz\/wp-content\/uploads\/2023\/11\/157659df-f3df-4c67-8741-1dcf068ae923-768x1024.jpg 768w, https:\/\/cottage.cz\/wp-content\/uploads\/2023\/11\/157659df-f3df-4c67-8741-1dcf068ae923-225x300.jpg 225w, https:\/\/cottage.cz\/wp-content\/uploads\/2023\/11\/157659df-f3df-4c67-8741-1dcf068ae923-1152x1536.jpg 1152w, https:\/\/cottage.cz\/wp-content\/uploads\/2023\/11\/157659df-f3df-4c67-8741-1dcf068ae923.jpg 1200w\" data-sizes=\"(max-width: 768px) 100vw, 768px\" src=\"data:image\/svg+xml;base64,PHN2ZyB3aWR0aD0iMSIgaGVpZ2h0PSIxIiB4bWxucz0iaHR0cDovL3d3dy53My5vcmcvMjAwMC9zdmciPjwvc3ZnPg==\" style=\"--smush-placeholder-width: 768px; --smush-placeholder-aspect-ratio: 768\/1024;\" \/><\/figure>\n\n\n\n<figure class=\"wp-block-image size-large\"><img decoding=\"async\" width=\"768\" height=\"1024\" data-id=\"10797\" data-src=\"https:\/\/www.cottage.cz\/wp-content\/uploads\/2023\/11\/87f2520e-f4a8-41f0-98eb-103bbc7a35e6-768x1024.jpg\" alt=\"\" class=\"wp-image-10797 lazyload\" data-srcset=\"https:\/\/cottage.cz\/wp-content\/uploads\/2023\/11\/87f2520e-f4a8-41f0-98eb-103bbc7a35e6-768x1024.jpg 768w, https:\/\/cottage.cz\/wp-content\/uploads\/2023\/11\/87f2520e-f4a8-41f0-98eb-103bbc7a35e6-225x300.jpg 225w, https:\/\/cottage.cz\/wp-content\/uploads\/2023\/11\/87f2520e-f4a8-41f0-98eb-103bbc7a35e6-1152x1536.jpg 1152w, https:\/\/cottage.cz\/wp-content\/uploads\/2023\/11\/87f2520e-f4a8-41f0-98eb-103bbc7a35e6.jpg 1200w\" data-sizes=\"(max-width: 768px) 100vw, 768px\" src=\"data:image\/svg+xml;base64,PHN2ZyB3aWR0aD0iMSIgaGVpZ2h0PSIxIiB4bWxucz0iaHR0cDovL3d3dy53My5vcmcvMjAwMC9zdmciPjwvc3ZnPg==\" style=\"--smush-placeholder-width: 768px; --smush-placeholder-aspect-ratio: 768\/1024;\" \/><\/figure>\n<\/figure>\n\n\n\n<p>Przygotowujemy zdj\u0119cia i dodatkowy tekst \u2026<\/p>\n\n\n\n<p><a href=\"\/pl\/jak-jsem-stavel-otuzovarnu\/\" title=\"\">Jak zbudowa\u0142em Ku\u017ani\u0119?<\/a><\/p>\n","protected":false},"excerpt":{"rendered":"<p>Klub Otu\u017eov\u00e1rna oferuje spok\u00f3j dla zdrowia i relaksu. Uwielbiasz si\u0119 wzmacnia\u0107? Jeste\u015b tutaj. Zosta\u0144 cz\u0142onkiem klubu.\u00a0Napisz na adres info@cottage.cz Przygotowujemy zdj\u0119cia i dodatkowy tekst \u2026 Jak zbudowa\u0142em Ku\u017ani\u0119?<\/p>\n","protected":false},"author":4,"featured_media":23819,"parent":0,"menu_order":0,"comment_status":"closed","ping_status":"closed","template":"","meta":{"_monsterinsights_skip_tracking":false,"_monsterinsights_sitenote_active":false,"_monsterinsights_sitenote_note":"","_monsterinsights_sitenote_category":0,"ngg_post_thumbnail":0,"footnotes":""},"class_list":["post-20330","page","type-page","status-publish","has-post-thumbnail","hentry"],"aioseo_notices":[],"_links":{"self":[{"href":"https:\/\/cottage.cz\/pl\/wp-json\/wp\/v2\/pages\/20330","targetHints":{"allow":["GET"]}}],"collection":[{"href":"https:\/\/cottage.cz\/pl\/wp-json\/wp\/v2\/pages"}],"about":[{"href":"https:\/\/cottage.cz\/pl\/wp-json\/wp\/v2\/types\/page"}],"author":[{"embeddable":true,"href":"https:\/\/cottage.cz\/pl\/wp-json\/wp\/v2\/users\/4"}],"replies":[{"embeddable":true,"href":"https:\/\/cottage.cz\/pl\/wp-json\/wp\/v2\/comments?post=20330"}],"version-history":[{"count":1,"href":"https:\/\/cottage.cz\/pl\/wp-json\/wp\/v2\/pages\/20330\/revisions"}],"predecessor-version":[{"id":20331,"href":"https:\/\/cottage.cz\/pl\/wp-json\/wp\/v2\/pages\/20330\/revisions\/20331"}],"wp:featuredmedia":[{"embeddable":true,"href":"https:\/\/cottage.cz\/pl\/wp-json\/wp\/v2\/media\/23819"}],"wp:attachment":[{"href":"https:\/\/cottage.cz\/pl\/wp-json\/wp\/v2\/media?parent=20330"}],"curies":[{"name":"wp","href":"https:\/\/api.w.org\/{rel}","templated":true}]}}