{"id":20322,"date":"2023-12-17T21:48:34","date_gmt":"2023-12-17T20:48:34","guid":{"rendered":"https:\/\/cottage.napokusy.cz\/?page_id=20322"},"modified":"2026-02-10T08:29:47","modified_gmt":"2026-02-10T07:29:47","slug":"masaz","status":"publish","type":"page","link":"https:\/\/cottage.cz\/pl\/masaz\/","title":{"rendered":"Masa\u017c a terapia"},"content":{"rendered":"<p style=\"text-align: center;\">Kochamy dotyk, masa\u017ce, zapach\u2026Wybieramy najlepszy dla Ciebie, firsthand przetestowany, do, co zrobi\u0107 cuda z nami!<\/p>\n<p style=\"text-align: center;\"><strong>Manualny odm\u0142adzaj\u0105cy lifting twarzy z Martin\u0105<\/strong><br>Lifting manualny to CA\u0141KOWICIE \u201eBOGA\u201d nowa, rewolucyjna metoda, kt\u00f3ra pozwala znacz\u0105co odm\u0142odzi\u0107 twarz bez u\u017cycia skalpela* ju\u017c po pierwszym zabiegu, efekt jest widoczny, zmarszczki wyra\u017anie wyg\u0142adzone, sk\u00f3ra regeneruje si\u0119 i napina<br>* bardzo delikatna technika, kt\u00f3rej towarzyszy przyjemne uczucie g\u0142\u0119bokiego relaksu i wewn\u0119trznego dobrego samopoczucia<br>* podczas masa\u017cu wykonuje si\u0119 a\u017c 1000 uderze\u0144, dzi\u0119ki kt\u00f3rym mamy \u015bwietny wp\u0142yw na zmarszczki mimiczne oraz te spowodowane zm\u0119czeniem<br>Manualny odm\u0142adzaj\u0105cy lifting twarzy (60 min.) &#8230;&#8230; 800 CZK<br>Lub<br>Indyjski masa\u017c g\u0142owy (60 min.)&#8230;&#8230;&#8230;.. 800 CZK<br>Nale\u017cy dokona\u0107 wcze\u015bniejszej rezerwacji telefonicznej: Martina, +420728567415<\/p>\n<div class=\"gallery-1 gallery-wrapper columns-wrapper\"><div class=\"gallery-column\"><a class=\"gallery-item photoswipe-item\" data-caption=\"\" data-width=\"1440\" data-height=\"2560\" href=\"https:\/\/cottage.cz\/wp-content\/uploads\/2024\/03\/IMG_4629-scaled.jpg\" rel=\"lightbox[20322]\"><img decoding=\"async\" class=\"gallery-img-desktop lazyload\" data-src=\"https:\/\/cottage.cz\/wp-content\/uploads\/2024\/03\/IMG_4629-scaled-550x309.jpg\" alt=\"\" src=\"data:image\/svg+xml;base64,PHN2ZyB3aWR0aD0iMSIgaGVpZ2h0PSIxIiB4bWxucz0iaHR0cDovL3d3dy53My5vcmcvMjAwMC9zdmciPjwvc3ZnPg==\" style=\"--smush-placeholder-width: 550px; --smush-placeholder-aspect-ratio: 550\/309;\" \/><img decoding=\"async\" class=\"gallery-img-mobile lazyload\" data-src=\"https:\/\/cottage.cz\/wp-content\/uploads\/2024\/03\/IMG_4629-scaled-500x500.jpg\" alt=\"\" src=\"data:image\/svg+xml;base64,PHN2ZyB3aWR0aD0iMSIgaGVpZ2h0PSIxIiB4bWxucz0iaHR0cDovL3d3dy53My5vcmcvMjAwMC9zdmciPjwvc3ZnPg==\" style=\"--smush-placeholder-width: 500px; --smush-placeholder-aspect-ratio: 500\/500;\" \/><div class=\"gallery-enlarge\"><\/div><\/a><\/div><div class=\"gallery-column\"><a class=\"gallery-item photoswipe-item\" data-caption=\"\" data-width=\"1440\" data-height=\"2560\" href=\"https:\/\/cottage.cz\/wp-content\/uploads\/2024\/03\/IMG_4628-scaled.jpg\" rel=\"lightbox[20322]\"><img decoding=\"async\" class=\"gallery-img-desktop lazyload\" data-src=\"https:\/\/cottage.cz\/wp-content\/uploads\/2024\/03\/IMG_4628-scaled-550x309.jpg\" alt=\"\" src=\"data:image\/svg+xml;base64,PHN2ZyB3aWR0aD0iMSIgaGVpZ2h0PSIxIiB4bWxucz0iaHR0cDovL3d3dy53My5vcmcvMjAwMC9zdmciPjwvc3ZnPg==\" style=\"--smush-placeholder-width: 550px; --smush-placeholder-aspect-ratio: 550\/309;\" \/><img decoding=\"async\" class=\"gallery-img-mobile lazyload\" data-src=\"https:\/\/cottage.cz\/wp-content\/uploads\/2024\/03\/IMG_4628-scaled-500x500.jpg\" alt=\"\" src=\"data:image\/svg+xml;base64,PHN2ZyB3aWR0aD0iMSIgaGVpZ2h0PSIxIiB4bWxucz0iaHR0cDovL3d3dy53My5vcmcvMjAwMC9zdmciPjwvc3ZnPg==\" style=\"--smush-placeholder-width: 500px; --smush-placeholder-aspect-ratio: 500\/500;\" \/><div class=\"gallery-enlarge\"><\/div><\/a><\/div><div class=\"gallery-column\"><a class=\"gallery-item photoswipe-item\" data-caption=\"\" data-width=\"1440\" data-height=\"2560\" href=\"https:\/\/cottage.cz\/wp-content\/uploads\/2024\/03\/IMG_4626-scaled.jpg\" rel=\"lightbox[20322]\"><img decoding=\"async\" class=\"gallery-img-desktop lazyload\" data-src=\"https:\/\/cottage.cz\/wp-content\/uploads\/2024\/03\/IMG_4626-scaled-550x309.jpg\" alt=\"\" src=\"data:image\/svg+xml;base64,PHN2ZyB3aWR0aD0iMSIgaGVpZ2h0PSIxIiB4bWxucz0iaHR0cDovL3d3dy53My5vcmcvMjAwMC9zdmciPjwvc3ZnPg==\" style=\"--smush-placeholder-width: 550px; --smush-placeholder-aspect-ratio: 550\/309;\" \/><img decoding=\"async\" class=\"gallery-img-mobile lazyload\" data-src=\"https:\/\/cottage.cz\/wp-content\/uploads\/2024\/03\/IMG_4626-scaled-500x500.jpg\" alt=\"\" src=\"data:image\/svg+xml;base64,PHN2ZyB3aWR0aD0iMSIgaGVpZ2h0PSIxIiB4bWxucz0iaHR0cDovL3d3dy53My5vcmcvMjAwMC9zdmciPjwvc3ZnPg==\" style=\"--smush-placeholder-width: 500px; --smush-placeholder-aspect-ratio: 500\/500;\" \/><div class=\"gallery-enlarge\"><\/div><\/a><\/div><style type=\"text\/css\">.gallery-1 .gallery-column { width: 33.33%; padding-bottom: 18.75%; }.gallery-1 { margin-left: -0px; margin-right: -0px; }.gallery-1 .gallery-item {bottom: 0px;left: 0px;right: 0px;top: 0px;}<\/style><\/div>\n<p style=\"text-align: center;\"><strong>Masa\u017c sportowy i regeneracyjny<\/strong><\/p>\n<p><img decoding=\"async\" class=\"size-medium wp-image-21970 alignleft lazyload\" data-src=\"https:\/\/cottage.cz\/wp-content\/uploads\/2024\/02\/20240123_094016-169x300.jpg\" alt=\"\" width=\"169\" height=\"300\" data-srcset=\"https:\/\/cottage.cz\/wp-content\/uploads\/2024\/02\/20240123_094016-169x300.jpg 169w, https:\/\/cottage.cz\/wp-content\/uploads\/2024\/02\/20240123_094016-577x1024.jpg 577w, https:\/\/cottage.cz\/wp-content\/uploads\/2024\/02\/20240123_094016-768x1364.jpg 768w, https:\/\/cottage.cz\/wp-content\/uploads\/2024\/02\/20240123_094016-865x1536.jpg 865w, https:\/\/cottage.cz\/wp-content\/uploads\/2024\/02\/20240123_094016-1153x2048.jpg 1153w, https:\/\/cottage.cz\/wp-content\/uploads\/2024\/02\/20240123_094016-1320x2345.jpg 1320w, https:\/\/cottage.cz\/wp-content\/uploads\/2024\/02\/20240123_094016-scaled.jpg 1441w\" data-sizes=\"(max-width: 169px) 100vw, 169px\" src=\"data:image\/svg+xml;base64,PHN2ZyB3aWR0aD0iMSIgaGVpZ2h0PSIxIiB4bWxucz0iaHR0cDovL3d3dy53My5vcmcvMjAwMC9zdmciPjwvc3ZnPg==\" style=\"--smush-placeholder-width: 169px; --smush-placeholder-aspect-ratio: 169\/300;\" \/>Masa\u017c sportowy i regeneracyjny &#8211; masa\u017c ca\u0142ego cia\u0142a, podczas kt\u00f3rego masowane s\u0105 plecy, okolice bark\u00f3w, szyja, g\u00f3rna cz\u0119\u015b\u0107 po\u015bladk\u00f3w, ramiona, nogi i stopy. Szczeg\u00f3ln\u0105 uwag\u0119 zwracamy na rozlu\u017anienie sztywnego karku w pozycji le\u017c\u0105cej oraz masowanie sk\u00f3ry czaszki i twarzy (g\u0142owy i twarzy tylko za zgod\u0105 klienta). Masa\u017cystka z wyczuciem w\u0142\u0105cza do zabiegu popularne elementy hawajskiego masa\u017cu Lomi Lomi i masa\u017cu punktowego.<\/p>\n<p>Sport masa\u017c plec\u00f3w (60 min.) 1000 CZK<\/p>\n<p><strong>Nale\u017cy zarezerwowa\u0107 z wyprzedzeniem<\/strong> na telefonie: Jaroslav <strong>+420606540150<\/strong><\/p>\n<p style=\"text-align: center;\"><strong>Zam\u00f3wienie na ca\u0142o\u015bciowy masa\u017c aromaterapeutyczny<\/strong><\/p>\n<p><img decoding=\"async\" class=\"size-medium wp-image-13601 alignleft lazyload\" data-src=\"https:\/\/cottage.cz\/wp-content\/uploads\/2018\/06\/katma-300x200.jpg\" alt=\"\" width=\"300\" height=\"200\" data-srcset=\"https:\/\/cottage.cz\/wp-content\/uploads\/2018\/06\/katma-300x200.jpg 300w, https:\/\/cottage.cz\/wp-content\/uploads\/2018\/06\/katma.jpg 450w\" data-sizes=\"(max-width: 300px) 100vw, 300px\" src=\"data:image\/svg+xml;base64,PHN2ZyB3aWR0aD0iMSIgaGVpZ2h0PSIxIiB4bWxucz0iaHR0cDovL3d3dy53My5vcmcvMjAwMC9zdmciPjwvc3ZnPg==\" style=\"--smush-placeholder-width: 300px; --smush-placeholder-aspect-ratio: 300\/200;\" \/>Ca\u0142kowita aromatyczny masa\u017cu (120 mnie) \u2026. 1550 CZK<\/p>\n<p>Tj cz\u0119\u015bciowo aromatyczny masa\u017cu. z powrotem, szyja, g\u0142owa (75 mnie) 1150 CZK<\/p>\n<p>Aromatyczny masa\u017c plec\u00f3w lub n\u00f3g (60 mnie) 1050 CZK<\/p>\n<p>prawo 300 CZK (op\u0142ata).<\/p>\n<p><strong>Nale\u017cy zarezerwowa\u0107 z wyprzedzeniem<\/strong> na telefonie: Katerina, <strong>+420605541023<\/strong><\/p>\n<p><em>(Naszym go\u015bciom oferujemy wy\u0142\u0105cznie masa\u017ce i zabiegi)<\/em><\/p>\n\n\n<p><\/p>\n","protected":false},"excerpt":{"rendered":"<p>Kochamy dotyk, masa\u017ce, zapach\u2026Wybieramy najlepszy dla Ciebie, firsthand przetestowany, do, co zrobi\u0107 cuda z nami! Manualny odm\u0142adzaj\u0105cy lifting twarzy z Martin\u0105Lifting manualny to CA\u0141KOWICIE \u201eBOGA\u201d nowa, rewolucyjna metoda, kt\u00f3ra pozwala znacz\u0105co odm\u0142odzi\u0107 twarz bez u\u017cycia skalpela* ju\u017c po pierwszym zabiegu, efekt jest widoczny, zmarszczki wyra\u017anie wyg\u0142adzone, sk\u00f3ra regeneruje si\u0119 i napina* bardzo delikatna technika, kt\u00f3rej [&hellip;]<\/p>\n","protected":false},"author":4,"featured_media":17369,"parent":0,"menu_order":0,"comment_status":"closed","ping_status":"closed","template":"","meta":{"_monsterinsights_skip_tracking":false,"_monsterinsights_sitenote_active":false,"_monsterinsights_sitenote_note":"","_monsterinsights_sitenote_category":0,"ngg_post_thumbnail":0,"footnotes":""},"class_list":["post-20322","page","type-page","status-publish","has-post-thumbnail","hentry"],"aioseo_notices":[],"_links":{"self":[{"href":"https:\/\/cottage.cz\/pl\/wp-json\/wp\/v2\/pages\/20322","targetHints":{"allow":["GET"]}}],"collection":[{"href":"https:\/\/cottage.cz\/pl\/wp-json\/wp\/v2\/pages"}],"about":[{"href":"https:\/\/cottage.cz\/pl\/wp-json\/wp\/v2\/types\/page"}],"author":[{"embeddable":true,"href":"https:\/\/cottage.cz\/pl\/wp-json\/wp\/v2\/users\/4"}],"replies":[{"embeddable":true,"href":"https:\/\/cottage.cz\/pl\/wp-json\/wp\/v2\/comments?post=20322"}],"version-history":[{"count":10,"href":"https:\/\/cottage.cz\/pl\/wp-json\/wp\/v2\/pages\/20322\/revisions"}],"predecessor-version":[{"id":28695,"href":"https:\/\/cottage.cz\/pl\/wp-json\/wp\/v2\/pages\/20322\/revisions\/28695"}],"wp:featuredmedia":[{"embeddable":true,"href":"https:\/\/cottage.cz\/pl\/wp-json\/wp\/v2\/media\/17369"}],"wp:attachment":[{"href":"https:\/\/cottage.cz\/pl\/wp-json\/wp\/v2\/media?parent=20322"}],"curies":[{"name":"wp","href":"https:\/\/api.w.org\/{rel}","templated":true}]}}