{"id":20315,"date":"2023-12-16T23:17:22","date_gmt":"2023-12-16T22:17:22","guid":{"rendered":"https:\/\/cottage.napokusy.cz\/?page_id=20315"},"modified":"2023-12-16T23:17:25","modified_gmt":"2023-12-16T22:17:25","slug":"shiatsu","status":"publish","type":"page","link":"https:\/\/cottage.cz\/pl\/shiatsu\/","title":{"rendered":"Shiatsu"},"content":{"rendered":"\n<figure class=\"wp-block-gallery has-nested-images columns-default is-cropped wp-block-gallery-1 is-layout-flex wp-block-gallery-is-layout-flex\">\n<figure class=\"wp-block-image size-large\"><img decoding=\"async\" width=\"1024\" height=\"682\" data-id=\"9757\" data-src=\"https:\/\/www.cottage.cz\/wp-content\/uploads\/2022\/09\/4J4A1480-1024x682.jpg\" alt=\"\" class=\"wp-image-9757 lazyload\" data-srcset=\"https:\/\/cottage.cz\/wp-content\/uploads\/2022\/09\/4J4A1480-1024x682.jpg 1024w, https:\/\/cottage.cz\/wp-content\/uploads\/2022\/09\/4J4A1480-300x200.jpg 300w, https:\/\/cottage.cz\/wp-content\/uploads\/2022\/09\/4J4A1480-768x512.jpg 768w, https:\/\/cottage.cz\/wp-content\/uploads\/2022\/09\/4J4A1480-1536x1024.jpg 1536w, https:\/\/cottage.cz\/wp-content\/uploads\/2022\/09\/4J4A1480-1320x880.jpg 1320w, https:\/\/cottage.cz\/wp-content\/uploads\/2022\/09\/4J4A1480.jpg 2000w\" data-sizes=\"(max-width: 1024px) 100vw, 1024px\" src=\"data:image\/svg+xml;base64,PHN2ZyB3aWR0aD0iMSIgaGVpZ2h0PSIxIiB4bWxucz0iaHR0cDovL3d3dy53My5vcmcvMjAwMC9zdmciPjwvc3ZnPg==\" style=\"--smush-placeholder-width: 1024px; --smush-placeholder-aspect-ratio: 1024\/682;\" \/><\/figure>\n\n\n\n<figure class=\"wp-block-image size-large\"><img decoding=\"async\" width=\"1024\" height=\"682\" data-id=\"9759\" data-src=\"https:\/\/www.cottage.cz\/wp-content\/uploads\/2022\/09\/4J4A1457-1024x682.jpg\" alt=\"\" class=\"wp-image-9759 lazyload\" data-srcset=\"https:\/\/cottage.cz\/wp-content\/uploads\/2022\/09\/4J4A1457-1024x682.jpg 1024w, https:\/\/cottage.cz\/wp-content\/uploads\/2022\/09\/4J4A1457-300x200.jpg 300w, https:\/\/cottage.cz\/wp-content\/uploads\/2022\/09\/4J4A1457-768x512.jpg 768w, https:\/\/cottage.cz\/wp-content\/uploads\/2022\/09\/4J4A1457-1536x1024.jpg 1536w, https:\/\/cottage.cz\/wp-content\/uploads\/2022\/09\/4J4A1457-1320x880.jpg 1320w, https:\/\/cottage.cz\/wp-content\/uploads\/2022\/09\/4J4A1457.jpg 2000w\" data-sizes=\"(max-width: 1024px) 100vw, 1024px\" src=\"data:image\/svg+xml;base64,PHN2ZyB3aWR0aD0iMSIgaGVpZ2h0PSIxIiB4bWxucz0iaHR0cDovL3d3dy53My5vcmcvMjAwMC9zdmciPjwvc3ZnPg==\" style=\"--smush-placeholder-width: 1024px; --smush-placeholder-aspect-ratio: 1024\/682;\" \/><\/figure>\n\n\n\n<figure class=\"wp-block-image size-large\"><img decoding=\"async\" width=\"1024\" height=\"682\" data-id=\"9758\" data-src=\"https:\/\/www.cottage.cz\/wp-content\/uploads\/2022\/09\/4J4A1451-1024x682.jpg\" alt=\"\" class=\"wp-image-9758 lazyload\" data-srcset=\"https:\/\/cottage.cz\/wp-content\/uploads\/2022\/09\/4J4A1451-1024x682.jpg 1024w, https:\/\/cottage.cz\/wp-content\/uploads\/2022\/09\/4J4A1451-300x200.jpg 300w, https:\/\/cottage.cz\/wp-content\/uploads\/2022\/09\/4J4A1451-768x512.jpg 768w, https:\/\/cottage.cz\/wp-content\/uploads\/2022\/09\/4J4A1451-1536x1024.jpg 1536w, https:\/\/cottage.cz\/wp-content\/uploads\/2022\/09\/4J4A1451-1320x880.jpg 1320w, https:\/\/cottage.cz\/wp-content\/uploads\/2022\/09\/4J4A1451.jpg 2000w\" data-sizes=\"(max-width: 1024px) 100vw, 1024px\" src=\"data:image\/svg+xml;base64,PHN2ZyB3aWR0aD0iMSIgaGVpZ2h0PSIxIiB4bWxucz0iaHR0cDovL3d3dy53My5vcmcvMjAwMC9zdmciPjwvc3ZnPg==\" style=\"--smush-placeholder-width: 1024px; --smush-placeholder-aspect-ratio: 1024\/682;\" \/><\/figure>\n\n\n\n<figure class=\"wp-block-image size-large\"><img decoding=\"async\" width=\"1024\" height=\"682\" data-id=\"9756\" data-src=\"https:\/\/www.cottage.cz\/wp-content\/uploads\/2022\/09\/P1031773-1024x682.jpg\" alt=\"\" class=\"wp-image-9756 lazyload\" data-srcset=\"https:\/\/cottage.cz\/wp-content\/uploads\/2022\/09\/P1031773-1024x682.jpg 1024w, https:\/\/cottage.cz\/wp-content\/uploads\/2022\/09\/P1031773-300x200.jpg 300w, https:\/\/cottage.cz\/wp-content\/uploads\/2022\/09\/P1031773-768x512.jpg 768w, https:\/\/cottage.cz\/wp-content\/uploads\/2022\/09\/P1031773-1536x1024.jpg 1536w, https:\/\/cottage.cz\/wp-content\/uploads\/2022\/09\/P1031773-1320x880.jpg 1320w, https:\/\/cottage.cz\/wp-content\/uploads\/2022\/09\/P1031773.jpg 2000w\" data-sizes=\"(max-width: 1024px) 100vw, 1024px\" src=\"data:image\/svg+xml;base64,PHN2ZyB3aWR0aD0iMSIgaGVpZ2h0PSIxIiB4bWxucz0iaHR0cDovL3d3dy53My5vcmcvMjAwMC9zdmciPjwvc3ZnPg==\" style=\"--smush-placeholder-width: 1024px; --smush-placeholder-aspect-ratio: 1024\/682;\" \/><\/figure>\n<\/figure>\n\n\n\n<p>Zwyk\u0142a d\u0142ugo\u015b\u0107 leczenia: 90 mnie,&nbsp;ewentualne konsultacje<\/p>\n\n\n\n<p>\u201eShiatsu jest zaproszeniem do g\u0142\u0119bokiego zaufania swojemu cia\u0142u i jego mocom\u201d.<\/p>\n\n\n\n<p><strong>Shiatsu to japo\u0144ska technika podobna do masa\u017cu,&nbsp;kt\u00f3ry wykorzystuje delikatny dotyk w akupresurze<br>zwrotnica. Zabieg Shiatsu odbywa si\u0119 w ubraniach na macie na ziemi. Podczas leczenia powstaj\u0105 w organizmie<br>warunki do przywr\u00f3cenia r\u00f3wnowagi zar\u00f3wno na poziomie energetycznym, zar\u00f3wno na poziomie fizycznym, jak i psychicznym.<\/strong><\/p>\n\n\n\n<p><strong>Jak to dzia\u0142a?<\/strong>&nbsp;Nasza energia \u017cyciowa w ciele&nbsp;(Do)&nbsp;przep\u0142ywa przez sie\u0107 meridian\u00f3w,&nbsp;u zdrowej, \u015bwiadomej osoby tak<br>jego przep\u0142yw jest zr\u00f3wnowa\u017cony.&nbsp;Jednak z r\u00f3\u017cnych powod\u00f3w ki gromadzi si\u0119 w niekt\u00f3rych miejscach,&nbsp;jak gdyby<br>na rzece zostanie zbudowana tama.&nbsp;Gdzie indziej ki jest s\u0142aby,&nbsp;jak wysychaj\u0105cy strumyk.&nbsp;W shiatsu u\u017cywamy dotyku i<br>nacisk palca, aby to zrobi\u0107,&nbsp;tak, aby w miejscach nadmiaru ki zosta\u0142o uwolnione i mog\u0142o sp\u0142yn\u0105\u0107 do miejsc,&nbsp;gdzie ona jest<br>brak.&nbsp;Wraz z systemem energetycznym, w kierunku harmonii zmierza tak\u017ce cia\u0142o i umys\u0142.&nbsp;Otwiera si\u0119<br>droga do zdrowia,&nbsp;wewn\u0119trzna m\u0105dro\u015b\u0107 i g\u0142\u0119boki spok\u00f3j.<br><br><strong>Jak to idzie?<\/strong>&nbsp;Na pocz\u0105tku spotkania jest miejsce na kr\u00f3tk\u0105 rozmow\u0119.&nbsp;Interesuj\u0119 si\u0119,&nbsp;jakie \u017cycie prowadzisz i jakie<br>chcia\u0142by\u015b zmieni\u0107 \u2013 na przyk\u0142ad to, co Ci\u0119 boli,&nbsp;jakie choroby Ci\u0119 dr\u0119cz\u0105,&nbsp;problemy psychiczne czy co\u015b.<br>Po samym zabiegu zak\u0142ada si\u0119 ubranie na mat\u0119 le\u017c\u0105c\u0105 na ziemi \u2013 mo\u017ce odbywa\u0107 si\u0119 w pozycji siedz\u0105cej lub le\u017c\u0105cej<br>z powrotem,&nbsp;na brzuchu lub boku.&nbsp;Dotykam punkt\u00f3w na meridianach zgodnie z wykryt\u0105 nier\u00f3wnowag\u0105,&nbsp;u\u017cywam<br>r\u00f3wnie\u017c poprzez obracanie przegub\u00f3w,&nbsp;rozci\u0105ganie lub ucisk d\u0142oni.&nbsp;Shiatsu jest za ka\u017cdym razem inne,&nbsp;poniewa\u017c ka\u017cdy jest wyj\u0105tkowy<br>klient.&nbsp;Na koniec warto po\u0142o\u017cy\u0107 si\u0119 i odpocz\u0105\u0107 kilka minut.<br><br>Podczas terapii dotykowej i po niej mo\u017ce wyst\u0105pi\u0107 uczucie ucisku,&nbsp;ciep\u0142o lub wibracje,&nbsp;mog\u0105 si\u0119 tak\u017ce pojawi\u0107 inne<br>obrazy,&nbsp;wspomnienia lub emocje.&nbsp;Dobrze jest pozwoli\u0107 im dzia\u0142a\u0107 w\u0142asnym torem.&nbsp;Polecam po zabiegu<br>daj sobie czas na integracj\u0119 i postrzeganie,&nbsp;co dzieje si\u0119 w ciele i psychice.&nbsp;Idealnie jest mie\u0107 czas dla siebie.<br>Czy shiatsu jest dla ciebie odpowiednie?? rok,&nbsp;je\u015bli cierpisz na jakiekolwiek problemy psychiczne lub fizyczne,&nbsp;chcesz<br>odpocz\u0105\u0107 lub je\u015bli chcesz wyruszy\u0107 w podr\u00f3\u017c w celu g\u0142\u0119bszego zrozumienia siebie i swojego \u017cycia.&nbsp;Shiatsu se<br>nie jest zalecany w ostrej fazie choroby zaka\u017anej lub w trakcie trwaj\u0105cej chemioterapii.<br><br><strong>Jak mam przyj\u015b\u0107??<\/strong>&nbsp;Warto przyj\u015b\u0107 przynajmniej godzin\u0119 po jedzeniu.&nbsp;No\u015b wygodne, naturalne ubranie<br>materia\u0142&nbsp;(najlepiej bez guzik\u00f3w i zamk\u00f3w)&nbsp;i skarpetki.&nbsp;Dobrym wyborem b\u0119d\u0105 spodnie lub legginsy i T-shirt<br>z d\u0142ugimi r\u0119kawami.&nbsp;Dla kobiet polecam stanik sportowy,&nbsp;ewentualnie przed samym leczeniem<br>zdejmij stanik.&nbsp;D\u017cinsy nie nadaj\u0105 si\u0119,&nbsp;spodenki,&nbsp;sp\u00f3dnica,&nbsp;podkoszulek.<\/p>\n","protected":false},"excerpt":{"rendered":"<p>Zwyk\u0142a d\u0142ugo\u015b\u0107 leczenia: 90 mnie,&nbsp;ewentualne konsultacje \u201eShiatsu jest zaproszeniem do g\u0142\u0119bokiego zaufania swojemu cia\u0142u i jego mocom\u201d. Shiatsu to japo\u0144ska technika podobna do masa\u017cu,&nbsp;kt\u00f3ry wykorzystuje delikatny dotyk w akupresurzezwrotnica. Zabieg Shiatsu odbywa si\u0119 w ubraniach na macie na ziemi. Podczas leczenia powstaj\u0105 w organizmiewarunki do przywr\u00f3cenia r\u00f3wnowagi zar\u00f3wno na poziomie energetycznym, zar\u00f3wno na poziomie fizycznym, [&hellip;]<\/p>\n","protected":false},"author":4,"featured_media":18341,"parent":0,"menu_order":0,"comment_status":"closed","ping_status":"closed","template":"","meta":{"_monsterinsights_skip_tracking":false,"_monsterinsights_sitenote_active":false,"_monsterinsights_sitenote_note":"","_monsterinsights_sitenote_category":0,"ngg_post_thumbnail":0,"footnotes":""},"class_list":["post-20315","page","type-page","status-publish","has-post-thumbnail","hentry"],"aioseo_notices":[],"_links":{"self":[{"href":"https:\/\/cottage.cz\/pl\/wp-json\/wp\/v2\/pages\/20315","targetHints":{"allow":["GET"]}}],"collection":[{"href":"https:\/\/cottage.cz\/pl\/wp-json\/wp\/v2\/pages"}],"about":[{"href":"https:\/\/cottage.cz\/pl\/wp-json\/wp\/v2\/types\/page"}],"author":[{"embeddable":true,"href":"https:\/\/cottage.cz\/pl\/wp-json\/wp\/v2\/users\/4"}],"replies":[{"embeddable":true,"href":"https:\/\/cottage.cz\/pl\/wp-json\/wp\/v2\/comments?post=20315"}],"version-history":[{"count":1,"href":"https:\/\/cottage.cz\/pl\/wp-json\/wp\/v2\/pages\/20315\/revisions"}],"predecessor-version":[{"id":20316,"href":"https:\/\/cottage.cz\/pl\/wp-json\/wp\/v2\/pages\/20315\/revisions\/20316"}],"wp:featuredmedia":[{"embeddable":true,"href":"https:\/\/cottage.cz\/pl\/wp-json\/wp\/v2\/media\/18341"}],"wp:attachment":[{"href":"https:\/\/cottage.cz\/pl\/wp-json\/wp\/v2\/media?parent=20315"}],"curies":[{"name":"wp","href":"https:\/\/api.w.org\/{rel}","templated":true}]}}