{"id":20308,"date":"2023-12-16T23:09:36","date_gmt":"2023-12-16T22:09:36","guid":{"rendered":"https:\/\/cottage.napokusy.cz\/?page_id=20308"},"modified":"2023-12-16T23:09:39","modified_gmt":"2023-12-16T22:09:39","slug":"transport","status":"publish","type":"page","link":"https:\/\/cottage.cz\/pl\/transport\/","title":{"rendered":"Transport"},"content":{"rendered":"\n<p>Do dyspozycji naszych klient\u00f3w posiadamy vw transporter z miejscami 8+1 oraz baga\u017cnik na 4 ko\u0142a. Wi\u0119c mo\u017cemy Ci\u0119 gdzie\u015b zabra\u0107, ale te\u017c sk\u0105d\u015b sprowadzi\u0107. Cena i termin zale\u017c\u0105 od umowy. Oferujemy r\u00f3wnie\u017c mo\u017cliwo\u015b\u0107 odbioru na dworcu oraz na lotnisku. Kontakt: <a href=\"mailto:info@cottage.cz\">info@cottage.cz<\/a><\/p>\n","protected":false},"excerpt":{"rendered":"<p>Do dyspozycji naszych klient\u00f3w posiadamy vw transporter z miejscami 8+1 oraz baga\u017cnik na 4 ko\u0142a. Wi\u0119c mo\u017cemy Ci\u0119 gdzie\u015b zabra\u0107, ale te\u017c sk\u0105d\u015b sprowadzi\u0107. Cena i termin zale\u017c\u0105 od umowy. Oferujemy r\u00f3wnie\u017c mo\u017cliwo\u015b\u0107 odbioru na dworcu oraz na lotnisku. Kontakt: info@cottage.cz<\/p>\n","protected":false},"author":4,"featured_media":15461,"parent":0,"menu_order":0,"comment_status":"closed","ping_status":"closed","template":"","meta":{"_monsterinsights_skip_tracking":false,"_monsterinsights_sitenote_active":false,"_monsterinsights_sitenote_note":"","_monsterinsights_sitenote_category":0,"ngg_post_thumbnail":0,"footnotes":""},"class_list":["post-20308","page","type-page","status-publish","has-post-thumbnail","hentry"],"aioseo_notices":[],"_links":{"self":[{"href":"https:\/\/cottage.cz\/pl\/wp-json\/wp\/v2\/pages\/20308","targetHints":{"allow":["GET"]}}],"collection":[{"href":"https:\/\/cottage.cz\/pl\/wp-json\/wp\/v2\/pages"}],"about":[{"href":"https:\/\/cottage.cz\/pl\/wp-json\/wp\/v2\/types\/page"}],"author":[{"embeddable":true,"href":"https:\/\/cottage.cz\/pl\/wp-json\/wp\/v2\/users\/4"}],"replies":[{"embeddable":true,"href":"https:\/\/cottage.cz\/pl\/wp-json\/wp\/v2\/comments?post=20308"}],"version-history":[{"count":1,"href":"https:\/\/cottage.cz\/pl\/wp-json\/wp\/v2\/pages\/20308\/revisions"}],"predecessor-version":[{"id":20309,"href":"https:\/\/cottage.cz\/pl\/wp-json\/wp\/v2\/pages\/20308\/revisions\/20309"}],"wp:featuredmedia":[{"embeddable":true,"href":"https:\/\/cottage.cz\/pl\/wp-json\/wp\/v2\/media\/15461"}],"wp:attachment":[{"href":"https:\/\/cottage.cz\/pl\/wp-json\/wp\/v2\/media?parent=20308"}],"curies":[{"name":"wp","href":"https:\/\/api.w.org\/{rel}","templated":true}]}}