{"id":20282,"date":"2023-12-16T21:59:59","date_gmt":"2023-12-16T20:59:59","guid":{"rendered":"https:\/\/cottage.napokusy.cz\/?page_id=20282"},"modified":"2023-12-16T22:00:10","modified_gmt":"2023-12-16T21:00:10","slug":"zachody-slonca","status":"publish","type":"page","link":"https:\/\/cottage.cz\/pl\/zachody-slonca\/","title":{"rendered":"Zachody s\u0142o\u0144ca"},"content":{"rendered":"\n<p>Nasze codzienne zachody s\u0142o\u0144ca, zamiast wieczornych wiadomo\u015bci telewizyjnych.<\/p>\n\n\n\n<figure class=\"wp-block-gallery has-nested-images columns-default is-cropped wp-block-gallery-1 is-layout-flex wp-block-gallery-is-layout-flex\">\n<figure class=\"wp-block-image size-large\"><img decoding=\"async\" width=\"1024\" height=\"683\" data-id=\"6931\" data-src=\"https:\/\/www.cottage.cz\/wp-content\/uploads\/2020\/03\/RV_CZ_Cottage_Night1-1024x683.jpg\" alt=\"\" class=\"wp-image-6931 lazyload\" data-srcset=\"https:\/\/cottage.cz\/wp-content\/uploads\/2020\/03\/RV_CZ_Cottage_Night1-1024x683.jpg 1024w, https:\/\/cottage.cz\/wp-content\/uploads\/2020\/03\/RV_CZ_Cottage_Night1-300x200.jpg 300w, https:\/\/cottage.cz\/wp-content\/uploads\/2020\/03\/RV_CZ_Cottage_Night1-768x512.jpg 768w, https:\/\/cottage.cz\/wp-content\/uploads\/2020\/03\/RV_CZ_Cottage_Night1-1536x1024.jpg 1536w, https:\/\/cottage.cz\/wp-content\/uploads\/2020\/03\/RV_CZ_Cottage_Night1-2048x1365.jpg 2048w\" data-sizes=\"(max-width: 1024px) 100vw, 1024px\" src=\"data:image\/svg+xml;base64,PHN2ZyB3aWR0aD0iMSIgaGVpZ2h0PSIxIiB4bWxucz0iaHR0cDovL3d3dy53My5vcmcvMjAwMC9zdmciPjwvc3ZnPg==\" style=\"--smush-placeholder-width: 1024px; --smush-placeholder-aspect-ratio: 1024\/683;\" \/><figcaption class=\"wp-element-caption\">siedzenie i zach\u00f3d s\u0142o\u0144ca<\/figcaption><\/figure>\n\n\n\n<figure class=\"wp-block-image size-large\"><img decoding=\"async\" width=\"1024\" height=\"768\" data-id=\"6960\" data-src=\"https:\/\/www.cottage.cz\/wp-content\/uploads\/2020\/03\/IMG_20190323_171150-EFFECTS-1024x768.jpg\" alt=\"\" class=\"wp-image-6960 lazyload\" data-srcset=\"https:\/\/cottage.cz\/wp-content\/uploads\/2020\/03\/IMG_20190323_171150-EFFECTS-1024x768.jpg 1024w, https:\/\/cottage.cz\/wp-content\/uploads\/2020\/03\/IMG_20190323_171150-EFFECTS-300x225.jpg 300w, https:\/\/cottage.cz\/wp-content\/uploads\/2020\/03\/IMG_20190323_171150-EFFECTS-768x576.jpg 768w, https:\/\/cottage.cz\/wp-content\/uploads\/2020\/03\/IMG_20190323_171150-EFFECTS-1536x1152.jpg 1536w, https:\/\/cottage.cz\/wp-content\/uploads\/2020\/03\/IMG_20190323_171150-EFFECTS-2048x1536.jpg 2048w\" data-sizes=\"(max-width: 1024px) 100vw, 1024px\" src=\"data:image\/svg+xml;base64,PHN2ZyB3aWR0aD0iMSIgaGVpZ2h0PSIxIiB4bWxucz0iaHR0cDovL3d3dy53My5vcmcvMjAwMC9zdmciPjwvc3ZnPg==\" style=\"--smush-placeholder-width: 1024px; --smush-placeholder-aspect-ratio: 1024\/768;\" \/><\/figure>\n\n\n\n<figure class=\"wp-block-image size-large\"><img decoding=\"async\" width=\"667\" height=\"466\" data-id=\"6813\" data-src=\"https:\/\/www.cottage.cz\/wp-content\/uploads\/2019\/12\/vyhlidka.jpeg\" alt=\"\" class=\"wp-image-6813 lazyload\" data-srcset=\"https:\/\/cottage.cz\/wp-content\/uploads\/2019\/12\/vyhlidka.jpeg 667w, https:\/\/cottage.cz\/wp-content\/uploads\/2019\/12\/vyhlidka-300x210.jpeg 300w\" data-sizes=\"(max-width: 667px) 100vw, 667px\" src=\"data:image\/svg+xml;base64,PHN2ZyB3aWR0aD0iMSIgaGVpZ2h0PSIxIiB4bWxucz0iaHR0cDovL3d3dy53My5vcmcvMjAwMC9zdmciPjwvc3ZnPg==\" style=\"--smush-placeholder-width: 667px; --smush-placeholder-aspect-ratio: 667\/466;\" \/><figcaption class=\"wp-element-caption\">Zach\u00f3d s\u0142o\u0144ca z punktu widokowego<\/figcaption><\/figure>\n\n\n\n<figure class=\"wp-block-image size-large\"><img decoding=\"async\" width=\"768\" height=\"1024\" data-id=\"6622\" data-src=\"https:\/\/www.cottage.cz\/wp-content\/uploads\/2019\/10\/GOPR1049-e1570798607347-768x1024.jpg\" alt=\"\" class=\"wp-image-6622 lazyload\" data-srcset=\"https:\/\/cottage.cz\/wp-content\/uploads\/2019\/10\/GOPR1049-e1570798607347-768x1024.jpg 768w, https:\/\/cottage.cz\/wp-content\/uploads\/2019\/10\/GOPR1049-e1570798607347-225x300.jpg 225w\" data-sizes=\"(max-width: 768px) 100vw, 768px\" src=\"data:image\/svg+xml;base64,PHN2ZyB3aWR0aD0iMSIgaGVpZ2h0PSIxIiB4bWxucz0iaHR0cDovL3d3dy53My5vcmcvMjAwMC9zdmciPjwvc3ZnPg==\" style=\"--smush-placeholder-width: 768px; --smush-placeholder-aspect-ratio: 768\/1024;\" \/><figcaption class=\"wp-element-caption\">pogl\u0105d<\/figcaption><\/figure>\n\n\n\n<figure class=\"wp-block-image size-large\"><img decoding=\"async\" width=\"1024\" height=\"670\" data-id=\"7601\" data-src=\"https:\/\/www.cottage.cz\/wp-content\/uploads\/2020\/08\/Resize-of-IMG_3482-1024x670.jpg\" alt=\"\" class=\"wp-image-7601 lazyload\" data-srcset=\"https:\/\/cottage.cz\/wp-content\/uploads\/2020\/08\/Resize-of-IMG_3482-1024x670.jpg 1024w, https:\/\/cottage.cz\/wp-content\/uploads\/2020\/08\/Resize-of-IMG_3482-300x196.jpg 300w, https:\/\/cottage.cz\/wp-content\/uploads\/2020\/08\/Resize-of-IMG_3482-768x502.jpg 768w, https:\/\/cottage.cz\/wp-content\/uploads\/2020\/08\/Resize-of-IMG_3482.jpg 1223w\" data-sizes=\"(max-width: 1024px) 100vw, 1024px\" src=\"data:image\/svg+xml;base64,PHN2ZyB3aWR0aD0iMSIgaGVpZ2h0PSIxIiB4bWxucz0iaHR0cDovL3d3dy53My5vcmcvMjAwMC9zdmciPjwvc3ZnPg==\" style=\"--smush-placeholder-width: 1024px; --smush-placeholder-aspect-ratio: 1024\/670;\" \/><\/figure>\n\n\n\n<figure class=\"wp-block-image size-large\"><img decoding=\"async\" width=\"1024\" height=\"661\" data-id=\"7602\" data-src=\"https:\/\/www.cottage.cz\/wp-content\/uploads\/2020\/08\/Resize-of-IMG_3425-1024x661.jpg\" alt=\"\" class=\"wp-image-7602 lazyload\" data-srcset=\"https:\/\/cottage.cz\/wp-content\/uploads\/2020\/08\/Resize-of-IMG_3425-1024x661.jpg 1024w, https:\/\/cottage.cz\/wp-content\/uploads\/2020\/08\/Resize-of-IMG_3425-300x194.jpg 300w, https:\/\/cottage.cz\/wp-content\/uploads\/2020\/08\/Resize-of-IMG_3425-768x496.jpg 768w, https:\/\/cottage.cz\/wp-content\/uploads\/2020\/08\/Resize-of-IMG_3425.jpg 1239w\" data-sizes=\"(max-width: 1024px) 100vw, 1024px\" src=\"data:image\/svg+xml;base64,PHN2ZyB3aWR0aD0iMSIgaGVpZ2h0PSIxIiB4bWxucz0iaHR0cDovL3d3dy53My5vcmcvMjAwMC9zdmciPjwvc3ZnPg==\" style=\"--smush-placeholder-width: 1024px; --smush-placeholder-aspect-ratio: 1024\/661;\" \/><\/figure>\n<\/figure>\n\n\n\n<p><\/p>\n","protected":false},"excerpt":{"rendered":"<p>Nasze codzienne zachody s\u0142o\u0144ca, zamiast wieczornych wiadomo\u015bci telewizyjnych.<\/p>\n","protected":false},"author":4,"featured_media":15782,"parent":0,"menu_order":0,"comment_status":"closed","ping_status":"closed","template":"","meta":{"_monsterinsights_skip_tracking":false,"_monsterinsights_sitenote_active":false,"_monsterinsights_sitenote_note":"","_monsterinsights_sitenote_category":0,"ngg_post_thumbnail":0,"footnotes":""},"class_list":["post-20282","page","type-page","status-publish","has-post-thumbnail","hentry"],"aioseo_notices":[],"_links":{"self":[{"href":"https:\/\/cottage.cz\/pl\/wp-json\/wp\/v2\/pages\/20282","targetHints":{"allow":["GET"]}}],"collection":[{"href":"https:\/\/cottage.cz\/pl\/wp-json\/wp\/v2\/pages"}],"about":[{"href":"https:\/\/cottage.cz\/pl\/wp-json\/wp\/v2\/types\/page"}],"author":[{"embeddable":true,"href":"https:\/\/cottage.cz\/pl\/wp-json\/wp\/v2\/users\/4"}],"replies":[{"embeddable":true,"href":"https:\/\/cottage.cz\/pl\/wp-json\/wp\/v2\/comments?post=20282"}],"version-history":[{"count":1,"href":"https:\/\/cottage.cz\/pl\/wp-json\/wp\/v2\/pages\/20282\/revisions"}],"predecessor-version":[{"id":20283,"href":"https:\/\/cottage.cz\/pl\/wp-json\/wp\/v2\/pages\/20282\/revisions\/20283"}],"wp:featuredmedia":[{"embeddable":true,"href":"https:\/\/cottage.cz\/pl\/wp-json\/wp\/v2\/media\/15782"}],"wp:attachment":[{"href":"https:\/\/cottage.cz\/pl\/wp-json\/wp\/v2\/media?parent=20282"}],"curies":[{"name":"wp","href":"https:\/\/api.w.org\/{rel}","templated":true}]}}