{"id":20276,"date":"2023-12-16T21:44:05","date_gmt":"2023-12-16T20:44:05","guid":{"rendered":"https:\/\/cottage.napokusy.cz\/?page_id=20276"},"modified":"2023-12-16T21:44:08","modified_gmt":"2023-12-16T20:44:08","slug":"kyjovsko-tama","status":"publish","type":"page","link":"https:\/\/cottage.cz\/pl\/kyjovsko-tama\/","title":{"rendered":"Kyjovsko tama"},"content":{"rendered":"<p>Kyjovsk\u00e1 dam le\u017cy na skraju wsi Kyjov (od Krasna Lipa 4 km).Zbiornik zaporowy powsta\u0142 poprzez utworzenie zapory na S\u00fdrov\u00fd potoku na granicy G\u00f3r \u0141u\u017cyckich i Parku Narodowego Czeskiej Szwajcarii. 2 ma on. Nie ma zaplecze \u017cywno\u015bciowe lub toaletowe. Dost\u0119p do wody jest trudny dla dzieci m\u00edstama. Czysto\u015b\u0107 wody nawet w ciep\u0142e letnie miesi\u0105ce jest bardzo dobra.<\/p>\n<p><img decoding=\"async\" data-src=\"http:\/\/cottage.cz\/wp-content\/uploads\/2017\/07\/cottage_files\/kyjovska-prehrada.jpg\" src=\"data:image\/svg+xml;base64,PHN2ZyB3aWR0aD0iMSIgaGVpZ2h0PSIxIiB4bWxucz0iaHR0cDovL3d3dy53My5vcmcvMjAwMC9zdmciPjwvc3ZnPg==\" class=\"lazyload\" \/><\/p>\n","protected":false},"excerpt":{"rendered":"<p>Kyjovsk\u00e1 dam le\u017cy na skraju wsi Kyjov (od Krasna Lipa 4 km).Zbiornik zaporowy powsta\u0142 poprzez utworzenie zapory na S\u00fdrov\u00fd potoku na granicy G\u00f3r \u0141u\u017cyckich i Parku Narodowego Czeskiej Szwajcarii. 2 ma on. Nie ma zaplecze \u017cywno\u015bciowe lub toaletowe. Dost\u0119p do wody jest trudny dla dzieci m\u00edstama. Czysto\u015b\u0107 wody nawet w ciep\u0142e letnie miesi\u0105ce jest bardzo [&hellip;]<\/p>\n","protected":false},"author":4,"featured_media":0,"parent":0,"menu_order":0,"comment_status":"closed","ping_status":"closed","template":"","meta":{"_monsterinsights_skip_tracking":false,"_monsterinsights_sitenote_active":false,"_monsterinsights_sitenote_note":"","_monsterinsights_sitenote_category":0,"ngg_post_thumbnail":0,"footnotes":""},"class_list":["post-20276","page","type-page","status-publish","hentry"],"aioseo_notices":[],"_links":{"self":[{"href":"https:\/\/cottage.cz\/pl\/wp-json\/wp\/v2\/pages\/20276","targetHints":{"allow":["GET"]}}],"collection":[{"href":"https:\/\/cottage.cz\/pl\/wp-json\/wp\/v2\/pages"}],"about":[{"href":"https:\/\/cottage.cz\/pl\/wp-json\/wp\/v2\/types\/page"}],"author":[{"embeddable":true,"href":"https:\/\/cottage.cz\/pl\/wp-json\/wp\/v2\/users\/4"}],"replies":[{"embeddable":true,"href":"https:\/\/cottage.cz\/pl\/wp-json\/wp\/v2\/comments?post=20276"}],"version-history":[{"count":1,"href":"https:\/\/cottage.cz\/pl\/wp-json\/wp\/v2\/pages\/20276\/revisions"}],"predecessor-version":[{"id":20277,"href":"https:\/\/cottage.cz\/pl\/wp-json\/wp\/v2\/pages\/20276\/revisions\/20277"}],"wp:attachment":[{"href":"https:\/\/cottage.cz\/pl\/wp-json\/wp\/v2\/media?parent=20276"}],"curies":[{"name":"wp","href":"https:\/\/api.w.org\/{rel}","templated":true}]}}