{"id":20270,"date":"2023-12-16T21:30:55","date_gmt":"2023-12-16T20:30:55","guid":{"rendered":"https:\/\/cottage.napokusy.cz\/?page_id=20270"},"modified":"2023-12-16T21:31:02","modified_gmt":"2023-12-16T20:31:02","slug":"gory-luzyckie","status":"publish","type":"page","link":"https:\/\/cottage.cz\/pl\/gory-luzyckie\/","title":{"rendered":"G\u00f3ry \u0141u\u017cyckie"},"content":{"rendered":"<p><span class=\"HwtZe\" lang=\"pl\"><span class=\"jCAhz ChMk0b\"><span class=\"ryNqvb\">G\u00f3ry \u0141u\u017cyckie (po niemiecku Lausitzer Gebirge) to pasmo g\u00f3rskie na p\u00f3\u0142nocy Republiki Czeskiej, ograniczone od zachodu przez Wy\u017cyn\u0119 D\u011b\u010d\u00ednsk\u0105 i grzbiet Je\u0161t\u011bd-Koz\u00e1k od wschodu.<\/span><\/span> <\/span><\/p>\n<p><span class=\"HwtZe\" lang=\"pl\"><span class=\"jCAhz ChMk0b\"><span class=\"ryNqvb\">G\u0142\u00f3wny grzbiet G\u00f3r \u0141u\u017cyckich \u2013 Grzbiet \u0141u\u017cycki \u2013 biegnie na po\u0142udnie od uskoku \u0141u\u017cyckiego od wzg\u00f3rza Sprawiedliwo\u015bci do Horn\u00ed Sedlo.<\/span><\/span> <span class=\"jCAhz ChMk0b\"><span class=\"ryNqvb\">Zbudowane s\u0105 z pojedynczych czert\u00f3w i trachit\u00f3w, rzadziej tak\u017ce bazalt\u00f3w, po\u0142\u0105czonych wyra\u017anym grzbietem.<\/span><\/span> <\/span><\/p>\n<p><span class=\"HwtZe\" lang=\"pl\"><span class=\"jCAhz ChMk0b\"><span class=\"ryNqvb\">Geologicznie G\u00f3ry \u0141u\u017cyckie zbudowane s\u0105 g\u0142\u00f3wnie z piaskowc\u00f3w g\u00f3rnej kredy, przez kt\u00f3re w trzeciorz\u0119dzie w wielu miejscach przedosta\u0142a si\u0119 gor\u0105ca magma, kt\u00f3ra zastyg\u0142a w postaci ska\u0142 chertowych i bazaltowych.<\/span><\/span> <\/span><\/p>\n<p><span class=\"HwtZe\" lang=\"pl\"><span class=\"jCAhz ChMk0b\"><span class=\"ryNqvb\">Najwy\u017cszym szczytem jest Lu\u017e (Lausche) \u2013 792,9 m n.p.m.<\/span><\/span> <span class=\"jCAhz ChMk0b\"><span class=\"ryNqvb\">W sumie dziesi\u0119\u0107 g\u00f3r przekracza 700 m n.p.m.<\/span><\/span> <span class=\"jCAhz ChMk0b\"><span class=\"ryNqvb\">Opr\u00f3cz Lu\u017ey s\u0105 to P\u011bnkav\u010d\u00ed vrch \u2013 792,0 m n.p.m., Jedlov\u00e1 \u2013 774,2 m n.p.m.<\/span><\/span> <span class=\"jCAhz ChMk0b\"><span class=\"ryNqvb\">m., Kl\u00ed\u010d \u2013 759,4 m n.p.m., Hvozd (Hochwald) \u2013 749 m n.p.m., Studenec \u2013 736,5 m n.p.m., Velk\u00fd Buk \u2013 735,5 m n.p.m., Mal\u00fd Buk \u2013 712,4 m n.p.m., Weberberg \u2013 710,7 m n.p.m.<\/span><\/span> <span class=\"jCAhz ChMk0b\"><span class=\"ryNqvb\">i Bou\u0159n\u00fd \u2013 702,5 m n.p.m.<\/span><\/span> <\/span><\/p>\n<p><a href=\"https:\/\/cottage.cz\/pl\/wyjazdy\/\"><span class=\"HwtZe\" lang=\"pl\"><span class=\"jCAhz ChMk0b\"><span class=\"ryNqvb\">Wskaz\u00f3wki dotycz\u0105ce wycieczek<\/span><\/span><\/span><\/a><\/p>\n\n\n<figure class=\"wp-block-gallery has-nested-images columns-default is-cropped wp-block-gallery-1 is-layout-flex wp-block-gallery-is-layout-flex\">\n<figure class=\"wp-block-image size-large\"><img decoding=\"async\" width=\"1024\" height=\"768\" data-id=\"7572\" data-src=\"https:\/\/www.cottage.cz\/wp-content\/uploads\/2020\/08\/20200813_155804-1024x768.jpg\" alt=\"\" class=\"wp-image-7572 lazyload\" data-srcset=\"https:\/\/cottage.cz\/wp-content\/uploads\/2020\/08\/20200813_155804-1024x768.jpg 1024w, https:\/\/cottage.cz\/wp-content\/uploads\/2020\/08\/20200813_155804-300x225.jpg 300w, https:\/\/cottage.cz\/wp-content\/uploads\/2020\/08\/20200813_155804-768x576.jpg 768w, https:\/\/cottage.cz\/wp-content\/uploads\/2020\/08\/20200813_155804-1536x1152.jpg 1536w, https:\/\/cottage.cz\/wp-content\/uploads\/2020\/08\/20200813_155804-2048x1536.jpg 2048w\" data-sizes=\"(max-width: 1024px) 100vw, 1024px\" src=\"data:image\/svg+xml;base64,PHN2ZyB3aWR0aD0iMSIgaGVpZ2h0PSIxIiB4bWxucz0iaHR0cDovL3d3dy53My5vcmcvMjAwMC9zdmciPjwvc3ZnPg==\" style=\"--smush-placeholder-width: 1024px; --smush-placeholder-aspect-ratio: 1024\/768;\" \/><figcaption class=\"wp-element-caption\">Vyhled na horu Jedlov\u00e1 z hory Mal\u00fd Sto\u017eec<\/figcaption><\/figure>\n\n\n\n<figure class=\"wp-block-image size-large\"><img decoding=\"async\" width=\"1024\" height=\"768\" data-id=\"7571\" data-src=\"https:\/\/www.cottage.cz\/wp-content\/uploads\/2020\/08\/20200813_155552-1024x768.jpg\" alt=\"\" class=\"wp-image-7571 lazyload\" data-srcset=\"https:\/\/cottage.cz\/wp-content\/uploads\/2020\/08\/20200813_155552-1024x768.jpg 1024w, https:\/\/cottage.cz\/wp-content\/uploads\/2020\/08\/20200813_155552-300x225.jpg 300w, https:\/\/cottage.cz\/wp-content\/uploads\/2020\/08\/20200813_155552-768x576.jpg 768w, https:\/\/cottage.cz\/wp-content\/uploads\/2020\/08\/20200813_155552-1536x1152.jpg 1536w, https:\/\/cottage.cz\/wp-content\/uploads\/2020\/08\/20200813_155552-2048x1536.jpg 2048w\" data-sizes=\"(max-width: 1024px) 100vw, 1024px\" src=\"data:image\/svg+xml;base64,PHN2ZyB3aWR0aD0iMSIgaGVpZ2h0PSIxIiB4bWxucz0iaHR0cDovL3d3dy53My5vcmcvMjAwMC9zdmciPjwvc3ZnPg==\" style=\"--smush-placeholder-width: 1024px; --smush-placeholder-aspect-ratio: 1024\/768;\" \/><\/figure>\n\n\n\n<figure class=\"wp-block-image size-large\"><img decoding=\"async\" width=\"1024\" height=\"768\" data-id=\"7569\" data-src=\"https:\/\/www.cottage.cz\/wp-content\/uploads\/2020\/08\/20200813_154048-1024x768.jpg\" alt=\"\" class=\"wp-image-7569 lazyload\" data-srcset=\"https:\/\/cottage.cz\/wp-content\/uploads\/2020\/08\/20200813_154048-1024x768.jpg 1024w, https:\/\/cottage.cz\/wp-content\/uploads\/2020\/08\/20200813_154048-300x225.jpg 300w, https:\/\/cottage.cz\/wp-content\/uploads\/2020\/08\/20200813_154048-768x576.jpg 768w, https:\/\/cottage.cz\/wp-content\/uploads\/2020\/08\/20200813_154048-1536x1152.jpg 1536w, https:\/\/cottage.cz\/wp-content\/uploads\/2020\/08\/20200813_154048-2048x1536.jpg 2048w\" data-sizes=\"(max-width: 1024px) 100vw, 1024px\" src=\"data:image\/svg+xml;base64,PHN2ZyB3aWR0aD0iMSIgaGVpZ2h0PSIxIiB4bWxucz0iaHR0cDovL3d3dy53My5vcmcvMjAwMC9zdmciPjwvc3ZnPg==\" style=\"--smush-placeholder-width: 1024px; --smush-placeholder-aspect-ratio: 1024\/768;\" \/><figcaption class=\"wp-element-caption\">Jedlovsk\u00e9 rybn\u00edky<\/figcaption><\/figure>\n\n\n\n<figure class=\"wp-block-image size-large\"><img decoding=\"async\" width=\"1024\" height=\"576\" data-id=\"5466\" data-src=\"https:\/\/www.cottage.cz\/wp-content\/uploads\/2018\/08\/PB134114-1024x576.jpg\" alt=\"\" class=\"wp-image-5466 lazyload\" data-srcset=\"https:\/\/cottage.cz\/wp-content\/uploads\/2018\/08\/PB134114-1024x576.jpg 1024w, https:\/\/cottage.cz\/wp-content\/uploads\/2018\/08\/PB134114-300x169.jpg 300w, https:\/\/cottage.cz\/wp-content\/uploads\/2018\/08\/PB134114-768x432.jpg 768w\" data-sizes=\"(max-width: 1024px) 100vw, 1024px\" src=\"data:image\/svg+xml;base64,PHN2ZyB3aWR0aD0iMSIgaGVpZ2h0PSIxIiB4bWxucz0iaHR0cDovL3d3dy53My5vcmcvMjAwMC9zdmciPjwvc3ZnPg==\" style=\"--smush-placeholder-width: 1024px; --smush-placeholder-aspect-ratio: 1024\/576;\" \/><figcaption class=\"wp-element-caption\">Lu\u017eick\u00e9 hory &#8211; Jedlov\u00e1 &#8211;  3 hodiny p\u011b\u0161ky<\/figcaption><\/figure>\n\n\n\n<figure class=\"wp-block-image size-large\"><img decoding=\"async\" width=\"768\" height=\"1024\" data-id=\"7623\" data-src=\"https:\/\/www.cottage.cz\/wp-content\/uploads\/2020\/08\/20200830_140356-768x1024.jpg\" alt=\"\" class=\"wp-image-7623 lazyload\" data-srcset=\"https:\/\/cottage.cz\/wp-content\/uploads\/2020\/08\/20200830_140356-768x1024.jpg 768w, https:\/\/cottage.cz\/wp-content\/uploads\/2020\/08\/20200830_140356-225x300.jpg 225w, https:\/\/cottage.cz\/wp-content\/uploads\/2020\/08\/20200830_140356-1152x1536.jpg 1152w, https:\/\/cottage.cz\/wp-content\/uploads\/2020\/08\/20200830_140356-1536x2048.jpg 1536w, https:\/\/cottage.cz\/wp-content\/uploads\/2020\/08\/20200830_140356-scaled.jpg 1920w\" data-sizes=\"(max-width: 768px) 100vw, 768px\" src=\"data:image\/svg+xml;base64,PHN2ZyB3aWR0aD0iMSIgaGVpZ2h0PSIxIiB4bWxucz0iaHR0cDovL3d3dy53My5vcmcvMjAwMC9zdmciPjwvc3ZnPg==\" style=\"--smush-placeholder-width: 768px; --smush-placeholder-aspect-ratio: 768\/1024;\" \/><\/figure>\n\n\n\n<figure class=\"wp-block-image size-large\"><img decoding=\"async\" width=\"800\" height=\"450\" data-id=\"2963\" data-src=\"https:\/\/www.cottage.cz\/wp-content\/uploads\/2016\/05\/vrchol-luz.jpg\" alt=\"\" class=\"wp-image-2963 lazyload\" data-srcset=\"https:\/\/cottage.cz\/wp-content\/uploads\/2016\/05\/vrchol-luz.jpg 800w, https:\/\/cottage.cz\/wp-content\/uploads\/2016\/05\/vrchol-luz-300x169.jpg 300w, https:\/\/cottage.cz\/wp-content\/uploads\/2016\/05\/vrchol-luz-768x432.jpg 768w\" data-sizes=\"(max-width: 800px) 100vw, 800px\" src=\"data:image\/svg+xml;base64,PHN2ZyB3aWR0aD0iMSIgaGVpZ2h0PSIxIiB4bWxucz0iaHR0cDovL3d3dy53My5vcmcvMjAwMC9zdmciPjwvc3ZnPg==\" style=\"--smush-placeholder-width: 800px; --smush-placeholder-aspect-ratio: 800\/450;\" \/><\/figure>\n\n\n\n<figure class=\"wp-block-image size-large\"><img decoding=\"async\" width=\"240\" height=\"240\" data-id=\"100\" data-src=\"https:\/\/www.cottage.cz\/wp-content\/uploads\/2017\/06\/nakole-luz.jpg\" alt=\"\" class=\"wp-image-100 lazyload\" data-srcset=\"https:\/\/cottage.cz\/wp-content\/uploads\/2017\/06\/nakole-luz.jpg 240w, https:\/\/cottage.cz\/wp-content\/uploads\/2017\/06\/nakole-luz-150x150.jpg 150w, https:\/\/cottage.cz\/wp-content\/uploads\/2017\/06\/nakole-luz-60x60.jpg 60w\" data-sizes=\"(max-width: 240px) 100vw, 240px\" src=\"data:image\/svg+xml;base64,PHN2ZyB3aWR0aD0iMSIgaGVpZ2h0PSIxIiB4bWxucz0iaHR0cDovL3d3dy53My5vcmcvMjAwMC9zdmciPjwvc3ZnPg==\" style=\"--smush-placeholder-width: 240px; --smush-placeholder-aspect-ratio: 240\/240;\" \/><figcaption class=\"wp-element-caption\">V\u00fdjezd na horu Jedlov\u00e1<\/figcaption><\/figure>\n\n\n\n<figure class=\"wp-block-image size-large\"><img decoding=\"async\" width=\"800\" height=\"533\" data-id=\"2868\" data-src=\"https:\/\/www.cottage.cz\/wp-content\/uploads\/2013\/01\/Resize-of-006.jpg\" alt=\"\" class=\"wp-image-2868 lazyload\" data-srcset=\"https:\/\/cottage.cz\/wp-content\/uploads\/2013\/01\/Resize-of-006.jpg 800w, https:\/\/cottage.cz\/wp-content\/uploads\/2013\/01\/Resize-of-006-300x200.jpg 300w, https:\/\/cottage.cz\/wp-content\/uploads\/2013\/01\/Resize-of-006-768x512.jpg 768w\" data-sizes=\"(max-width: 800px) 100vw, 800px\" src=\"data:image\/svg+xml;base64,PHN2ZyB3aWR0aD0iMSIgaGVpZ2h0PSIxIiB4bWxucz0iaHR0cDovL3d3dy53My5vcmcvMjAwMC9zdmciPjwvc3ZnPg==\" style=\"--smush-placeholder-width: 800px; --smush-placeholder-aspect-ratio: 800\/533;\" \/><figcaption class=\"wp-element-caption\">v\u00fdstup Lu\u017eick\u00e9 hory<\/figcaption><\/figure>\n\n\n\n<figure class=\"wp-block-image size-large\"><img decoding=\"async\" width=\"800\" height=\"450\" data-id=\"2962\" data-src=\"https:\/\/www.cottage.cz\/wp-content\/uploads\/2016\/05\/vyhledy-luz.jpg\" alt=\"\" class=\"wp-image-2962 lazyload\" data-srcset=\"https:\/\/cottage.cz\/wp-content\/uploads\/2016\/05\/vyhledy-luz.jpg 800w, https:\/\/cottage.cz\/wp-content\/uploads\/2016\/05\/vyhledy-luz-300x169.jpg 300w, https:\/\/cottage.cz\/wp-content\/uploads\/2016\/05\/vyhledy-luz-768x432.jpg 768w\" data-sizes=\"(max-width: 800px) 100vw, 800px\" src=\"data:image\/svg+xml;base64,PHN2ZyB3aWR0aD0iMSIgaGVpZ2h0PSIxIiB4bWxucz0iaHR0cDovL3d3dy53My5vcmcvMjAwMC9zdmciPjwvc3ZnPg==\" style=\"--smush-placeholder-width: 800px; --smush-placeholder-aspect-ratio: 800\/450;\" \/><\/figure>\n\n\n\n<figure class=\"wp-block-image size-large\"><img decoding=\"async\" width=\"800\" height=\"530\" data-id=\"3173\" data-src=\"https:\/\/www.cottage.cz\/wp-content\/uploads\/2016\/02\/winter-bohemian-switzerland.jpg\" alt=\"\" class=\"wp-image-3173 lazyload\" data-srcset=\"https:\/\/cottage.cz\/wp-content\/uploads\/2016\/02\/winter-bohemian-switzerland.jpg 800w, https:\/\/cottage.cz\/wp-content\/uploads\/2016\/02\/winter-bohemian-switzerland-300x199.jpg 300w, https:\/\/cottage.cz\/wp-content\/uploads\/2016\/02\/winter-bohemian-switzerland-768x509.jpg 768w\" data-sizes=\"(max-width: 800px) 100vw, 800px\" src=\"data:image\/svg+xml;base64,PHN2ZyB3aWR0aD0iMSIgaGVpZ2h0PSIxIiB4bWxucz0iaHR0cDovL3d3dy53My5vcmcvMjAwMC9zdmciPjwvc3ZnPg==\" style=\"--smush-placeholder-width: 800px; --smush-placeholder-aspect-ratio: 800\/530;\" \/><figcaption class=\"wp-element-caption\">Lu\u017eick\u00e9 hory<\/figcaption><\/figure>\n\n\n\n<figure class=\"wp-block-image size-large\"><img decoding=\"async\" width=\"800\" height=\"616\" data-id=\"4561\" data-src=\"https:\/\/www.cottage.cz\/wp-content\/uploads\/2015\/01\/chata-luz.jpg\" alt=\"\" class=\"wp-image-4561 lazyload\" data-srcset=\"https:\/\/cottage.cz\/wp-content\/uploads\/2015\/01\/chata-luz.jpg 800w, https:\/\/cottage.cz\/wp-content\/uploads\/2015\/01\/chata-luz-300x231.jpg 300w, https:\/\/cottage.cz\/wp-content\/uploads\/2015\/01\/chata-luz-768x591.jpg 768w\" data-sizes=\"(max-width: 800px) 100vw, 800px\" src=\"data:image\/svg+xml;base64,PHN2ZyB3aWR0aD0iMSIgaGVpZ2h0PSIxIiB4bWxucz0iaHR0cDovL3d3dy53My5vcmcvMjAwMC9zdmciPjwvc3ZnPg==\" style=\"--smush-placeholder-width: 800px; --smush-placeholder-aspect-ratio: 800\/616;\" \/><figcaption class=\"wp-element-caption\">Chata Lu\u017e<\/figcaption><\/figure>\n<\/figure>\n","protected":false},"excerpt":{"rendered":"<p>G\u00f3ry \u0141u\u017cyckie (po niemiecku Lausitzer Gebirge) to pasmo g\u00f3rskie na p\u00f3\u0142nocy Republiki Czeskiej, ograniczone od zachodu przez Wy\u017cyn\u0119 D\u011b\u010d\u00ednsk\u0105 i grzbiet Je\u0161t\u011bd-Koz\u00e1k od wschodu. G\u0142\u00f3wny grzbiet G\u00f3r \u0141u\u017cyckich \u2013 Grzbiet \u0141u\u017cycki \u2013 biegnie na po\u0142udnie od uskoku \u0141u\u017cyckiego od wzg\u00f3rza Sprawiedliwo\u015bci do Horn\u00ed Sedlo. Zbudowane s\u0105 z pojedynczych czert\u00f3w i trachit\u00f3w, rzadziej tak\u017ce bazalt\u00f3w, po\u0142\u0105czonych [&hellip;]<\/p>\n","protected":false},"author":4,"featured_media":13373,"parent":0,"menu_order":0,"comment_status":"closed","ping_status":"closed","template":"","meta":{"_monsterinsights_skip_tracking":false,"_monsterinsights_sitenote_active":false,"_monsterinsights_sitenote_note":"","_monsterinsights_sitenote_category":0,"ngg_post_thumbnail":0,"footnotes":""},"class_list":["post-20270","page","type-page","status-publish","has-post-thumbnail","hentry"],"aioseo_notices":[],"_links":{"self":[{"href":"https:\/\/cottage.cz\/pl\/wp-json\/wp\/v2\/pages\/20270","targetHints":{"allow":["GET"]}}],"collection":[{"href":"https:\/\/cottage.cz\/pl\/wp-json\/wp\/v2\/pages"}],"about":[{"href":"https:\/\/cottage.cz\/pl\/wp-json\/wp\/v2\/types\/page"}],"author":[{"embeddable":true,"href":"https:\/\/cottage.cz\/pl\/wp-json\/wp\/v2\/users\/4"}],"replies":[{"embeddable":true,"href":"https:\/\/cottage.cz\/pl\/wp-json\/wp\/v2\/comments?post=20270"}],"version-history":[{"count":1,"href":"https:\/\/cottage.cz\/pl\/wp-json\/wp\/v2\/pages\/20270\/revisions"}],"predecessor-version":[{"id":20271,"href":"https:\/\/cottage.cz\/pl\/wp-json\/wp\/v2\/pages\/20270\/revisions\/20271"}],"wp:featuredmedia":[{"embeddable":true,"href":"https:\/\/cottage.cz\/pl\/wp-json\/wp\/v2\/media\/13373"}],"wp:attachment":[{"href":"https:\/\/cottage.cz\/pl\/wp-json\/wp\/v2\/media?parent=20270"}],"curies":[{"name":"wp","href":"https:\/\/api.w.org\/{rel}","templated":true}]}}