{"id":20264,"date":"2023-12-16T21:18:40","date_gmt":"2023-12-16T20:18:40","guid":{"rendered":"https:\/\/cottage.napokusy.cz\/?page_id=20264"},"modified":"2023-12-16T21:18:43","modified_gmt":"2023-12-16T20:18:43","slug":"polevsko","status":"publish","type":"page","link":"https:\/\/cottage.cz\/pl\/polevsko\/","title":{"rendered":"Polevsko"},"content":{"rendered":"<p>Polevsko wie\u015b mi\u0119dzy kitel i Nov\u00fd Bor w G\u00f3rach \u0141u\u017cyckich. Jej charakter podg\u00f3rski z rozrzuconych dom\u00f3w przys\u0142upowych to uczta dla oczu. A kiedy wszystko jest pokryte \u015bniegiem (Ten rok nie jest), oderwanie wyci\u0105g\u00f3w, Je\u017adzi\u0107 na nartach biegowych, a g\u00f3rskie wioski nagle zamienia si\u0119 w ma\u0142y \u201eo\u015brodku narciarskim Czech i Szwajcarii. Czy \u015bnieg, Mo\u017cna r\u00f3wnie\u017c znale\u017a\u0107 now\u0105 drog\u0119 dla gigant\u00f3w Polevsk\u00fdmi (4km).<\/p>\n<p><img decoding=\"async\" class=\" lazyloaded\" src=\"https:\/\/www.cottage.cz\/files\/cottik_200.png\" alt=\"\" width=\"50\" data-src=\"https:\/\/www.cottage.cz\/files\/cottik_200.png\" \/>Polecam parking przed Urz\u0119dem Miejskim. Trasa jest przeznaczona dla dzieci. Uwaga pag\u00f3rkowaty teren, a podr\u00f3\u017c mo\u017ce by\u0107 przed\u0142u\u017cony na 3 godzin.<\/p>\n<p>Aktualne informacje:<\/p>\n<p><a href=\"http:\/\/skipolevsko.cz\" target=\"_blank\" rel=\"noopener\">www.skipolevsko.cz<\/a><\/p>\n<p><a href=\"http:\/\/www.polevsko.ski\">www.polevsko.ski<\/a><\/p>\n<div class=\"gallery-1 gallery-wrapper columns-wrapper\"><div class=\"gallery-column\"><a class=\"gallery-item photoswipe-item\" data-caption=\"\" data-width=\"800\" data-height=\"450\" href=\"https:\/\/cottage.cz\/wp-content\/uploads\/2015\/12\/polevsko_2-1.jpg\" rel=\"lightbox[20264]\"><img decoding=\"async\" class=\"gallery-img-desktop lazyload\" data-src=\"https:\/\/cottage.cz\/wp-content\/uploads\/2015\/12\/polevsko_2-1-550x309.jpg\" alt=\"\" src=\"data:image\/svg+xml;base64,PHN2ZyB3aWR0aD0iMSIgaGVpZ2h0PSIxIiB4bWxucz0iaHR0cDovL3d3dy53My5vcmcvMjAwMC9zdmciPjwvc3ZnPg==\" style=\"--smush-placeholder-width: 550px; --smush-placeholder-aspect-ratio: 550\/309;\" \/><img decoding=\"async\" class=\"gallery-img-mobile lazyload\" data-src=\"https:\/\/cottage.cz\/wp-content\/uploads\/2015\/12\/polevsko_2-1-500x500.jpg\" alt=\"\" src=\"data:image\/svg+xml;base64,PHN2ZyB3aWR0aD0iMSIgaGVpZ2h0PSIxIiB4bWxucz0iaHR0cDovL3d3dy53My5vcmcvMjAwMC9zdmciPjwvc3ZnPg==\" style=\"--smush-placeholder-width: 500px; --smush-placeholder-aspect-ratio: 500\/500;\" \/><div class=\"gallery-enlarge\"><\/div><\/a><\/div><style type=\"text\/css\">.gallery-1 .gallery-column { width: 33.33%; padding-bottom: 18.75%; }.gallery-1 { margin-left: -0px; margin-right: -0px; }.gallery-1 .gallery-item {bottom: 0px;left: 0px;right: 0px;top: 0px;}<\/style><\/div>\n","protected":false},"excerpt":{"rendered":"<p>Polevsko wie\u015b mi\u0119dzy kitel i Nov\u00fd Bor w G\u00f3rach \u0141u\u017cyckich. Jej charakter podg\u00f3rski z rozrzuconych dom\u00f3w przys\u0142upowych to uczta dla oczu. A kiedy wszystko jest pokryte \u015bniegiem (Ten rok nie jest), oderwanie wyci\u0105g\u00f3w, Je\u017adzi\u0107 na nartach biegowych, a g\u00f3rskie wioski nagle zamienia si\u0119 w ma\u0142y \u201eo\u015brodku narciarskim Czech i Szwajcarii. Czy \u015bnieg, Mo\u017cna r\u00f3wnie\u017c znale\u017a\u0107 [&hellip;]<\/p>\n","protected":false},"author":4,"featured_media":0,"parent":0,"menu_order":0,"comment_status":"closed","ping_status":"closed","template":"","meta":{"_monsterinsights_skip_tracking":false,"_monsterinsights_sitenote_active":false,"_monsterinsights_sitenote_note":"","_monsterinsights_sitenote_category":0,"ngg_post_thumbnail":0,"footnotes":""},"class_list":["post-20264","page","type-page","status-publish","hentry"],"aioseo_notices":[],"_links":{"self":[{"href":"https:\/\/cottage.cz\/pl\/wp-json\/wp\/v2\/pages\/20264","targetHints":{"allow":["GET"]}}],"collection":[{"href":"https:\/\/cottage.cz\/pl\/wp-json\/wp\/v2\/pages"}],"about":[{"href":"https:\/\/cottage.cz\/pl\/wp-json\/wp\/v2\/types\/page"}],"author":[{"embeddable":true,"href":"https:\/\/cottage.cz\/pl\/wp-json\/wp\/v2\/users\/4"}],"replies":[{"embeddable":true,"href":"https:\/\/cottage.cz\/pl\/wp-json\/wp\/v2\/comments?post=20264"}],"version-history":[{"count":1,"href":"https:\/\/cottage.cz\/pl\/wp-json\/wp\/v2\/pages\/20264\/revisions"}],"predecessor-version":[{"id":20265,"href":"https:\/\/cottage.cz\/pl\/wp-json\/wp\/v2\/pages\/20264\/revisions\/20265"}],"wp:attachment":[{"href":"https:\/\/cottage.cz\/pl\/wp-json\/wp\/v2\/media?parent=20264"}],"curies":[{"name":"wp","href":"https:\/\/api.w.org\/{rel}","templated":true}]}}