{"id":20258,"date":"2023-12-16T21:07:09","date_gmt":"2023-12-16T20:07:09","guid":{"rendered":"https:\/\/cottage.napokusy.cz\/?page_id=20258"},"modified":"2023-12-16T21:07:12","modified_gmt":"2023-12-16T20:07:12","slug":"lobendava","status":"publish","type":"page","link":"https:\/\/cottage.cz\/pl\/lobendava\/","title":{"rendered":"Lobendava"},"content":{"rendered":"\n<figure class=\"wp-block-gallery has-nested-images columns-default is-cropped wp-block-gallery-1 is-layout-flex wp-block-gallery-is-layout-flex\">\n<figure class=\"wp-block-image size-large\"><img decoding=\"async\" width=\"2048\" height=\"1536\" data-id=\"9639\" data-src=\"https:\/\/www.cottage.cz\/wp-content\/uploads\/2022\/08\/received_2899143983714663.jpeg\" alt=\"\" class=\"wp-image-9639 lazyload\" data-srcset=\"https:\/\/cottage.cz\/wp-content\/uploads\/2022\/08\/received_2899143983714663.jpeg 2048w, https:\/\/cottage.cz\/wp-content\/uploads\/2022\/08\/received_2899143983714663-300x225.jpeg 300w, https:\/\/cottage.cz\/wp-content\/uploads\/2022\/08\/received_2899143983714663-1024x768.jpeg 1024w, https:\/\/cottage.cz\/wp-content\/uploads\/2022\/08\/received_2899143983714663-768x576.jpeg 768w, https:\/\/cottage.cz\/wp-content\/uploads\/2022\/08\/received_2899143983714663-1536x1152.jpeg 1536w, https:\/\/cottage.cz\/wp-content\/uploads\/2022\/08\/received_2899143983714663-1320x990.jpeg 1320w\" data-sizes=\"(max-width: 2048px) 100vw, 2048px\" src=\"data:image\/svg+xml;base64,PHN2ZyB3aWR0aD0iMSIgaGVpZ2h0PSIxIiB4bWxucz0iaHR0cDovL3d3dy53My5vcmcvMjAwMC9zdmciPjwvc3ZnPg==\" style=\"--smush-placeholder-width: 2048px; --smush-placeholder-aspect-ratio: 2048\/1536;\" \/><\/figure>\n\n\n\n<figure class=\"wp-block-image size-large\"><img decoding=\"async\" width=\"1536\" height=\"2048\" data-id=\"9638\" data-src=\"https:\/\/www.cottage.cz\/wp-content\/uploads\/2022\/08\/received_2531688376972156.jpeg\" alt=\"\" class=\"wp-image-9638 lazyload\" data-srcset=\"https:\/\/cottage.cz\/wp-content\/uploads\/2022\/08\/received_2531688376972156.jpeg 1536w, https:\/\/cottage.cz\/wp-content\/uploads\/2022\/08\/received_2531688376972156-225x300.jpeg 225w, https:\/\/cottage.cz\/wp-content\/uploads\/2022\/08\/received_2531688376972156-768x1024.jpeg 768w, https:\/\/cottage.cz\/wp-content\/uploads\/2022\/08\/received_2531688376972156-1152x1536.jpeg 1152w, https:\/\/cottage.cz\/wp-content\/uploads\/2022\/08\/received_2531688376972156-1320x1760.jpeg 1320w\" data-sizes=\"(max-width: 1536px) 100vw, 1536px\" src=\"data:image\/svg+xml;base64,PHN2ZyB3aWR0aD0iMSIgaGVpZ2h0PSIxIiB4bWxucz0iaHR0cDovL3d3dy53My5vcmcvMjAwMC9zdmciPjwvc3ZnPg==\" style=\"--smush-placeholder-width: 1536px; --smush-placeholder-aspect-ratio: 1536\/2048;\" \/><\/figure>\n\n\n\n<figure class=\"wp-block-image size-large\"><img decoding=\"async\" width=\"2048\" height=\"1536\" data-id=\"9637\" data-src=\"https:\/\/www.cottage.cz\/wp-content\/uploads\/2022\/08\/received_795819584765251.jpeg\" alt=\"\" class=\"wp-image-9637 lazyload\" data-srcset=\"https:\/\/cottage.cz\/wp-content\/uploads\/2022\/08\/received_795819584765251.jpeg 2048w, https:\/\/cottage.cz\/wp-content\/uploads\/2022\/08\/received_795819584765251-300x225.jpeg 300w, https:\/\/cottage.cz\/wp-content\/uploads\/2022\/08\/received_795819584765251-1024x768.jpeg 1024w, https:\/\/cottage.cz\/wp-content\/uploads\/2022\/08\/received_795819584765251-768x576.jpeg 768w, https:\/\/cottage.cz\/wp-content\/uploads\/2022\/08\/received_795819584765251-1536x1152.jpeg 1536w, https:\/\/cottage.cz\/wp-content\/uploads\/2022\/08\/received_795819584765251-1320x990.jpeg 1320w\" data-sizes=\"(max-width: 2048px) 100vw, 2048px\" src=\"data:image\/svg+xml;base64,PHN2ZyB3aWR0aD0iMSIgaGVpZ2h0PSIxIiB4bWxucz0iaHR0cDovL3d3dy53My5vcmcvMjAwMC9zdmciPjwvc3ZnPg==\" style=\"--smush-placeholder-width: 2048px; --smush-placeholder-aspect-ratio: 2048\/1536;\" \/><\/figure>\n\n\n\n<figure class=\"wp-block-image size-large\"><img decoding=\"async\" width=\"1024\" height=\"576\" data-id=\"9641\" data-src=\"https:\/\/www.cottage.cz\/wp-content\/uploads\/2022\/08\/20220825_112941-1024x576.jpg\" alt=\"\" class=\"wp-image-9641 lazyload\" data-srcset=\"https:\/\/cottage.cz\/wp-content\/uploads\/2022\/08\/20220825_112941-1024x576.jpg 1024w, https:\/\/cottage.cz\/wp-content\/uploads\/2022\/08\/20220825_112941-300x169.jpg 300w, https:\/\/cottage.cz\/wp-content\/uploads\/2022\/08\/20220825_112941-768x432.jpg 768w, https:\/\/cottage.cz\/wp-content\/uploads\/2022\/08\/20220825_112941-1536x864.jpg 1536w, https:\/\/cottage.cz\/wp-content\/uploads\/2022\/08\/20220825_112941-2048x1152.jpg 2048w, https:\/\/cottage.cz\/wp-content\/uploads\/2022\/08\/20220825_112941-1320x743.jpg 1320w\" data-sizes=\"(max-width: 1024px) 100vw, 1024px\" src=\"data:image\/svg+xml;base64,PHN2ZyB3aWR0aD0iMSIgaGVpZ2h0PSIxIiB4bWxucz0iaHR0cDovL3d3dy53My5vcmcvMjAwMC9zdmciPjwvc3ZnPg==\" style=\"--smush-placeholder-width: 1024px; --smush-placeholder-aspect-ratio: 1024\/576;\" \/><\/figure>\n\n\n\n<figure class=\"wp-block-image size-large\"><img decoding=\"async\" width=\"1024\" height=\"576\" data-id=\"9642\" data-src=\"https:\/\/www.cottage.cz\/wp-content\/uploads\/2022\/08\/20220825_113503-1024x576.jpg\" alt=\"\" class=\"wp-image-9642 lazyload\" data-srcset=\"https:\/\/cottage.cz\/wp-content\/uploads\/2022\/08\/20220825_113503-1024x576.jpg 1024w, https:\/\/cottage.cz\/wp-content\/uploads\/2022\/08\/20220825_113503-300x169.jpg 300w, https:\/\/cottage.cz\/wp-content\/uploads\/2022\/08\/20220825_113503-768x432.jpg 768w, https:\/\/cottage.cz\/wp-content\/uploads\/2022\/08\/20220825_113503-1536x864.jpg 1536w, https:\/\/cottage.cz\/wp-content\/uploads\/2022\/08\/20220825_113503-2048x1152.jpg 2048w, https:\/\/cottage.cz\/wp-content\/uploads\/2022\/08\/20220825_113503-1320x743.jpg 1320w\" data-sizes=\"(max-width: 1024px) 100vw, 1024px\" src=\"data:image\/svg+xml;base64,PHN2ZyB3aWR0aD0iMSIgaGVpZ2h0PSIxIiB4bWxucz0iaHR0cDovL3d3dy53My5vcmcvMjAwMC9zdmciPjwvc3ZnPg==\" style=\"--smush-placeholder-width: 1024px; --smush-placeholder-aspect-ratio: 1024\/576;\" \/><\/figure>\n<\/figure>\n\n\n\n<p>Wie\u015b Lobendava znajduje si\u0119 w najbardziej na p\u00f3\u0142noc wysuni\u0119tej cz\u0119\u015bci grzbietu Szluknowskiego. Ju\u017c z daleka wida\u0107 dominuj\u0105cy barokowy ko\u015bci\u00f3\u0142 Nawiedzenia Marii Panny. Jego rozmiar powie!, kt\u00f3ry mieszka\u0142 we wsi przed II wojn\u0105 \u015bwiatow\u0105. wojna ponad tysi\u0105c os\u00f3b. Teraz tylko kilkaset. Nad wsi\u0105 zrekonstruowana droga krzy\u017cowa z kaplic\u0105 \u015bw. Anny.<\/p>\n\n\n\n<p>WSKAZ\u00d3WKA: Z Lobendavy najlepiej uda\u0107 si\u0119 do najbardziej wysuni\u0119tej na p\u00f3\u0142noc cz\u0119\u015bci Czech.<\/p>\n","protected":false},"excerpt":{"rendered":"<p>Wie\u015b Lobendava znajduje si\u0119 w najbardziej na p\u00f3\u0142noc wysuni\u0119tej cz\u0119\u015bci grzbietu Szluknowskiego. Ju\u017c z daleka wida\u0107 dominuj\u0105cy barokowy ko\u015bci\u00f3\u0142 Nawiedzenia Marii Panny. Jego rozmiar powie!, kt\u00f3ry mieszka\u0142 we wsi przed II wojn\u0105 \u015bwiatow\u0105. wojna ponad tysi\u0105c os\u00f3b. Teraz tylko kilkaset. Nad wsi\u0105 zrekonstruowana droga krzy\u017cowa z kaplic\u0105 \u015bw. Anny. WSKAZ\u00d3WKA: Z Lobendavy najlepiej uda\u0107 si\u0119 [&hellip;]<\/p>\n","protected":false},"author":4,"featured_media":18143,"parent":0,"menu_order":0,"comment_status":"closed","ping_status":"closed","template":"","meta":{"_monsterinsights_skip_tracking":false,"_monsterinsights_sitenote_active":false,"_monsterinsights_sitenote_note":"","_monsterinsights_sitenote_category":0,"ngg_post_thumbnail":0,"footnotes":""},"class_list":["post-20258","page","type-page","status-publish","has-post-thumbnail","hentry"],"aioseo_notices":[],"_links":{"self":[{"href":"https:\/\/cottage.cz\/pl\/wp-json\/wp\/v2\/pages\/20258","targetHints":{"allow":["GET"]}}],"collection":[{"href":"https:\/\/cottage.cz\/pl\/wp-json\/wp\/v2\/pages"}],"about":[{"href":"https:\/\/cottage.cz\/pl\/wp-json\/wp\/v2\/types\/page"}],"author":[{"embeddable":true,"href":"https:\/\/cottage.cz\/pl\/wp-json\/wp\/v2\/users\/4"}],"replies":[{"embeddable":true,"href":"https:\/\/cottage.cz\/pl\/wp-json\/wp\/v2\/comments?post=20258"}],"version-history":[{"count":1,"href":"https:\/\/cottage.cz\/pl\/wp-json\/wp\/v2\/pages\/20258\/revisions"}],"predecessor-version":[{"id":20259,"href":"https:\/\/cottage.cz\/pl\/wp-json\/wp\/v2\/pages\/20258\/revisions\/20259"}],"wp:featuredmedia":[{"embeddable":true,"href":"https:\/\/cottage.cz\/pl\/wp-json\/wp\/v2\/media\/18143"}],"wp:attachment":[{"href":"https:\/\/cottage.cz\/pl\/wp-json\/wp\/v2\/media?parent=20258"}],"curies":[{"name":"wp","href":"https:\/\/api.w.org\/{rel}","templated":true}]}}