{"id":20246,"date":"2025-06-03T11:45:40","date_gmt":"2025-06-03T09:45:40","guid":{"rendered":"https:\/\/cottage.napokusy.cz\/?page_id=20246"},"modified":"2025-06-03T11:45:42","modified_gmt":"2025-06-03T09:45:42","slug":"kuchnia","status":"publish","type":"page","link":"https:\/\/cottage.cz\/pl\/kuchnia\/","title":{"rendered":"kuchnia"},"content":{"rendered":"\n<p>Nasza kuchnia jest w pe\u0142ni wyposa\u017cona w przybory do gotowania i serwowania posi\u0142k\u00f3w&nbsp;17 ludzie.&nbsp;Mo\u017cna go stosowa\u0107 tak\u017ce w miesi\u0105cach letnich&nbsp;<a href=\"https:\/\/www.cottage.cz\/pl\/czuje-si%C4%99\/\">terasu<\/a>.<br>Jest du\u017ca lod\u00f3wka z zamra\u017cark\u0105,&nbsp;piekarnik,&nbsp;kuchenka,&nbsp;zmywarki z tabletami. Mo\u017cna to wszystko znale\u017a\u0107, Co prawda jedzenie jest.<br>Zawiera r\u00f3wnie\u017c&nbsp;<a href=\"https:\/\/www.cottage.cz\/pl\/samoobsluzny-bar\/\">bar samoobs\u0142ugowy<\/a>&nbsp;z regionalnymi napojami i wysokiej jako\u015bci ekspresem do kawy Nespresso.<\/p>\n\n\n\nngg_shortcode_0_placeholder\n\n\n\n<figure class=\"wp-block-video\"><video height=\"848\" style=\"aspect-ratio: 480 \/ 848;\" width=\"480\" controls src=\"https:\/\/www.cottage.cz\/wp-content\/uploads\/2023\/02\/VID-20230217-WA0008.mp4\"><\/video><\/figure>\n","protected":false},"excerpt":{"rendered":"<p>Nasza kuchnia jest w pe\u0142ni wyposa\u017cona w przybory do gotowania i serwowania posi\u0142k\u00f3w&nbsp;17 ludzie.&nbsp;Mo\u017cna go stosowa\u0107 tak\u017ce w miesi\u0105cach letnich&nbsp;terasu.Jest du\u017ca lod\u00f3wka z zamra\u017cark\u0105,&nbsp;piekarnik,&nbsp;kuchenka,&nbsp;zmywarki z tabletami. Mo\u017cna to wszystko znale\u017a\u0107, Co prawda jedzenie jest.Zawiera r\u00f3wnie\u017c&nbsp;bar samoobs\u0142ugowy&nbsp;z regionalnymi napojami i wysokiej jako\u015bci ekspresem do kawy Nespresso.<\/p>\n","protected":false},"author":4,"featured_media":14774,"parent":0,"menu_order":0,"comment_status":"closed","ping_status":"closed","template":"","meta":{"_monsterinsights_skip_tracking":false,"_monsterinsights_sitenote_active":false,"_monsterinsights_sitenote_note":"","_monsterinsights_sitenote_category":0,"ngg_post_thumbnail":0,"footnotes":""},"class_list":["post-20246","page","type-page","status-publish","has-post-thumbnail","hentry"],"aioseo_notices":[],"_links":{"self":[{"href":"https:\/\/cottage.cz\/pl\/wp-json\/wp\/v2\/pages\/20246","targetHints":{"allow":["GET"]}}],"collection":[{"href":"https:\/\/cottage.cz\/pl\/wp-json\/wp\/v2\/pages"}],"about":[{"href":"https:\/\/cottage.cz\/pl\/wp-json\/wp\/v2\/types\/page"}],"author":[{"embeddable":true,"href":"https:\/\/cottage.cz\/pl\/wp-json\/wp\/v2\/users\/4"}],"replies":[{"embeddable":true,"href":"https:\/\/cottage.cz\/pl\/wp-json\/wp\/v2\/comments?post=20246"}],"version-history":[{"count":2,"href":"https:\/\/cottage.cz\/pl\/wp-json\/wp\/v2\/pages\/20246\/revisions"}],"predecessor-version":[{"id":26803,"href":"https:\/\/cottage.cz\/pl\/wp-json\/wp\/v2\/pages\/20246\/revisions\/26803"}],"wp:featuredmedia":[{"embeddable":true,"href":"https:\/\/cottage.cz\/pl\/wp-json\/wp\/v2\/media\/14774"}],"wp:attachment":[{"href":"https:\/\/cottage.cz\/pl\/wp-json\/wp\/v2\/media?parent=20246"}],"curies":[{"name":"wp","href":"https:\/\/api.w.org\/{rel}","templated":true}]}}