{"id":20235,"date":"2023-12-16T19:31:49","date_gmt":"2023-12-16T18:31:49","guid":{"rendered":"https:\/\/cottage.napokusy.cz\/?page_id=20235"},"modified":"2025-01-05T16:19:37","modified_gmt":"2025-01-05T15:19:37","slug":"vergessene-dingezapomniane-rzeczyvergessene-dinge","status":"publish","type":"page","link":"https:\/\/cottage.cz\/pl\/vergessene-dingezapomniane-rzeczyvergessene-dinge\/","title":{"rendered":"Zapomniane rzeczy"},"content":{"rendered":"\n<p>Drodzy Go\u015bcie, post\u0119puj zgodnie z instrukcjami, jak najszybciej sprowadzi\u0107 zapomniane rzeczy do Bohemian Cottage.<\/p>\n\n\n\n<ol class=\"wp-block-list\">\n<li>Napisz do nas e-mail na adres info@cottage.cz, jaki to rodzaj zapomnianej rzeczy<\/li>\n\n\n\n<li>Znajdziemy to szybko i natychmiast powiadomimy, \u017ce bezp\u0142atnie zapakowali\u015bmy przedmiot i przygotowali\u015bmy go do transportu<\/li>\n\n\n\n<li>Zam\u00f3w przesy\u0142k\u0119 i zap\u0142a\u0107 za ni\u0105 bezpo\u015brednio przewo\u017anikowi.<br>na przyk\u0142ad: PPL , DHL tutaj:\u00a0<a href=\"https:\/\/www.ppl.cz\/balikprotebe\/\" target=\"_blank\" rel=\"noreferrer noopener\">https:\/\/www.ppl.cz<\/a><\/li>\n\n\n\n<li>Wype\u0142nij formularz u przewo\u017anika<br>Nasz adres odbioru:<br>Bohemian Cottage<br>kamie\u0144 Horka 110<br>Krasna Lipa 407 46<br>tel.: 736 224 222<br>e-mail: info@cottage.cz<\/li>\n\n\n\n<li>Wy\u015blij nam etykiet\u0119 e-mail ze swoim adresem, kt\u00f3re wy\u015ble \u200b\u200bCi firma spedycyjna. I TO JEST TO.<\/li>\n<\/ol>\n\n\n\n<p>Notatka:&nbsp;mo\u017cna r\u00f3wnie\u017c skorzysta\u0107 z innej us\u0142ugi spedycyjnej,&nbsp;kto odbierze od nas paczk\u0119.<\/p>\n","protected":false},"excerpt":{"rendered":"<p>Drodzy Go\u015bcie, post\u0119puj zgodnie z instrukcjami, jak najszybciej sprowadzi\u0107 zapomniane rzeczy do Bohemian Cottage. Notatka:&nbsp;mo\u017cna r\u00f3wnie\u017c skorzysta\u0107 z innej us\u0142ugi spedycyjnej,&nbsp;kto odbierze od nas paczk\u0119.<\/p>\n","protected":false},"author":4,"featured_media":0,"parent":0,"menu_order":0,"comment_status":"closed","ping_status":"closed","template":"","meta":{"_monsterinsights_skip_tracking":false,"_monsterinsights_sitenote_active":false,"_monsterinsights_sitenote_note":"","_monsterinsights_sitenote_category":0,"ngg_post_thumbnail":0,"footnotes":""},"class_list":["post-20235","page","type-page","status-publish","hentry"],"aioseo_notices":[],"_links":{"self":[{"href":"https:\/\/cottage.cz\/pl\/wp-json\/wp\/v2\/pages\/20235","targetHints":{"allow":["GET"]}}],"collection":[{"href":"https:\/\/cottage.cz\/pl\/wp-json\/wp\/v2\/pages"}],"about":[{"href":"https:\/\/cottage.cz\/pl\/wp-json\/wp\/v2\/types\/page"}],"author":[{"embeddable":true,"href":"https:\/\/cottage.cz\/pl\/wp-json\/wp\/v2\/users\/4"}],"replies":[{"embeddable":true,"href":"https:\/\/cottage.cz\/pl\/wp-json\/wp\/v2\/comments?post=20235"}],"version-history":[{"count":3,"href":"https:\/\/cottage.cz\/pl\/wp-json\/wp\/v2\/pages\/20235\/revisions"}],"predecessor-version":[{"id":24662,"href":"https:\/\/cottage.cz\/pl\/wp-json\/wp\/v2\/pages\/20235\/revisions\/24662"}],"wp:attachment":[{"href":"https:\/\/cottage.cz\/pl\/wp-json\/wp\/v2\/media?parent=20235"}],"curies":[{"name":"wp","href":"https:\/\/api.w.org\/{rel}","templated":true}]}}