{"id":20212,"date":"2023-12-16T16:02:13","date_gmt":"2023-12-16T15:02:13","guid":{"rendered":"https:\/\/cottage.napokusy.cz\/?page_id=20212"},"modified":"2024-04-10T08:47:52","modified_gmt":"2024-04-10T06:47:52","slug":"hottube-w-czeskiej-szwajcarii","status":"publish","type":"page","link":"https:\/\/cottage.cz\/pl\/hottube-w-czeskiej-szwajcarii\/","title":{"rendered":"Hottube w Czeskiej Szwajcarii"},"content":{"rendered":"<p>Chcesz pop\u0142ywa\u0107 zim\u0105? Nawet je\u015bli pada \u015bnieg i jest mro\u017ano lub \u201etylko\u201d opadaj\u0105 jesienne li\u015bcie, w Czeskim domku mo\u017cna za\u017cy\u0107 gor\u0105cej k\u0105pieli. Podgrzewany basen (gor\u0105ca k\u0105piel) z wbudowanym wk\u0142adem ze stali nierdzewnej dost\u0119pny jest tylko w sezonie zimowym dla maksymalnie <strong>6 os\u00f3b.<\/strong> Temperatura wody waha si\u0119 od 37 do 40\u00b0C. Mo\u017cesz jeszcze bardziej zwi\u0119kszy\u0107 sw\u00f3j relaks, och\u0142adzaj\u0105c si\u0119 w naturalnym jeziorze lub siedz\u0105c na naszym tarasie lub w strefie wellness.<br \/>\nWymagana jest minimalna ilo\u015b\u0107 zam\u00f3wienia. Dzie\u0144 wcze\u015bniej. U\u017cytek prywatny. Cena 1500,- czk<br \/>\n<em>Zalecenie: We\u017a prysznic przed i po u\u017cyciu i trzymaj si\u0119 swojego re\u017cimu picia. Relaks naprzemienny ciep\u0142em i zimnem, tylko dla os\u00f3b zdrowych<\/em><\/p>\n<div class=\"gallery-1 gallery-wrapper columns-wrapper\"><div class=\"gallery-column\"><a class=\"gallery-item photoswipe-item\" data-caption=\"Staw i podgrzewana beczka\" data-width=\"1600\" data-height=\"809\" href=\"https:\/\/cottage.cz\/wp-content\/uploads\/2018\/11\/vyhrivany-sud2-e1581598578592.jpg\" rel=\"lightbox[20212]\"><img decoding=\"async\" class=\"gallery-img-desktop lazyload\" data-src=\"https:\/\/cottage.cz\/wp-content\/uploads\/2018\/11\/vyhrivany-sud2-e1581598578592-550x309.jpg\" alt=\"\" src=\"data:image\/svg+xml;base64,PHN2ZyB3aWR0aD0iMSIgaGVpZ2h0PSIxIiB4bWxucz0iaHR0cDovL3d3dy53My5vcmcvMjAwMC9zdmciPjwvc3ZnPg==\" style=\"--smush-placeholder-width: 550px; --smush-placeholder-aspect-ratio: 550\/309;\" \/><img decoding=\"async\" class=\"gallery-img-mobile lazyload\" data-src=\"https:\/\/cottage.cz\/wp-content\/uploads\/2018\/11\/vyhrivany-sud2-e1581598578592-500x500.jpg\" alt=\"\" src=\"data:image\/svg+xml;base64,PHN2ZyB3aWR0aD0iMSIgaGVpZ2h0PSIxIiB4bWxucz0iaHR0cDovL3d3dy53My5vcmcvMjAwMC9zdmciPjwvc3ZnPg==\" style=\"--smush-placeholder-width: 500px; --smush-placeholder-aspect-ratio: 500\/500;\" \/><div class=\"gallery-enlarge\"><\/div><\/a><\/div><div class=\"gallery-column\"><a class=\"gallery-item photoswipe-item\" data-caption=\"Staw i podgrzewana beczka\" data-width=\"1600\" data-height=\"1067\" href=\"https:\/\/cottage.cz\/wp-content\/uploads\/2018\/11\/RV_CZ_Cottage_Night7-e1581598483798.jpg\" rel=\"lightbox[20212]\"><img decoding=\"async\" class=\"gallery-img-desktop lazyload\" data-src=\"https:\/\/cottage.cz\/wp-content\/uploads\/2018\/11\/RV_CZ_Cottage_Night7-e1581598483798-550x309.jpg\" alt=\"\" src=\"data:image\/svg+xml;base64,PHN2ZyB3aWR0aD0iMSIgaGVpZ2h0PSIxIiB4bWxucz0iaHR0cDovL3d3dy53My5vcmcvMjAwMC9zdmciPjwvc3ZnPg==\" style=\"--smush-placeholder-width: 550px; --smush-placeholder-aspect-ratio: 550\/309;\" \/><img decoding=\"async\" class=\"gallery-img-mobile lazyload\" data-src=\"https:\/\/cottage.cz\/wp-content\/uploads\/2018\/11\/RV_CZ_Cottage_Night7-e1581598483798-500x500.jpg\" alt=\"\" src=\"data:image\/svg+xml;base64,PHN2ZyB3aWR0aD0iMSIgaGVpZ2h0PSIxIiB4bWxucz0iaHR0cDovL3d3dy53My5vcmcvMjAwMC9zdmciPjwvc3ZnPg==\" style=\"--smush-placeholder-width: 500px; --smush-placeholder-aspect-ratio: 500\/500;\" \/><div class=\"gallery-enlarge\"><\/div><\/a><\/div><div class=\"gallery-column\"><a class=\"gallery-item photoswipe-item\" data-caption=\"Ogrzewana beczka\" data-width=\"1600\" data-height=\"1067\" href=\"https:\/\/cottage.cz\/wp-content\/uploads\/2018\/11\/RV_CZ_Cottage_Night6-e1581598714599.jpg\" rel=\"lightbox[20212]\"><img decoding=\"async\" class=\"gallery-img-desktop lazyload\" data-src=\"https:\/\/cottage.cz\/wp-content\/uploads\/2018\/11\/RV_CZ_Cottage_Night6-e1581598714599-550x309.jpg\" alt=\"\" src=\"data:image\/svg+xml;base64,PHN2ZyB3aWR0aD0iMSIgaGVpZ2h0PSIxIiB4bWxucz0iaHR0cDovL3d3dy53My5vcmcvMjAwMC9zdmciPjwvc3ZnPg==\" style=\"--smush-placeholder-width: 550px; --smush-placeholder-aspect-ratio: 550\/309;\" \/><img decoding=\"async\" class=\"gallery-img-mobile lazyload\" data-src=\"https:\/\/cottage.cz\/wp-content\/uploads\/2018\/11\/RV_CZ_Cottage_Night6-e1581598714599-500x500.jpg\" alt=\"\" src=\"data:image\/svg+xml;base64,PHN2ZyB3aWR0aD0iMSIgaGVpZ2h0PSIxIiB4bWxucz0iaHR0cDovL3d3dy53My5vcmcvMjAwMC9zdmciPjwvc3ZnPg==\" style=\"--smush-placeholder-width: 500px; --smush-placeholder-aspect-ratio: 500\/500;\" \/><div class=\"gallery-enlarge\"><\/div><\/a><\/div><div class=\"gallery-column\"><a class=\"gallery-item photoswipe-item\" data-caption=\"Dziura w lodzie - \u017ceby si\u0119 och\u0142odzi\u0107\" data-width=\"2976\" data-height=\"3968\" href=\"https:\/\/cottage.cz\/wp-content\/uploads\/2019\/01\/IMG_20181201_094810.jpg\" rel=\"lightbox[20212]\"><img decoding=\"async\" class=\"gallery-img-desktop lazyload\" data-src=\"https:\/\/cottage.cz\/wp-content\/uploads\/2019\/01\/IMG_20181201_094810-550x309.jpg\" alt=\"\" src=\"data:image\/svg+xml;base64,PHN2ZyB3aWR0aD0iMSIgaGVpZ2h0PSIxIiB4bWxucz0iaHR0cDovL3d3dy53My5vcmcvMjAwMC9zdmciPjwvc3ZnPg==\" style=\"--smush-placeholder-width: 550px; --smush-placeholder-aspect-ratio: 550\/309;\" \/><img decoding=\"async\" class=\"gallery-img-mobile lazyload\" data-src=\"https:\/\/cottage.cz\/wp-content\/uploads\/2019\/01\/IMG_20181201_094810-500x500.jpg\" alt=\"\" src=\"data:image\/svg+xml;base64,PHN2ZyB3aWR0aD0iMSIgaGVpZ2h0PSIxIiB4bWxucz0iaHR0cDovL3d3dy53My5vcmcvMjAwMC9zdmciPjwvc3ZnPg==\" style=\"--smush-placeholder-width: 500px; --smush-placeholder-aspect-ratio: 500\/500;\" \/><div class=\"gallery-enlarge\"><\/div><\/a><\/div><div class=\"gallery-column\"><a class=\"gallery-item photoswipe-item\" data-caption=\"Wewn\u0105trz lufy kopni\u0119cia\" data-width=\"1441\" data-height=\"2560\" href=\"https:\/\/cottage.cz\/wp-content\/uploads\/2024\/04\/20240402_110900-scaled.jpg\" rel=\"lightbox[20212]\"><img decoding=\"async\" class=\"gallery-img-desktop lazyload\" data-src=\"https:\/\/cottage.cz\/wp-content\/uploads\/2024\/04\/20240402_110900-scaled-550x309.jpg\" alt=\"\" src=\"data:image\/svg+xml;base64,PHN2ZyB3aWR0aD0iMSIgaGVpZ2h0PSIxIiB4bWxucz0iaHR0cDovL3d3dy53My5vcmcvMjAwMC9zdmciPjwvc3ZnPg==\" style=\"--smush-placeholder-width: 550px; --smush-placeholder-aspect-ratio: 550\/309;\" \/><img decoding=\"async\" class=\"gallery-img-mobile lazyload\" data-src=\"https:\/\/cottage.cz\/wp-content\/uploads\/2024\/04\/20240402_110900-scaled-500x500.jpg\" alt=\"\" src=\"data:image\/svg+xml;base64,PHN2ZyB3aWR0aD0iMSIgaGVpZ2h0PSIxIiB4bWxucz0iaHR0cDovL3d3dy53My5vcmcvMjAwMC9zdmciPjwvc3ZnPg==\" style=\"--smush-placeholder-width: 500px; --smush-placeholder-aspect-ratio: 500\/500;\" \/><div class=\"gallery-enlarge\"><\/div><\/a><\/div><div class=\"gallery-column\"><a class=\"gallery-item photoswipe-item\" data-caption=\"sauna ve wellness zona\" data-width=\"1600\" data-height=\"1067\" href=\"https:\/\/cottage.cz\/wp-content\/uploads\/2018\/11\/sauna2-e1581598436102.jpg\" rel=\"lightbox[20212]\"><img decoding=\"async\" class=\"gallery-img-desktop lazyload\" data-src=\"https:\/\/cottage.cz\/wp-content\/uploads\/2018\/11\/sauna2-e1581598436102-550x309.jpg\" alt=\"\" src=\"data:image\/svg+xml;base64,PHN2ZyB3aWR0aD0iMSIgaGVpZ2h0PSIxIiB4bWxucz0iaHR0cDovL3d3dy53My5vcmcvMjAwMC9zdmciPjwvc3ZnPg==\" style=\"--smush-placeholder-width: 550px; --smush-placeholder-aspect-ratio: 550\/309;\" \/><img decoding=\"async\" class=\"gallery-img-mobile lazyload\" data-src=\"https:\/\/cottage.cz\/wp-content\/uploads\/2018\/11\/sauna2-e1581598436102-500x500.jpg\" alt=\"\" src=\"data:image\/svg+xml;base64,PHN2ZyB3aWR0aD0iMSIgaGVpZ2h0PSIxIiB4bWxucz0iaHR0cDovL3d3dy53My5vcmcvMjAwMC9zdmciPjwvc3ZnPg==\" style=\"--smush-placeholder-width: 500px; --smush-placeholder-aspect-ratio: 500\/500;\" \/><div class=\"gallery-enlarge\"><\/div><\/a><\/div><style type=\"text\/css\">.gallery-1 .gallery-column { width: 33.33%; padding-bottom: 18.75%; }.gallery-1 { margin-left: -0px; margin-right: -0px; }.gallery-1 .gallery-item {bottom: 0px;left: 0px;right: 0px;top: 0px;}<\/style><\/div>\n","protected":false},"excerpt":{"rendered":"<p>Chcesz pop\u0142ywa\u0107 zim\u0105? Nawet je\u015bli pada \u015bnieg i jest mro\u017ano lub \u201etylko\u201d opadaj\u0105 jesienne li\u015bcie, w Czeskim domku mo\u017cna za\u017cy\u0107 gor\u0105cej k\u0105pieli. Podgrzewany basen (gor\u0105ca k\u0105piel) z wbudowanym wk\u0142adem ze stali nierdzewnej dost\u0119pny jest tylko w sezonie zimowym dla maksymalnie 6 os\u00f3b. Temperatura wody waha si\u0119 od 37 do 40\u00b0C. Mo\u017cesz jeszcze bardziej zwi\u0119kszy\u0107 sw\u00f3j [&hellip;]<\/p>\n","protected":false},"author":2,"featured_media":14249,"parent":0,"menu_order":0,"comment_status":"closed","ping_status":"closed","template":"","meta":{"_monsterinsights_skip_tracking":false,"_monsterinsights_sitenote_active":false,"_monsterinsights_sitenote_note":"","_monsterinsights_sitenote_category":0,"ngg_post_thumbnail":0,"footnotes":""},"class_list":["post-20212","page","type-page","status-publish","has-post-thumbnail","hentry"],"aioseo_notices":[],"_links":{"self":[{"href":"https:\/\/cottage.cz\/pl\/wp-json\/wp\/v2\/pages\/20212","targetHints":{"allow":["GET"]}}],"collection":[{"href":"https:\/\/cottage.cz\/pl\/wp-json\/wp\/v2\/pages"}],"about":[{"href":"https:\/\/cottage.cz\/pl\/wp-json\/wp\/v2\/types\/page"}],"author":[{"embeddable":true,"href":"https:\/\/cottage.cz\/pl\/wp-json\/wp\/v2\/users\/2"}],"replies":[{"embeddable":true,"href":"https:\/\/cottage.cz\/pl\/wp-json\/wp\/v2\/comments?post=20212"}],"version-history":[{"count":3,"href":"https:\/\/cottage.cz\/pl\/wp-json\/wp\/v2\/pages\/20212\/revisions"}],"predecessor-version":[{"id":22637,"href":"https:\/\/cottage.cz\/pl\/wp-json\/wp\/v2\/pages\/20212\/revisions\/22637"}],"wp:featuredmedia":[{"embeddable":true,"href":"https:\/\/cottage.cz\/pl\/wp-json\/wp\/v2\/media\/14249"}],"wp:attachment":[{"href":"https:\/\/cottage.cz\/pl\/wp-json\/wp\/v2\/media?parent=20212"}],"curies":[{"name":"wp","href":"https:\/\/api.w.org\/{rel}","templated":true}]}}